{"id":241517,"date":"2025-03-25T10:41:58","date_gmt":"2025-03-25T10:41:58","guid":{"rendered":"https:\/\/teora-xr.de\/corpo-di-teora\/"},"modified":"2025-03-27T14:08:50","modified_gmt":"2025-03-27T14:08:50","slug":"corpo-di-teora","status":"publish","type":"page","link":"https:\/\/teora-xr.de\/en\/corpo-di-teora\/?lang=it","title":{"rendered":"corpo di teora"},"content":{"rendered":"<p>[et_pb_section fb_built=&#8220;1&#8243; fullwidth=&#8220;on&#8220; _builder_version=&#8220;4.20.4&#8243; _module_preset=&#8220;default&#8220; da_disable_devices=&#8220;off|off|off&#8220; locked=&#8220;off&#8220; global_colors_info=&#8220;{}&#8220; da_is_popup=&#8220;off&#8220; da_exit_intent=&#8220;off&#8220; da_has_close=&#8220;on&#8220; da_alt_close=&#8220;off&#8220; da_dark_close=&#8220;off&#8220; da_not_modal=&#8220;on&#8220; da_is_singular=&#8220;off&#8220; da_with_loader=&#8220;off&#8220; da_has_shadow=&#8220;on&#8220;][et_pb_fullwidth_image src=&#8220;https:\/\/teora-xr.de\/wp-content\/uploads\/sites\/3\/2025\/03\/teora-body_IT.png&#8220; alt=&#8220;Una donna usa teora body &#8211; un&#039;applicazione di terapia VR&#8220; title_text=&#8220;corpo di teora in uso&#8220; src_tablet=&#8220;https:\/\/teora-xr.de\/wp-content\/uploads\/sites\/3\/2023\/06\/Seniorin_uebt_auf_dem_Sofa-scaled.jpg&#8220; src_phone=&#8220;https:\/\/teora-xr.de\/wp-content\/uploads\/sites\/3\/2023\/06\/Seniorin_uebt_auf_dem_Sofa-scaled.jpg&#8220; src_last_edited=&#8220;off|desktop&#8220; _builder_version=&#8220;4.27.4&#8243; _module_preset=&#8220;default&#8220; custom_margin=&#8220;-142px||||false|false&#8220; custom_margin_tablet=&#8220;&#8220; custom_margin_phone=&#8220;80px||10px||false|false&#8220; custom_margin_last_edited=&#8220;on|tablet&#8220; global_colors_info=&#8220;{}&#8220;][\/et_pb_fullwidth_image][\/et_pb_section][et_pb_section fb_built=&#8220;1&#8243; _builder_version=&#8220;4.20.4&#8243; _module_preset=&#8220;default&#8220; background_color=&#8220;#FFFFFF&#8220; da_disable_devices=&#8220;off|off|off&#8220; locked=&#8220;off&#8220; global_colors_info=&#8220;{}&#8220; da_is_popup=&#8220;off&#8220; da_exit_intent=&#8220;off&#8220; da_has_close=&#8220;on&#8220; da_alt_close=&#8220;off&#8220; da_dark_close=&#8220;off&#8220; da_not_modal=&#8220;on&#8220; da_is_singular=&#8220;off&#8220; da_with_loader=&#8220;off&#8220; da_has_shadow=&#8220;on&#8220;][et_pb_row _builder_version=&#8220;4.20.4&#8243; _module_preset=&#8220;default&#8220; custom_margin=&#8220;0px||||false|false&#8220; custom_margin_tablet=&#8220;0px||||false|false&#8220; custom_margin_phone=&#8220;-30px||||false|false&#8220; custom_margin_last_edited=&#8220;on|phone&#8220; global_colors_info=&#8220;{}&#8220;][et_pb_column type=&#8220;4_4&#8243; _builder_version=&#8220;4.20.4&#8243; _module_preset=&#8220;default&#8220; global_colors_info=&#8220;{}&#8220;][et_pb_text module_class=&#8220;ms-hyphen&#8220; _builder_version=&#8220;4.27.4&#8243; _module_preset=&#8220;default&#8220; text_font=&#8220;Manrope||||||||&#8220; text_text_color=&#8220;#001A51&#8243; text_font_size=&#8220;17px&#8220; text_line_height=&#8220;1.9em&#8220; header_font=&#8220;Manrope|700|||||||&#8220; header_text_color=&#8220;#001A51&#8243; header_font_size=&#8220;22px&#8220; header_line_height=&#8220;1.9em&#8220; header_2_font=&#8220;Manrope|700|||||||&#8220; header_2_text_color=&#8220;#001A51&#8243; header_2_font_size=&#8220;22px&#8220; header_3_font=&#8220;Manrope|700|||||||&#8220; header_3_line_height=&#8220;1.9em&#8220; text_orientation=&#8220;justified&#8220; width=&#8220;100%&#8220; max_width=&#8220;100%&#8220; custom_margin=&#8220;|||0px|false|false&#8220; global_colors_info=&#8220;{}&#8220;]<\/p>\n<h1 style=\"text-align: left;\">Ripensare la riabilitazione<\/span><\/h1>\n<p style=\"text-align: justify;\">teora body \u00e8 un&#8217;applicazione VR per la riabilitazione motoria degli arti superiori. Attraverso esercizi mirati e giocosi in realt\u00e0 virtuale, teora body supporta il processo di riabilitazione e aiuta i pazienti a recuperare mobilit\u00e0 e forza. La terapia si basa su risultati scientifici e consente un allenamento efficace e motivante, sia in clinica che in ambulatorio o a casa.  <\/p>\n<p>[\/et_pb_text][\/et_pb_column][\/et_pb_row][\/et_pb_section][et_pb_section fb_built=&#8220;1&#8243; _builder_version=&#8220;4.27.4&#8243; _module_preset=&#8220;default&#8220; background_color=&#8220;#99e2c3&#8243; da_disable_devices=&#8220;off|off|off&#8220; locked=&#8220;off&#8220; global_colors_info=&#8220;{}&#8220; da_is_popup=&#8220;off&#8220; da_exit_intent=&#8220;off&#8220; da_has_close=&#8220;on&#8220; da_alt_close=&#8220;off&#8220; da_dark_close=&#8220;off&#8220; da_not_modal=&#8220;on&#8220; da_is_singular=&#8220;off&#8220; da_with_loader=&#8220;off&#8220; da_has_shadow=&#8220;on&#8220;][et_pb_row column_structure=&#8220;1_2,1_2&#8243; admin_label=&#8220;Linea&#8220; _builder_version=&#8220;4.27.4&#8243; _module_preset=&#8220;default&#8220; locked=&#8220;off&#8220; global_colors_info=&#8220;{}&#8220;][et_pb_column type=&#8220;1_2&#8243; _builder_version=&#8220;4.20.4&#8243; _module_preset=&#8220;default&#8220; global_colors_info=&#8220;{}&#8220;][et_pb_image src=&#8220;https:\/\/teora-xr.de\/wp-content\/uploads\/sites\/3\/2025\/03\/teora-body_Tablet-Livestream.png&#8220; title_text=&#8220;teora body_Tablet Livestream&#8220; _builder_version=&#8220;4.27.4&#8243; _module_preset=&#8220;default&#8220; global_colors_info=&#8220;{}&#8220;][\/et_pb_image][\/et_pb_column][et_pb_column type=&#8220;1_2&#8243; _builder_version=&#8220;4.20.4&#8243; _module_preset=&#8220;default&#8220; global_colors_info=&#8220;{}&#8220;][et_pb_blurb title=&#8220;I tuoi vantaggi con teora body&#8220; image_icon_background_color=&#8220;#001A51&#8243; content_max_width=&#8220;1100px&#8220; module_class=&#8220;pa-bullet-list-1&#8243; _builder_version=&#8220;4.27.4&#8243; _module_preset=&#8220;default&#8220; header_level=&#8220;h2&#8243; header_font=&#8220;Manrope|700|||||||&#8220; header_text_color=&#8220;#001A51&#8243; header_font_size=&#8220;24px&#8220; body_font=&#8220;Manrope||||||||&#8220; body_text_align=&#8220;justify&#8220; body_text_color=&#8220;#001A51&#8243; body_font_size=&#8220;18px&#8220; body_line_height=&#8220;1.2em&#8220; text_orientation=&#8220;justified&#8220; custom_margin=&#8220;|0px||0px|false|false&#8220; custom_padding=&#8220;0px|0px||0px|false|false&#8220; custom_css_blurb_content=&#8220;||}||.pa-bullet-list-1 ul li:before {|| font-size: 17px !important;|| content:%22\u2714%22 !important;||color: rgb(61,215,61);||font-family: &#8218;ETMODULES&#8216;!important;||margin-right: 10px;||margin-left: -32px;||line-height: 1.9em!important;||&#8220; global_colors_info=&#8220;{}&#8220;]<\/p>\n<p>&nbsp;<\/p>\n<ul>\n<li><strong>Terapia secondo le linee guida cliniche  <\/strong><\/li>\n<li><strong>Allenamento ludico per una maggiore motivazione<\/strong><br \/>Che si tratti di sollevare le braccia, piegarsi o torcersi, Teora Body inserisce i movimenti funzionali in mini-giochi motivanti. In questo modo la terapia rimane eccitante ed efficace. <\/li>\n<li><strong>Controllo intuitivo senza controller aggiuntivi<\/strong><\/li>\n<li><strong>Utilizzo in terapie individuali e di gruppo<\/strong><br \/>Tratta pi\u00f9 pazienti contemporaneamente con un solo assistente, per una maggiore efficienza nella gestione quotidiana della tua clinica.<\/li>\n<li><strong>Supporto digitale per il tuo lavoro<br \/><\/strong>Il tablet in dotazione ti permette di tenere sempre sotto controllo il decorso della terapia e di intervenire in modo mirato.<\/li>\n<\/ul>\n<p>[\/et_pb_blurb][\/et_pb_column][\/et_pb_row][et_pb_row admin_label=&#8220;Linea&#8220; _builder_version=&#8220;4.20.4&#8243; _module_preset=&#8220;default&#8220; locked=&#8220;off&#8220; global_colors_info=&#8220;{}&#8220;][et_pb_column type=&#8220;4_4&#8243; _builder_version=&#8220;4.20.4&#8243; _module_preset=&#8220;default&#8220; global_colors_info=&#8220;{}&#8220;][et_pb_blurb image_icon_background_color=&#8220;#001A51&#8243; content_max_width=&#8220;1100px&#8220; module_class=&#8220;pa-bullet-list-1&#8243; _builder_version=&#8220;4.27.4&#8243; _module_preset=&#8220;default&#8220; header_level=&#8220;h2&#8243; header_font=&#8220;Manrope|700|||||||&#8220; header_text_color=&#8220;#001A51&#8243; header_font_size=&#8220;24px&#8220; body_font=&#8220;Manrope||||||||&#8220; body_text_align=&#8220;justify&#8220; body_text_color=&#8220;#001A51&#8243; body_font_size=&#8220;18px&#8220; body_line_height=&#8220;1.2em&#8220; text_orientation=&#8220;justified&#8220; custom_margin=&#8220;|0px||0px|false|false&#8220; custom_padding=&#8220;0px|0px||0px|false|false&#8220; custom_css_blurb_content=&#8220;||}||.pa-bullet-list-1 ul li:before {|| font-size: 17px !important;|| content:%22\u2714%22 !important;||color: rgb(61,215,61);||font-family: &#8218;ETMODULES&#8216;!important;||margin-right: 10px;||margin-left: -32px;||line-height: 1.9em!important;||&#8220; global_colors_info=&#8220;{}&#8220;][\/et_pb_blurb][et_pb_text admin_label=&#8220;Text&#8220; module_class=&#8220;ms-hyphen&#8220; _builder_version=&#8220;4.27.4&#8243; _module_preset=&#8220;default&#8220; text_font=&#8220;Manrope||||||||&#8220; text_text_color=&#8220;#001A51&#8243; text_font_size=&#8220;17px&#8220; text_line_height=&#8220;1.9em&#8220; header_text_color=&#8220;#001A51&#8243; text_orientation=&#8220;justified&#8220; custom_margin=&#8220;0px|||0px|false|false&#8220; global_colors_info=&#8220;{}&#8220;]<\/p>\n<p>teora body \u00e8 quindi il complemento ideale per i moderni centri di riabilitazione, le cliniche diurne e i reparti di fisioterapia. Arricchisce i tuoi programmi di terapia e allo stesso tempo aumenta l&#8217;efficienza, la motivazione e la soddisfazione. <\/p>\n<p>[\/et_pb_text][\/et_pb_column][\/et_pb_row][\/et_pb_section][et_pb_section fb_built=&#8220;1&#8243; _builder_version=&#8220;4.27.4&#8243; _module_preset=&#8220;default&#8220; background_color=&#8220;#FFFFFF&#8220; da_disable_devices=&#8220;off|off|off&#8220; locked=&#8220;off&#8220; global_colors_info=&#8220;{}&#8220; da_is_popup=&#8220;off&#8220; da_exit_intent=&#8220;off&#8220; da_has_close=&#8220;on&#8220; da_alt_close=&#8220;off&#8220; da_dark_close=&#8220;off&#8220; da_not_modal=&#8220;on&#8220; da_is_singular=&#8220;off&#8220; da_with_loader=&#8220;off&#8220; da_has_shadow=&#8220;on&#8220;][et_pb_row _builder_version=&#8220;4.20.4&#8243; _module_preset=&#8220;default&#8220; global_colors_info=&#8220;{}&#8220;][et_pb_column type=&#8220;4_4&#8243; _builder_version=&#8220;4.20.4&#8243; _module_preset=&#8220;default&#8220; global_colors_info=&#8220;{}&#8220;][et_pb_text module_class=&#8220;ms-hyphen&#8220; _builder_version=&#8220;4.27.4&#8243; _module_preset=&#8220;default&#8220; text_font=&#8220;Manrope||||||||&#8220; text_text_color=&#8220;#001A51&#8243; text_font_size=&#8220;17px&#8220; text_line_height=&#8220;1.9em&#8220; header_font=&#8220;Manrope|700|||||||&#8220; header_text_color=&#8220;#001A51&#8243; header_font_size=&#8220;22px&#8220; header_line_height=&#8220;1.9em&#8220; header_2_font=&#8220;Manrope|700|||||||&#8220; header_2_text_color=&#8220;#001A51&#8243; header_2_font_size=&#8220;22px&#8220; header_3_font=&#8220;Manrope|700|||||||&#8220; header_3_line_height=&#8220;1.9em&#8220; text_orientation=&#8220;justified&#8220; width=&#8220;100%&#8220; max_width=&#8220;100%&#8220; custom_margin=&#8220;|||0px|false|false&#8220; global_colors_info=&#8220;{}&#8220;]<\/p>\n<h1 style=\"text-align: left;\">Per cosa pu\u00f2 essere utilizzato Teora Body?<\/h1>\n<p style=\"text-align: justify;\">teora body supporta la riabilitazione motoria per una serie di disturbi e lesioni agli arti superiori, con particolare attenzione alla spalla e al gomito. L&#8217;obiettivo \u00e8 quello di ripristinare in modo specifico la mobilit\u00e0, la forza, la coordinazione e la funzionalit\u00e0 dei movimenti quotidiani. <\/p>\n<p>[\/et_pb_text][\/et_pb_column][\/et_pb_row][et_pb_row column_structure=&#8220;1_2,1_2&#8243; _builder_version=&#8220;4.20.4&#8243; _module_preset=&#8220;default&#8220; global_colors_info=&#8220;{}&#8220;][et_pb_column type=&#8220;1_2&#8243; _builder_version=&#8220;4.20.4&#8243; _module_preset=&#8220;default&#8220; global_colors_info=&#8220;{}&#8220;][et_pb_text module_class=&#8220;ms-hyphen&#8220; _builder_version=&#8220;4.27.4&#8243; _module_preset=&#8220;default&#8220; text_font=&#8220;Manrope||||||||&#8220; text_text_color=&#8220;#001A51&#8243; text_font_size=&#8220;17px&#8220; text_line_height=&#8220;1.9em&#8220; header_font=&#8220;Manrope|700|||||||&#8220; header_text_color=&#8220;#001A51&#8243; header_font_size=&#8220;22px&#8220; header_line_height=&#8220;1.9em&#8220; header_2_font=&#8220;Manrope|700|||||||&#8220; header_2_text_color=&#8220;#001A51&#8243; header_2_font_size=&#8220;22px&#8220; header_3_font=&#8220;Manrope|700|||||||&#8220; header_3_line_height=&#8220;1.9em&#8220; text_orientation=&#8220;justified&#8220; width=&#8220;100%&#8220; max_width=&#8220;100%&#8220; custom_margin=&#8220;|||0px|false|false&#8220; global_colors_info=&#8220;{}&#8220;]<\/p>\n<h1 style=\"text-align: left;\">L&#8217;applicazione VR \u00e8 adatta a:<\/h1>\n<ul>\n<li>Misure di riabilitazione ortopedica, ad esempio dopo operazioni o lesioni alla regione della spalla e del gomito<\/li>\n<li>Riabilitazione neurologica con particolare attenzione alle abilit\u00e0 motorie (ad esempio dopo un ictus)<\/li>\n<li>Terapia dei disturbi cronici<\/li>\n<li>Costruire abilit\u00e0 di movimento funzionali, ad esempio attraverso esercizi mirati per la flessione, l&#8217;estensione, la rotazione o la stabilizzazione del braccio.<\/li>\n<li>Promuovere l&#8217;auto-attivit\u00e0 e la motivazione, soprattutto nei pazienti che hanno difficolt\u00e0 ad attivarsi o che hanno bisogno di tornare a divertirsi con l&#8217;esercizio fisico.<\/li>\n<\/ul>\n<p>[\/et_pb_text][\/et_pb_column][et_pb_column type=&#8220;1_2&#8243; _builder_version=&#8220;4.20.4&#8243; _module_preset=&#8220;default&#8220; background_color=&#8220;#FFFFFF&#8220; background_image=&#8220;https:\/\/teora-xr.de\/wp-content\/uploads\/sites\/3\/2023\/05\/arzt-website.png&#8220; global_colors_info=&#8220;{}&#8220;][et_pb_text module_class=&#8220;ms-hyphen&#8220; _builder_version=&#8220;4.27.4&#8243; _module_preset=&#8220;default&#8220; text_font=&#8220;Manrope||||||||&#8220; text_text_color=&#8220;#001A51&#8243; text_font_size=&#8220;17px&#8220; text_line_height=&#8220;1.9em&#8220; header_font=&#8220;Manrope|700|||||||&#8220; header_text_color=&#8220;#001A51&#8243; header_font_size=&#8220;22px&#8220; header_line_height=&#8220;1.9em&#8220; header_2_font=&#8220;Manrope|700|||||||&#8220; header_2_text_color=&#8220;#001A51&#8243; header_2_font_size=&#8220;22px&#8220; header_3_font=&#8220;Manrope|700|||||||&#8220; header_3_line_height=&#8220;1.9em&#8220; text_orientation=&#8220;justified&#8220; width=&#8220;100%&#8220; max_width=&#8220;100%&#8220; custom_margin=&#8220;|||0px|false|false&#8220; global_colors_info=&#8220;{}&#8220;]<\/p>\n<h1 style=\"text-align: left;\">Indicazioni d&#8217;uso esemplari:<\/h1>\n<ul>\n<li>Lesioni alla cuffia dei rotatori<\/li>\n<li>Impingement della spalla<\/li>\n<li>Spalla congelata (capsulite adesiva)<\/li>\n<li>Lesioni labrali<\/li>\n<li>Problemi all&#8217;articolazione AC<\/li>\n<li>Gomito del tennista e del golfista<\/li>\n<li>Limitazioni di movimento post-traumatiche<\/li>\n<li>Riabilitazione post-operatoria (ad es. dopo artroscopia, fratture)<\/li>\n<\/ul>\n<p>[\/et_pb_text][\/et_pb_column][\/et_pb_row][\/et_pb_section][et_pb_section fb_built=&#8220;1&#8243; admin_label=&#8220;Sektion&#8220; _builder_version=&#8220;4.27.4&#8243; _module_preset=&#8220;default&#8220; background_color=&#8220;#FFFFFF&#8220; min_height=&#8220;314px&#8220; custom_padding=&#8220;0px|||||&#8220; da_disable_devices=&#8220;off|off|off&#8220; locked=&#8220;off&#8220; global_colors_info=&#8220;{}&#8220; da_is_popup=&#8220;off&#8220; da_exit_intent=&#8220;off&#8220; da_has_close=&#8220;on&#8220; da_alt_close=&#8220;off&#8220; da_dark_close=&#8220;off&#8220; da_not_modal=&#8220;on&#8220; da_is_singular=&#8220;off&#8220; da_with_loader=&#8220;off&#8220; da_has_shadow=&#8220;on&#8220;][et_pb_row _builder_version=&#8220;4.27.4&#8243; _module_preset=&#8220;default&#8220; locked=&#8220;off&#8220; global_colors_info=&#8220;{}&#8220;][et_pb_column type=&#8220;4_4&#8243; _builder_version=&#8220;4.20.4&#8243; _module_preset=&#8220;default&#8220; global_colors_info=&#8220;{}&#8220;][et_pb_blurb title=&#8220;Ulteriori informazioni&#8220; url=&#8220;https:\/\/teora-xr.de\/wp-content\/uploads\/sites\/3\/2025\/03\/teora-body_ITA.pdf&#8220; use_icon=&#8220;on&#8220; font_icon=&#8220;&#x69;||divi||400&#8243; icon_color=&#8220;#001A51&#8243; icon_placement=&#8220;left&#8220; image_icon_width=&#8220;130px&#8220; content_max_width=&#8220;1100%&#8220; icon_placement_tablet=&#8220;left&#8220; icon_placement_phone=&#8220;top&#8220; icon_placement_last_edited=&#8220;on|tablet&#8220; admin_label=&#8220;Informationstext&#8220; _builder_version=&#8220;4.27.4&#8243; _module_preset=&#8220;default&#8220; header_level=&#8220;h2&#8243; header_font=&#8220;Manrope|700|||||||&#8220; header_text_color=&#8220;#001A51&#8243; header_font_size=&#8220;22px&#8220; header_line_height=&#8220;1.9em&#8220; body_font=&#8220;Manrope||||||||&#8220; body_text_align=&#8220;justify&#8220; body_text_color=&#8220;#001A51&#8243; body_font_size=&#8220;17px&#8220; body_line_height=&#8220;1.8em&#8220; image_icon_custom_margin=&#8220;|48px|||false|false&#8220; text_orientation=&#8220;justified&#8220; width=&#8220;100%&#8220; max_width=&#8220;100%&#8220; custom_padding=&#8220;60px|60px|60px|60px|false|false&#8220; link_option_url=&#8220;https:\/\/teora-xr.de\/wp-content\/uploads\/sites\/3\/2025\/03\/teora-body_ITA.pdf&#8220; border_radii=&#8220;on|25px|25px|25px|25px&#8220; border_width_all=&#8220;5px&#8220; border_color_all=&#8220;#3fb773&#8243; locked=&#8220;off&#8220; global_colors_info=&#8220;{}&#8220;]<\/p>\n<p style=\"text-align: justify;\">Nel nostro<span style=\"color: #e14c6b;\"> <a href=\"https:\/\/teora-xr.de\/wp-content\/uploads\/sites\/3\/2025\/03\/teora-body_ITA-1.pdf\" rel=\"attachment wp-att-241477\">brochure del corpo teora<\/a><\/span> troverai tutte le informazioni riassunte in un colpo d&#8217;occhio. Puoi condividerli con i tuoi pazienti.<\/p>\n<p>[\/et_pb_blurb][\/et_pb_column][\/et_pb_row][\/et_pb_section][et_pb_section fb_built=&#8220;1&#8243; _builder_version=&#8220;4.20.4&#8243; _module_preset=&#8220;default&#8220; background_color=&#8220;#FFFFFF&#8220; custom_padding=&#8220;0px|||||&#8220; da_disable_devices=&#8220;off|off|off&#8220; locked=&#8220;off&#8220; global_colors_info=&#8220;{}&#8220; da_is_popup=&#8220;off&#8220; da_exit_intent=&#8220;off&#8220; da_has_close=&#8220;on&#8220; da_alt_close=&#8220;off&#8220; da_dark_close=&#8220;off&#8220; da_not_modal=&#8220;on&#8220; da_is_singular=&#8220;off&#8220; da_with_loader=&#8220;off&#8220; da_has_shadow=&#8220;on&#8220;][et_pb_row _builder_version=&#8220;4.20.4&#8243; _module_preset=&#8220;default&#8220; custom_margin=&#8220;||70px||false|false&#8220; global_colors_info=&#8220;{}&#8220;][et_pb_column type=&#8220;4_4&#8243; _builder_version=&#8220;4.20.4&#8243; _module_preset=&#8220;default&#8220; global_colors_info=&#8220;{}&#8220;][et_pb_text _builder_version=&#8220;4.27.4&#8243; _module_preset=&#8220;default&#8220; text_font=&#8220;Manrope||||||||&#8220; text_text_color=&#8220;#001A51&#8243; header_font=&#8220;Manrope||||||||&#8220; header_text_color=&#8220;#001A51&#8243; header_2_font=&#8220;Manrope|700|||||||&#8220; header_2_text_color=&#8220;#001A51&#8243; header_2_font_size=&#8220;22px&#8220; header_4_font=&#8220;Manrope||||||||&#8220; transform_scale_linked=&#8220;off&#8220; transform_translate_linked=&#8220;off&#8220; custom_margin=&#8220;6px||-9px||false|false&#8220; custom_padding=&#8220;21px||0px|0px|false|false&#8220; global_colors_info=&#8220;{}&#8220;]<\/p>\n<h2><strong>Non trovi quello che stai cercando o desideri maggiori informazioni? Non esitare a contattarci! <\/strong><\/h2>\n<p>[\/et_pb_text][dsm_button button_one_text=&#8220;Mettiti in contatto con noi&#8220; button_one_url=&#8220;https:\/\/teora-xr.de\/modulo-di-contatto\/?lang=it&#8220; button_one_lightbox_close_color=&#8220;RGBA(255,255,255,0)&#8220; _builder_version=&#8220;4.27.4&#8243; _module_preset=&#8220;default&#8220; separator_text_font=&#8220;Manrope||||||||&#8220; separator_text_text_color=&#8220;#001A51&#8243; custom_button_one=&#8220;on&#8220; button_one_text_size=&#8220;17px&#8220; button_one_text_color=&#8220;#001A51&#8243; button_one_bg_color=&#8220;RGBA(255,255,255,0)&#8220; button_one_border_color=&#8220;#001A51&#8243; button_one_border_radius=&#8220;43px&#8220; button_one_font=&#8220;Manrope|700|||||||&#8220; button_one_icon_color=&#8220;#001A51&#8243; custom_margin=&#8220;40px||||false|false&#8220; global_colors_info=&#8220;{}&#8220;][\/dsm_button][\/et_pb_column][\/et_pb_row][\/et_pb_section]<\/p>","protected":false},"excerpt":{"rendered":"<p>Ripensare la riabilitazione teora body \u00e8 un&#8217;applicazione VR per la riabilitazione motoria degli arti superiori. Attraverso esercizi mirati e giocosi in realt\u00e0 virtuale, teora body supporta il processo di riabilitazione e aiuta i pazienti a recuperare mobilit\u00e0 e forza. La terapia si basa su risultati scientifici e consente un allenamento efficace e motivante, sia in clinica che in ambulatorio o a casa. &nbsp; Terapia secondo le linee guida cliniche Allenamento ludico per una maggiore motivazioneChe si tratti di sollevare le braccia, piegarsi o torcersi, Teora Body inserisce i movimenti funzionali in mini-giochi motivanti. In questo modo la terapia rimane eccitante ed efficace. Controllo intuitivo senza controller aggiuntivi Utilizzo in terapie individuali e di gruppoTratta pi\u00f9 pazienti contemporaneamente con un solo assistente, per una maggiore efficienza nella gestione quotidiana della tua clinica. Supporto digitale per il tuo lavoroIl tablet in dotazione ti permette di tenere sempre sotto controllo il decorso della terapia e di intervenire in modo mirato. teora body \u00e8 quindi il complemento ideale per i moderni centri di riabilitazione, le cliniche diurne e i reparti di fisioterapia. Arricchisce i tuoi programmi di terapia e allo stesso tempo aumenta l&#8217;efficienza, la motivazione e la soddisfazione. Per cosa pu\u00f2 essere utilizzato [&hellip;]<\/p>","protected":false},"author":1,"featured_media":0,"parent":0,"menu_order":0,"comment_status":"closed","ping_status":"closed","template":"","meta":{"_et_pb_use_builder":"on","_et_pb_old_content":"","_et_gb_content_width":"","om_disable_all_campaigns":false,"_monsterinsights_skip_tracking":false,"_monsterinsights_sitenote_active":false,"_monsterinsights_sitenote_note":"","_monsterinsights_sitenote_category":0,"footnotes":""},"class_list":["post-241517","page","type-page","status-publish","hentry"],"aioseo_notices":[],"_links":{"self":[{"href":"https:\/\/teora-xr.de\/en\/wp-json\/wp\/v2\/pages\/241517","targetHints":{"allow":["GET"]}}],"collection":[{"href":"https:\/\/teora-xr.de\/en\/wp-json\/wp\/v2\/pages"}],"about":[{"href":"https:\/\/teora-xr.de\/en\/wp-json\/wp\/v2\/types\/page"}],"author":[{"embeddable":true,"href":"https:\/\/teora-xr.de\/en\/wp-json\/wp\/v2\/users\/1"}],"replies":[{"embeddable":true,"href":"https:\/\/teora-xr.de\/en\/wp-json\/wp\/v2\/comments?post=241517"}],"version-history":[{"count":10,"href":"https:\/\/teora-xr.de\/en\/wp-json\/wp\/v2\/pages\/241517\/revisions"}],"predecessor-version":[{"id":241755,"href":"https:\/\/teora-xr.de\/en\/wp-json\/wp\/v2\/pages\/241517\/revisions\/241755"}],"wp:attachment":[{"href":"https:\/\/teora-xr.de\/en\/wp-json\/wp\/v2\/media?parent=241517"}],"curies":[{"name":"wp","href":"https:\/\/api.w.org\/{rel}","templated":true}]}}