{"id":241514,"date":"2025-03-25T10:41:58","date_gmt":"2025-03-25T10:41:58","guid":{"rendered":"https:\/\/teora-xr.de\/teora-body\/"},"modified":"2025-03-27T14:08:50","modified_gmt":"2025-03-27T14:08:50","slug":"teora-body","status":"publish","type":"page","link":"https:\/\/teora-xr.de\/en\/teora-body\/?lang=fr","title":{"rendered":"teora body"},"content":{"rendered":"<p>[et_pb_section fb_built=&#8220;1&#8243; fullwidth=&#8220;on&#8220; _builder_version=&#8220;4.20.4&#8243; _module_preset=&#8220;default&#8220; da_disable_devices=&#8220;off|off|off&#8220; locked=&#8220;off&#8220; global_colors_info=&#8220;{}&#8220; da_is_popup=&#8220;off&#8220; da_exit_intent=&#8220;off&#8220; da_has_close=&#8220;on&#8220; da_alt_close=&#8220;off&#8220; da_dark_close=&#8220;off&#8220; da_not_modal=&#8220;on&#8220; da_is_singular=&#8220;off&#8220; da_with_loader=&#8220;off&#8220; da_has_shadow=&#8220;on&#8220;][et_pb_fullwidth_image src=&#8220;https:\/\/teora-xr.de\/wp-content\/uploads\/sites\/3\/2025\/03\/teora-body_FR.png&#8220; alt=&#8220;Une femme utilise teora body &#8211; une application de th\u00e9rapie RV&#8220; title_text=&#8220;teora body en cours d&#039;utilisation&#8220; src_tablet=&#8220;https:\/\/teora-xr.de\/wp-content\/uploads\/sites\/3\/2023\/06\/Seniorin_uebt_auf_dem_Sofa-scaled.jpg&#8220; src_phone=&#8220;https:\/\/teora-xr.de\/wp-content\/uploads\/sites\/3\/2023\/06\/Seniorin_uebt_auf_dem_Sofa-scaled.jpg&#8220; src_last_edited=&#8220;off|desktop&#8220; _builder_version=&#8220;4.27.4&#8243; _module_preset=&#8220;default&#8220; custom_margin=&#8220;-142px||||false|false&#8220; custom_margin_tablet=&#8220;&#8220; custom_margin_phone=&#8220;80px||10px||false|false&#8220; custom_margin_last_edited=&#8220;on|tablet&#8220; global_colors_info=&#8220;{}&#8220;][\/et_pb_fullwidth_image][\/et_pb_section][et_pb_section fb_built=&#8220;1&#8243; _builder_version=&#8220;4.20.4&#8243; _module_preset=&#8220;default&#8220; background_color=&#8220;#FFFFFF&#8220; da_disable_devices=&#8220;off|off|off&#8220; locked=&#8220;off&#8220; global_colors_info=&#8220;{}&#8220; da_is_popup=&#8220;off&#8220; da_exit_intent=&#8220;off&#8220; da_has_close=&#8220;on&#8220; da_alt_close=&#8220;off&#8220; da_dark_close=&#8220;off&#8220; da_not_modal=&#8220;on&#8220; da_is_singular=&#8220;off&#8220; da_with_loader=&#8220;off&#8220; da_has_shadow=&#8220;on&#8220;][et_pb_row _builder_version=&#8220;4.20.4&#8243; _module_preset=&#8220;default&#8220; custom_margin=&#8220;0px||||false|false&#8220; custom_margin_tablet=&#8220;0px||||false|false&#8220; custom_margin_phone=&#8220;-30px||||false|false&#8220; custom_margin_last_edited=&#8220;on|phone&#8220; global_colors_info=&#8220;{}&#8220;][et_pb_column type=&#8220;4_4&#8243; _builder_version=&#8220;4.20.4&#8243; _module_preset=&#8220;default&#8220; global_colors_info=&#8220;{}&#8220;][et_pb_text module_class=&#8220;ms-hyphen&#8220; _builder_version=&#8220;4.27.4&#8243; _module_preset=&#8220;default&#8220; text_font=&#8220;Manrope||||||||&#8220; text_text_color=&#8220;#001A51&#8243; text_font_size=&#8220;17px&#8220; text_line_height=&#8220;1.9em&#8220; header_font=&#8220;Manrope|700|||||||&#8220; header_text_color=&#8220;#001A51&#8243; header_font_size=&#8220;22px&#8220; header_line_height=&#8220;1.9em&#8220; header_2_font=&#8220;Manrope|700|||||||&#8220; header_2_text_color=&#8220;#001A51&#8243; header_2_font_size=&#8220;22px&#8220; header_3_font=&#8220;Manrope|700|||||||&#8220; header_3_line_height=&#8220;1.9em&#8220; text_orientation=&#8220;justified&#8220; width=&#8220;100%&#8220; max_width=&#8220;100%&#8220; custom_margin=&#8220;|||0px|false|false&#8220; global_colors_info=&#8220;{}&#8220;]<\/p>\n<h1 style=\"text-align: left;\">La r\u00e9\u00e9ducation, repens\u00e9e<\/span><\/h1>\n<p style=\"text-align: justify;\">teora body est une application bas\u00e9e sur la r\u00e9alit\u00e9 virtuelle (RV) con\u00e7ue pour la r\u00e9\u00e9ducation motrice des membres sup\u00e9rieurs. Gr\u00e2ce \u00e0 des exercices ludiques et cibl\u00e9s, teora body soutient le processus de r\u00e9\u00e9ducation et aide les patient\u00b7e\u00b7s \u00e0 retrouver mobilit\u00e9 et force. Fond\u00e9e sur des \u00e9tudes scientifiques, notre th\u00e9rapie permet un entra\u00eenement efficace et motivant, que ce soit en clinique, en cabinet ou \u00e0 domicile.  <\/p>\n<p>[\/et_pb_text][\/et_pb_column][\/et_pb_row][\/et_pb_section][et_pb_section fb_built=&#8220;1&#8243; _builder_version=&#8220;4.27.4&#8243; _module_preset=&#8220;default&#8220; background_color=&#8220;#99e2c3&#8243; da_disable_devices=&#8220;off|off|off&#8220; locked=&#8220;off&#8220; global_colors_info=&#8220;{}&#8220; da_is_popup=&#8220;off&#8220; da_exit_intent=&#8220;off&#8220; da_has_close=&#8220;on&#8220; da_alt_close=&#8220;off&#8220; da_dark_close=&#8220;off&#8220; da_not_modal=&#8220;on&#8220; da_is_singular=&#8220;off&#8220; da_with_loader=&#8220;off&#8220; da_has_shadow=&#8220;on&#8220;][et_pb_row column_structure=&#8220;1_2,1_2&#8243; admin_label=&#8220;Ligne&#8220; _builder_version=&#8220;4.27.4&#8243; _module_preset=&#8220;default&#8220; locked=&#8220;off&#8220; global_colors_info=&#8220;{}&#8220;][et_pb_column type=&#8220;1_2&#8243; _builder_version=&#8220;4.20.4&#8243; _module_preset=&#8220;default&#8220; global_colors_info=&#8220;{}&#8220;][et_pb_image src=&#8220;https:\/\/teora-xr.de\/wp-content\/uploads\/sites\/3\/2025\/03\/teora-body_Tablet-Livestream.png&#8220; title_text=&#8220;teora body_Tablet Livestream&#8220; _builder_version=&#8220;4.27.4&#8243; _module_preset=&#8220;default&#8220; global_colors_info=&#8220;{}&#8220;][\/et_pb_image][\/et_pb_column][et_pb_column type=&#8220;1_2&#8243; _builder_version=&#8220;4.20.4&#8243; _module_preset=&#8220;default&#8220; global_colors_info=&#8220;{}&#8220;][et_pb_blurb title=&#8220;Vos avantages avec teora body&#8220; image_icon_background_color=&#8220;#001A51&#8243; content_max_width=&#8220;1100px&#8220; module_class=&#8220;pa-bullet-list-1&#8243; _builder_version=&#8220;4.27.4&#8243; _module_preset=&#8220;default&#8220; header_level=&#8220;h2&#8243; header_font=&#8220;Manrope|700|||||||&#8220; header_text_color=&#8220;#001A51&#8243; header_font_size=&#8220;24px&#8220; body_font=&#8220;Manrope||||||||&#8220; body_text_align=&#8220;justify&#8220; body_text_color=&#8220;#001A51&#8243; body_font_size=&#8220;18px&#8220; body_line_height=&#8220;1.2em&#8220; text_orientation=&#8220;justified&#8220; custom_margin=&#8220;|0px||0px|false|false&#8220; custom_padding=&#8220;0px|0px||0px|false|false&#8220; custom_css_blurb_content=&#8220;||}||.pa-bullet-list-1 ul li:before {|| font-size: 17px !important;|| content:%22\u2714%22 !important;||color: rgb(61,215,61);||font-family: &#8218;ETMODULES&#8216;!important;||margin-right: 10px;||margin-left: -32px;||line-height: 1.9em!important;||&#8220; global_colors_info=&#8220;{}&#8220;]<\/p>\n<p>&nbsp;<\/p>\n<ul>\n<li><strong>Une th\u00e9rapie conforme aux directives cliniques <\/strong><\/li>\n<li><strong>Un entra\u00eenement ludique pour plus de motivation<\/strong><br \/>Qu\u2019il s\u2019agisse de lever le bras, de le plier ou de le tourner, teora body transforme les mouvements fonctionnels en mini-jeux motivants. La th\u00e9rapie reste ainsi motivante et efficace. <\/li>\n<li><strong>Un usage intuitif sans manettes<\/strong><\/li>\n<li><strong>Utilisation en th\u00e9rapie individuelle ou de groupe<\/strong><br \/>Permettez le traitement simultan\u00e9 de plusieurs patientes par une seule personne, pour plus d&#8217;efficacit\u00e9 quotidienne dans votre clinique.<\/li>\n<li><strong>Un soutien num\u00e9rique pour votre travail<br \/><\/strong>Gr\u00e2ce \u00e0 la tablette fournie, vous b\u00e9n\u00e9ficiez \u00e0 tout moment d&#8217;une vue d&#8217;ensemble sur le d\u00e9roulement de la s\u00e9ance et pouvez intervenir de mani\u00e8re cibl\u00e9e.<\/li>\n<\/ul>\n<p>[\/et_pb_blurb][\/et_pb_column][\/et_pb_row][et_pb_row admin_label=&#8220;Ligne&#8220; _builder_version=&#8220;4.20.4&#8243; _module_preset=&#8220;default&#8220; locked=&#8220;off&#8220; global_colors_info=&#8220;{}&#8220;][et_pb_column type=&#8220;4_4&#8243; _builder_version=&#8220;4.20.4&#8243; _module_preset=&#8220;default&#8220; global_colors_info=&#8220;{}&#8220;][et_pb_blurb image_icon_background_color=&#8220;#001A51&#8243; content_max_width=&#8220;1100px&#8220; module_class=&#8220;pa-bullet-list-1&#8243; _builder_version=&#8220;4.27.4&#8243; _module_preset=&#8220;default&#8220; header_level=&#8220;h2&#8243; header_font=&#8220;Manrope|700|||||||&#8220; header_text_color=&#8220;#001A51&#8243; header_font_size=&#8220;24px&#8220; body_font=&#8220;Manrope||||||||&#8220; body_text_align=&#8220;justify&#8220; body_text_color=&#8220;#001A51&#8243; body_font_size=&#8220;18px&#8220; body_line_height=&#8220;1.2em&#8220; text_orientation=&#8220;justified&#8220; custom_margin=&#8220;|0px||0px|false|false&#8220; custom_padding=&#8220;0px|0px||0px|false|false&#8220; custom_css_blurb_content=&#8220;||}||.pa-bullet-list-1 ul li:before {|| font-size: 17px !important;|| content:%22\u2714%22 !important;||color: rgb(61,215,61);||font-family: &#8218;ETMODULES&#8216;!important;||margin-right: 10px;||margin-left: -32px;||line-height: 1.9em!important;||&#8220; global_colors_info=&#8220;{}&#8220;][\/et_pb_blurb][et_pb_text admin_label=&#8220;Text&#8220; module_class=&#8220;ms-hyphen&#8220; _builder_version=&#8220;4.27.4&#8243; _module_preset=&#8220;default&#8220; text_font=&#8220;Manrope||||||||&#8220; text_text_color=&#8220;#001A51&#8243; text_font_size=&#8220;17px&#8220; text_line_height=&#8220;1.9em&#8220; header_text_color=&#8220;#001A51&#8243; text_orientation=&#8220;justified&#8220; custom_margin=&#8220;0px|||0px|false|false&#8220; global_colors_info=&#8220;{}&#8220;]<\/p>\n<p>teora body est ainsi le compl\u00e9ment id\u00e9al pour les \u00e9tablissements de r\u00e9\u00e9ducation modernes, les cliniques de jour et les services de physioth\u00e9rapie. Enrichissez votre offre th\u00e9rapeutique tout en augmentant l&#8217;efficacit\u00e9, la motivation et la satisfaction de vos patientes. <\/p>\n<p>[\/et_pb_text][\/et_pb_column][\/et_pb_row][\/et_pb_section][et_pb_section fb_built=&#8220;1&#8243; _builder_version=&#8220;4.27.4&#8243; _module_preset=&#8220;default&#8220; background_color=&#8220;#FFFFFF&#8220; da_disable_devices=&#8220;off|off|off&#8220; locked=&#8220;off&#8220; global_colors_info=&#8220;{}&#8220; da_is_popup=&#8220;off&#8220; da_exit_intent=&#8220;off&#8220; da_has_close=&#8220;on&#8220; da_alt_close=&#8220;off&#8220; da_dark_close=&#8220;off&#8220; da_not_modal=&#8220;on&#8220; da_is_singular=&#8220;off&#8220; da_with_loader=&#8220;off&#8220; da_has_shadow=&#8220;on&#8220;][et_pb_row _builder_version=&#8220;4.20.4&#8243; _module_preset=&#8220;default&#8220; global_colors_info=&#8220;{}&#8220;][et_pb_column type=&#8220;4_4&#8243; _builder_version=&#8220;4.20.4&#8243; _module_preset=&#8220;default&#8220; global_colors_info=&#8220;{}&#8220;][et_pb_text module_class=&#8220;ms-hyphen&#8220; _builder_version=&#8220;4.27.4&#8243; _module_preset=&#8220;default&#8220; text_font=&#8220;Manrope||||||||&#8220; text_text_color=&#8220;#001A51&#8243; text_font_size=&#8220;17px&#8220; text_line_height=&#8220;1.9em&#8220; header_font=&#8220;Manrope|700|||||||&#8220; header_text_color=&#8220;#001A51&#8243; header_font_size=&#8220;22px&#8220; header_line_height=&#8220;1.9em&#8220; header_2_font=&#8220;Manrope|700|||||||&#8220; header_2_text_color=&#8220;#001A51&#8243; header_2_font_size=&#8220;22px&#8220; header_3_font=&#8220;Manrope|700|||||||&#8220; header_3_line_height=&#8220;1.9em&#8220; text_orientation=&#8220;justified&#8220; width=&#8220;100%&#8220; max_width=&#8220;100%&#8220; custom_margin=&#8220;|||0px|false|false&#8220; global_colors_info=&#8220;{}&#8220;]<\/p>\n<h1 style=\"text-align: left;\">Dans quels cas peut-on utiliser teora body?<\/h1>\n<p style=\"text-align: justify;\">teora body favorise la r\u00e9\u00e9ducation motrice dans le cas de nombreuses affections et blessures des membres sup\u00e9rieurs, en particulier de l&#8217;\u00e9paule et du coude. L&#8217;objectif est de restaurer, de mani\u00e8re cibl\u00e9e, la mobilit\u00e9, la force, la coordination et les mouvements fonctionnels du quotidien. <\/p>\n<p>[\/et_pb_text][\/et_pb_column][\/et_pb_row][et_pb_row column_structure=&#8220;1_2,1_2&#8243; _builder_version=&#8220;4.20.4&#8243; _module_preset=&#8220;default&#8220; global_colors_info=&#8220;{}&#8220;][et_pb_column type=&#8220;1_2&#8243; _builder_version=&#8220;4.20.4&#8243; _module_preset=&#8220;default&#8220; global_colors_info=&#8220;{}&#8220;][et_pb_text module_class=&#8220;ms-hyphen&#8220; _builder_version=&#8220;4.27.4&#8243; _module_preset=&#8220;default&#8220; text_font=&#8220;Manrope||||||||&#8220; text_text_color=&#8220;#001A51&#8243; text_font_size=&#8220;17px&#8220; text_line_height=&#8220;1.9em&#8220; header_font=&#8220;Manrope|700|||||||&#8220; header_text_color=&#8220;#001A51&#8243; header_font_size=&#8220;22px&#8220; header_line_height=&#8220;1.9em&#8220; header_2_font=&#8220;Manrope|700|||||||&#8220; header_2_text_color=&#8220;#001A51&#8243; header_2_font_size=&#8220;22px&#8220; header_3_font=&#8220;Manrope|700|||||||&#8220; header_3_line_height=&#8220;1.9em&#8220; text_orientation=&#8220;justified&#8220; width=&#8220;100%&#8220; max_width=&#8220;100%&#8220; custom_margin=&#8220;|||0px|false|false&#8220; global_colors_info=&#8220;{}&#8220;]<\/p>\n<h1 style=\"text-align: left;\">L&#8217;application RV convient entre autres pour :<\/h1>\n<ul>\n<li>R\u00e9\u00e9ducation orthop\u00e9dique, par exemple apr\u00e8s une op\u00e9ration ou une blessure \u00e0 l&#8217;\u00e9paule ou au coude<\/li>\n<li>R\u00e9\u00e9ducation neurologique avec accent sur la motricit\u00e9 (apr\u00e8s un AVC, par exemple)<\/li>\n<li>Traitement des douleurs chroniques<\/li>\n<li>D\u00e9veloppement de comp\u00e9tences motrices fonctionnelles, par exemple par des exercices cibl\u00e9s de flexion, d&#8217;extension, de rotation ou de stabilisation des bras<\/li>\n<li>Encouragement \u00e0 l&#8217;activit\u00e9 personnelle et \u00e0 la motivation, en particulier chez les patients difficiles \u00e0 stimuler ou qui doivent retrouver le plaisir de bouger<\/li>\n<\/ul>\n<p>[\/et_pb_text][\/et_pb_column][et_pb_column type=&#8220;1_2&#8243; _builder_version=&#8220;4.20.4&#8243; _module_preset=&#8220;default&#8220; background_color=&#8220;#FFFFFF&#8220; background_image=&#8220;https:\/\/teora-xr.de\/wp-content\/uploads\/sites\/3\/2023\/05\/arzt-website.png&#8220; global_colors_info=&#8220;{}&#8220;][et_pb_text module_class=&#8220;ms-hyphen&#8220; _builder_version=&#8220;4.27.4&#8243; _module_preset=&#8220;default&#8220; text_font=&#8220;Manrope||||||||&#8220; text_text_color=&#8220;#001A51&#8243; text_font_size=&#8220;17px&#8220; text_line_height=&#8220;1.9em&#8220; header_font=&#8220;Manrope|700|||||||&#8220; header_text_color=&#8220;#001A51&#8243; header_font_size=&#8220;22px&#8220; header_line_height=&#8220;1.9em&#8220; header_2_font=&#8220;Manrope|700|||||||&#8220; header_2_text_color=&#8220;#001A51&#8243; header_2_font_size=&#8220;22px&#8220; header_3_font=&#8220;Manrope|700|||||||&#8220; header_3_line_height=&#8220;1.9em&#8220; text_orientation=&#8220;justified&#8220; width=&#8220;100%&#8220; max_width=&#8220;100%&#8220; custom_margin=&#8220;|||0px|false|false&#8220; global_colors_info=&#8220;{}&#8220;]<\/p>\n<h1 style=\"text-align: left;\">Exemples d&#8217;indications d&#8217;utilisation :<\/h1>\n<ul>\n<li>Blessures de la coiffe des rotateurs<\/li>\n<li>Impingement de l&#8217;\u00e9paule<\/li>\n<li>\u00c9paule gel\u00e9e (capsulite r\u00e9tractile)<\/li>\n<li>L\u00e9sions du labrum<\/li>\n<li>Probl\u00e8mes de l&#8217;articulation acromio-claviculaire<\/li>\n<li>\u00c9picondylite et \u00e9pitrochl\u00e9ite<\/li>\n<li>Restrictions post-traumatiques de la mobilit\u00e9<\/li>\n<li>R\u00e9habilitation post-op\u00e9ratoire (apr\u00e8s une arthroscopie ou une fracture par exemple)<\/li>\n<\/ul>\n<p>[\/et_pb_text][\/et_pb_column][\/et_pb_row][\/et_pb_section][et_pb_section fb_built=&#8220;1&#8243; admin_label=&#8220;Sektion&#8220; _builder_version=&#8220;4.27.4&#8243; _module_preset=&#8220;default&#8220; background_color=&#8220;#FFFFFF&#8220; min_height=&#8220;314px&#8220; custom_padding=&#8220;0px|||||&#8220; da_disable_devices=&#8220;off|off|off&#8220; locked=&#8220;off&#8220; global_colors_info=&#8220;{}&#8220; da_is_popup=&#8220;off&#8220; da_exit_intent=&#8220;off&#8220; da_has_close=&#8220;on&#8220; da_alt_close=&#8220;off&#8220; da_dark_close=&#8220;off&#8220; da_not_modal=&#8220;on&#8220; da_is_singular=&#8220;off&#8220; da_with_loader=&#8220;off&#8220; da_has_shadow=&#8220;on&#8220;][et_pb_row _builder_version=&#8220;4.27.4&#8243; _module_preset=&#8220;default&#8220; locked=&#8220;off&#8220; global_colors_info=&#8220;{}&#8220;][et_pb_column type=&#8220;4_4&#8243; _builder_version=&#8220;4.20.4&#8243; _module_preset=&#8220;default&#8220; global_colors_info=&#8220;{}&#8220;][et_pb_blurb title=&#8220;Plus d&#039;informations&#8220; url=&#8220;https:\/\/teora-xr.de\/wp-content\/uploads\/sites\/3\/2025\/03\/teora-body_FR.pdf&#8220; use_icon=&#8220;on&#8220; font_icon=&#8220;&#x69;||divi||400&#8243; icon_color=&#8220;#001A51&#8243; icon_placement=&#8220;left&#8220; image_icon_width=&#8220;130px&#8220; content_max_width=&#8220;1100%&#8220; icon_placement_tablet=&#8220;left&#8220; icon_placement_phone=&#8220;top&#8220; icon_placement_last_edited=&#8220;on|tablet&#8220; admin_label=&#8220;Informationstext&#8220; _builder_version=&#8220;4.27.4&#8243; _module_preset=&#8220;default&#8220; header_level=&#8220;h2&#8243; header_font=&#8220;Manrope|700|||||||&#8220; header_text_color=&#8220;#001A51&#8243; header_font_size=&#8220;22px&#8220; header_line_height=&#8220;1.9em&#8220; body_font=&#8220;Manrope||||||||&#8220; body_text_align=&#8220;justify&#8220; body_text_color=&#8220;#001A51&#8243; body_font_size=&#8220;17px&#8220; body_line_height=&#8220;1.8em&#8220; image_icon_custom_margin=&#8220;|48px|||false|false&#8220; text_orientation=&#8220;justified&#8220; width=&#8220;100%&#8220; max_width=&#8220;100%&#8220; custom_padding=&#8220;60px|60px|60px|60px|false|false&#8220; link_option_url=&#8220;https:\/\/teora-xr.de\/wp-content\/uploads\/sites\/3\/2025\/03\/teora-body_FR.pdf&#8220; border_radii=&#8220;on|25px|25px|25px|25px&#8220; border_width_all=&#8220;5px&#8220; border_color_all=&#8220;#3fb773&#8243; locked=&#8220;off&#8220; global_colors_info=&#8220;{}&#8220;]<\/p>\n<p style=\"text-align: justify;\">Notre <span style=\"color: #e14c6b;\"> <a href=\"https:\/\/teora-xr.de\/wp-content\/uploads\/sites\/3\/2025\/03\/teora-body_FR-2.pdf\" rel=\"attachment wp-att-241477\">brochure teora body<\/a><\/span> vous propose un r\u00e9sum\u00e9 de toutes les informations. N&#8217;h\u00e9sitez pas \u00e0 la partager avec vos patientes. N&#8217;h\u00e9sitez pas \u00e0 les partager avec vos patients*.<\/p>\n<p>[\/et_pb_blurb][\/et_pb_column][\/et_pb_row][\/et_pb_section][et_pb_section fb_built=&#8220;1&#8243; _builder_version=&#8220;4.20.4&#8243; _module_preset=&#8220;default&#8220; background_color=&#8220;#FFFFFF&#8220; custom_padding=&#8220;0px|||||&#8220; da_disable_devices=&#8220;off|off|off&#8220; locked=&#8220;off&#8220; global_colors_info=&#8220;{}&#8220; da_is_popup=&#8220;off&#8220; da_exit_intent=&#8220;off&#8220; da_has_close=&#8220;on&#8220; da_alt_close=&#8220;off&#8220; da_dark_close=&#8220;off&#8220; da_not_modal=&#8220;on&#8220; da_is_singular=&#8220;off&#8220; da_with_loader=&#8220;off&#8220; da_has_shadow=&#8220;on&#8220;][et_pb_row _builder_version=&#8220;4.20.4&#8243; _module_preset=&#8220;default&#8220; custom_margin=&#8220;||70px||false|false&#8220; global_colors_info=&#8220;{}&#8220;][et_pb_column type=&#8220;4_4&#8243; _builder_version=&#8220;4.20.4&#8243; _module_preset=&#8220;default&#8220; global_colors_info=&#8220;{}&#8220;][et_pb_text _builder_version=&#8220;4.27.4&#8243; _module_preset=&#8220;default&#8220; text_font=&#8220;Manrope||||||||&#8220; text_text_color=&#8220;#001A51&#8243; header_font=&#8220;Manrope||||||||&#8220; header_text_color=&#8220;#001A51&#8243; header_2_font=&#8220;Manrope|700|||||||&#8220; header_2_text_color=&#8220;#001A51&#8243; header_2_font_size=&#8220;22px&#8220; header_4_font=&#8220;Manrope||||||||&#8220; transform_scale_linked=&#8220;off&#8220; transform_translate_linked=&#8220;off&#8220; custom_margin=&#8220;6px||-9px||false|false&#8220; custom_padding=&#8220;21px||0px|0px|false|false&#8220; global_colors_info=&#8220;{}&#8220;]<\/p>\n<h2><strong>Vous ne trouvez pas ce que vous cherchez ou vous souhaitez obtenir plus d&#8217;informations ? N&#8217;h\u00e9sitez pas \u00e0 nous contacter ! <\/strong><\/h2>\n<p>[\/et_pb_text][dsm_button button_one_text=&#8220;Contactez-nous maintenant&#8220; button_one_url=&#8220;https:\/\/teora-xr.de\/formulaire-de-contact\/?lang=fr&#8220; button_one_lightbox_close_color=&#8220;RGBA(255,255,255,0)&#8220; _builder_version=&#8220;4.27.4&#8243; _module_preset=&#8220;default&#8220; separator_text_font=&#8220;Manrope||||||||&#8220; separator_text_text_color=&#8220;#001A51&#8243; custom_button_one=&#8220;on&#8220; button_one_text_size=&#8220;17px&#8220; button_one_text_color=&#8220;#001A51&#8243; button_one_bg_color=&#8220;RGBA(255,255,255,0)&#8220; button_one_border_color=&#8220;#001A51&#8243; button_one_border_radius=&#8220;43px&#8220; button_one_font=&#8220;Manrope|700|||||||&#8220; button_one_icon_color=&#8220;#001A51&#8243; custom_margin=&#8220;40px||||false|false&#8220; global_colors_info=&#8220;{}&#8220;][\/dsm_button][\/et_pb_column][\/et_pb_row][\/et_pb_section]<\/p>","protected":false},"excerpt":{"rendered":"<p>La r\u00e9\u00e9ducation, repens\u00e9e teora body est une application bas\u00e9e sur la r\u00e9alit\u00e9 virtuelle (RV) con\u00e7ue pour la r\u00e9\u00e9ducation motrice des membres sup\u00e9rieurs. Gr\u00e2ce \u00e0 des exercices ludiques et cibl\u00e9s, teora body soutient le processus de r\u00e9\u00e9ducation et aide les patient\u00b7e\u00b7s \u00e0 retrouver mobilit\u00e9 et force. Fond\u00e9e sur des \u00e9tudes scientifiques, notre th\u00e9rapie permet un entra\u00eenement efficace et motivant, que ce soit en clinique, en cabinet ou \u00e0 domicile. &nbsp; Une th\u00e9rapie conforme aux directives cliniques Un entra\u00eenement ludique pour plus de motivationQu\u2019il s\u2019agisse de lever le bras, de le plier ou de le tourner, teora body transforme les mouvements fonctionnels en mini-jeux motivants. La th\u00e9rapie reste ainsi motivante et efficace. Un usage intuitif sans manettes Utilisation en th\u00e9rapie individuelle ou de groupePermettez le traitement simultan\u00e9 de plusieurs patientes par une seule personne, pour plus d&#8217;efficacit\u00e9 quotidienne dans votre clinique. Un soutien num\u00e9rique pour votre travailGr\u00e2ce \u00e0 la tablette fournie, vous b\u00e9n\u00e9ficiez \u00e0 tout moment d&#8217;une vue d&#8217;ensemble sur le d\u00e9roulement de la s\u00e9ance et pouvez intervenir de mani\u00e8re cibl\u00e9e. teora body est ainsi le compl\u00e9ment id\u00e9al pour les \u00e9tablissements de r\u00e9\u00e9ducation modernes, les cliniques de jour et les services de physioth\u00e9rapie. Enrichissez votre offre th\u00e9rapeutique tout en augmentant l&#8217;efficacit\u00e9, la [&hellip;]<\/p>","protected":false},"author":1,"featured_media":0,"parent":0,"menu_order":0,"comment_status":"closed","ping_status":"closed","template":"","meta":{"_et_pb_use_builder":"on","_et_pb_old_content":"","_et_gb_content_width":"","om_disable_all_campaigns":false,"_monsterinsights_skip_tracking":false,"_monsterinsights_sitenote_active":false,"_monsterinsights_sitenote_note":"","_monsterinsights_sitenote_category":0,"footnotes":""},"class_list":["post-241514","page","type-page","status-publish","hentry"],"aioseo_notices":[],"_links":{"self":[{"href":"https:\/\/teora-xr.de\/en\/wp-json\/wp\/v2\/pages\/241514","targetHints":{"allow":["GET"]}}],"collection":[{"href":"https:\/\/teora-xr.de\/en\/wp-json\/wp\/v2\/pages"}],"about":[{"href":"https:\/\/teora-xr.de\/en\/wp-json\/wp\/v2\/types\/page"}],"author":[{"embeddable":true,"href":"https:\/\/teora-xr.de\/en\/wp-json\/wp\/v2\/users\/1"}],"replies":[{"embeddable":true,"href":"https:\/\/teora-xr.de\/en\/wp-json\/wp\/v2\/comments?post=241514"}],"version-history":[{"count":10,"href":"https:\/\/teora-xr.de\/en\/wp-json\/wp\/v2\/pages\/241514\/revisions"}],"predecessor-version":[{"id":241754,"href":"https:\/\/teora-xr.de\/en\/wp-json\/wp\/v2\/pages\/241514\/revisions\/241754"}],"wp:attachment":[{"href":"https:\/\/teora-xr.de\/en\/wp-json\/wp\/v2\/media?parent=241514"}],"curies":[{"name":"wp","href":"https:\/\/api.w.org\/{rel}","templated":true}]}}