{"id":241436,"date":"2025-03-25T10:41:58","date_gmt":"2025-03-25T10:41:58","guid":{"rendered":"https:\/\/teora-xr.de\/?page_id=241436"},"modified":"2026-03-06T12:27:06","modified_gmt":"2026-03-06T12:27:06","slug":"teora-body","status":"publish","type":"page","link":"https:\/\/teora-xr.de\/en\/teora-body\/","title":{"rendered":"teora body"},"content":{"rendered":"<p>[et_pb_section fb_built=&#8220;1&#8243; fullwidth=&#8220;on&#8220; _builder_version=&#8220;4.20.4&#8243; _module_preset=&#8220;default&#8220; da_disable_devices=&#8220;off|off|off&#8220; locked=&#8220;off&#8220; global_colors_info=&#8220;{}&#8220; da_is_popup=&#8220;off&#8220; da_exit_intent=&#8220;off&#8220; da_has_close=&#8220;on&#8220; da_alt_close=&#8220;off&#8220; da_dark_close=&#8220;off&#8220; da_not_modal=&#8220;on&#8220; da_is_singular=&#8220;off&#8220; da_with_loader=&#8220;off&#8220; da_has_shadow=&#8220;on&#8220;][et_pb_fullwidth_image src=&#8220;https:\/\/teora-xr.de\/wp-content\/uploads\/sites\/3\/2025\/03\/teora-body-in-Nutzung.png&#8220; alt=&#8220;Frau nutzt teora body &#8211; eine VR Therapieanwendung&#8220; title_text=&#8220;teora body in Nutzung&#8220; src_tablet=&#8220;https:\/\/teora-xr.de\/wp-content\/uploads\/sites\/3\/2023\/06\/Seniorin_uebt_auf_dem_Sofa-scaled.jpg&#8220; src_phone=&#8220;https:\/\/teora-xr.de\/wp-content\/uploads\/sites\/3\/2023\/06\/Seniorin_uebt_auf_dem_Sofa-scaled.jpg&#8220; src_last_edited=&#8220;off|desktop&#8220; _builder_version=&#8220;4.27.4&#8243; _module_preset=&#8220;default&#8220; custom_margin=&#8220;-142px||||false|false&#8220; custom_margin_tablet=&#8220;&#8220; custom_margin_phone=&#8220;80px||10px||false|false&#8220; custom_margin_last_edited=&#8220;on|tablet&#8220; global_colors_info=&#8220;{}&#8220;][\/et_pb_fullwidth_image][\/et_pb_section][et_pb_section fb_built=&#8220;1&#8243; _builder_version=&#8220;4.20.4&#8243; _module_preset=&#8220;default&#8220; background_color=&#8220;#FFFFFF&#8220; da_disable_devices=&#8220;off|off|off&#8220; locked=&#8220;off&#8220; global_colors_info=&#8220;{}&#8220; da_is_popup=&#8220;off&#8220; da_exit_intent=&#8220;off&#8220; da_has_close=&#8220;on&#8220; da_alt_close=&#8220;off&#8220; da_dark_close=&#8220;off&#8220; da_not_modal=&#8220;on&#8220; da_is_singular=&#8220;off&#8220; da_with_loader=&#8220;off&#8220; da_has_shadow=&#8220;on&#8220;][et_pb_row _builder_version=&#8220;4.20.4&#8243; _module_preset=&#8220;default&#8220; custom_margin=&#8220;0px||||false|false&#8220; custom_margin_tablet=&#8220;0px||||false|false&#8220; custom_margin_phone=&#8220;-30px||||false|false&#8220; custom_margin_last_edited=&#8220;on|phone&#8220; global_colors_info=&#8220;{}&#8220;][et_pb_column type=&#8220;4_4&#8243; _builder_version=&#8220;4.20.4&#8243; _module_preset=&#8220;default&#8220; global_colors_info=&#8220;{}&#8220;][et_pb_text admin_label=&#8220;Text&#8220; module_class=&#8220;ms-hyphen&#8220; _builder_version=&#8220;4.27.4&#8243; _module_preset=&#8220;default&#8220; text_font=&#8220;Manrope||||||||&#8220; text_text_color=&#8220;#001A51&#8243; text_font_size=&#8220;17px&#8220; text_line_height=&#8220;1.9em&#8220; header_font=&#8220;Manrope|700|||||||&#8220; header_text_color=&#8220;#001A51&#8243; header_font_size=&#8220;22px&#8220; header_line_height=&#8220;1.9em&#8220; header_2_font=&#8220;Manrope|700|||||||&#8220; header_2_text_color=&#8220;#001A51&#8243; header_2_font_size=&#8220;22px&#8220; header_3_font=&#8220;Manrope|700|||||||&#8220; header_3_line_height=&#8220;1.9em&#8220; text_orientation=&#8220;justified&#8220; width=&#8220;100%&#8220; max_width=&#8220;100%&#8220; custom_margin=&#8220;|||0px|false|false&#8220; global_colors_info=&#8220;{}&#8220;]<\/p>\n<h1 style=\"text-align: left;\">Bewegungsf\u00f6rderung neu gedacht<\/h1>\n<p style=\"text-align: justify;\">teora body ist eine VR-Anwendung f\u00fcr die Bewegungsf\u00f6rderung der oberen Extremit\u00e4ten. Durch gezielte, spielerische \u00dcbungen in der virtuellen Realit\u00e4t unterst\u00fctzt teora body den K\u00f6rper und hilft Anwender*innen, Beweglichkeit und Kraft zu f\u00f6rdern. Die Anwendung basiert auf wissenschaftlichen Erkenntnissen und erm\u00f6glicht ein effektives, motivierendes Training.<\/p>\n<p>[\/et_pb_text][\/et_pb_column][\/et_pb_row][\/et_pb_section][et_pb_section fb_built=&#8220;1&#8243; _builder_version=&#8220;4.27.4&#8243; _module_preset=&#8220;default&#8220; background_color=&#8220;#99e2c3&#8243; da_disable_devices=&#8220;off|off|off&#8220; locked=&#8220;off&#8220; global_colors_info=&#8220;{}&#8220; da_is_popup=&#8220;off&#8220; da_exit_intent=&#8220;off&#8220; da_has_close=&#8220;on&#8220; da_alt_close=&#8220;off&#8220; da_dark_close=&#8220;off&#8220; da_not_modal=&#8220;on&#8220; da_is_singular=&#8220;off&#8220; da_with_loader=&#8220;off&#8220; da_has_shadow=&#8220;on&#8220;][et_pb_row column_structure=&#8220;1_2,1_2&#8243; admin_label=&#8220;Zeile&#8220; _builder_version=&#8220;4.27.4&#8243; _module_preset=&#8220;default&#8220; locked=&#8220;off&#8220; global_colors_info=&#8220;{}&#8220;][et_pb_column type=&#8220;1_2&#8243; _builder_version=&#8220;4.20.4&#8243; _module_preset=&#8220;default&#8220; global_colors_info=&#8220;{}&#8220;][et_pb_image src=&#8220;https:\/\/teora-xr.de\/wp-content\/uploads\/sites\/3\/2025\/03\/teora-body_Tablet-Livestream.png&#8220; title_text=&#8220;teora body_Tablet Livestream&#8220; _builder_version=&#8220;4.27.4&#8243; _module_preset=&#8220;default&#8220; global_colors_info=&#8220;{}&#8220;][\/et_pb_image][\/et_pb_column][et_pb_column type=&#8220;1_2&#8243; _builder_version=&#8220;4.20.4&#8243; _module_preset=&#8220;default&#8220; global_colors_info=&#8220;{}&#8220;][et_pb_blurb title=&#8220;Ihre Vorteile mit teora body&#8220; image_icon_background_color=&#8220;#001A51&#8243; content_max_width=&#8220;1100px&#8220; module_class=&#8220;pa-bullet-list-1&#8243; _builder_version=&#8220;4.27.4&#8243; _module_preset=&#8220;default&#8220; header_level=&#8220;h2&#8243; header_font=&#8220;Manrope|700|||||||&#8220; header_text_color=&#8220;#001A51&#8243; header_font_size=&#8220;24px&#8220; body_font=&#8220;Manrope||||||||&#8220; body_text_align=&#8220;justify&#8220; body_text_color=&#8220;#001A51&#8243; body_font_size=&#8220;18px&#8220; body_line_height=&#8220;1.2em&#8220; text_orientation=&#8220;justified&#8220; custom_margin=&#8220;|0px||0px|false|false&#8220; custom_padding=&#8220;0px|0px||0px|false|false&#8220; custom_css_blurb_content=&#8220;||}||.pa-bullet-list-1 ul li:before {|| font-size: 17px !important;|| content:%22\u2714%22 !important;||color: rgb(61,215,61);||font-family: &#8218;ETMODULES&#8216;!important;||margin-right: 10px;||margin-left: -32px;||line-height: 1.9em!important;||&#8220; global_colors_info=&#8220;{}&#8220;]<\/p>\n<p>&nbsp;<\/p>\n<ul>\n<li><strong>Training entlang klinischer Leitlinien <\/strong><\/li>\n<li><strong>Spielerisches Training f\u00fcr mehr Motivation<\/strong><br \/>Ob Armheben, Beugen oder Drehen \u2013 teora body verpackt funktionelle Bewegungen in motivierende Mini-Games. So bleibt das Training spannend und wirkungsvoll.<\/li>\n<li><strong>Intuitive Steuerung ohne zus\u00e4tzliche Controller<\/strong><\/li>\n<li><strong>Einsatz in Einzel- und Gruppentraining<\/strong><br \/>Trainieren Sie mehrere Anwender*innen gleichzeitig mit nur einer betreuenden Person \u2013 f\u00fcr mehr Effizienz im Alltag Ihrer Einrichtung.<\/li>\n<li><strong>Digitale Unterst\u00fctzung f\u00fcr Ihre Arbeit<br \/><\/strong>\u00dcber das mitgelieferte Tablet behalten Sie jederzeit den \u00dcberblick \u00fcber den Trainingsverlauf und k\u00f6nnen gezielt eingreifen.<\/li>\n<\/ul>\n<p>[\/et_pb_blurb][\/et_pb_column][\/et_pb_row][et_pb_row admin_label=&#8220;Zeile&#8220; _builder_version=&#8220;4.20.4&#8243; _module_preset=&#8220;default&#8220; locked=&#8220;off&#8220; global_colors_info=&#8220;{}&#8220;][et_pb_column type=&#8220;4_4&#8243; _builder_version=&#8220;4.20.4&#8243; _module_preset=&#8220;default&#8220; global_colors_info=&#8220;{}&#8220;][et_pb_blurb image_icon_background_color=&#8220;#001A51&#8243; content_max_width=&#8220;1100px&#8220; module_class=&#8220;pa-bullet-list-1&#8243; _builder_version=&#8220;4.27.4&#8243; _module_preset=&#8220;default&#8220; header_level=&#8220;h2&#8243; header_font=&#8220;Manrope|700|||||||&#8220; header_text_color=&#8220;#001A51&#8243; header_font_size=&#8220;24px&#8220; body_font=&#8220;Manrope||||||||&#8220; body_text_align=&#8220;justify&#8220; body_text_color=&#8220;#001A51&#8243; body_font_size=&#8220;18px&#8220; body_line_height=&#8220;1.2em&#8220; text_orientation=&#8220;justified&#8220; custom_margin=&#8220;|0px||0px|false|false&#8220; custom_padding=&#8220;0px|0px||0px|false|false&#8220; custom_css_blurb_content=&#8220;||}||.pa-bullet-list-1 ul li:before {|| font-size: 17px !important;|| content:%22\u2714%22 !important;||color: rgb(61,215,61);||font-family: &#8218;ETMODULES&#8216;!important;||margin-right: 10px;||margin-left: -32px;||line-height: 1.9em!important;||&#8220; global_colors_info=&#8220;{}&#8220;][\/et_pb_blurb][\/et_pb_column][\/et_pb_row][\/et_pb_section][et_pb_section fb_built=&#8220;1&#8243; _builder_version=&#8220;4.27.4&#8243; _module_preset=&#8220;default&#8220; background_color=&#8220;#FFFFFF&#8220; da_disable_devices=&#8220;off|off|off&#8220; locked=&#8220;off&#8220; global_colors_info=&#8220;{}&#8220; da_is_popup=&#8220;off&#8220; da_exit_intent=&#8220;off&#8220; da_has_close=&#8220;on&#8220; da_alt_close=&#8220;off&#8220; da_dark_close=&#8220;off&#8220; da_not_modal=&#8220;on&#8220; da_is_singular=&#8220;off&#8220; da_with_loader=&#8220;off&#8220; da_has_shadow=&#8220;on&#8220;][et_pb_row _builder_version=&#8220;4.20.4&#8243; _module_preset=&#8220;default&#8220; global_colors_info=&#8220;{}&#8220;][et_pb_column type=&#8220;4_4&#8243; _builder_version=&#8220;4.20.4&#8243; _module_preset=&#8220;default&#8220; global_colors_info=&#8220;{}&#8220;][et_pb_text module_class=&#8220;ms-hyphen&#8220; _builder_version=&#8220;4.27.4&#8243; _module_preset=&#8220;default&#8220; text_font=&#8220;Manrope||||||||&#8220; text_text_color=&#8220;#001A51&#8243; text_font_size=&#8220;17px&#8220; text_line_height=&#8220;1.9em&#8220; header_font=&#8220;Manrope|700|||||||&#8220; header_text_color=&#8220;#001A51&#8243; header_font_size=&#8220;22px&#8220; header_line_height=&#8220;1.9em&#8220; header_2_font=&#8220;Manrope|700|||||||&#8220; header_2_text_color=&#8220;#001A51&#8243; header_2_font_size=&#8220;22px&#8220; header_3_font=&#8220;Manrope|700|||||||&#8220; header_3_line_height=&#8220;1.9em&#8220; text_orientation=&#8220;justified&#8220; width=&#8220;100%&#8220; max_width=&#8220;100%&#8220; custom_margin=&#8220;|||0px|false|false&#8220; global_colors_info=&#8220;{}&#8220;]<\/p>\n<h1 style=\"text-align: left;\">Wof\u00fcr kann teora body eingesetzt werden?<\/h1>\n<p style=\"text-align: justify;\">teora body unterst\u00fctzt die Bewegungsf\u00f6rderung im Bereich der oberen Extremit\u00e4ten mit Fokus auf Schulter und Ellenbogen. Ziel ist es, Beweglichkeit, Kraft, Koordination und funktionelle Alltagsbewegungen gezielt zu f\u00f6rdern.<\/p>\n<p>[\/et_pb_text][\/et_pb_column][\/et_pb_row][et_pb_row column_structure=&#8220;1_2,1_2&#8243; _builder_version=&#8220;4.20.4&#8243; _module_preset=&#8220;default&#8220; global_colors_info=&#8220;{}&#8220;][et_pb_column type=&#8220;1_2&#8243; _builder_version=&#8220;4.20.4&#8243; _module_preset=&#8220;default&#8220; global_colors_info=&#8220;{}&#8220;][et_pb_text module_class=&#8220;ms-hyphen&#8220; _builder_version=&#8220;4.27.4&#8243; _module_preset=&#8220;default&#8220; text_font=&#8220;Manrope||||||||&#8220; text_text_color=&#8220;#001A51&#8243; text_font_size=&#8220;17px&#8220; text_line_height=&#8220;1.9em&#8220; header_font=&#8220;Manrope|700|||||||&#8220; header_text_color=&#8220;#001A51&#8243; header_font_size=&#8220;22px&#8220; header_line_height=&#8220;1.9em&#8220; header_2_font=&#8220;Manrope|700|||||||&#8220; header_2_text_color=&#8220;#001A51&#8243; header_2_font_size=&#8220;22px&#8220; header_3_font=&#8220;Manrope|700|||||||&#8220; header_3_line_height=&#8220;1.9em&#8220; text_orientation=&#8220;justified&#8220; width=&#8220;100%&#8220; max_width=&#8220;100%&#8220; custom_margin=&#8220;|-658px||0px|false|false&#8220; custom_padding=&#8220;|0px||||&#8220; global_colors_info=&#8220;{}&#8220;]<\/p>\n<h1 style=\"text-align: left;\">Die VR-Anwendung eignet sich u.a. f\u00fcr:<\/h1>\n<ul>\n<li>Mobilit\u00e4tsf\u00f6rdernde \u00dcbungen zur funktionellen Regeneration, z.\u202fB. bei Belastungen der Schulter- und Ellbogenregion<\/li>\n<li>Motorisches \u00dcbungstraining zur St\u00e4rkung neuronaler Bewegungsmuster<\/li>\n<li>Bewegungs- und Entspannungsans\u00e4tze zur F\u00f6rderung der Lebensqualit\u00e4t bei chronischer Belastung<\/li>\n<li>Aufbau funktioneller Bewegungskompetenz, z.\u202fB. durch gezielte \u00dcbungen zur Flexion, Extension, Rotation oder Stabilisierung des Arms<\/li>\n<li>F\u00f6rderung von Eigenaktivit\u00e4t und Motivation, gerade bei Patient*innen, die schwer zu aktivieren sind oder wieder Spa\u00df an Bewegung finden sollen<\/li>\n<\/ul>\n<p>[\/et_pb_text][\/et_pb_column][et_pb_column type=&#8220;1_2&#8243; _builder_version=&#8220;4.20.4&#8243; _module_preset=&#8220;default&#8220; background_color=&#8220;#FFFFFF&#8220; background_image=&#8220;https:\/\/teora-xr.de\/wp-content\/uploads\/sites\/3\/2023\/05\/arzt-website.png&#8220; global_colors_info=&#8220;{}&#8220;][\/et_pb_column][\/et_pb_row][\/et_pb_section][et_pb_section fb_built=&#8220;1&#8243; admin_label=&#8220;Sektion&#8220; _builder_version=&#8220;4.27.4&#8243; _module_preset=&#8220;default&#8220; background_color=&#8220;#FFFFFF&#8220; min_height=&#8220;314px&#8220; custom_padding=&#8220;0px|||||&#8220; da_disable_devices=&#8220;off|off|off&#8220; locked=&#8220;off&#8220; global_colors_info=&#8220;{}&#8220; disabled_on=&#8220;on|on|on&#8220; disabled=&#8220;on&#8220; da_is_popup=&#8220;off&#8220; da_exit_intent=&#8220;off&#8220; da_has_close=&#8220;on&#8220; da_alt_close=&#8220;off&#8220; da_dark_close=&#8220;off&#8220; da_not_modal=&#8220;on&#8220; da_is_singular=&#8220;off&#8220; da_with_loader=&#8220;off&#8220; da_has_shadow=&#8220;on&#8220;][et_pb_row _builder_version=&#8220;4.27.4&#8243; _module_preset=&#8220;default&#8220; locked=&#8220;off&#8220; global_colors_info=&#8220;{}&#8220;][et_pb_column type=&#8220;4_4&#8243; _builder_version=&#8220;4.20.4&#8243; _module_preset=&#8220;default&#8220; global_colors_info=&#8220;{}&#8220;][et_pb_blurb title=&#8220;Weitere Informationen&#8220; url=&#8220;https:\/\/teora-xr.de\/wp-content\/uploads\/sites\/3\/2023\/07\/Flyer-Teora-mind-by-Living-Brain.pdf&#8220; use_icon=&#8220;on&#8220; font_icon=&#8220;&#x69;||divi||400&#8243; icon_color=&#8220;#001A51&#8243; icon_placement=&#8220;left&#8220; image_icon_width=&#8220;130px&#8220; content_max_width=&#8220;1100%&#8220; icon_placement_tablet=&#8220;left&#8220; icon_placement_phone=&#8220;top&#8220; icon_placement_last_edited=&#8220;on|tablet&#8220; admin_label=&#8220;Informationstext&#8220; _builder_version=&#8220;4.27.4&#8243; _module_preset=&#8220;default&#8220; header_level=&#8220;h2&#8243; header_font=&#8220;Manrope|700|||||||&#8220; header_text_color=&#8220;#001A51&#8243; header_font_size=&#8220;22px&#8220; header_line_height=&#8220;1.9em&#8220; body_font=&#8220;Manrope||||||||&#8220; body_text_align=&#8220;justify&#8220; body_text_color=&#8220;#001A51&#8243; body_font_size=&#8220;17px&#8220; body_line_height=&#8220;1.8em&#8220; image_icon_custom_margin=&#8220;|48px|||false|false&#8220; text_orientation=&#8220;justified&#8220; width=&#8220;100%&#8220; max_width=&#8220;100%&#8220; custom_padding=&#8220;60px|60px|60px|60px|false|false&#8220; link_option_url=&#8220;https:\/\/teora-xr.de\/wp-content\/uploads\/sites\/3\/2023\/07\/Flyer-Teora-mind-by-Living-Brain.pdf&#8220; border_radii=&#8220;on|25px|25px|25px|25px&#8220; border_width_all=&#8220;5px&#8220; border_color_all=&#8220;#3fb773&#8243; locked=&#8220;off&#8220; global_colors_info=&#8220;{}&#8220;]<\/p>\n<p style=\"text-align: justify;\">In unserer<span style=\"color: #e14c6b;\"> <a href=\"https:\/\/teora-xr.de\/wp-content\/uploads\/sites\/3\/2025\/03\/teora-body-Broschuere.pdf\" rel=\"attachment wp-att-241477\">teora body Brosch\u00fcre<\/a><\/span> finden Sie alle Informationen zusammengefasst auf einen Blick. Gerne k\u00f6nnen Sie diese mit Ihren Anwender*innen teilen.<\/p>\n<p>[\/et_pb_blurb][\/et_pb_column][\/et_pb_row][\/et_pb_section][et_pb_section fb_built=&#8220;1&#8243; _builder_version=&#8220;4.20.4&#8243; _module_preset=&#8220;default&#8220; background_color=&#8220;#FFFFFF&#8220; custom_padding=&#8220;0px|||||&#8220; da_disable_devices=&#8220;off|off|off&#8220; locked=&#8220;off&#8220; global_colors_info=&#8220;{}&#8220; da_is_popup=&#8220;off&#8220; da_exit_intent=&#8220;off&#8220; da_has_close=&#8220;on&#8220; da_alt_close=&#8220;off&#8220; da_dark_close=&#8220;off&#8220; da_not_modal=&#8220;on&#8220; da_is_singular=&#8220;off&#8220; da_with_loader=&#8220;off&#8220; da_has_shadow=&#8220;on&#8220;][et_pb_row _builder_version=&#8220;4.20.4&#8243; _module_preset=&#8220;default&#8220; custom_margin=&#8220;||70px||false|false&#8220; global_colors_info=&#8220;{}&#8220;][et_pb_column type=&#8220;4_4&#8243; _builder_version=&#8220;4.20.4&#8243; _module_preset=&#8220;default&#8220; global_colors_info=&#8220;{}&#8220;][et_pb_text _builder_version=&#8220;4.27.4&#8243; _module_preset=&#8220;default&#8220; text_font=&#8220;Manrope||||||||&#8220; text_text_color=&#8220;#001A51&#8243; header_font=&#8220;Manrope||||||||&#8220; header_text_color=&#8220;#001A51&#8243; header_2_font=&#8220;Manrope|700|||||||&#8220; header_2_text_color=&#8220;#001A51&#8243; header_2_font_size=&#8220;22px&#8220; header_4_font=&#8220;Manrope||||||||&#8220; transform_scale_linked=&#8220;off&#8220; transform_translate_linked=&#8220;off&#8220; custom_margin=&#8220;6px||-9px||false|false&#8220; custom_padding=&#8220;21px||0px|0px|false|false&#8220; hover_enabled=&#8220;0&#8243; global_colors_info=&#8220;{}&#8220; sticky_enabled=&#8220;0&#8243;]<\/p>\n<h2><strong>Sie finden nicht, wonach Sie suchen oder m\u00f6chten mehr Informationen? Kontaktieren Sie uns gern!<\/strong><\/h2>\n<p>[\/et_pb_text][dsm_button button_one_text=&#8220;Jetzt Kontakt aufnehmen&#8220; button_one_url=&#8220;https:\/\/teora-xr.de\/kontaktformular\/&#8220; button_one_lightbox_close_color=&#8220;RGBA(255,255,255,0)&#8220; _builder_version=&#8220;4.27.4&#8243; _module_preset=&#8220;default&#8220; separator_text_font=&#8220;Manrope||||||||&#8220; separator_text_text_color=&#8220;#001A51&#8243; custom_button_one=&#8220;on&#8220; button_one_text_size=&#8220;17px&#8220; button_one_text_color=&#8220;#001A51&#8243; button_one_bg_color=&#8220;RGBA(255,255,255,0)&#8220; button_one_border_color=&#8220;#001A51&#8243; button_one_border_radius=&#8220;43px&#8220; button_one_font=&#8220;Manrope|700|||||||&#8220; button_one_icon_color=&#8220;#001A51&#8243; custom_margin=&#8220;40px||||false|false&#8220; global_colors_info=&#8220;{}&#8220;][\/dsm_button][\/et_pb_column][\/et_pb_row][\/et_pb_section]<\/p>","protected":false},"excerpt":{"rendered":"<p>Bewegungsf\u00f6rderung neu gedacht teora body ist eine VR-Anwendung f\u00fcr die Bewegungsf\u00f6rderung der oberen Extremit\u00e4ten. Durch gezielte, spielerische \u00dcbungen in der virtuellen Realit\u00e4t unterst\u00fctzt teora body den K\u00f6rper und hilft Anwender*innen, Beweglichkeit und Kraft zu f\u00f6rdern. Die Anwendung basiert auf wissenschaftlichen Erkenntnissen und erm\u00f6glicht ein effektives, motivierendes Training.&nbsp; Training entlang klinischer Leitlinien Spielerisches Training f\u00fcr mehr MotivationOb Armheben, Beugen oder Drehen \u2013 teora body verpackt funktionelle Bewegungen in motivierende Mini-Games. So bleibt das Training spannend und wirkungsvoll. Intuitive Steuerung ohne zus\u00e4tzliche Controller Einsatz in Einzel- und GruppentrainingTrainieren Sie mehrere Anwender*innen gleichzeitig mit nur einer betreuenden Person \u2013 f\u00fcr mehr Effizienz im Alltag Ihrer Einrichtung. Digitale Unterst\u00fctzung f\u00fcr Ihre Arbeit\u00dcber das mitgelieferte Tablet behalten Sie jederzeit den \u00dcberblick \u00fcber den Trainingsverlauf und k\u00f6nnen gezielt eingreifen. Wof\u00fcr kann teora body eingesetzt werden? teora body unterst\u00fctzt die Bewegungsf\u00f6rderung im Bereich der oberen Extremit\u00e4ten mit Fokus auf Schulter und Ellenbogen. Ziel ist es, Beweglichkeit, Kraft, Koordination und funktionelle Alltagsbewegungen gezielt zu f\u00f6rdern.Die VR-Anwendung eignet sich u.a. f\u00fcr: Mobilit\u00e4tsf\u00f6rdernde \u00dcbungen zur funktionellen Regeneration, z.\u202fB. bei Belastungen der Schulter- und Ellbogenregion Motorisches \u00dcbungstraining zur St\u00e4rkung neuronaler Bewegungsmuster Bewegungs- und Entspannungsans\u00e4tze zur F\u00f6rderung der Lebensqualit\u00e4t bei chronischer Belastung Aufbau funktioneller Bewegungskompetenz, z.\u202fB. durch gezielte \u00dcbungen zur Flexion, Extension, [&hellip;]<\/p>","protected":false},"author":1,"featured_media":0,"parent":0,"menu_order":0,"comment_status":"closed","ping_status":"closed","template":"","meta":{"_et_pb_use_builder":"on","_et_pb_old_content":"","_et_gb_content_width":"","om_disable_all_campaigns":false,"_monsterinsights_skip_tracking":false,"_monsterinsights_sitenote_active":false,"_monsterinsights_sitenote_note":"","_monsterinsights_sitenote_category":0,"footnotes":""},"class_list":["post-241436","page","type-page","status-publish","hentry"],"aioseo_notices":[],"_links":{"self":[{"href":"https:\/\/teora-xr.de\/en\/wp-json\/wp\/v2\/pages\/241436","targetHints":{"allow":["GET"]}}],"collection":[{"href":"https:\/\/teora-xr.de\/en\/wp-json\/wp\/v2\/pages"}],"about":[{"href":"https:\/\/teora-xr.de\/en\/wp-json\/wp\/v2\/types\/page"}],"author":[{"embeddable":true,"href":"https:\/\/teora-xr.de\/en\/wp-json\/wp\/v2\/users\/1"}],"replies":[{"embeddable":true,"href":"https:\/\/teora-xr.de\/en\/wp-json\/wp\/v2\/comments?post=241436"}],"version-history":[{"count":9,"href":"https:\/\/teora-xr.de\/en\/wp-json\/wp\/v2\/pages\/241436\/revisions"}],"predecessor-version":[{"id":242452,"href":"https:\/\/teora-xr.de\/en\/wp-json\/wp\/v2\/pages\/241436\/revisions\/242452"}],"wp:attachment":[{"href":"https:\/\/teora-xr.de\/en\/wp-json\/wp\/v2\/media?parent=241436"}],"curies":[{"name":"wp","href":"https:\/\/api.w.org\/{rel}","templated":true}]}}