{"id":240013,"date":"2023-06-30T14:09:44","date_gmt":"2023-06-30T14:09:44","guid":{"rendered":"https:\/\/teora-xr.de\/mentions-legales\/"},"modified":"2025-04-08T11:43:48","modified_gmt":"2025-04-08T11:43:48","slug":"mentions-legales","status":"publish","type":"page","link":"https:\/\/teora-xr.de\/en\/mentions-legales\/?lang=fr","title":{"rendered":"Mentions l\u00e9gales"},"content":{"rendered":"<p>[et_pb_section fb_built=&#8220;1&#8243; fullwidth=&#8220;on&#8220; _builder_version=&#8220;4.20.4&#8243; _module_preset=&#8220;default&#8220; da_disable_devices=&#8220;off|off|off&#8220; global_colors_info=&#8220;{}&#8220; da_is_popup=&#8220;off&#8220; da_exit_intent=&#8220;off&#8220; da_has_close=&#8220;on&#8220; da_alt_close=&#8220;off&#8220; da_dark_close=&#8220;off&#8220; da_not_modal=&#8220;on&#8220; da_is_singular=&#8220;off&#8220; da_with_loader=&#8220;off&#8220; da_has_shadow=&#8220;on&#8220;][et_pb_fullwidth_image src=&#8220;https:\/\/teora-xr.de\/wp-content\/uploads\/sites\/3\/2025\/04\/Mentions-Legales-scaled.jpg&#8220; alt=&#8220;Mentions l\u00e9gales&#8220; title_text=&#8220;Mentions l\u00e9gales&#8220; _builder_version=&#8220;4.20.4&#8243; _module_preset=&#8220;default&#8220; custom_margin_tablet=&#8220;&#8220; custom_margin_phone=&#8220;80px||50px||false|false&#8220; custom_margin_last_edited=&#8220;on|phone&#8220; global_colors_info=&#8220;{}&#8220;][\/et_pb_fullwidth_image][\/et_pb_section][et_pb_section fb_built=&#8220;1&#8243; _builder_version=&#8220;4.20.4&#8243; _module_preset=&#8220;default&#8220; da_disable_devices=&#8220;off|off|off&#8220; global_colors_info=&#8220;{}&#8220; da_is_popup=&#8220;off&#8220; da_exit_intent=&#8220;off&#8220; da_has_close=&#8220;on&#8220; da_alt_close=&#8220;off&#8220; da_dark_close=&#8220;off&#8220; da_not_modal=&#8220;on&#8220; da_is_singular=&#8220;off&#8220; da_with_loader=&#8220;off&#8220; da_has_shadow=&#8220;on&#8220;][et_pb_row _builder_version=&#8220;4.20.4&#8243; _module_preset=&#8220;default&#8220; custom_margin=&#8220;||70px||false|false&#8220; global_colors_info=&#8220;{}&#8220;][et_pb_column type=&#8220;4_4&#8243; _builder_version=&#8220;4.20.4&#8243; _module_preset=&#8220;default&#8220; global_colors_info=&#8220;{}&#8220;][et_pb_text _builder_version=&#8220;4.27.0&#8243; _module_preset=&#8220;default&#8220; text_font=&#8220;Manrope||||||||&#8220; text_text_color=&#8220;#001A51&#8243; text_font_size=&#8220;17px&#8220; text_line_height=&#8220;1.9em&#8220; header_font=&#8220;Manrope||||||||&#8220; header_text_color=&#8220;#001A51&#8243; header_line_height=&#8220;1.9em&#8220; header_2_font=&#8220;Manrope||||||||&#8220; header_2_line_height=&#8220;1.9em&#8220; header_3_font=&#8220;Manrope||||||||&#8220; header_3_line_height=&#8220;1.9em&#8220; custom_padding=&#8220;||70px||false|false&#8220; hover_enabled=&#8220;0&#8243; global_colors_info=&#8220;{}&#8220; sticky_enabled=&#8220;0&#8243;]<\/p>\n<h1 style=\"text-align: center;\">Mentions l\u00e9gales<\/h1>\n<h2 style=\"text-align: center;\">Informations conform\u00e9ment au \u00a7 5 TMG<\/h2>\n<p style=\"text-align: center;\">Living Brain GmbH<br \/>Friedrich-Ebert-Anlage 27<br \/>69117 Heidelberg  <\/p>\n<p style=\"text-align: center;\">Registre du commerce : HRB 733845<br \/>Tribunal d&#8217;enregistrement : Tribunal d&#8217;instance de Mannheim<\/p>\n<p style=\"text-align: center;\">TVA ID : DE324825110<\/p>\n<p style=\"text-align: center;\"><strong>Repr\u00e9sent\u00e9 par le directeur g\u00e9n\u00e9ral :<\/strong><br \/>Julian Specht<\/p>\n<h2 style=\"text-align: center;\">Contact<\/h2>\n<p style=\"text-align: center;\"><span style=\"color: #003366;\">T\u00e9l\u00e9phone : +49 173 7808422<\/span><br \/><span style=\"color: #003366;\">Courrier \u00e9lectronique : <a style=\"color: #003366;\" href=\"mailto:hello@livingbrain.de\"><span style=\"color: #003366;\">hello@livingbrain.de<\/span><\/a><\/span><\/p>\n<p style=\"text-align: center;\">Nous ne sommes pas dispos\u00e9s ou oblig\u00e9s de participer \u00e0 des proc\u00e9dures de r\u00e8glement des litiges devant un organisme de conciliation des consommateurs.<\/p>\n<h3 style=\"text-align: justify;\">Responsabilit\u00e9 du contenu<\/h3>\n<p style=\"text-align: justify;\">En tant que prestataire de services, nous sommes tenus, conform\u00e9ment au \u00a7 7 al.1 TMG pour ses propres contenus sur ces pages selon les lois g\u00e9n\u00e9rales. Conform\u00e9ment aux \u00a7\u00a7 8 \u00e0 10 de la TMG, nous ne sommes toutefois pas tenus, en tant que prestataire de services, de surveiller les informations externes transmises ou enregistr\u00e9es ou de rechercher des circonstances indiquant une activit\u00e9 ill\u00e9gale.<\/p>\n<p style=\"text-align: justify;\">Les obligations de supprimer ou de bloquer l&#8217;utilisation d&#8217;informations conform\u00e9ment aux lois g\u00e9n\u00e9rales ne sont pas affect\u00e9es par cette disposition. Une responsabilit\u00e9 \u00e0 cet \u00e9gard n&#8217;est toutefois possible qu&#8217;\u00e0 partir du moment o\u00f9 une violation concr\u00e8te de la loi est connue. Si nous prenons connaissance d&#8217;une telle violation, nous supprimerons imm\u00e9diatement ce contenu.<\/p>\n<h3 style=\"text-align: justify;\">Responsabilit\u00e9 des liens<\/h3>\n<p style=\"text-align: justify;\">Notre offre contient des liens vers des sites web externes de tiers, sur lesquels nous n&#8217;avons aucune influence. Nous ne pouvons donc pas nous porter garants de ces contenus externes. Le fournisseur ou l&#8217;exploitant des pages li\u00e9es est toujours responsable du contenu de ces pages. Les pages li\u00e9es ont \u00e9t\u00e9 v\u00e9rifi\u00e9es au moment de la cr\u00e9ation du lien afin de s&#8217;assurer qu&#8217;elles n&#8217;enfreignaient pas la loi. Aucun contenu ill\u00e9gal n&#8217;a \u00e9t\u00e9 identifi\u00e9 au moment de la cr\u00e9ation des liens.<\/p>\n<p style=\"text-align: justify;\">Un contr\u00f4le permanent du contenu des pages li\u00e9es n&#8217;est cependant pas exigible sans indices concrets d&#8217;une violation de la loi. Si nous prenons connaissance d&#8217;une violation de la loi, nous supprimerons imm\u00e9diatement les liens en question.<\/p>\n<h3 style=\"text-align: justify;\">Droit d&#8217;auteur<\/h3>\n<p class=\"nitro-offscreen\" style=\"text-align: justify;\">Les contenus et \u0153uvres cr\u00e9\u00e9s par les exploitants de ces pages sont soumis au droit d&#8217;auteur allemand. La reproduction, l&#8217;adaptation, la diffusion et toute forme d&#8217;exploitation en dehors des limites du droit d&#8217;auteur requi\u00e8rent l&#8217;accord \u00e9crit de l&#8217;auteur ou du cr\u00e9ateur concern\u00e9. Les t\u00e9l\u00e9chargements et les copies de cette page ne sont autoris\u00e9s que pour un usage priv\u00e9 et non commercial.<\/p>\n<p class=\"nitro-offscreen\" style=\"text-align: justify;\">Dans la mesure o\u00f9 les contenus de ce site n&#8217;ont pas \u00e9t\u00e9 cr\u00e9\u00e9s par l&#8217;exploitant, les droits d&#8217;auteur de tiers sont respect\u00e9s. En particulier, les contenus de tiers sont identifi\u00e9s comme tels. Si vous constatez n\u00e9anmoins une violation des droits d&#8217;auteur, nous vous prions de nous en informer. Si nous prenons connaissance d&#8217;une violation de la loi, nous supprimerons imm\u00e9diatement le contenu en question.<\/p>\n<p>[\/et_pb_text][\/et_pb_column][\/et_pb_row][\/et_pb_section]<\/p>\n","protected":false},"excerpt":{"rendered":"<p>Mentions l\u00e9gales Informations conform\u00e9ment au \u00a7 5 TMG Living Brain GmbHFriedrich-Ebert-Anlage 2769117 Heidelberg Registre du commerce : HRB 733845Tribunal d&#8217;enregistrement : Tribunal d&#8217;instance de Mannheim TVA ID : DE324825110 Repr\u00e9sent\u00e9 par le directeur g\u00e9n\u00e9ral :Julian Specht Contact T\u00e9l\u00e9phone : +49 173 7808422Courrier \u00e9lectronique : hello@livingbrain.de Nous ne sommes pas dispos\u00e9s ou oblig\u00e9s de participer \u00e0 des proc\u00e9dures de r\u00e8glement des litiges devant un organisme de conciliation des consommateurs. Responsabilit\u00e9 du contenu En tant que prestataire de services, nous sommes tenus, conform\u00e9ment au \u00a7 7 al.1 TMG pour ses propres contenus sur ces pages selon les lois g\u00e9n\u00e9rales. Conform\u00e9ment aux \u00a7\u00a7 8 \u00e0 10 de la TMG, nous ne sommes toutefois pas tenus, en tant que prestataire de services, de surveiller les informations externes transmises ou enregistr\u00e9es ou de rechercher des circonstances indiquant une activit\u00e9 ill\u00e9gale. Les obligations de supprimer ou de bloquer l&#8217;utilisation d&#8217;informations conform\u00e9ment aux lois g\u00e9n\u00e9rales ne sont pas affect\u00e9es par cette disposition. Une responsabilit\u00e9 \u00e0 cet \u00e9gard n&#8217;est toutefois possible qu&#8217;\u00e0 partir du moment o\u00f9 une violation concr\u00e8te de la loi est connue. Si nous prenons connaissance d&#8217;une telle violation, nous supprimerons imm\u00e9diatement ce contenu. Responsabilit\u00e9 des liens Notre offre contient des liens vers des sites web [&hellip;]<\/p>\n","protected":false},"author":1,"featured_media":0,"parent":0,"menu_order":0,"comment_status":"closed","ping_status":"closed","template":"","meta":{"_et_pb_use_builder":"on","_et_pb_old_content":"","_et_gb_content_width":"","om_disable_all_campaigns":false,"_monsterinsights_skip_tracking":false,"_monsterinsights_sitenote_active":false,"_monsterinsights_sitenote_note":"","_monsterinsights_sitenote_category":0,"footnotes":""},"class_list":["post-240013","page","type-page","status-publish","hentry"],"aioseo_notices":[],"_links":{"self":[{"href":"https:\/\/teora-xr.de\/en\/wp-json\/wp\/v2\/pages\/240013","targetHints":{"allow":["GET"]}}],"collection":[{"href":"https:\/\/teora-xr.de\/en\/wp-json\/wp\/v2\/pages"}],"about":[{"href":"https:\/\/teora-xr.de\/en\/wp-json\/wp\/v2\/types\/page"}],"author":[{"embeddable":true,"href":"https:\/\/teora-xr.de\/en\/wp-json\/wp\/v2\/users\/1"}],"replies":[{"embeddable":true,"href":"https:\/\/teora-xr.de\/en\/wp-json\/wp\/v2\/comments?post=240013"}],"version-history":[{"count":10,"href":"https:\/\/teora-xr.de\/en\/wp-json\/wp\/v2\/pages\/240013\/revisions"}],"predecessor-version":[{"id":242287,"href":"https:\/\/teora-xr.de\/en\/wp-json\/wp\/v2\/pages\/240013\/revisions\/242287"}],"wp:attachment":[{"href":"https:\/\/teora-xr.de\/en\/wp-json\/wp\/v2\/media?parent=240013"}],"curies":[{"name":"wp","href":"https:\/\/api.w.org\/{rel}","templated":true}]}}