{"id":239996,"date":"2023-06-06T13:52:31","date_gmt":"2023-06-06T13:52:31","guid":{"rendered":"https:\/\/teora-xr.de\/teora-mind\/"},"modified":"2025-03-27T15:25:05","modified_gmt":"2025-03-27T15:25:05","slug":"teora-mind","status":"publish","type":"page","link":"https:\/\/teora-xr.de\/en\/teora-mind\/?lang=fr","title":{"rendered":"teora mind"},"content":{"rendered":"<p>[et_pb_section fb_built=&#8220;1&#8243; fullwidth=&#8220;on&#8220; _builder_version=&#8220;4.20.4&#8243; _module_preset=&#8220;default&#8220; da_disable_devices=&#8220;off|off|off&#8220; global_colors_info=&#8220;{}&#8220; da_is_popup=&#8220;off&#8220; da_exit_intent=&#8220;off&#8220; da_has_close=&#8220;on&#8220; da_alt_close=&#8220;off&#8220; da_dark_close=&#8220;off&#8220; da_not_modal=&#8220;on&#8220; da_is_singular=&#8220;off&#8220; da_with_loader=&#8220;off&#8220; da_has_shadow=&#8220;on&#8220;][et_pb_fullwidth_image src=&#8220;https:\/\/teora-xr.de\/wp-content\/uploads\/sites\/3\/2025\/03\/teora-mind-entrainement-des-competences-quotidiennes-en-realite-virtuelle.png&#8220; alt=&#8220;Les personnes \u00e2g\u00e9es s&#039;entra\u00eenent ensemble avec une tablette et des lunettes VR&#8220; title_text=&#8220;teora_mind_fr&#8220; src_tablet=&#8220;https:\/\/teora-xr.de\/wp-content\/uploads\/sites\/3\/2023\/06\/teora_mind_frontpage-scaled.jpg&#8220; src_phone=&#8220;https:\/\/teora-xr.de\/wp-content\/uploads\/sites\/3\/2023\/06\/teora_mind_frontpage-scaled.jpg&#8220; src_last_edited=&#8220;off|desktop&#8220; _builder_version=&#8220;4.27.0&#8243; _module_preset=&#8220;default&#8220; custom_margin_tablet=&#8220;&#8220; custom_margin_phone=&#8220;80px||0px||false|false&#8220; custom_margin_last_edited=&#8220;on|phone&#8220; global_colors_info=&#8220;{}&#8220;][\/et_pb_fullwidth_image][\/et_pb_section][et_pb_section fb_built=&#8220;1&#8243; _builder_version=&#8220;4.20.4&#8243; _module_preset=&#8220;default&#8220; da_disable_devices=&#8220;off|off|off&#8220; global_colors_info=&#8220;{}&#8220; min_height=&#8220;1239.5px&#8220; da_is_popup=&#8220;off&#8220; da_exit_intent=&#8220;off&#8220; da_has_close=&#8220;on&#8220; da_alt_close=&#8220;off&#8220; da_dark_close=&#8220;off&#8220; da_not_modal=&#8220;on&#8220; da_is_singular=&#8220;off&#8220; da_with_loader=&#8220;off&#8220; da_has_shadow=&#8220;on&#8220;][et_pb_row column_structure=&#8220;3_5,2_5&#8243; _builder_version=&#8220;4.20.4&#8243; _module_preset=&#8220;default&#8220; global_colors_info=&#8220;{}&#8220;][et_pb_column type=&#8220;3_5&#8243; _builder_version=&#8220;4.20.4&#8243; _module_preset=&#8220;default&#8220; global_colors_info=&#8220;{}&#8220;][et_pb_text admin_label=&#8220;Text&#8220; _builder_version=&#8220;4.24.2&#8243; _module_preset=&#8220;default&#8220; text_font=&#8220;Manrope||||||||&#8220; text_text_color=&#8220;#001A51&#8243; text_font_size=&#8220;18px&#8220; text_line_height=&#8220;1.9em&#8220; link_text_color=&#8220;#E14C6B&#8220; header_text_color=&#8220;#001A51&#8243; header_2_font=&#8220;Manrope||||||||&#8220; header_2_text_color=&#8220;#001A51&#8243; header_2_font_size=&#8220;22px&#8220; header_2_line_height=&#8220;1.9em&#8220; global_colors_info=&#8220;{}&#8220;]<\/p>\n<h1 style=\"text-align: left;\"><strong>Entra\u00eenement cognitif en r\u00e9alit\u00e9 virtuelle avec teora mind<\/strong><\/h1>\n<p style=\"text-align: justify;\">teora mind est une application logicielle qui permet aux personnes souffrant de troubles cognitifs de s&#8217;entra\u00eener en toute s\u00e9curit\u00e9 et de mani\u00e8re contr\u00f4lable aux gestes de la vie quotidienne dans la r\u00e9alit\u00e9 virtuelle. Le logiciel de th\u00e9rapie VR est bas\u00e9 sur les derni\u00e8res d\u00e9couvertes en mati\u00e8re de strat\u00e9gies d&#8217;apprentissage psychologique et de sciences th\u00e9rapeutiques. Le transfert au quotidien est facilit\u00e9 par des t\u00e2ches proches de la r\u00e9alit\u00e9. En effet, l&#8217;entra\u00eenement cognitif avec teora mind consiste en des exercices dans lesquels les utilisateurs* sont confront\u00e9s \u00e0 des situations de la vie quotidienne. Les diff\u00e9rentes t\u00e2ches sont con\u00e7ues de mani\u00e8re aussi r\u00e9aliste que possible. Dans la cuisine, les utilisateurs* peuvent par exemple faire du caf\u00e9 tout en exer\u00e7ant leur capacit\u00e9 de planification d&#8217;action. L&#8217;ensemble du processus est repr\u00e9sent\u00e9, du remplissage de la machine avec du caf\u00e9 et de l&#8217;eau jusqu&#8217;\u00e0 la mise en marche. Nos utilisateurs et utilisatrices peuvent ainsi entra\u00eener leurs capacit\u00e9s cognitives au plus pr\u00e8s de la vie quotidienne et am\u00e9liorer leurs comp\u00e9tences au quotidien. En m\u00eame temps, ils peuvent effectuer des activit\u00e9s autrement difficiles \u00e0 r\u00e9p\u00e9ter dans un environnement s\u00fbr. Les sources de danger, comme l&#8217;eau chaude, sont \u00e9limin\u00e9es. Gr\u00e2ce \u00e0 l&#8217;utilisation de lunettes VR mobiles, teora mind peut \u00eatre utilis\u00e9 ind\u00e9pendamment du lieu. Les personnes concern\u00e9.e.s peuvent s&#8217;entra\u00eener de mani\u00e8re autonome et ind\u00e9pendante. Cela augmente leur confiance en eux et leur motivation.<\/p>\n<p>[\/et_pb_text][\/et_pb_column][et_pb_column type=&#8220;2_5&#8243; _builder_version=&#8220;4.20.4&#8243; _module_preset=&#8220;default&#8220; global_colors_info=&#8220;{}&#8220;][et_pb_image src=&#8220;https:\/\/teora-xr.de\/wp-content\/uploads\/sites\/3\/2024\/07\/kognitives_Training.png&#8220; title_text=&#8220;entra\u00eenement_cognitif&#8220; src_tablet=&#8220;https:\/\/teora-xr.de\/wp-content\/uploads\/sites\/3\/2024\/07\/kognitives_Training-208&#215;300.png&#8220; src_phone=&#8220;https:\/\/teora-xr.de\/wp-content\/uploads\/sites\/3\/2023\/07\/Group-7-1.png&#8220; src_last_edited=&#8220;on|tablet&#8220; align_tablet=&#8220;&#8220; align_phone=&#8220;center&#8220; align_last_edited=&#8220;on|phone&#8220; disabled_on=&#8220;on|on|off&#8220; _builder_version=&#8220;4.27.0&#8243; _module_preset=&#8220;default&#8220; transform_scale_tablet=&#8220;&#8220; transform_scale_phone=&#8220;&#8220; transform_scale_last_edited=&#8220;on|phone&#8220; transform_translate_tablet=&#8220;&#8220; transform_translate_phone=&#8220;&#8220; transform_translate_last_edited=&#8220;on|phone&#8220; transform_rotate_tablet=&#8220;&#8220; transform_rotate_phone=&#8220;&#8220; transform_rotate_last_edited=&#8220;on|phone&#8220; transform_skew_tablet=&#8220;&#8220; transform_skew_phone=&#8220;&#8220; transform_skew_last_edited=&#8220;on|phone&#8220; transform_origin_tablet=&#8220;&#8220; transform_origin_phone=&#8220;&#8220; transform_origin_last_edited=&#8220;on|phone&#8220; transform_styles_last_edited=&#8220;on|phone&#8220; width_tablet=&#8220;&#8220; width_phone=&#8220;&#8220; width_last_edited=&#8220;on|phone&#8220; min_height_tablet=&#8220;&#8220; min_height_phone=&#8220;auto&#8220; min_height_last_edited=&#8220;on|phone&#8220; height_tablet=&#8220;&#8220; height_phone=&#8220;auto&#8220; height_last_edited=&#8220;on|phone&#8220; custom_margin=&#8220;60px||20px||false|false&#8220; custom_padding=&#8220;||||false|false&#8220; transform_styles_tablet=&#8220;&#8220; transform_styles_phone=&#8220;&#8220; module_alignment_tablet=&#8220;&#8220; module_alignment_phone=&#8220;center&#8220; module_alignment_last_edited=&#8220;on|phone&#8220; global_colors_info=&#8220;{}&#8220;][\/et_pb_image][et_pb_image alt=&#8220;Personne senior lors de l&#039;utilisation de teora mind. Il est assis dans un fauteuil \u00e0 oreilles et tient deux manettes dans les mains. Au premier plan, on voit une part de g\u00e2teau.&#8220; title_text=&#8220;entra\u00eenement_cognitif&#8220; src_tablet=&#8220;https:\/\/teora-xr.de\/wp-content\/uploads\/sites\/3\/2024\/04\/Senior-bei-der-Nutzung-von-teora-mind.png&#8220; src_phone=&#8220;https:\/\/teora-xr.de\/wp-content\/uploads\/sites\/3\/2024\/07\/kognitives_Training-208&#215;300.png&#8220; src_last_edited=&#8220;on|phone&#8220; align_tablet=&#8220;&#8220; align_phone=&#8220;center&#8220; align_last_edited=&#8220;on|phone&#8220; disabled_on=&#8220;off|off|on&#8220; _builder_version=&#8220;4.27.0&#8243; _module_preset=&#8220;default&#8220; transform_scale_tablet=&#8220;&#8220; transform_scale_phone=&#8220;&#8220; transform_scale_last_edited=&#8220;on|phone&#8220; transform_translate_tablet=&#8220;&#8220; transform_translate_phone=&#8220;&#8220; transform_translate_last_edited=&#8220;on|phone&#8220; transform_rotate_tablet=&#8220;&#8220; transform_rotate_phone=&#8220;&#8220; transform_rotate_last_edited=&#8220;on|phone&#8220; transform_skew_tablet=&#8220;&#8220; transform_skew_phone=&#8220;&#8220; transform_skew_last_edited=&#8220;on|phone&#8220; transform_origin_tablet=&#8220;&#8220; transform_origin_phone=&#8220;&#8220; transform_origin_last_edited=&#8220;on|phone&#8220; transform_styles_last_edited=&#8220;on|phone&#8220; width_tablet=&#8220;&#8220; width_phone=&#8220;&#8220; width_last_edited=&#8220;on|phone&#8220; min_height_tablet=&#8220;&#8220; min_height_phone=&#8220;auto&#8220; min_height_last_edited=&#8220;on|phone&#8220; height_tablet=&#8220;&#8220; height_phone=&#8220;auto&#8220; height_last_edited=&#8220;on|phone&#8220; custom_margin=&#8220;60px||20px||false|false&#8220; custom_padding=&#8220;||||false|false&#8220; transform_styles_tablet=&#8220;&#8220; transform_styles_phone=&#8220;&#8220; module_alignment_tablet=&#8220;&#8220; module_alignment_phone=&#8220;center&#8220; module_alignment_last_edited=&#8220;on|phone&#8220; global_colors_info=&#8220;{}&#8220;][\/et_pb_image][\/et_pb_column][\/et_pb_row][et_pb_row _builder_version=&#8220;4.20.4&#8243; _module_preset=&#8220;default&#8220; global_colors_info=&#8220;{}&#8220;][et_pb_column type=&#8220;4_4&#8243; _builder_version=&#8220;4.20.4&#8243; _module_preset=&#8220;default&#8220; global_colors_info=&#8220;{}&#8220;][et_pb_text admin_label=&#8220;Text&#8220; _builder_version=&#8220;4.20.4&#8243; _module_preset=&#8220;default&#8220; text_font=&#8220;Manrope||||||||&#8220; text_text_color=&#8220;#001A51&#8243; text_font_size=&#8220;18px&#8220; text_line_height=&#8220;1.9em&#8220; link_text_color=&#8220;#E14C6B&#8220; header_text_color=&#8220;#001A51&#8243; global_colors_info=&#8220;{}&#8220;]<\/p>\n<p style=\"text-align: justify;\">Tous les autres exercices s&#8217;orientent \u00e9galement sur les t\u00e2ches de la vie quotidienne afin de faciliter le transfert au quotidien. Ainsi, ils s&#8217;entra\u00eenent \u00e0 acqu\u00e9rir les comp\u00e9tences n\u00e9cessaires pour redevenir autonomes. Pour ce faire, notre logiciel de th\u00e9rapie s&#8217;appuie sur le principe de la <a href=\"https:\/\/teora-xr.de\/en\/plasticite-neuronale\/?lang=fr\">plasticit\u00e9 neuronale<\/a>. Car notre cerveau reste capable d&#8217;apprendre &#8211; tout au long de la vie. Avec teora mind, nous aidons notre cerveau \u00e0 s&#8217;auto-gu\u00e9rir.<\/p>\n<p>[\/et_pb_text][dsm_button _builder_version=&#8220;4.24.0&#8243; _module_preset=&#8220;default&#8220; global_colors_info=&#8220;{}&#8220;][\/dsm_button][\/et_pb_column][\/et_pb_row][et_pb_row _builder_version=&#8220;4.24.0&#8243; _module_preset=&#8220;default&#8220; global_colors_info=&#8220;{}&#8220;][et_pb_column type=&#8220;4_4&#8243; _builder_version=&#8220;4.24.0&#8243; _module_preset=&#8220;default&#8220; global_colors_info=&#8220;{}&#8220;][et_pb_text admin_label=&#8220;Text&#8220; _builder_version=&#8220;4.27.4&#8243; _module_preset=&#8220;default&#8220; text_font=&#8220;Manrope||||||||&#8220; text_text_color=&#8220;#001A51&#8243; text_font_size=&#8220;18px&#8220; text_line_height=&#8220;1.9em&#8220; link_text_color=&#8220;#E14C6B&#8220; header_text_color=&#8220;#001A51&#8243; custom_padding=&#8220;18px|18px|18px|18px|false|false&#8220; border_radii=&#8220;on|43px|43px|43px|43px&#8220; border_width_all=&#8220;3px&#8220; border_color_all=&#8220;#E14C6B&#8220; global_colors_info=&#8220;{}&#8220;]<\/p>\n<h2 style=\"text-align: center;\"><span style=\"color: #e14c6b;\"><b>! !!<\/b><\/span><\/h2>\n<p style=\"text-align: center;\">teora mind est remboursable depuis le 01.02.2024 pour les assur\u00e9s complets du groupe d&#8217;assurances INTER.<\/p>\n<p>[\/et_pb_text][\/et_pb_column][\/et_pb_row][\/et_pb_section][et_pb_section fb_built=&#8220;1&#8243; _builder_version=&#8220;4.20.4&#8243; _module_preset=&#8220;default&#8220; custom_margin=&#8220;||10px||false|false&#8220; da_disable_devices=&#8220;off|off|off&#8220; global_colors_info=&#8220;{}&#8220; custom_padding=&#8220;0px||164px|||&#8220; da_is_popup=&#8220;off&#8220; da_exit_intent=&#8220;off&#8220; da_has_close=&#8220;on&#8220; da_alt_close=&#8220;off&#8220; da_dark_close=&#8220;off&#8220; da_not_modal=&#8220;on&#8220; da_is_singular=&#8220;off&#8220; da_with_loader=&#8220;off&#8220; da_has_shadow=&#8220;on&#8220;][et_pb_row _builder_version=&#8220;4.27.4&#8243; _module_preset=&#8220;default&#8220; global_colors_info=&#8220;{}&#8220;][et_pb_column type=&#8220;4_4&#8243; _builder_version=&#8220;4.20.4&#8243; _module_preset=&#8220;default&#8220; global_colors_info=&#8220;{}&#8220;][et_pb_text _builder_version=&#8220;4.24.2&#8243; _module_preset=&#8220;default&#8220; text_text_color=&#8220;#001A51&#8243; header_text_color=&#8220;#001A51&#8243; header_2_font=&#8220;Manrope|700|||||||&#8220; header_2_text_align=&#8220;center&#8220; header_2_text_color=&#8220;#001A51&#8243; header_2_font_size=&#8220;22px&#8220; header_3_font=&#8220;Manrope|700|||||||&#8220; header_3_text_align=&#8220;center&#8220; header_3_line_height=&#8220;1.9em&#8220; global_colors_info=&#8220;{}&#8220;]<\/p>\n<h1 style=\"text-align: center;\"><strong>En savoir plus sur teora mind<\/strong><\/h1>\n<p>[\/et_pb_text][\/et_pb_column][\/et_pb_row][et_pb_row column_structure=&#8220;1_3,1_3,1_3&#8243; _builder_version=&#8220;4.27.4&#8243; _module_preset=&#8220;default&#8220; global_colors_info=&#8220;{}&#8220;][et_pb_column type=&#8220;1_3&#8243; _builder_version=&#8220;4.20.4&#8243; _module_preset=&#8220;default&#8220; global_colors_info=&#8220;{}&#8220;][et_pb_image src=&#8220;https:\/\/teora-xr.de\/wp-content\/uploads\/sites\/3\/2025\/03\/Fuer-Betroffene.jpg&#8220; title_text=&#8220;Pour les personnes concern\u00e9es&#8220; url=&#8220;https:\/\/teora-xr.de\/pour-les-personnes-concernees\/?lang=fr&#8220; _builder_version=&#8220;4.27.4&#8243; _module_preset=&#8220;default&#8220; global_colors_info=&#8220;{}&#8220;][\/et_pb_image][dsm_text_divider header=&#8220;Pour les personnes concern\u00e9es&#8220; divider_style=&#8220;none&#8220; _builder_version=&#8220;4.20.4&#8243; _module_preset=&#8220;default&#8220; header_font=&#8220;Manrope|700|||||||&#8220; header_text_align=&#8220;center&#8220; background_color=&#8220;RGBA(255,255,255,0)&#8220; positioning=&#8220;absolute&#8220; position_origin_a=&#8220;center_center&#8220; background_layout=&#8220;dark&#8220; width=&#8220;100%&#8220; link_option_url=&#8220;https:\/\/teora-xr.de\/pour-les-personnes-concernees\/?lang=fr&#8220; text_shadow_style=&#8220;preset3&#8243; text_shadow_color=&#8220;#000000&#8243; global_colors_info=&#8220;{}&#8220;][\/dsm_text_divider][\/et_pb_column][et_pb_column type=&#8220;1_3&#8243; _builder_version=&#8220;4.20.4&#8243; _module_preset=&#8220;default&#8220; global_colors_info=&#8220;{}&#8220;][et_pb_image src=&#8220;https:\/\/teora-xr.de\/wp-content\/uploads\/sites\/3\/2025\/03\/image-78.png&#8220; title_text=&#8220;image 78&#8243; url=&#8220;https:\/\/teora-xr.de\/pour-les-ergotherapeutes\/?lang=fr&#8220; _builder_version=&#8220;4.27.4&#8243; _module_preset=&#8220;default&#8220; global_colors_info=&#8220;{}&#8220;][\/et_pb_image][dsm_text_divider header=&#8220;Pour les ergoth\u00e9rapeutes&#8220; divider_style=&#8220;none&#8220; header_tablet=&#8220;Pour les ergoth\u00e9rapeutes&#8220; header_phone=&#8220;Pour les ergoth\u00e9rapeutes&#8220; header_last_edited=&#8220;on|phone&#8220; admin_label=&#8220;Supreme Text Divider&#8220; _builder_version=&#8220;4.27.4&#8243; _module_preset=&#8220;default&#8220; header_font=&#8220;Manrope|700|||||||&#8220; header_text_align=&#8220;center&#8220; background_color=&#8220;RGBA(255,255,255,0)&#8220; positioning=&#8220;absolute&#8220; position_origin_a=&#8220;center_center&#8220; background_layout=&#8220;dark&#8220; width=&#8220;100%&#8220; link_option_url=&#8220;https:\/\/teora-xr.de\/pour-les-ergotherapeutes\/?lang=fr&#8220; text_shadow_style=&#8220;preset3&#8243; global_colors_info=&#8220;{}&#8220;][\/dsm_text_divider][\/et_pb_column][et_pb_column type=&#8220;1_3&#8243; _builder_version=&#8220;4.20.4&#8243; _module_preset=&#8220;default&#8220; global_colors_info=&#8220;{}&#8220;][et_pb_image src=&#8220;https:\/\/teora-xr.de\/wp-content\/uploads\/sites\/3\/2025\/03\/Fuer-Kliniken.jpg&#8220; title_text=&#8220;Pour les cliniques&#8220; url=&#8220;https:\/\/teora-xr.de\/pour-les-cliniques\/?lang=fr&#8220; _builder_version=&#8220;4.27.4&#8243; _module_preset=&#8220;default&#8220; global_colors_info=&#8220;{}&#8220;][\/et_pb_image][dsm_text_divider header=&#8220;Pour les cliniques&#8220; color=&#8220;#FFFFFF&#8220; divider_style=&#8220;none&#8220; _builder_version=&#8220;4.27.4&#8243; _module_preset=&#8220;default&#8220; header_font=&#8220;Manrope|700|||||||&#8220; background_color=&#8220;RGBA(255,255,255,0)&#8220; positioning=&#8220;absolute&#8220; position_origin_a=&#8220;center_center&#8220; background_layout=&#8220;dark&#8220; width=&#8220;100%&#8220; link_option_url=&#8220;https:\/\/teora-xr.de\/pour-les-cliniques\/?lang=fr&#8220; text_shadow_style=&#8220;preset3&#8243; global_colors_info=&#8220;{}&#8220;][\/dsm_text_divider][\/et_pb_column][\/et_pb_row][\/et_pb_section]<\/p>","protected":false},"excerpt":{"rendered":"<p>Entra\u00eenement cognitif en r\u00e9alit\u00e9 virtuelle avec teora mind teora mind est une application logicielle qui permet aux personnes souffrant de troubles cognitifs de s&#8217;entra\u00eener en toute s\u00e9curit\u00e9 et de mani\u00e8re contr\u00f4lable aux gestes de la vie quotidienne dans la r\u00e9alit\u00e9 virtuelle. Le logiciel de th\u00e9rapie VR est bas\u00e9 sur les derni\u00e8res d\u00e9couvertes en mati\u00e8re de strat\u00e9gies d&#8217;apprentissage psychologique et de sciences th\u00e9rapeutiques. Le transfert au quotidien est facilit\u00e9 par des t\u00e2ches proches de la r\u00e9alit\u00e9. En effet, l&#8217;entra\u00eenement cognitif avec teora mind consiste en des exercices dans lesquels les utilisateurs* sont confront\u00e9s \u00e0 des situations de la vie quotidienne. Les diff\u00e9rentes t\u00e2ches sont con\u00e7ues de mani\u00e8re aussi r\u00e9aliste que possible. Dans la cuisine, les utilisateurs* peuvent par exemple faire du caf\u00e9 tout en exer\u00e7ant leur capacit\u00e9 de planification d&#8217;action. L&#8217;ensemble du processus est repr\u00e9sent\u00e9, du remplissage de la machine avec du caf\u00e9 et de l&#8217;eau jusqu&#8217;\u00e0 la mise en marche. Nos utilisateurs et utilisatrices peuvent ainsi entra\u00eener leurs capacit\u00e9s cognitives au plus pr\u00e8s de la vie quotidienne et am\u00e9liorer leurs comp\u00e9tences au quotidien. En m\u00eame temps, ils peuvent effectuer des activit\u00e9s autrement difficiles \u00e0 r\u00e9p\u00e9ter dans un environnement s\u00fbr. Les sources de danger, comme l&#8217;eau chaude, sont \u00e9limin\u00e9es. Gr\u00e2ce \u00e0 [&hellip;]<\/p>","protected":false},"author":1,"featured_media":0,"parent":0,"menu_order":0,"comment_status":"closed","ping_status":"closed","template":"","meta":{"_et_pb_use_builder":"on","_et_pb_old_content":"","_et_gb_content_width":"","om_disable_all_campaigns":false,"_monsterinsights_skip_tracking":false,"_monsterinsights_sitenote_active":false,"_monsterinsights_sitenote_note":"","_monsterinsights_sitenote_category":0,"footnotes":""},"class_list":["post-239996","page","type-page","status-publish","hentry"],"aioseo_notices":[],"_links":{"self":[{"href":"https:\/\/teora-xr.de\/en\/wp-json\/wp\/v2\/pages\/239996","targetHints":{"allow":["GET"]}}],"collection":[{"href":"https:\/\/teora-xr.de\/en\/wp-json\/wp\/v2\/pages"}],"about":[{"href":"https:\/\/teora-xr.de\/en\/wp-json\/wp\/v2\/types\/page"}],"author":[{"embeddable":true,"href":"https:\/\/teora-xr.de\/en\/wp-json\/wp\/v2\/users\/1"}],"replies":[{"embeddable":true,"href":"https:\/\/teora-xr.de\/en\/wp-json\/wp\/v2\/comments?post=239996"}],"version-history":[{"count":10,"href":"https:\/\/teora-xr.de\/en\/wp-json\/wp\/v2\/pages\/239996\/revisions"}],"predecessor-version":[{"id":241884,"href":"https:\/\/teora-xr.de\/en\/wp-json\/wp\/v2\/pages\/239996\/revisions\/241884"}],"wp:attachment":[{"href":"https:\/\/teora-xr.de\/en\/wp-json\/wp\/v2\/media?parent=239996"}],"curies":[{"name":"wp","href":"https:\/\/api.w.org\/{rel}","templated":true}]}}