{"id":239957,"date":"2023-07-04T10:48:57","date_gmt":"2023-07-04T10:48:57","guid":{"rendered":"https:\/\/teora-xr.de\/la-storia-di-frank\/"},"modified":"2024-07-19T10:59:33","modified_gmt":"2024-07-19T10:59:33","slug":"la-storia-di-frank","status":"publish","type":"page","link":"https:\/\/teora-xr.de\/en\/la-storia-di-frank\/?lang=it","title":{"rendered":"La storia di Frank"},"content":{"rendered":"<p>[et_pb_section fb_built=&#8220;1&#8243; _builder_version=&#8220;4.20.4&#8243; _module_preset=&#8220;default&#8220; global_colors_info=&#8220;{}&#8220;][et_pb_row _builder_version=&#8220;4.20.4&#8243; _module_preset=&#8220;default&#8220; custom_margin=&#8220;||70px||false|false&#8220; global_colors_info=&#8220;{}&#8220;][et_pb_column type=&#8220;4_4&#8243; _builder_version=&#8220;4.20.4&#8243; _module_preset=&#8220;default&#8220; global_colors_info=&#8220;{}&#8220;][et_pb_text _builder_version=&#8220;4.20.4&#8243; _module_preset=&#8220;default&#8220; text_font=&#8220;Manrope||||||||&#8220; text_font_size=&#8220;17px&#8220; text_line_height=&#8220;1.9em&#8220; header_font=&#8220;Manrope||||||||&#8220; header_text_color=&#8220;#141453&#8243; header_line_height=&#8220;1.9em&#8220; header_2_font=&#8220;Manrope||||||||&#8220; header_2_line_height=&#8220;1.9em&#8220; header_3_font=&#8220;Manrope||||||||&#8220; header_3_line_height=&#8220;1.9em&#8220; custom_padding=&#8220;||70px||false|false&#8220; hover_enabled=&#8220;0&#8243; global_colors_info=&#8220;{}&#8220; sticky_enabled=&#8220;0&#8243;]<\/p>\n<h3><span style=\"font-family: Manrope; font-weight: normal;\"><strong>Vivere con l&#8217;amnesia anterograda<\/strong><\/span><\/h3>\n<p><span>Il 49enne padre e marito Frank ha avuto un arresto cardiaco durante un&#8217;operazione di routine. Da allora soffre di amnesia anterograda. Questo significa che non \u00e8 pi\u00f9 in grado di memorizzare cose nuove. Anche le esperienze emotive pi\u00f9 importanti vengono dimenticate in fretta. Il suo cervello cerca costantemente di dare un senso al suo ambiente. Questo richiede molta energia e prosciuga la tua attenzione. Frank non pu\u00f2 fare altri piani. Non pu\u00f2 pianificare nulla per il futuro. C&#8217;\u00e8 un vuoto sempre pi\u00f9 grande nella sua identit\u00e0. Tra chi era prima e chi \u00e8 adesso. Anche se le novit\u00e0 sono sempre presenti nella vita di tutti i giorni, non diventano pi\u00f9 parte della sua personalit\u00e0. Per Frank, il tempo si \u00e8 fermato davanti alla sua operazione.<br \/>La sua neuropsicologa curante Helene Schwarz ha riferito: &#8222;Poich\u00e9 non si sente malato, \u00e8 particolarmente difficile motivarlo. L&#8217;allenamento delle prestazioni cerebrali non \u00e8 in linea con la sua immagine di s\u00e9. Frank avrebbe bisogno di una terapia neuropsicologica individuale, ma l&#8217;assistenza ambulatoriale \u00e8 inadeguata. I neuropsicologi sono pochi e poco numerosi. Alcune compagnie di assicurazione sanitaria non sanno nemmeno che esiste questa specializzazione. E non sanno nemmeno cosa si pu\u00f2 ottenere in questo campo. Il potenziale formativo di Frank non viene quindi sfruttato e, se non si allena, le sue prestazioni cognitive continueranno a peggiorare. Inoltre, raramente sperimenta il successo. Anche se non ricorda gli insuccessi, si nota che non \u00e8 pi\u00f9 la persona allegra di un tempo. Diventa sempre pi\u00f9 svogliato. La famiglia ne soffre molto&#8220;.<\/span><\/p>\n<h3><span><span style=\"font-family: Manrope; font-weight: normal;\"><strong>L&#8217;esperienza di Frank con teora\u00ae mind<\/strong><\/span><\/span><\/h3>\n<p><span>&#8222;Gli occhiali VR sono stati un&#8217;esperienza completamente nuova per Frank. Di solito \u00e8 piuttosto scettico nei confronti della formazione assistita da computer&#8220;. Tuttavia, Helene Schwarz decise di utilizzare la mente di Teora nella sua terapia. &#8222;Non pensavamo che sarebbe stato in grado di gestire i controlli. Pensavamo che sarebbe stato sopraffatto dal nuovo ambiente e che avrebbe tolto subito gli occhiali. Invece \u00e8 successo il contrario: Frank si \u00e8 divertito molto a provare il mondo virtuale. Si \u00e8 comportato bene ed era molto concentrato, &#8222;come in un tunnel&#8220;. Per il resto \u00e8 estremamente distraibile. L&#8217;applicazione richiedeva capacit\u00e0 di attenzione e memoria da un lato e pianificazione dell&#8217;azione dall&#8217;altro. Raramente lo abbiamo visto cos\u00ec motivato dopo la sua malattia. Era cos\u00ec felice del senso di realizzazione ed era orgoglioso di aver completato il livello. Avrebbe preferito continuare a giocare&#8220;.<\/span><\/p>\n<p>[\/et_pb_text][\/et_pb_column][\/et_pb_row][\/et_pb_section]<\/p>\n","protected":false},"excerpt":{"rendered":"<p>Vivere con l&#8217;amnesia anterograda Il 49enne padre e marito Frank ha avuto un arresto cardiaco durante un&#8217;operazione di routine. Da allora soffre di amnesia anterograda. Questo significa che non \u00e8 pi\u00f9 in grado di memorizzare cose nuove. Anche le esperienze emotive pi\u00f9 importanti vengono dimenticate in fretta. Il suo cervello cerca costantemente di dare un senso al suo ambiente. Questo richiede molta energia e prosciuga la tua attenzione. Frank non pu\u00f2 fare altri piani. Non pu\u00f2 pianificare nulla per il futuro. C&#8217;\u00e8 un vuoto sempre pi\u00f9 grande nella sua identit\u00e0. Tra chi era prima e chi \u00e8 adesso. Anche se le novit\u00e0 sono sempre presenti nella vita di tutti i giorni, non diventano pi\u00f9 parte della sua personalit\u00e0. Per Frank, il tempo si \u00e8 fermato davanti alla sua operazione.La sua neuropsicologa curante Helene Schwarz ha riferito: &#8222;Poich\u00e9 non si sente malato, \u00e8 particolarmente difficile motivarlo. L&#8217;allenamento delle prestazioni cerebrali non \u00e8 in linea con la sua immagine di s\u00e9. Frank avrebbe bisogno di una terapia neuropsicologica individuale, ma l&#8217;assistenza ambulatoriale \u00e8 inadeguata. I neuropsicologi sono pochi e poco numerosi. Alcune compagnie di assicurazione sanitaria non sanno nemmeno che esiste questa specializzazione. E non sanno nemmeno cosa si pu\u00f2 ottenere in [&hellip;]<\/p>\n","protected":false},"author":1,"featured_media":0,"parent":0,"menu_order":0,"comment_status":"closed","ping_status":"closed","template":"","meta":{"_et_pb_use_builder":"on","_et_pb_old_content":"","_et_gb_content_width":"","om_disable_all_campaigns":false,"_monsterinsights_skip_tracking":false,"_monsterinsights_sitenote_active":false,"_monsterinsights_sitenote_note":"","_monsterinsights_sitenote_category":0,"footnotes":""},"class_list":["post-239957","page","type-page","status-publish","hentry"],"aioseo_notices":[],"_links":{"self":[{"href":"https:\/\/teora-xr.de\/en\/wp-json\/wp\/v2\/pages\/239957","targetHints":{"allow":["GET"]}}],"collection":[{"href":"https:\/\/teora-xr.de\/en\/wp-json\/wp\/v2\/pages"}],"about":[{"href":"https:\/\/teora-xr.de\/en\/wp-json\/wp\/v2\/types\/page"}],"author":[{"embeddable":true,"href":"https:\/\/teora-xr.de\/en\/wp-json\/wp\/v2\/users\/1"}],"replies":[{"embeddable":true,"href":"https:\/\/teora-xr.de\/en\/wp-json\/wp\/v2\/comments?post=239957"}],"version-history":[{"count":1,"href":"https:\/\/teora-xr.de\/en\/wp-json\/wp\/v2\/pages\/239957\/revisions"}],"predecessor-version":[{"id":239963,"href":"https:\/\/teora-xr.de\/en\/wp-json\/wp\/v2\/pages\/239957\/revisions\/239963"}],"wp:attachment":[{"href":"https:\/\/teora-xr.de\/en\/wp-json\/wp\/v2\/media?parent=239957"}],"curies":[{"name":"wp","href":"https:\/\/api.w.org\/{rel}","templated":true}]}}