{"id":239939,"date":"2023-02-28T12:29:05","date_gmt":"2023-02-28T12:29:05","guid":{"rendered":"https:\/\/teora-xr.de\/eifu\/"},"modified":"2025-06-24T16:17:19","modified_gmt":"2025-06-24T16:17:19","slug":"eifu","status":"publish","type":"page","link":"https:\/\/teora-xr.de\/en\/eifu\/?lang=fr","title":{"rendered":"eIFU"},"content":{"rendered":"<p>[et_pb_section fb_built=&#8220;1&#8243; fullwidth=&#8220;on&#8220; _builder_version=&#8220;4.20.4&#8243; _module_preset=&#8220;default&#8220; da_disable_devices=&#8220;off|off|off&#8220; global_colors_info=&#8220;{}&#8220; da_is_popup=&#8220;off&#8220; da_exit_intent=&#8220;off&#8220; da_has_close=&#8220;on&#8220; da_alt_close=&#8220;off&#8220; da_dark_close=&#8220;off&#8220; da_not_modal=&#8220;on&#8220; da_is_singular=&#8220;off&#8220; da_with_loader=&#8220;off&#8220; da_has_shadow=&#8220;on&#8220;][et_pb_fullwidth_image src=&#8220;https:\/\/teora-xr.de\/wp-content\/uploads\/sites\/3\/2025\/02\/eifu_FR-1.png&#8220; title_text=&#8220;Groupe 43&#8243; _builder_version=&#8220;4.20.4&#8243; _module_preset=&#8220;default&#8220; custom_margin_tablet=&#8220;&#8220; custom_margin_phone=&#8220;80px||50px||false|false&#8220; custom_margin_last_edited=&#8220;on|phone&#8220; global_colors_info=&#8220;{}&#8220;][\/et_pb_fullwidth_image][\/et_pb_section][et_pb_section fb_built=&#8220;1&#8243; _builder_version=&#8220;4.20.4&#8243; da_disable_devices=&#8220;off|off|off&#8220; global_colors_info=&#8220;{}&#8220; da_is_popup=&#8220;off&#8220; da_exit_intent=&#8220;off&#8220; da_has_close=&#8220;on&#8220; da_alt_close=&#8220;off&#8220; da_dark_close=&#8220;off&#8220; da_not_modal=&#8220;on&#8220; da_is_singular=&#8220;off&#8220; da_with_loader=&#8220;off&#8220; da_has_shadow=&#8220;on&#8220;][et_pb_row _builder_version=&#8220;4.20.4&#8243; background_size=&#8220;initial&#8220; background_position=&#8220;top_left&#8220; background_repeat=&#8220;repeat&#8220; custom_margin=&#8220;-30px||10px||false|false&#8220; global_colors_info=&#8220;{}&#8220;][et_pb_column type=&#8220;4_4&#8243; _builder_version=&#8220;4.16&#8243; custom_padding=&#8220;|||&#8220; global_colors_info=&#8220;{}&#8220; custom_padding__hover=&#8220;|||&#8220;][et_pb_text admin_label=&#8220;Text&#8220; _builder_version=&#8220;4.27.0&#8243; text_font=&#8220;Manrope||||||||&#8220; text_text_color=&#8220;#001A51&#8243; text_font_size=&#8220;17px&#8220; text_line_height=&#8220;1.9em&#8220; header_font=&#8220;Manrope|700|||||||&#8220; header_text_align=&#8220;center&#8220; header_text_color=&#8220;#001A51&#8243; header_3_font=&#8220;Manrope|700|||||||&#8220; header_3_text_align=&#8220;center&#8220; header_3_line_height=&#8220;1.9em&#8220; background_size=&#8220;initial&#8220; background_position=&#8220;top_left&#8220; background_repeat=&#8220;repeat&#8220; custom_padding=&#8220;||20px||false|false&#8220; global_colors_info=&#8220;{}&#8220;]<\/p>\n<div class=\"ce_text text-center t4c_headline_8 block\" style=\"margin-bottom: 50px;\">\n<h3 style=\"text-align: left;\">Bienvenue sur le site living brain eIFU<\/h3>\n<p style=\"text-align: justify;\">Vous trouverez ici la version \u00e9lectronique des instructions d&#8217;utilisation (Instructions for Use &#8211; IFU) de nos dispositifs m\u00e9dicaux. Utilisez le champ de recherche pour trouver votre produit ou s\u00e9lectionnez-le dans la liste.<\/p>\n<p style=\"text-align: justify;\">Si vous avez des questions ou si vous souhaitez que nous vous envoyions un IFU sur papier<br \/>, \u00e9crivez-nous en utilisant le lien e-mail suivant :<\/p>\n<p style=\"text-align: justify;\"><span style=\"color: #0000ff;\"><a class=\"hyperlink_txt\" style=\"color: #0000ff;\" title=\"\" href=\"mailto:eifu@livingbrain.de\" rel=\"\">eIFU E-mail : eifu@livingbrain.de<\/a><\/span><\/p>\n<p style=\"text-align: justify;\">Pour visualiser l&#8217;eIFU, qui est fourni au format PDF, nous vous recommandons d&#8217;utiliser Adobe Acrobat Reader.<br \/>Vous pouvez t\u00e9l\u00e9charger gratuitement le programme \u00e0 partir de la page suivante.<\/p>\n<p style=\"text-align: justify;\"><span style=\"color: #0000ff;\"><a style=\"color: #0000ff;\" title=\"Acrobat Reader\" href=\"https:\/\/get.adobe.com\/de\/reader\/\" target=\"_blank\" rel=\"noopener\">\u21e9 T\u00e9l\u00e9chargement &#8211; Adobe Acrobat Reader<\/a><\/span><\/p>\n<p style=\"text-align: justify;\"><span style=\"font-size: 22px; font-weight: bold;\">Documents d&#8217;accompagnement<\/span><\/p>\n<\/div>\n<section class=\"ce_accordionStart default ce_accordion block\" style=\"margin-bottom: 50px;\">\n<div id=\"ui-id-1\" class=\"toggler ui-accordion-header ui-corner-top ui-state-default ui-accordion-icons ui-accordion-header-active ui-state-active active\" style=\"text-align: justify;\" role=\"tab\">Versions actuellement en vigueur :<\/div>\n<div id=\"ui-id-2\" class=\"accordion ui-accordion-content ui-corner-bottom ui-helper-reset ui-widget-content ui-accordion-content-active\" role=\"tabpanel\" aria-labelledby=\"ui-id-1\" aria-hidden=\"false\">\n<div>\n<div class=\"ce_text block\" style=\"text-align: justify;\">\n<p>&nbsp;<\/p>\n<p><strong>Allemagne<\/strong><br \/>teora mind 2.3.0.b-50\/2024<br \/>(avec teora Platform)<\/p>\n<p><span style=\"color: #0000ff;\"><a style=\"color: #0000ff;\" title=\"T\u00e9l\u00e9charger le fichier Documents d'accompagnementteoramind.pdf\" href=\"https:\/\/livingbrain.de\/wp-content\/uploads\/eifu\/Deutsch-2.3.0.b-50.pdf\" target=\"_blank\" rel=\"noopener\">\u21e9 Documents d&#8217;accompagnement teora mind.pdf<\/a><\/span><\/p>\n<\/div>\n<\/div>\n<\/div>\n<\/section>\n<p><strong>Suisse<\/strong><br \/>teora mind CH2.3.0.a-49\/2024<\/p>\n<p><span style=\"color: #0000ff;\"><a style=\"color: #0000ff;\" title=\"T\u00e9l\u00e9charger le fichier Documents d'accompagnementteoramind.pdf\" href=\"https:\/\/livingbrain.de\/wp-content\/uploads\/eifu\/Deutsch-2.3.0.a.pdf\" target=\"_blank\" rel=\"noopener\">\u21e9 <\/a><a style=\"color: #0000ff;\" title=\"T\u00e9l\u00e9charger le fichier Documents d'accompagnementteoramind.pdf\" href=\"https:\/\/livingbrain.de\/wp-content\/uploads\/eifu\/Deutsch-CH2.3.0.a-49.pdf\" target=\"_blank\" rel=\"noopener\">Documents d&#8217;accompagnement &#8211; D<\/a><a style=\"color: #0000ff;\" title=\"T\u00e9l\u00e9charger le fichier Documents d'accompagnementteoramind.pdf\" href=\"https:\/\/livingbrain.de\/wp-content\/uploads\/eifu\/Deutsch-2.3.0.a.pdf\" target=\"_blank\" rel=\"noopener\">eutsch.pdf<\/a><br \/><a style=\"color: #0000ff;\" title=\"T\u00e9l\u00e9charger le fichier Documents d'accompagnementteoramind.pdf\" href=\"https:\/\/livingbrain.de\/wp-content\/uploads\/eifu\/Francais-CH2.3.0.a-49.pdf\" target=\"_blank\" rel=\"noopener\">\u21e9 Documents d&#8217;accompagnement &#8211; Fran\u00e7ais.pdf<\/a><br \/><a style=\"color: #0000ff;\" title=\"T\u00e9l\u00e9charger le fichier Documents d'accompagnementteoramind.pdf\" href=\"https:\/\/livingbrain.de\/wp-content\/uploads\/eifu\/Italiano-CH2.3.0.a-49.pdf\" target=\"_blank\" rel=\"noopener\">\u21e9 Documents d&#8217;accompagnement &#8211; Italien.pdf<\/a><\/span><\/p>\n<p>&nbsp;<\/p>\n<p>&nbsp;<\/p>\n<section class=\"ce_accordionStart default ce_accordion block\" style=\"margin-bottom: 50px;\">\n<div id=\"ui-id-2\" class=\"accordion ui-accordion-content ui-corner-bottom ui-helper-reset ui-widget-content ui-accordion-content-active\" role=\"tabpanel\" aria-labelledby=\"ui-id-1\" aria-hidden=\"false\">\n<div>\n<div class=\"ce_text block\" style=\"text-align: justify;\">\n<p>teora mind 2.0.0.a-43\/2023<br \/>(Legacy)<\/p>\n<p><span style=\"color: #0000ff;\"><a style=\"font-size: 17px; color: #0000ff;\" title=\"T\u00e9l\u00e9charger le fichier Documents d'accompagnementteoramind.pdf\" href=\"https:\/\/livingbrain.de\/wp-content\/uploads\/eifu\/Begleitpapiere_teora_mind_2.0.0.a.pdf\" target=\"_blank\" rel=\"noopener\">\u21e9 Documents d&#8217;accompagnement teora mind.pdf<\/a><\/span><\/p>\n<\/div>\n<\/div>\n<\/div>\n<\/section>\n<p>[\/et_pb_text][\/et_pb_column][\/et_pb_row][\/et_pb_section]<\/p>","protected":false},"excerpt":{"rendered":"<p>Bienvenue sur le site living brain eIFU Vous trouverez ici la version \u00e9lectronique des instructions d&#8217;utilisation (Instructions for Use &#8211; IFU) de nos dispositifs m\u00e9dicaux. Utilisez le champ de recherche pour trouver votre produit ou s\u00e9lectionnez-le dans la liste. Si vous avez des questions ou si vous souhaitez que nous vous envoyions un IFU sur papier, \u00e9crivez-nous en utilisant le lien e-mail suivant : eIFU E-mail : eifu@livingbrain.de Pour visualiser l&#8217;eIFU, qui est fourni au format PDF, nous vous recommandons d&#8217;utiliser Adobe Acrobat Reader.Vous pouvez t\u00e9l\u00e9charger gratuitement le programme \u00e0 partir de la page suivante. \u21e9 T\u00e9l\u00e9chargement &#8211; Adobe Acrobat Reader Documents d&#8217;accompagnement Versions actuellement en vigueur : &nbsp; Allemagneteora mind 2.3.0.b-50\/2024(avec teora Platform) \u21e9 Documents d&#8217;accompagnement teora mind.pdf Suisseteora mind CH2.3.0.a-49\/2024 \u21e9 Documents d&#8217;accompagnement &#8211; Deutsch.pdf\u21e9 Documents d&#8217;accompagnement &#8211; Fran\u00e7ais.pdf\u21e9 Documents d&#8217;accompagnement &#8211; Italien.pdf &nbsp; &nbsp; teora mind 2.0.0.a-43\/2023(Legacy) \u21e9 Documents d&#8217;accompagnement teora mind.pdf<\/p>","protected":false},"author":4,"featured_media":0,"parent":0,"menu_order":0,"comment_status":"closed","ping_status":"closed","template":"","meta":{"_et_pb_use_builder":"on","_et_pb_old_content":"<div class=\"ce_text text-center t4c_headline_8 block\" style=\"margin-bottom: 50px;\"><h1>Willkommen auf der living brain eIFU Website<\/h1><p style=\"text-align: center;\">Hier finden Sie die elektronische Version der Gebrauchsanweisung (Instructions for Use \u2013 IFU) zu unseren Medizinprodukten. Nutzen Sie das Suchfeld, um Ihr Produkt zu finden oder w\u00e4hlen Sie es aus der Liste aus.<\/p><p style=\"text-align: center;\">Bei Fragen oder falls Sie w\u00fcnschen, dass wir Ihnen eine IFU in Papierform zusenden sollen<br \/>schreiben Sie uns und nutzen den folgenden E-Mail Link:<\/p><p style=\"text-align: center;\"><a class=\"hyperlink_txt\" title=\"\" href=\"mailto:eifu@livingbrain.de\" rel=\"\">eIFU E-Mail: : eifu@livingbrain.de<\/a><\/p><p style=\"text-align: center;\">Zur Ansicht der eIFU welche als PDF bereitgestellt wird, empfehlen wir den Adobe Acrobat Reader zu verwenden.<br \/>Das Programm k\u00f6nnen Sie kostenlos \u00fcber die folgende Seite herunterladen.<\/p><p style=\"text-align: center;\"><a title=\"Acrobat Reader\" href=\"https:\/\/get.adobe.com\/de\/reader\/\" target=\"_blank\" rel=\"noopener\">Download - Adobe Acrobat Reader<\/a><\/p><\/div><h1 class=\"ce_headline t4c_headline_9\">Begleitpapiere<\/h1><section class=\"ce_accordionStart default ce_accordion block\" style=\"margin-bottom: 50px;\"><div id=\"ui-id-1\" class=\"toggler ui-accordion-header ui-corner-top ui-state-default ui-accordion-icons ui-accordion-header-active ui-state-active active\" role=\"tab\"><i class=\"pro-plus\"><\/i><i class=\"pro-minus\"><\/i>Aktuell g\u00fcltige Version: teoraMind 1.1.2.e-41\/2023<\/div><div id=\"ui-id-2\" class=\"accordion ui-accordion-content ui-corner-bottom ui-helper-reset ui-widget-content ui-accordion-content-active\" role=\"tabpanel\" aria-labelledby=\"ui-id-1\" aria-hidden=\"false\"><div><div class=\"ce_text block\"><p>Hier finden Sie die aktuellen Begleitpapiere als PDF-Datei zum Download in den folgenden Sprachen:<br \/>DE<\/p><\/div><div class=\"ce_download block\"><p class=\"download-element ext-pdf\"><a title=\"Die Datei Begleitpapiereteoramind.pdf herunterladen\" href=\"https:\/\/teora-xr.de\/wp-content\/uploads\/sites\/3\/2023\/03\/Begleitpapiere-teoraMind-1.1.2.e-41-2023.pdf\" target=\"_blank\" rel=\"noopener\">Begleitpapiere teora mind.pdf <\/a><\/p><\/div><\/div><\/div><\/section>","_et_gb_content_width":"","om_disable_all_campaigns":false,"_monsterinsights_skip_tracking":false,"_monsterinsights_sitenote_active":false,"_monsterinsights_sitenote_note":"","_monsterinsights_sitenote_category":0,"footnotes":""},"class_list":["post-239939","page","type-page","status-publish","hentry"],"aioseo_notices":[],"_links":{"self":[{"href":"https:\/\/teora-xr.de\/en\/wp-json\/wp\/v2\/pages\/239939","targetHints":{"allow":["GET"]}}],"collection":[{"href":"https:\/\/teora-xr.de\/en\/wp-json\/wp\/v2\/pages"}],"about":[{"href":"https:\/\/teora-xr.de\/en\/wp-json\/wp\/v2\/types\/page"}],"author":[{"embeddable":true,"href":"https:\/\/teora-xr.de\/en\/wp-json\/wp\/v2\/users\/4"}],"replies":[{"embeddable":true,"href":"https:\/\/teora-xr.de\/en\/wp-json\/wp\/v2\/comments?post=239939"}],"version-history":[{"count":10,"href":"https:\/\/teora-xr.de\/en\/wp-json\/wp\/v2\/pages\/239939\/revisions"}],"predecessor-version":[{"id":242393,"href":"https:\/\/teora-xr.de\/en\/wp-json\/wp\/v2\/pages\/239939\/revisions\/242393"}],"wp:attachment":[{"href":"https:\/\/teora-xr.de\/en\/wp-json\/wp\/v2\/media?parent=239939"}],"curies":[{"name":"wp","href":"https:\/\/api.w.org\/{rel}","templated":true}]}}