{"id":239922,"date":"2023-05-09T12:30:47","date_gmt":"2023-05-09T12:30:47","guid":{"rendered":"https:\/\/teora-xr.de\/prodotto\/piattaforma-teora\/"},"modified":"2025-06-18T15:16:23","modified_gmt":"2025-06-18T15:16:23","slug":"piattaforma-teora","status":"publish","type":"page","link":"https:\/\/teora-xr.de\/en\/prodotto\/piattaforma-teora\/?lang=it","title":{"rendered":"piattaforma teora"},"content":{"rendered":"<p>[et_pb_section fb_built=&#8220;1&#8243; fullwidth=&#8220;on&#8220; _builder_version=&#8220;4.20.4&#8243; _module_preset=&#8220;default&#8220; global_colors_info=&#8220;{}&#8220; da_is_popup=&#8220;off&#8220; da_exit_intent=&#8220;off&#8220; da_has_close=&#8220;on&#8220; da_alt_close=&#8220;off&#8220; da_dark_close=&#8220;off&#8220; da_not_modal=&#8220;on&#8220; da_is_singular=&#8220;off&#8220; da_with_loader=&#8220;off&#8220; da_has_shadow=&#8220;on&#8220; da_disable_devices=&#8220;off|off|off&#8220;][et_pb_fullwidth_image src=&#8220;https:\/\/teora-xr.de\/wp-content\/uploads\/sites\/3\/2024\/02\/Group-14-scaled.jpg&#8220; alt=&#8220;Laptop con piattaforma Teora vista sullo schermo della scrivania&#8220; title_text=&#8220;piattaforma teora&#8220; _builder_version=&#8220;4.24.2&#8243; _module_preset=&#8220;default&#8220; custom_margin=&#8220;65px||||false|false&#8220; global_colors_info=&#8220;{}&#8220;][\/et_pb_fullwidth_image][\/et_pb_section][et_pb_section fb_built=&#8220;1&#8243; _builder_version=&#8220;4.23.4&#8243; _module_preset=&#8220;default&#8220; custom_margin=&#8220;0px||-15px||false|false&#8220; global_colors_info=&#8220;{}&#8220; da_is_popup=&#8220;off&#8220; da_exit_intent=&#8220;off&#8220; da_has_close=&#8220;on&#8220; da_alt_close=&#8220;off&#8220; da_dark_close=&#8220;off&#8220; da_not_modal=&#8220;on&#8220; da_is_singular=&#8220;off&#8220; da_with_loader=&#8220;off&#8220; da_has_shadow=&#8220;on&#8220; da_disable_devices=&#8220;off|off|off&#8220;][et_pb_row _builder_version=&#8220;4.20.4&#8243; _module_preset=&#8220;default&#8220; global_colors_info=&#8220;{}&#8220;][et_pb_column type=&#8220;4_4&#8243; _builder_version=&#8220;4.20.4&#8243; _module_preset=&#8220;default&#8220; global_colors_info=&#8220;{}&#8220;][et_pb_text _builder_version=&#8220;4.24.2&#8243; _module_preset=&#8220;default&#8220; header_font=&#8220;Manrope|700|||||||&#8220; header_font_size=&#8220;22px&#8220; global_colors_info=&#8220;{}&#8220;]<\/p>\n<h1>Supporto alla terapia digitale con la piattaforma teora<\/h1>\n<p>[\/et_pb_text][\/et_pb_column][\/et_pb_row][et_pb_row _builder_version=&#8220;4.20.4&#8243; _module_preset=&#8220;default&#8220; global_colors_info=&#8220;{}&#8220;][et_pb_column type=&#8220;4_4&#8243; _builder_version=&#8220;4.20.4&#8243; _module_preset=&#8220;default&#8220; global_colors_info=&#8220;{}&#8220;][et_pb_text content_tablet=&#8220;<\/p>\n<p data-renderer-start-pos=\"%22139%22\">La piattaforma <strong data-renderer-mark=\"%22true%22\">teora\u00ae<\/strong> \u00e8 un&apos;applicazione web per professionisti che permette di accompagnare la terapia VR con la <a href=\"\/en\/\"https:\/\/teora-xr.de\/it\/mente-teora\/\"\/\">mente <strong data-renderer-mark=\"%22true%22\">teora\u00ae<\/strong><\/a> in modo digitale e da qualsiasi luogo. Come funziona? Riceverai i dati di accesso e potrai accedere alla piattaforma <strong data-renderer-mark=\"%22true%22\">teora\u00ae<\/strong> tramite il tuo normale browser internet. \u00c8 qui che si creano i profili dei pazienti e si elaborano piani di trattamento personalizzati. Ad esempio, puoi determinare la frequenza della terapia e personalizzare gli esercizi in base ai tuoi pazienti. Questi dati vengono trasmessi a <strong data-renderer-mark=\"%22true%22\">teora\u00ae <\/strong>mind tramite un&apos;interfaccia. Solo questa selezione viene poi visualizzata dai pazienti nell&apos;applicazione VR e pu\u00f2 essere utilizzata per la formazione.<\/p>\n<h3 style=\"%22background-color:\" #ffffff;%22><\/h3>\n<p>&#8220; content_phone=&#8220;<\/p>\n<p data-renderer-start-pos=\"%22139%22\" style=\"%22text-align:\" justify;%22>La piattaforma <strong data-renderer-mark=\"%22true%22\">teora\u00ae<\/strong> \u00e8 un&apos;applicazione web per i professionisti che permette di accompagnare la terapia VR con la <a href=\"\/en\/\"https:\/\/teora-xr.de\/it\/mente-teora\/\"\/\">mente <strong data-renderer-mark=\"%22true%22\">teora\u00ae<\/strong><\/a> in modo digitale e da qualsiasi luogo. Come funziona? Riceverai i dati di accesso e potrai accedere alla piattaforma <strong data-renderer-mark=\"%22true%22\">teora\u00ae<\/strong> tramite il tuo normale browser internet. \u00c8 qui che si creano i profili dei pazienti e si elaborano piani di trattamento personalizzati. Ad esempio, puoi determinare la frequenza della terapia e personalizzare gli esercizi in base ai tuoi pazienti. Questi dati vengono trasmessi a <strong data-renderer-mark=\"%22true%22\">teora\u00ae <\/strong>mind tramite un&apos;interfaccia. Solo questa selezione viene poi visualizzata dai pazienti nell&apos;applicazione VR e pu\u00f2 essere utilizzata per la formazione.<\/p>\n<h3 style=\"%22background-color:\" #ffffff; text-align: justify;%22><\/h3>\n<p>&#8220; content_last_edited=&#8220;on|phone&#8220; _builder_version=&#8220;4.24.2&#8243; _module_preset=&#8220;default&#8220; text_font=&#8220;Manrope||||||||&#8220; text_text_color=&#8220;#141453&#8243; text_font_size=&#8220;17px&#8220; text_line_height=&#8220;1.9em&#8220; custom_margin=&#8220;-15px||||false|false&#8220; global_colors_info=&#8220;{}&#8220;]<\/p>\n<p data-renderer-start-pos=\"139\">La piattaforma teora \u00e8 un&#8217;applicazione web per professionisti che permette di accompagnare la terapia VR con <a href=\"https:\/\/teora-xr.de\/en\/it\/mente-teora\/\">teora mind<\/a> in modo digitale e da qualsiasi luogo. Come funziona? Riceverai i dati di accesso e potrai accedere alla piattaforma teora tramite il tuo normale browser internet. \u00c8 qui che si creano i profili dei pazienti e si elaborano piani di trattamento personalizzati. Ad esempio, puoi determinare la frequenza della terapia e personalizzare gli esercizi in base ai tuoi pazienti. Questi dati vengono trasmessi tramite un&#8217;interfaccia a teora<strong data-renderer-mark=\"true\"> <\/strong>mente viene trasmessa. Solo questa selezione viene poi visualizzata dai pazienti nell&#8217;applicazione VR e pu\u00f2 essere utilizzata per la formazione.<\/p>\n<h3 style=\"background-color: #ffffff;\"><\/h3>\n<p>[\/et_pb_text][et_pb_text _builder_version=&#8220;4.24.2&#8243; _module_preset=&#8220;default&#8220; header_font=&#8220;Manrope|700|||||||&#8220; header_font_size=&#8220;22px&#8220; global_colors_info=&#8220;{}&#8220;]<\/p>\n<h1 id=\"Erleichterte-Dokumentation-und-Visualisierung\" data-renderer-start-pos=\"814\">Documentazione e visualizzazione semplificate<\/h1>\n<p>[\/et_pb_text][et_pb_text content_tablet=&#8220;<\/p>\n<p data-renderer-start-pos=\"%22862%22\"><strong data-renderer-mark=\"%22true%22\">teora\u00ae<\/strong> mind trasmette i dati rilevanti, come il numero di unit\u00e0 terapeutiche completate o la durata dell&apos;utilizzo, all&apos;applicazione web al termine del programma di allenamento. I progressi della terapia vengono documentati e visualizzati. Questo riduce la quantit\u00e0 di documentazione manuale necessaria e ti permette di vedere a colpo d&apos;occhio i progressi del tuo paziente.<\/p>\n<h3 style=\"%22background-color:\" #ffffff;%22><\/h3>\n<p>&#8220; content_phone=&#8220;<\/p>\n<p data-renderer-start-pos=\"%22862%22\" style=\"%22text-align:\" justify;%22><strong data-renderer-mark=\"%22true%22\">teora\u00ae<\/strong> mind trasmette i dati rilevanti, come il numero di unit\u00e0 terapeutiche completate o la durata dell&apos;utilizzo, all&apos;applicazione web al termine del programma di allenamento. I progressi della terapia vengono documentati e visualizzati. Questo riduce la quantit\u00e0 di documentazione manuale necessaria e ti permette di vedere a colpo d&apos;occhio i progressi del tuo paziente.<\/p>\n<h3 style=\"%22background-color:\" #ffffff; text-align: justify;%22><\/h3>\n<p>&#8220; content_last_edited=&#8220;on|phone&#8220; _builder_version=&#8220;4.24.2&#8243; _module_preset=&#8220;default&#8220; text_font=&#8220;Manrope||||||||&#8220; text_text_color=&#8220;#141453&#8243; text_font_size=&#8220;17px&#8220; text_line_height=&#8220;1.9em&#8220; background_color=&#8220;RGBA(255,255,255,0)&#8220; custom_margin=&#8220;-15px||||false|false&#8220; global_colors_info=&#8220;{}&#8220;]<\/p>\n<p data-renderer-start-pos=\"862\">teora mind trasmette i dati rilevanti, come il numero di unit\u00e0 terapeutiche completate o la durata dell&#8217;utilizzo, all&#8217;applicazione web al termine del programma di allenamento. I progressi della terapia vengono documentati e visualizzati. Questo riduce la quantit\u00e0 di documentazione manuale necessaria e ti permette di vedere a colpo d&#8217;occhio i progressi del tuo paziente.<\/p>\n<h3 style=\"background-color: #ffffff;\"><\/h3>\n<p>[\/et_pb_text][et_pb_text _builder_version=&#8220;4.23.4&#8243; _module_preset=&#8220;default&#8220; header_font=&#8220;Manrope|700|||||||&#8220; header_font_size=&#8220;22px&#8220; global_colors_info=&#8220;{}&#8220;]<\/p>\n<h1 id=\"Erleichterte-Dokumentation-und-Visualisierung\" data-renderer-start-pos=\"814\">Terapia a distanza rimborsabile<\/h1>\n<p>[\/et_pb_text][et_pb_text content_tablet=&#8220;<\/p>\n<p>La combinazione di teora\u00ae mind, della piattaforma teora\u00ae e degli occhiali VR mobili consente quindi un supporto terapeutico digitale indipendentemente dal luogo in cui ci si trova. Questo modello sar\u00e0 rimborsato da Inter Insurance Group a partire dal 1\u00b0 febbraio 2024. Questo include sia le applicazioni in loco che il supporto digitale per la terapia domiciliare dei tuoi pazienti.<\/p>\n<p>&#8220; content_phone=&#8220;<\/p>\n<p style=\"%22text-align:\" justify;%22>La combinazione di teora\u00ae mind, della piattaforma teora\u00ae e degli occhiali VR mobili consente quindi un supporto terapeutico digitale indipendentemente dal luogo in cui ci si trova. Questo modello sar\u00e0 rimborsato da Inter Insurance Group a partire dal 1\u00b0 febbraio 2024. Questo include sia le applicazioni in loco che il supporto digitale per la terapia domiciliare dei tuoi pazienti.<\/p>\n<p>&#8220; content_last_edited=&#8220;on|phone&#8220; _builder_version=&#8220;4.24.2&#8243; _module_preset=&#8220;default&#8220; text_font=&#8220;Manrope||||||||&#8220; text_text_color=&#8220;#141453&#8243; text_font_size=&#8220;17px&#8220; text_line_height=&#8220;1.9em&#8220; background_color=&#8220;RGBA(255,255,255,0)&#8220; custom_margin=&#8220;-15px||||false|false&#8220; global_colors_info=&#8220;{}&#8220;]<\/p>\n<p>La combinazione di teora mind, della piattaforma teora e degli occhiali VR mobili consente quindi un supporto terapeutico digitale indipendentemente dal luogo in cui ci si trova. Questo modello sar\u00e0 rimborsato da Inter Insurance Group a partire dal 1\u00b0 febbraio 2024. Questo include sia le applicazioni in loco che il supporto digitale per la terapia domiciliare dei tuoi pazienti.<\/p>\n<p>[\/et_pb_text][et_pb_text _builder_version=&#8220;4.24.2&#8243; _module_preset=&#8220;default&#8220; header_font=&#8220;Manrope|700|||||||&#8220; header_font_size=&#8220;22px&#8220; global_colors_info=&#8220;{}&#8220;]<\/p>\n<h1 data-renderer-start-pos=\"1640\"><strong data-renderer-mark=\"true\"> <\/strong>Come funziona la terapia domiciliare con il sistema Teora?<\/h1>\n<p>[\/et_pb_text][et_pb_text content_tablet=&#8220;<\/p>\n<p data-renderer-start-pos=\"%221697%22\">Inizierai la terapia con 1-2 sessioni in cui i tuoi pazienti riceveranno un&apos;introduzione in loco e familiarizzeranno con l&apos;uso degli occhiali VR e del software su di essi. Per le restanti sessioni di terapia, i tuoi pazienti potranno portare a casa gli occhiali VR e svolgerli nella loro solita routine quotidiana a casa. Accompagni queste sessioni di terapia in remoto.  <strong data-renderer-mark=\"%22true%22\">Vengono rimborsati sia i trattamenti presso la tua sede che le cure asincrone della terapia domiciliare dei tuoi pazienti.<\/strong><\/p>\n<h3 style=\"%22background-color:\" #ffffff;%22><\/h3>\n<p>&#8220; content_phone=&#8220;<\/p>\n<p data-renderer-start-pos=\"%221697%22\" style=\"%22text-align:\" justify;%22>Inizierai la terapia con 1-2 sessioni in cui i tuoi pazienti riceveranno un&apos;introduzione in loco e familiarizzeranno con l&apos;uso degli occhiali VR e del software su di essi. Per le restanti sessioni di terapia, i tuoi pazienti potranno portare a casa gli occhiali VR e svolgerli nella loro solita routine quotidiana a casa. Accompagni queste sessioni di terapia in remoto.  <strong data-renderer-mark=\"%22true%22\">Vengono rimborsati sia i trattamenti presso la tua sede che le cure asincrone della terapia domiciliare dei tuoi pazienti.<\/strong><\/p>\n<h3 style=\"%22background-color:\" #ffffff; text-align: justify;%22><\/h3>\n<p>&#8220; content_last_edited=&#8220;on|phone&#8220; _builder_version=&#8220;4.24.2&#8243; _module_preset=&#8220;default&#8220; text_font=&#8220;Manrope||||||||&#8220; text_text_color=&#8220;#141453&#8243; text_font_size=&#8220;17px&#8220; text_line_height=&#8220;1.9em&#8220; background_color=&#8220;RGBA(255,255,255,0)&#8220; custom_margin=&#8220;-15px||||false|false&#8220; global_colors_info=&#8220;{}&#8220;]<\/p>\n<p data-renderer-start-pos=\"1697\">Inizierai la terapia con 1-2 sessioni in cui i tuoi pazienti riceveranno un&#8217;introduzione in loco e familiarizzeranno con l&#8217;uso degli occhiali VR e del software su di essi. Per le restanti sessioni di terapia, i tuoi pazienti potranno portare a casa gli occhiali VR e svolgerli nella loro solita routine quotidiana a casa. Accompagni queste sessioni di terapia in remoto.  <strong data-renderer-mark=\"true\">Vengono rimborsati sia i trattamenti presso la tua sede che le cure asincrone della terapia domiciliare dei tuoi pazienti.<\/strong><\/p>\n<h3 style=\"background-color: #ffffff;\"><\/h3>\n<p>[\/et_pb_text][et_pb_text _builder_version=&#8220;4.24.2&#8243; _module_preset=&#8220;default&#8220; header_font=&#8220;Manrope|700|||||||&#8220; header_font_size=&#8220;22px&#8220; global_colors_info=&#8220;{}&#8220;]<\/p>\n<h1 data-renderer-start-pos=\"2254\"><strong data-renderer-mark=\"true\"> <\/strong>Come posso accedere alla piattaforma Teora?<\/h1>\n<p>[\/et_pb_text][et_pb_text content_tablet=&#8220;<\/p>\n<p data-renderer-start-pos=\"%222297%22\">In qualit\u00e0 di professionista, riceverai l&apos;accesso gratuito alla piattaforma <strong data-renderer-mark=\"%22true%22\">teora\u00ae<\/strong> per il tuo studio o la tua clinica con l&apos;acquisto di un prodotto VR.<\/p>\n<p>&#8220; content_phone=&#8220;<\/p>\n<p data-renderer-start-pos=\"%222297%22\" style=\"%22text-align:\" justify;%22>In qualit\u00e0 di professionista, riceverai l&apos;accesso gratuito alla piattaforma <strong data-renderer-mark=\"%22true%22\">teora\u00ae<\/strong> per il tuo studio o la tua clinica con l&apos;acquisto di un prodotto VR.<\/p>\n<p>&#8220; content_last_edited=&#8220;on|phone&#8220; _builder_version=&#8220;4.24.2&#8243; _module_preset=&#8220;default&#8220; text_font=&#8220;Manrope||||||||&#8220; text_text_color=&#8220;#141453&#8243; text_font_size=&#8220;17px&#8220; text_line_height=&#8220;1.9em&#8220; background_color=&#8220;RGBA(255,255,255,0)&#8220; custom_margin=&#8220;-15px||||false|false&#8220; global_colors_info=&#8220;{}&#8220;]<\/p>\n<p data-renderer-start-pos=\"2297\">In qualit\u00e0 di professionista, riceverai l&#8217;accesso gratuito alla piattaforma Teora per il tuo studio o la tua clinica con l&#8217;acquisto di un prodotto VR.<\/p>\n<p>[\/et_pb_text][\/et_pb_column][\/et_pb_row][\/et_pb_section][et_pb_section fb_built=&#8220;1&#8243; _builder_version=&#8220;4.23.4&#8243; _module_preset=&#8220;default&#8220; background_color=&#8220;#DFEFFF&#8220; global_colors_info=&#8220;{}&#8220; da_is_popup=&#8220;off&#8220; da_exit_intent=&#8220;off&#8220; da_has_close=&#8220;on&#8220; da_alt_close=&#8220;off&#8220; da_dark_close=&#8220;off&#8220; da_not_modal=&#8220;on&#8220; da_is_singular=&#8220;off&#8220; da_with_loader=&#8220;off&#8220; da_has_shadow=&#8220;on&#8220; da_disable_devices=&#8220;off|off|off&#8220;][et_pb_row _builder_version=&#8220;4.23.4&#8243; _module_preset=&#8220;default&#8220; global_colors_info=&#8220;{}&#8220;][et_pb_column type=&#8220;4_4&#8243; _builder_version=&#8220;4.20.4&#8243; _module_preset=&#8220;default&#8220; global_colors_info=&#8220;{}&#8220;][et_pb_blurb use_icon=&#8220;on&#8220; font_icon=&#8220;&#xe000;||divi||400&#8243; icon_placement=&#8220;left&#8220; image_icon_width=&#8220;96px&#8220; content_max_width=&#8220;1100px&#8220; icon_placement_tablet=&#8220;left&#8220; icon_placement_phone=&#8220;top&#8220; icon_placement_last_edited=&#8220;on|phone&#8220; content_tablet=&#8220;<\/p>\n<p style=\"%22text-align:\" justify;%22>La piattaforma <strong data-renderer-mark=\"%22true%22\">teora\u00ae<\/strong> opera nel rispetto dei pi\u00f9 elevati standard di protezione dei dati. L&apos;applicazione \u00e8 stata sviluppata in conformit\u00e0 con il GDPR e rispetta le normative vigenti in materia di protezione dei dati. La sicurezza dei dati dei tuoi pazienti \u00e8 garantita.<\/p>\n<p>&#8220; content_phone=&#8220;<\/p>\n<p style=\"%22text-align:\" justify;%22>La piattaforma <strong data-renderer-mark=\"%22true%22\">teora\u00ae<\/strong> opera nel rispetto dei pi\u00f9 elevati standard di protezione dei dati. L&apos;applicazione \u00e8 stata sviluppata in conformit\u00e0 con il GDPR e rispetta le normative vigenti in materia di protezione dei dati. La sicurezza dei dati dei tuoi pazienti \u00e8 garantita.<\/p>\n<p>&#8220; content_last_edited=&#8220;on|desktop&#8220; _builder_version=&#8220;4.24.2&#8243; _module_preset=&#8220;default&#8220; body_font=&#8220;Manrope||||||||&#8220; body_text_align=&#8220;justify&#8220; body_text_color=&#8220;#141453&#8243; body_font_size=&#8220;16px&#8220; body_line_height=&#8220;1.9em&#8220; image_icon_custom_margin=&#8220;5px||5px||false|false&#8220; image_icon_custom_padding=&#8220;0px||0px||false|false&#8220; module_alignment=&#8220;center&#8220; custom_margin=&#8220;||||false|false&#8220; custom_margin_tablet=&#8220;||||false|false&#8220; custom_margin_phone=&#8220;|10px||10px|false|false&#8220; custom_margin_last_edited=&#8220;on|phone&#8220; custom_padding=&#8220;30px|30px|30px|30px|false|false&#8220; custom_padding_tablet=&#8220;30px|30px|30px|30px|false|false&#8220; custom_padding_phone=&#8220;|10px||10px|false|false&#8220; custom_padding_last_edited=&#8220;on|phone&#8220; border_width_all=&#8220;3.1px&#8220; border_color_all=&#8220;#141453&#8243; global_colors_info=&#8220;{}&#8220;]<\/p>\n<p style=\"text-align: justify;\">La piattaforma teora opera nel rispetto dei pi\u00f9 elevati standard di protezione dei dati. L&#8217;applicazione \u00e8 stata sviluppata in conformit\u00e0 con il GDPR e rispetta le normative vigenti in materia di protezione dei dati. La sicurezza dei dati dei tuoi pazienti \u00e8 garantita.<\/p>\n<p>[\/et_pb_blurb][\/et_pb_column][\/et_pb_row][\/et_pb_section][et_pb_section fb_built=&#8220;1&#8243; _builder_version=&#8220;4.23.4&#8243; _module_preset=&#8220;default&#8220; custom_margin=&#8220;||15px||false|false&#8220; global_colors_info=&#8220;{}&#8220; da_is_popup=&#8220;off&#8220; da_exit_intent=&#8220;off&#8220; da_has_close=&#8220;on&#8220; da_alt_close=&#8220;off&#8220; da_dark_close=&#8220;off&#8220; da_not_modal=&#8220;on&#8220; da_is_singular=&#8220;off&#8220; da_with_loader=&#8220;off&#8220; da_has_shadow=&#8220;on&#8220; da_disable_devices=&#8220;off|off|off&#8220;][et_pb_row _builder_version=&#8220;4.20.4&#8243; _module_preset=&#8220;default&#8220; global_colors_info=&#8220;{}&#8220;][et_pb_column type=&#8220;4_4&#8243; _builder_version=&#8220;4.20.4&#8243; _module_preset=&#8220;default&#8220; global_colors_info=&#8220;{}&#8220;][et_pb_text _builder_version=&#8220;4.23.4&#8243; _module_preset=&#8220;default&#8220; header_font=&#8220;Manrope|700|||||||&#8220; header_font_size=&#8220;22px&#8220; global_colors_info=&#8220;{}&#8220;]<\/p>\n<h1 data-renderer-start-pos=\"2254\">I tuoi vantaggi in sintesi<\/h1>\n<p>[\/et_pb_text][et_pb_text content_tablet=&#8220;<\/p>\n<p><span style=\"%22font-size:\" 26px;%22>Offerta<\/span> di supporto alla terapia digitale rimborsabile<\/p>\n<p><span style=\"%22font-size:\" 26px;%22>\u2714<\/span> Lavoro pi\u00f9 efficiente grazie alla semplificazione della documentazione<\/p>\n<p><span style=\"%22font-size:\" 26px;%22>Opzione<\/span> di supporto alla terapia parallela per pi\u00f9 pazienti<\/p>\n<p>Possibilit\u00e0 di assistenza post-terapia indipendente dal luogo in cui ci si trova<\/p>\n<p>&#8220; content_phone=&#8220;<\/p>\n<p style=\"%22text-align:\" justify;%22><span style=\"%22font-size:\" 26px;%22>Offerta<\/span> di supporto alla terapia digitale rimborsabile<\/p>\n<p style=\"%22text-align:\" justify;%22><span style=\"%22font-size:\" 26px;%22>\u2714<\/span> Lavoro pi\u00f9 efficiente grazie alla semplificazione della documentazione<\/p>\n<p style=\"%22text-align:\" justify;%22><span style=\"%22font-size:\" 26px;%22>Opzione<\/span> di supporto alla terapia parallela per pi\u00f9 pazienti<\/p>\n<p style=\"%22text-align:\" justify;%22>Possibilit\u00e0 di assistenza post-terapia indipendente dal luogo in cui ci si trova<\/p>\n<p>&#8220; content_last_edited=&#8220;on|phone&#8220; _builder_version=&#8220;4.24.2&#8243; _module_preset=&#8220;default&#8220; text_font=&#8220;Manrope||||||||&#8220; text_text_color=&#8220;#141453&#8243; text_font_size=&#8220;16px&#8220; text_line_height=&#8220;1.9em&#8220; header_font=&#8220;Manrope||||||||&#8220; header_text_color=&#8220;#141453&#8243; header_line_height=&#8220;1.2em&#8220; header_3_font=&#8220;Manrope|700|||||||&#8220; header_3_font_size=&#8220;20px&#8220; header_3_line_height=&#8220;2.9em&#8220; custom_margin=&#8220;||0px||false|false&#8220; custom_padding=&#8220;||0px||false|false&#8220; global_colors_info=&#8220;{}&#8220;]<\/p>\n<p><span style=\"font-size: 26px;\">Offerta<\/span> di supporto alla terapia digitale rimborsabile<\/p>\n<p><span style=\"font-size: 26px;\">\u2714<\/span> Lavoro pi\u00f9 efficiente grazie alla semplificazione della documentazione<\/p>\n<p><span style=\"font-size: 26px;\">Opzione<\/span> di supporto alla terapia parallela per pi\u00f9 pazienti<\/p>\n<p>Possibilit\u00e0 di assistenza post-terapia indipendente dal luogo in cui ci si trova<\/p>\n<p>[\/et_pb_text][\/et_pb_column][\/et_pb_row][et_pb_row _builder_version=&#8220;4.23.4&#8243; _module_preset=&#8220;default&#8220; custom_margin=&#8220;||15px||false|false&#8220; global_colors_info=&#8220;{}&#8220;][et_pb_column type=&#8220;4_4&#8243; _builder_version=&#8220;4.23.4&#8243; _module_preset=&#8220;default&#8220; global_colors_info=&#8220;{}&#8220;][et_pb_text _builder_version=&#8220;4.23.4&#8243; _module_preset=&#8220;default&#8220; text_font=&#8220;Manrope||||||||&#8220; text_font_size=&#8220;17px&#8220; global_colors_info=&#8220;{}&#8220;]<a href=\"\/en\/teora-xr.com\/contact-form\/\">Contattaci<\/a> per avere maggiori informazioni!<br \/>\n[\/et_pb_text][\/et_pb_column][\/et_pb_row][\/et_pb_section][et_pb_section fb_built=&#8220;1&#8243; fullwidth=&#8220;on&#8220; _builder_version=&#8220;4.20.4&#8243; _module_preset=&#8220;default&#8220; global_colors_info=&#8220;{}&#8220; da_is_popup=&#8220;off&#8220; da_exit_intent=&#8220;off&#8220; da_has_close=&#8220;on&#8220; da_alt_close=&#8220;off&#8220; da_dark_close=&#8220;off&#8220; da_not_modal=&#8220;on&#8220; da_is_singular=&#8220;off&#8220; da_with_loader=&#8220;off&#8220; da_has_shadow=&#8220;on&#8220; da_disable_devices=&#8220;off|off|off&#8220;][\/et_pb_section]<\/p>","protected":false},"excerpt":{"rendered":"<p>Supporto alla terapia digitale con la piattaforma teoraLa piattaforma teora \u00e8 un&#8217;applicazione web per professionisti che permette di accompagnare la terapia VR con teora mind in modo digitale e da qualsiasi luogo. Come funziona? Riceverai i dati di accesso e potrai accedere alla piattaforma teora tramite il tuo normale browser internet. \u00c8 qui che si creano i profili dei pazienti e si elaborano piani di trattamento personalizzati. Ad esempio, puoi determinare la frequenza della terapia e personalizzare gli esercizi in base ai tuoi pazienti. Questi dati vengono trasmessi tramite un&#8217;interfaccia a teora mente viene trasmessa. Solo questa selezione viene poi visualizzata dai pazienti nell&#8217;applicazione VR e pu\u00f2 essere utilizzata per la formazione. Documentazione e visualizzazione semplificateteora mind trasmette i dati rilevanti, come il numero di unit\u00e0 terapeutiche completate o la durata dell&#8217;utilizzo, all&#8217;applicazione web al termine del programma di allenamento. I progressi della terapia vengono documentati e visualizzati. Questo riduce la quantit\u00e0 di documentazione manuale necessaria e ti permette di vedere a colpo d&#8217;occhio i progressi del tuo paziente. Terapia a distanza rimborsabile La combinazione di teora mind, della piattaforma teora e degli occhiali VR mobili consente quindi un supporto terapeutico digitale indipendentemente dal luogo in cui ci si trova. [&hellip;]<\/p>","protected":false},"author":1,"featured_media":0,"parent":239586,"menu_order":2,"comment_status":"closed","ping_status":"closed","template":"","meta":{"_et_pb_use_builder":"on","_et_pb_old_content":"","_et_gb_content_width":"","om_disable_all_campaigns":false,"_monsterinsights_skip_tracking":false,"_monsterinsights_sitenote_active":false,"_monsterinsights_sitenote_note":"","_monsterinsights_sitenote_category":0,"footnotes":""},"class_list":["post-239922","page","type-page","status-publish","hentry"],"aioseo_notices":[],"_links":{"self":[{"href":"https:\/\/teora-xr.de\/en\/wp-json\/wp\/v2\/pages\/239922","targetHints":{"allow":["GET"]}}],"collection":[{"href":"https:\/\/teora-xr.de\/en\/wp-json\/wp\/v2\/pages"}],"about":[{"href":"https:\/\/teora-xr.de\/en\/wp-json\/wp\/v2\/types\/page"}],"author":[{"embeddable":true,"href":"https:\/\/teora-xr.de\/en\/wp-json\/wp\/v2\/users\/1"}],"replies":[{"embeddable":true,"href":"https:\/\/teora-xr.de\/en\/wp-json\/wp\/v2\/comments?post=239922"}],"version-history":[{"count":3,"href":"https:\/\/teora-xr.de\/en\/wp-json\/wp\/v2\/pages\/239922\/revisions"}],"predecessor-version":[{"id":242333,"href":"https:\/\/teora-xr.de\/en\/wp-json\/wp\/v2\/pages\/239922\/revisions\/242333"}],"up":[{"embeddable":true,"href":"https:\/\/teora-xr.de\/en\/wp-json\/wp\/v2\/pages\/239586"}],"wp:attachment":[{"href":"https:\/\/teora-xr.de\/en\/wp-json\/wp\/v2\/media?parent=239922"}],"curies":[{"name":"wp","href":"https:\/\/api.w.org\/{rel}","templated":true}]}}