{"id":239911,"date":"2023-05-10T09:08:01","date_gmt":"2023-05-10T09:08:01","guid":{"rendered":"https:\/\/teora-xr.de\/dispositivo-medico\/"},"modified":"2025-04-08T13:10:44","modified_gmt":"2025-04-08T13:10:44","slug":"dispositivo-medico","status":"publish","type":"page","link":"https:\/\/teora-xr.de\/en\/dispositivo-medico\/?lang=it","title":{"rendered":"Dispositivo medico"},"content":{"rendered":"<p>[et_pb_section fb_built=&#8220;1&#8243; fullwidth=&#8220;on&#8220; _builder_version=&#8220;4.20.4&#8243; _module_preset=&#8220;default&#8220; da_disable_devices=&#8220;off|off|off&#8220; global_colors_info=&#8220;{}&#8220; da_is_popup=&#8220;off&#8220; da_exit_intent=&#8220;off&#8220; da_has_close=&#8220;on&#8220; da_alt_close=&#8220;off&#8220; da_dark_close=&#8220;off&#8220; da_not_modal=&#8220;on&#8220; da_is_singular=&#8220;off&#8220; da_with_loader=&#8220;off&#8220; da_has_shadow=&#8220;on&#8220;][et_pb_fullwidth_image src=&#8220;https:\/\/teora-xr.de\/wp-content\/uploads\/sites\/3\/2025\/04\/Certificazione-dei-dispositivi-medici.png&#8220; alt=&#8220;Certificato di dispositivo medico&#8220; title_text=&#8220;Certificato di dispositivo medico&#8220; _builder_version=&#8220;4.20.4&#8243; _module_preset=&#8220;default&#8220; custom_margin_tablet=&#8220;&#8220; custom_margin_phone=&#8220;80px||50px||false|false&#8220; custom_margin_last_edited=&#8220;on|phone&#8220; global_colors_info=&#8220;{}&#8220;][\/et_pb_fullwidth_image][\/et_pb_section][et_pb_section fb_built=&#8220;1&#8243; _builder_version=&#8220;4.20.4&#8243; _module_preset=&#8220;default&#8220; da_disable_devices=&#8220;off|off|off&#8220; global_colors_info=&#8220;{}&#8220; da_is_popup=&#8220;off&#8220; da_exit_intent=&#8220;off&#8220; da_has_close=&#8220;on&#8220; da_alt_close=&#8220;off&#8220; da_dark_close=&#8220;off&#8220; da_not_modal=&#8220;on&#8220; da_is_singular=&#8220;off&#8220; da_with_loader=&#8220;off&#8220; da_has_shadow=&#8220;on&#8220;][et_pb_row _builder_version=&#8220;4.20.4&#8243; _module_preset=&#8220;default&#8220; global_colors_info=&#8220;{}&#8220;][et_pb_column type=&#8220;4_4&#8243; _builder_version=&#8220;4.20.4&#8243; _module_preset=&#8220;default&#8220; global_colors_info=&#8220;{}&#8220;][et_pb_text _builder_version=&#8220;4.27.4&#8243; _module_preset=&#8220;default&#8220; text_font=&#8220;Manrope||||||||&#8220; text_text_color=&#8220;#001A51&#8243; text_font_size=&#8220;17px&#8220; text_line_height=&#8220;1.9em&#8220; header_font=&#8220;Manrope||||||||&#8220; header_text_align=&#8220;left&#8220; header_text_color=&#8220;#001A51&#8243; header_2_font=&#8220;Manrope|700|||||||&#8220; header_2_font_size=&#8220;22px&#8220; header_2_line_height=&#8220;1.9em&#8220; header_3_font=&#8220;Manrope|700|||||||&#8220; header_3_line_height=&#8220;1.9em&#8220; text_orientation=&#8220;justified&#8220; hover_enabled=&#8220;0&#8243; global_colors_info=&#8220;{}&#8220; sticky_enabled=&#8220;0&#8243;]<\/p>\n<h1 style=\"text-align: left;\">Dispositivi medici certificati di classe IIa secondo MDR<\/h1>\n<p style=\"text-align: justify;\">teora mind \u00e8 un dispositivo medico certificato di Classe IIa in conformit\u00e0 al Regolamento sui Dispositivi Medici (Direttiva 2017\/745), entrato in vigore nel 2021 e applicabile in tutta Europa. La MDR sostituir\u00e0 l&#8217;attuale Direttiva sui Dispositivi Medici (MDD) e mira a migliorare ulteriormente la sicurezza dei pazienti. La Classe IIa comprende i dispositivi medici il cui rischio per i pazienti \u00e8 classificato come basso o medio. Altri esempi di questa classe di rischio sono i misuratori di pressione digitale e gli apparecchi acustici. Sulla base di questa certificazione, teora mind porta il marchio CE (CE 0123).<\/p>\n<p style=\"text-align: justify;\">Se vuoi, puoi scaricare la nostra certificazione MDR dalla nostra area download.<\/p>\n<p>[\/et_pb_text][dsm_button button_one_text=&#8220;Scarica ora&#8220; button_one_url=&#8220;https:\/\/teora-xr.de\/area-download\/?lang=it&#8220; button_one_lightbox_close_color=&#8220;#141453&#8243; button_alignment=&#8220;left&#8220; button_one_hover_animation=&#8220;dsm-grow&#8220; _builder_version=&#8220;4.20.4&#8243; _module_preset=&#8220;default&#8220; separator_text_font=&#8220;Manrope|700|||||||&#8220; separator_text_text_color=&#8220;#001A51&#8243; tooltip_one_font=&#8220;Manrope||||||||&#8220; custom_button_one=&#8220;on&#8220; button_one_text_size=&#8220;17px&#8220; button_one_text_color=&#8220;#001A51&#8243; button_one_border_width=&#8220;2px&#8220; button_one_border_color=&#8220;#001A51&#8243; button_one_border_radius=&#8220;43px&#8220; button_one_font=&#8220;Manrope|700|||||||&#8220; button_one_use_icon=&#8220;off&#8220; transform_scale_linked=&#8220;off&#8220; transform_translate_linked=&#8220;off&#8220; custom_margin=&#8220;6px||-9px||false|false&#8220; custom_padding=&#8220;21px||0px|0px|false|false&#8220; global_colors_info=&#8220;{}&#8220;][\/dsm_button][\/et_pb_column][\/et_pb_row][\/et_pb_section][et_pb_section fb_built=&#8220;1&#8243; _builder_version=&#8220;4.20.4&#8243; _module_preset=&#8220;default&#8220; background_color=&#8220;#dfefff&#8220; da_disable_devices=&#8220;off|off|off&#8220; global_colors_info=&#8220;{}&#8220; da_is_popup=&#8220;off&#8220; da_exit_intent=&#8220;off&#8220; da_has_close=&#8220;on&#8220; da_alt_close=&#8220;off&#8220; da_dark_close=&#8220;off&#8220; da_not_modal=&#8220;on&#8220; da_is_singular=&#8220;off&#8220; da_with_loader=&#8220;off&#8220; da_has_shadow=&#8220;on&#8220;][et_pb_row column_structure=&#8220;1_2,1_2&#8243; _builder_version=&#8220;4.20.4&#8243; _module_preset=&#8220;default&#8220; global_colors_info=&#8220;{}&#8220;][et_pb_column type=&#8220;1_2&#8243; _builder_version=&#8220;4.20.4&#8243; _module_preset=&#8220;default&#8220; global_colors_info=&#8220;{}&#8220;][et_pb_text _builder_version=&#8220;4.27.4&#8243; _module_preset=&#8220;default&#8220; text_font=&#8220;Manrope||||||||&#8220; text_text_color=&#8220;#001A51&#8243; text_font_size=&#8220;17px&#8220; text_line_height=&#8220;1.9em&#8220; header_font=&#8220;Manrope||||||||&#8220; header_text_align=&#8220;left&#8220; header_text_color=&#8220;#001A51&#8243; header_2_font=&#8220;Manrope|700|||||||&#8220; header_2_text_color=&#8220;#001A51&#8243; header_2_font_size=&#8220;22px&#8220; header_2_line_height=&#8220;1.9em&#8220; header_3_font=&#8220;Manrope|700|||||||&#8220; header_3_line_height=&#8220;1.9em&#8220; text_orientation=&#8220;justified&#8220; global_colors_info=&#8220;{}&#8220;]<\/p>\n<h1 style=\"text-align: left;\"><strong>Garanzia di qualit\u00e0 e accreditamento<\/strong><\/h1>\n<p style=\"text-align: justify;\">Per diventare un produttore di dispositivi medici certificato in conformit\u00e0 alla MDR, ogni produttore deve far eseguire una valutazione completa dei prodotti, compresi studi clinici e una valutazione dei rischi. Allo stesso tempo, i prodotti devono essere conformi alle normative vigenti e soddisfare i pi\u00f9 alti requisiti di garanzia della qualit\u00e0. Per garantire questo, applichiamo un sistema di gestione della qualit\u00e0 conforme alla norma DIN EN ISO 13485. Uno standard sviluppato appositamente per le aziende del settore dei dispositivi medici. Il nostro sistema copre tutte le aree dell&#8217;azienda legate allo sviluppo, alla produzione, alla distribuzione e all&#8217;assistenza dei nostri prodotti medicali. Questo non solo ci permette di garantire che i nostri prodotti siano conformi ai requisiti di legge, ma anche di lavorare costantemente per migliorare i nostri servizi.<\/p>\n<p>&nbsp;<\/p>\n<p style=\"text-align: justify;\">Per mantenere la nostra certificazione sono necessari audit regolari da parte di un ente accreditato. I nostri test e le nostre certificazioni sono eseguiti da T\u00dcV S\u00fcd.<\/p>\n<p style=\"text-align: justify;\">Se hai domande sulla nostra certificazione, <a href=\"https:\/\/teora-xr.de\/en\/modulo-di-contatto\/?lang=it\">contattaci<\/a>.<\/p>\n<p>[\/et_pb_text][\/et_pb_column][et_pb_column type=&#8220;1_2&#8243; _builder_version=&#8220;4.20.4&#8243; _module_preset=&#8220;default&#8220; global_colors_info=&#8220;{}&#8220;][et_pb_image src=&#8220;https:\/\/teora-xr.de\/wp-content\/uploads\/sites\/3\/2023\/06\/Frau-geht-Checkliste-durch.png&#8220; alt=&#8220;Una donna esegue una lista di controllo su una cartellina.&#8220; title_text=&#8220;La donna passa attraverso la lista di controllo&#8220; show_bottom_space=&#8220;off&#8220; align_tablet=&#8220;&#8220; align_phone=&#8220;&#8220; align_last_edited=&#8220;on|desktop&#8220; _builder_version=&#8220;4.20.4&#8243; _module_preset=&#8220;default&#8220; max_width=&#8220;60%&#8220; module_alignment=&#8220;center&#8220; custom_padding=&#8220;60px||||false|false&#8220; global_colors_info=&#8220;{}&#8220;][\/et_pb_image][\/et_pb_column][\/et_pb_row][et_pb_row _builder_version=&#8220;4.20.4&#8243; _module_preset=&#8220;default&#8220; custom_margin=&#8220;||70px||false|false&#8220; global_colors_info=&#8220;{}&#8220;][et_pb_column type=&#8220;4_4&#8243; _builder_version=&#8220;4.20.4&#8243; _module_preset=&#8220;default&#8220; global_colors_info=&#8220;{}&#8220;][dsm_button button_one_text=&#8220;Contattaci ora&#8220; button_one_url=&#8220;https:\/\/teora-xr.de\/modulo-di-contatto\/?lang=it&#8220; button_one_lightbox_close_color=&#8220;#141453&#8243; button_alignment=&#8220;left&#8220; button_one_hover_animation=&#8220;dsm-grow&#8220; _builder_version=&#8220;4.20.4&#8243; _module_preset=&#8220;default&#8220; separator_text_font=&#8220;Manrope|700|||||||&#8220; separator_text_text_color=&#8220;#001A51&#8243; tooltip_one_font=&#8220;Manrope||||||||&#8220; custom_button_one=&#8220;on&#8220; button_one_text_size=&#8220;17px&#8220; button_one_text_color=&#8220;#001A51&#8243; button_one_border_width=&#8220;2px&#8220; button_one_border_color=&#8220;#001A51&#8243; button_one_border_radius=&#8220;43px&#8220; button_one_font=&#8220;Manrope|700|||||||&#8220; button_one_use_icon=&#8220;off&#8220; transform_scale_linked=&#8220;off&#8220; transform_translate_linked=&#8220;off&#8220; custom_margin=&#8220;6px||-9px||false|false&#8220; custom_padding=&#8220;21px||0px|0px|false|false&#8220; global_colors_info=&#8220;{}&#8220;][\/dsm_button][\/et_pb_column][\/et_pb_row][\/et_pb_section]<\/p>","protected":false},"excerpt":{"rendered":"<p>Dispositivi medici certificati di classe IIa secondo MDR teora mind \u00e8 un dispositivo medico certificato di Classe IIa in conformit\u00e0 al Regolamento sui Dispositivi Medici (Direttiva 2017\/745), entrato in vigore nel 2021 e applicabile in tutta Europa. La MDR sostituir\u00e0 l&#8217;attuale Direttiva sui Dispositivi Medici (MDD) e mira a migliorare ulteriormente la sicurezza dei pazienti. La Classe IIa comprende i dispositivi medici il cui rischio per i pazienti \u00e8 classificato come basso o medio. Altri esempi di questa classe di rischio sono i misuratori di pressione digitale e gli apparecchi acustici. Sulla base di questa certificazione, teora mind porta il marchio CE (CE 0123). Se vuoi, puoi scaricare la nostra certificazione MDR dalla nostra area download.<div class=\"et_pb_module dsm_button dsm_button_0 et_pb_bg_layout_light\">\n\t\t\t\t\n\t\t\t\t\n\t\t\t\t\n\t\t\t\t\n\t\t\t\t\n\t\t\t\t\n\t\t\t\t<div class=\"et_pb_module_inner\">\n\t\t\t\t\t<div class=\"et_pb_button_module_wrappers dsm_button_0_wrapper et_pb_button_alignment_left et_pb_module\">\n\t\t\t\t<a class=\"et_pb_button et_pb_button_one et_pb_bg_layout_light dsm-grow\"  href=\"https:\/\/teora-xr.de\/en\/area-download\/?lang=it\" data-dsm-lightbox-id=\"dsm_button_one_lightbox dsm_button_0\"><span>Scarica ora<\/span><\/a>\n\t\t\t<\/div>\n\t\t\t\t<\/div>\n\t\t\t<\/div>Garanzia di qualit\u00e0 e accreditamento Per diventare un produttore di dispositivi medici certificato in conformit\u00e0 alla MDR, ogni produttore deve far eseguire una valutazione completa dei prodotti, compresi studi clinici e una valutazione dei rischi. Allo stesso tempo, i prodotti devono essere conformi alle normative vigenti e soddisfare i pi\u00f9 alti requisiti di garanzia della qualit\u00e0. Per garantire questo, applichiamo un [&hellip;]<\/p>","protected":false},"author":1,"featured_media":0,"parent":0,"menu_order":0,"comment_status":"closed","ping_status":"closed","template":"","meta":{"_et_pb_use_builder":"on","_et_pb_old_content":"","_et_gb_content_width":"","om_disable_all_campaigns":false,"_monsterinsights_skip_tracking":false,"_monsterinsights_sitenote_active":false,"_monsterinsights_sitenote_note":"","_monsterinsights_sitenote_category":0,"footnotes":""},"class_list":["post-239911","page","type-page","status-publish","hentry"],"aioseo_notices":[],"_links":{"self":[{"href":"https:\/\/teora-xr.de\/en\/wp-json\/wp\/v2\/pages\/239911","targetHints":{"allow":["GET"]}}],"collection":[{"href":"https:\/\/teora-xr.de\/en\/wp-json\/wp\/v2\/pages"}],"about":[{"href":"https:\/\/teora-xr.de\/en\/wp-json\/wp\/v2\/types\/page"}],"author":[{"embeddable":true,"href":"https:\/\/teora-xr.de\/en\/wp-json\/wp\/v2\/users\/1"}],"replies":[{"embeddable":true,"href":"https:\/\/teora-xr.de\/en\/wp-json\/wp\/v2\/comments?post=239911"}],"version-history":[{"count":10,"href":"https:\/\/teora-xr.de\/en\/wp-json\/wp\/v2\/pages\/239911\/revisions"}],"predecessor-version":[{"id":242299,"href":"https:\/\/teora-xr.de\/en\/wp-json\/wp\/v2\/pages\/239911\/revisions\/242299"}],"wp:attachment":[{"href":"https:\/\/teora-xr.de\/en\/wp-json\/wp\/v2\/media?parent=239911"}],"curies":[{"name":"wp","href":"https:\/\/api.w.org\/{rel}","templated":true}]}}