{"id":239908,"date":"2023-05-10T09:08:01","date_gmt":"2023-05-10T09:08:01","guid":{"rendered":"https:\/\/teora-xr.de\/produit-medical\/"},"modified":"2025-04-08T13:10:43","modified_gmt":"2025-04-08T13:10:43","slug":"produit-medical","status":"publish","type":"page","link":"https:\/\/teora-xr.de\/en\/produit-medical\/?lang=fr","title":{"rendered":"Produit m\u00e9dical"},"content":{"rendered":"<p>[et_pb_section fb_built=&#8220;1&#8243; fullwidth=&#8220;on&#8220; _builder_version=&#8220;4.20.4&#8243; _module_preset=&#8220;default&#8220; da_disable_devices=&#8220;off|off|off&#8220; global_colors_info=&#8220;{}&#8220; da_is_popup=&#8220;off&#8220; da_exit_intent=&#8220;off&#8220; da_has_close=&#8220;on&#8220; da_alt_close=&#8220;off&#8220; da_dark_close=&#8220;off&#8220; da_not_modal=&#8220;on&#8220; da_is_singular=&#8220;off&#8220; da_with_loader=&#8220;off&#8220; da_has_shadow=&#8220;on&#8220;][et_pb_fullwidth_image src=&#8220;https:\/\/teora-xr.de\/wp-content\/uploads\/sites\/3\/2025\/04\/Certification-des-appareils-medicaux.png&#8220; alt=&#8220;Certificat de dispositif m\u00e9dical&#8220; title_text=&#8220;Certificat de dispositif m\u00e9dical&#8220; _builder_version=&#8220;4.20.4&#8243; _module_preset=&#8220;default&#8220; custom_margin_tablet=&#8220;&#8220; custom_margin_phone=&#8220;80px||50px||false|false&#8220; custom_margin_last_edited=&#8220;on|phone&#8220; global_colors_info=&#8220;{}&#8220;][\/et_pb_fullwidth_image][\/et_pb_section][et_pb_section fb_built=&#8220;1&#8243; _builder_version=&#8220;4.20.4&#8243; _module_preset=&#8220;default&#8220; da_disable_devices=&#8220;off|off|off&#8220; global_colors_info=&#8220;{}&#8220; da_is_popup=&#8220;off&#8220; da_exit_intent=&#8220;off&#8220; da_has_close=&#8220;on&#8220; da_alt_close=&#8220;off&#8220; da_dark_close=&#8220;off&#8220; da_not_modal=&#8220;on&#8220; da_is_singular=&#8220;off&#8220; da_with_loader=&#8220;off&#8220; da_has_shadow=&#8220;on&#8220;][et_pb_row _builder_version=&#8220;4.20.4&#8243; _module_preset=&#8220;default&#8220; global_colors_info=&#8220;{}&#8220;][et_pb_column type=&#8220;4_4&#8243; _builder_version=&#8220;4.20.4&#8243; _module_preset=&#8220;default&#8220; global_colors_info=&#8220;{}&#8220;][et_pb_text _builder_version=&#8220;4.27.4&#8243; _module_preset=&#8220;default&#8220; text_font=&#8220;Manrope||||||||&#8220; text_text_color=&#8220;#001A51&#8243; text_font_size=&#8220;17px&#8220; text_line_height=&#8220;1.9em&#8220; header_font=&#8220;Manrope||||||||&#8220; header_text_align=&#8220;left&#8220; header_text_color=&#8220;#001A51&#8243; header_2_font=&#8220;Manrope|700|||||||&#8220; header_2_font_size=&#8220;22px&#8220; header_2_line_height=&#8220;1.9em&#8220; header_3_font=&#8220;Manrope|700|||||||&#8220; header_3_line_height=&#8220;1.9em&#8220; text_orientation=&#8220;justified&#8220; hover_enabled=&#8220;0&#8243; global_colors_info=&#8220;{}&#8220; sticky_enabled=&#8220;0&#8243;]<\/p>\n<h1 style=\"text-align: left;\">Dispositifs m\u00e9dicaux certifi\u00e9s de classe IIa selon MDR<\/h1>\n<p style=\"text-align: justify;\">teora mind est un dispositif m\u00e9dical certifi\u00e9 de classe IIa selon le Medical Device Regulation (directive 2017\/745) qui entrera en vigueur en 2021 et sera valable dans toute l&#8217;Europe. La MDR remplacera \u00e0 l&#8217;avenir la Medical Devices Directive (MDD) en vigueur jusqu&#8217;\u00e0 pr\u00e9sent et devrait permettre d&#8217;am\u00e9liorer encore la s\u00e9curit\u00e9 des patients. La classe IIa comprend les dispositifs m\u00e9dicaux pour lesquels le risque pour les patients est consid\u00e9r\u00e9 comme faible \u00e0 moyen. Les tensiom\u00e8tres num\u00e9riques ou les appareils auditifs sont d&#8217;autres exemples de cette classe de risque. Sur la base de cette certification, teora mind porte le marquage CE (CE 0123).<\/p>\n<p style=\"text-align: justify;\">Si vous le souhaitez, vous pouvez t\u00e9l\u00e9charger notre certification MDR dans notre section de t\u00e9l\u00e9chargement.<\/p>\n<p>[\/et_pb_text][dsm_button button_one_text=&#8220;T\u00e9l\u00e9charger maintenant&#8220; button_one_url=&#8220;https:\/\/teora-xr.de\/zone-de-telechargement\/?lang=fr&#8220; button_one_lightbox_close_color=&#8220;#141453&#8243; button_alignment=&#8220;left&#8220; button_one_hover_animation=&#8220;dsm-grow&#8220; _builder_version=&#8220;4.20.4&#8243; _module_preset=&#8220;default&#8220; separator_text_font=&#8220;Manrope|700|||||||&#8220; separator_text_text_color=&#8220;#001A51&#8243; tooltip_one_font=&#8220;Manrope||||||||&#8220; custom_button_one=&#8220;on&#8220; button_one_text_size=&#8220;17px&#8220; button_one_text_color=&#8220;#001A51&#8243; button_one_border_width=&#8220;2px&#8220; button_one_border_color=&#8220;#001A51&#8243; button_one_border_radius=&#8220;43px&#8220; button_one_font=&#8220;Manrope|700|||||||&#8220; button_one_use_icon=&#8220;off&#8220; transform_scale_linked=&#8220;off&#8220; transform_translate_linked=&#8220;off&#8220; custom_margin=&#8220;6px||-9px||false|false&#8220; custom_padding=&#8220;21px||0px|0px|false|false&#8220; global_colors_info=&#8220;{}&#8220;][\/dsm_button][\/et_pb_column][\/et_pb_row][\/et_pb_section][et_pb_section fb_built=&#8220;1&#8243; _builder_version=&#8220;4.20.4&#8243; _module_preset=&#8220;default&#8220; background_color=&#8220;#dfefff&#8220; da_disable_devices=&#8220;off|off|off&#8220; global_colors_info=&#8220;{}&#8220; da_is_popup=&#8220;off&#8220; da_exit_intent=&#8220;off&#8220; da_has_close=&#8220;on&#8220; da_alt_close=&#8220;off&#8220; da_dark_close=&#8220;off&#8220; da_not_modal=&#8220;on&#8220; da_is_singular=&#8220;off&#8220; da_with_loader=&#8220;off&#8220; da_has_shadow=&#8220;on&#8220;][et_pb_row column_structure=&#8220;1_2,1_2&#8243; _builder_version=&#8220;4.20.4&#8243; _module_preset=&#8220;default&#8220; global_colors_info=&#8220;{}&#8220;][et_pb_column type=&#8220;1_2&#8243; _builder_version=&#8220;4.20.4&#8243; _module_preset=&#8220;default&#8220; global_colors_info=&#8220;{}&#8220;][et_pb_text _builder_version=&#8220;4.27.4&#8243; _module_preset=&#8220;default&#8220; text_font=&#8220;Manrope||||||||&#8220; text_text_color=&#8220;#001A51&#8243; text_font_size=&#8220;17px&#8220; text_line_height=&#8220;1.9em&#8220; header_font=&#8220;Manrope||||||||&#8220; header_text_align=&#8220;left&#8220; header_text_color=&#8220;#001A51&#8243; header_2_font=&#8220;Manrope|700|||||||&#8220; header_2_text_color=&#8220;#001A51&#8243; header_2_font_size=&#8220;22px&#8220; header_2_line_height=&#8220;1.9em&#8220; header_3_font=&#8220;Manrope|700|||||||&#8220; header_3_line_height=&#8220;1.9em&#8220; text_orientation=&#8220;justified&#8220; global_colors_info=&#8220;{}&#8220;]<\/p>\n<h1 style=\"text-align: left;\"><strong>Assurance qualit\u00e9 et accr\u00e9ditation<\/strong><\/h1>\n<p style=\"text-align: justify;\">Pour devenir un fabricant de dispositifs m\u00e9dicaux certifi\u00e9 selon le MDR, chaque fabricant doit faire r\u00e9aliser une \u00e9valuation compl\u00e8te des produits, y compris des \u00e9tudes cliniques et une \u00e9valuation des risques. Parall\u00e8lement, les produits doivent \u00eatre conformes aux r\u00e9glementations en vigueur et r\u00e9pondre aux exigences les plus strictes en mati\u00e8re d&#8217;assurance qualit\u00e9. Pour garantir cela, nous appliquons un syst\u00e8me de gestion de la qualit\u00e9 conforme \u00e0 la norme DIN EN ISO 13485. Une norme sp\u00e9cialement con\u00e7ue pour les entreprises du secteur des dispositifs m\u00e9dicaux. Notre syst\u00e8me couvre tous les domaines de l&#8217;entreprise li\u00e9s au d\u00e9veloppement, \u00e0 la fabrication, \u00e0 la distribution et au service de nos dispositifs m\u00e9dicaux. Cela nous permet non seulement de garantir que nos produits sont conformes aux exigences l\u00e9gales, mais aussi de travailler en permanence \u00e0 l&#8217;am\u00e9lioration de nos prestations.<\/p>\n<p>&nbsp;<\/p>\n<p style=\"text-align: justify;\">Le maintien de notre certification n\u00e9cessite des audits r\u00e9guliers par un organisme accr\u00e9dit\u00e9. Notre audit et notre certification sont effectu\u00e9s par T\u00dcV S\u00fcd.<\/p>\n<p style=\"text-align: justify;\">N&#8217;h\u00e9sitez pas \u00e0 nous <a href=\"https:\/\/teora-xr.de\/en\/formulaire-de-contact\/?lang=fr\">contacter<\/a> si vous avez des questions sur notre certification.<\/p>\n<p>[\/et_pb_text][\/et_pb_column][et_pb_column type=&#8220;1_2&#8243; _builder_version=&#8220;4.20.4&#8243; _module_preset=&#8220;default&#8220; global_colors_info=&#8220;{}&#8220;][et_pb_image src=&#8220;https:\/\/teora-xr.de\/wp-content\/uploads\/sites\/3\/2023\/06\/Frau-geht-Checkliste-durch.png&#8220; alt=&#8220;Une femme consulte une liste de contr\u00f4le sur un presse-papiers&#8220; title_text=&#8220;Une femme consulte une check-list&#8220; show_bottom_space=&#8220;off&#8220; align_tablet=&#8220;&#8220; align_phone=&#8220;&#8220; align_last_edited=&#8220;on|desktop&#8220; _builder_version=&#8220;4.20.4&#8243; _module_preset=&#8220;default&#8220; max_width=&#8220;60%&#8220; module_alignment=&#8220;center&#8220; custom_padding=&#8220;60px||||false|false&#8220; global_colors_info=&#8220;{}&#8220;][\/et_pb_image][\/et_pb_column][\/et_pb_row][et_pb_row _builder_version=&#8220;4.20.4&#8243; _module_preset=&#8220;default&#8220; custom_margin=&#8220;||70px||false|false&#8220; global_colors_info=&#8220;{}&#8220;][et_pb_column type=&#8220;4_4&#8243; _builder_version=&#8220;4.20.4&#8243; _module_preset=&#8220;default&#8220; global_colors_info=&#8220;{}&#8220;][dsm_button button_one_text=&#8220;Contacter maintenant&#8220; button_one_url=&#8220;https:\/\/teora-xr.de\/formulaire-de-contact\/?lang=fr&#8220; button_one_lightbox_close_color=&#8220;#141453&#8243; button_alignment=&#8220;left&#8220; button_one_hover_animation=&#8220;dsm-grow&#8220; _builder_version=&#8220;4.20.4&#8243; _module_preset=&#8220;default&#8220; separator_text_font=&#8220;Manrope|700|||||||&#8220; separator_text_text_color=&#8220;#001A51&#8243; tooltip_one_font=&#8220;Manrope||||||||&#8220; custom_button_one=&#8220;on&#8220; button_one_text_size=&#8220;17px&#8220; button_one_text_color=&#8220;#001A51&#8243; button_one_border_width=&#8220;2px&#8220; button_one_border_color=&#8220;#001A51&#8243; button_one_border_radius=&#8220;43px&#8220; button_one_font=&#8220;Manrope|700|||||||&#8220; button_one_use_icon=&#8220;off&#8220; transform_scale_linked=&#8220;off&#8220; transform_translate_linked=&#8220;off&#8220; custom_margin=&#8220;6px||-9px||false|false&#8220; custom_padding=&#8220;21px||0px|0px|false|false&#8220; global_colors_info=&#8220;{}&#8220;][\/dsm_button][\/et_pb_column][\/et_pb_row][\/et_pb_section]<\/p>","protected":false},"excerpt":{"rendered":"<p>Dispositifs m\u00e9dicaux certifi\u00e9s de classe IIa selon MDR teora mind est un dispositif m\u00e9dical certifi\u00e9 de classe IIa selon le Medical Device Regulation (directive 2017\/745) qui entrera en vigueur en 2021 et sera valable dans toute l&#8217;Europe. La MDR remplacera \u00e0 l&#8217;avenir la Medical Devices Directive (MDD) en vigueur jusqu&#8217;\u00e0 pr\u00e9sent et devrait permettre d&#8217;am\u00e9liorer encore la s\u00e9curit\u00e9 des patients. La classe IIa comprend les dispositifs m\u00e9dicaux pour lesquels le risque pour les patients est consid\u00e9r\u00e9 comme faible \u00e0 moyen. Les tensiom\u00e8tres num\u00e9riques ou les appareils auditifs sont d&#8217;autres exemples de cette classe de risque. Sur la base de cette certification, teora mind porte le marquage CE (CE 0123). Si vous le souhaitez, vous pouvez t\u00e9l\u00e9charger notre certification MDR dans notre section de t\u00e9l\u00e9chargement.<div class=\"et_pb_module dsm_button dsm_button_0 et_pb_bg_layout_light\">\n\t\t\t\t\n\t\t\t\t\n\t\t\t\t\n\t\t\t\t\n\t\t\t\t\n\t\t\t\t\n\t\t\t\t<div class=\"et_pb_module_inner\">\n\t\t\t\t\t<div class=\"et_pb_button_module_wrappers dsm_button_0_wrapper et_pb_button_alignment_left et_pb_module\">\n\t\t\t\t<a class=\"et_pb_button et_pb_button_one et_pb_bg_layout_light dsm-grow\"  href=\"https:\/\/teora-xr.de\/en\/zone-de-telechargement\/?lang=fr\" data-dsm-lightbox-id=\"dsm_button_one_lightbox dsm_button_0\"><span>T\u00e9l\u00e9charger maintenant<\/span><\/a>\n\t\t\t<\/div>\n\t\t\t\t<\/div>\n\t\t\t<\/div>Assurance qualit\u00e9 et accr\u00e9ditation Pour devenir un fabricant de dispositifs m\u00e9dicaux certifi\u00e9 selon le MDR, chaque fabricant doit faire r\u00e9aliser une \u00e9valuation compl\u00e8te des produits, y compris des \u00e9tudes cliniques et une \u00e9valuation des risques. Parall\u00e8lement, les produits doivent \u00eatre conformes aux r\u00e9glementations en vigueur et r\u00e9pondre aux exigences les plus strictes en [&hellip;]<\/p>","protected":false},"author":1,"featured_media":0,"parent":0,"menu_order":0,"comment_status":"closed","ping_status":"closed","template":"","meta":{"_et_pb_use_builder":"on","_et_pb_old_content":"","_et_gb_content_width":"","om_disable_all_campaigns":false,"_monsterinsights_skip_tracking":false,"_monsterinsights_sitenote_active":false,"_monsterinsights_sitenote_note":"","_monsterinsights_sitenote_category":0,"footnotes":""},"class_list":["post-239908","page","type-page","status-publish","hentry"],"aioseo_notices":[],"_links":{"self":[{"href":"https:\/\/teora-xr.de\/en\/wp-json\/wp\/v2\/pages\/239908","targetHints":{"allow":["GET"]}}],"collection":[{"href":"https:\/\/teora-xr.de\/en\/wp-json\/wp\/v2\/pages"}],"about":[{"href":"https:\/\/teora-xr.de\/en\/wp-json\/wp\/v2\/types\/page"}],"author":[{"embeddable":true,"href":"https:\/\/teora-xr.de\/en\/wp-json\/wp\/v2\/users\/1"}],"replies":[{"embeddable":true,"href":"https:\/\/teora-xr.de\/en\/wp-json\/wp\/v2\/comments?post=239908"}],"version-history":[{"count":10,"href":"https:\/\/teora-xr.de\/en\/wp-json\/wp\/v2\/pages\/239908\/revisions"}],"predecessor-version":[{"id":242298,"href":"https:\/\/teora-xr.de\/en\/wp-json\/wp\/v2\/pages\/239908\/revisions\/242298"}],"wp:attachment":[{"href":"https:\/\/teora-xr.de\/en\/wp-json\/wp\/v2\/media?parent=239908"}],"curies":[{"name":"wp","href":"https:\/\/api.w.org\/{rel}","templated":true}]}}