{"id":239903,"date":"2023-05-10T09:07:29","date_gmt":"2023-05-10T09:07:29","guid":{"rendered":"https:\/\/teora-xr.de\/plasticite-neuronale\/"},"modified":"2025-02-06T12:32:42","modified_gmt":"2025-02-06T12:32:42","slug":"plasticite-neuronale","status":"publish","type":"page","link":"https:\/\/teora-xr.de\/en\/plasticite-neuronale\/?lang=fr","title":{"rendered":"Plasticit\u00e9 neuronale"},"content":{"rendered":"<p>[et_pb_section fb_built=&#8220;1&#8243; fullwidth=&#8220;on&#8220; _builder_version=&#8220;4.20.4&#8243; _module_preset=&#8220;default&#8220; global_colors_info=&#8220;{}&#8220;][et_pb_fullwidth_image src=&#8220;https:\/\/teora-xr.de\/wp-content\/uploads\/sites\/3\/2025\/02\/plasticita-neuronale.png&#8220; alt=&#8220;R\u00e9seau autoroutier ramifi\u00e9&#8220; title_text=&#8220;plasticit\u00e9_neuronale_r\u00e9seau_autoroutier&#8220; _builder_version=&#8220;4.20.4&#8243; _module_preset=&#8220;default&#8220; custom_margin_tablet=&#8220;&#8220; custom_margin_phone=&#8220;80px||50px||false|false&#8220; custom_margin_last_edited=&#8220;on|phone&#8220; hover_enabled=&#8220;0&#8243; global_colors_info=&#8220;{}&#8220; sticky_enabled=&#8220;0&#8243;][\/et_pb_fullwidth_image][\/et_pb_section][et_pb_section fb_built=&#8220;1&#8243; _builder_version=&#8220;4.20.4&#8243; _module_preset=&#8220;default&#8220; global_colors_info=&#8220;{}&#8220;][et_pb_row _builder_version=&#8220;4.20.4&#8243; _module_preset=&#8220;default&#8220; global_colors_info=&#8220;{}&#8220;][et_pb_column type=&#8220;4_4&#8243; _builder_version=&#8220;4.20.4&#8243; _module_preset=&#8220;default&#8220; global_colors_info=&#8220;{}&#8220;][et_pb_blurb title=&#8220;Plasticit\u00e9 neuronale &#8212; Le cerveau en constante \u00e9volution&#8220; content_max_width=&#8220;100%&#8220; _builder_version=&#8220;4.24.2&#8243; _module_preset=&#8220;default&#8220; header_level=&#8220;h1&#8243; header_font=&#8220;Manrope|700|||||||&#8220; header_text_color=&#8220;#001A51&#8243; header_font_size=&#8220;22px&#8220; header_line_height=&#8220;1.9em&#8220; body_font=&#8220;Manrope||||||||&#8220; body_text_align=&#8220;justify&#8220; body_text_color=&#8220;#001A51&#8243; body_font_size=&#8220;17px&#8220; body_line_height=&#8220;1.9em&#8220; text_orientation=&#8220;justified&#8220; width=&#8220;100%&#8220; max_width=&#8220;100%&#8220; hover_enabled=&#8220;0&#8243; global_colors_info=&#8220;{}&#8220; sticky_enabled=&#8220;0&#8243;]<\/p>\n<p style=\"text-align: justify;\"><span style=\"font-style: normal; font-weight: 400; letter-spacing: normal; text-align: start; text-indent: 0px; text-transform: none; text-decoration: none; color: #000000;\" data-metadata=\"&lt;encoded_tag_open \/&gt;!--(figmeta)eyJmaWxlS2V5IjoiR3Z6QnJGdU1DaHdENThxb3doZFh2cyIsInBhc3RlSUQiOjExMjU0OTU0NzEsImRhdGFUeXBlIjoic2NlbmUifQo=(\/figmeta)--&lt;encoded_tag_closed \/&gt;\"><span style=\"color: #003366;\">Notre cerveau est vivant et en constante \u00e9volution. Les cellules nerveuses \u00e9tablissent de nouvelles connexions et s&#8217;\u00e9tendent. Les stimuli internes et externes cr\u00e9ent de nouvelles connexions entre les cellules nerveuses dans le cerveau, les renforcent en les r\u00e9p\u00e9tant ou les affaiblissent si elles ne sont pas &#8222;utilis\u00e9es&#8220;. En cons\u00e9quence, des zones enti\u00e8res du cerveau peuvent se modifier et s&#8217;adapter ainsi aux exigences du moment. La plasticit\u00e9 neuronale d\u00e9crit cette capacit\u00e9 du syst\u00e8me nerveux \u00e0 se modifier tout au long de la vie. Le cerveau est donc un peu comme une plante qui peut cro\u00eetre, se r\u00e9g\u00e9n\u00e9rer et se transformer.<\/span><\/span><\/p>\n<p>[\/et_pb_blurb][\/et_pb_column][\/et_pb_row][\/et_pb_section][et_pb_section fb_built=&#8220;1&#8243; _builder_version=&#8220;4.20.4&#8243; _module_preset=&#8220;default&#8220; background_color=&#8220;#dfefff&#8220; global_colors_info=&#8220;{}&#8220;][et_pb_row column_structure=&#8220;1_2,1_2&#8243; _builder_version=&#8220;4.20.4&#8243; _module_preset=&#8220;default&#8220; global_colors_info=&#8220;{}&#8220;][et_pb_column type=&#8220;1_2&#8243; _builder_version=&#8220;4.20.4&#8243; _module_preset=&#8220;default&#8220; global_colors_info=&#8220;{}&#8220;][et_pb_blurb title=&#8220;La plasticit\u00e9 neuronale \u00e0 la base de l&#039;apprentissage&#8220; _builder_version=&#8220;4.24.2&#8243; _module_preset=&#8220;default&#8220; header_level=&#8220;h2&#8243; header_font=&#8220;Manrope|700|||||||&#8220; header_text_align=&#8220;left&#8220; header_text_color=&#8220;#001A51&#8243; header_font_size=&#8220;22px&#8220; header_line_height=&#8220;1.9em&#8220; body_font=&#8220;Manrope||||||||&#8220; body_text_align=&#8220;justify&#8220; body_text_color=&#8220;#001A51&#8243; body_font_size=&#8220;17px&#8220; body_line_height=&#8220;1.9em&#8220; background_enable_color=&#8220;off&#8220; hover_enabled=&#8220;0&#8243; global_colors_info=&#8220;{}&#8220; sticky_enabled=&#8220;0&#8243;]<\/p>\n<p>La plasticit\u00e9 neuronale et l&#8217;apprentissage sont \u00e9troitement li\u00e9s. Tous les processus d&#8217;apprentissage des personnes en bonne sant\u00e9 et des personnes malades sont bas\u00e9s sur ce principe. En effet, l&#8217;apprentissage consiste essentiellement \u00e0 acqu\u00e9rir de nouvelles informations ou comp\u00e9tences qui seront ensuite stock\u00e9es dans la m\u00e9moire et pourront \u00eatre r\u00e9cup\u00e9r\u00e9es ult\u00e9rieurement. C&#8217;est pr\u00e9cis\u00e9ment cette capacit\u00e9 de notre cerveau \u00e0 \u00e9tablir et \u00e0 maintenir de nouvelles connexions qui entre en jeu.<\/p>\n<p>[\/et_pb_blurb][\/et_pb_column][et_pb_column type=&#8220;1_2&#8243; _builder_version=&#8220;4.20.4&#8243; _module_preset=&#8220;default&#8220; global_colors_info=&#8220;{}&#8220;][et_pb_image src=&#8220;https:\/\/teora-xr.de\/wp-content\/uploads\/sites\/3\/2023\/05\/neuronal-lernen.png&#8220; title_text=&#8220;apprentissage neuronal&#8220; align=&#8220;center&#8220; _builder_version=&#8220;4.20.4&#8243; _module_preset=&#8220;default&#8220; global_colors_info=&#8220;{}&#8220;][\/et_pb_image][\/et_pb_column][\/et_pb_row][\/et_pb_section][et_pb_section fb_built=&#8220;1&#8243; _builder_version=&#8220;4.20.4&#8243; _module_preset=&#8220;default&#8220; global_colors_info=&#8220;{}&#8220;][et_pb_row _builder_version=&#8220;4.20.4&#8243; _module_preset=&#8220;default&#8220; global_colors_info=&#8220;{}&#8220;][et_pb_column type=&#8220;4_4&#8243; _builder_version=&#8220;4.20.4&#8243; _module_preset=&#8220;default&#8220; global_colors_info=&#8220;{}&#8220;][et_pb_blurb title=&#8220;La plasticit\u00e9 neuronale dans la r\u00e9\u00e9ducation&#8220; content_max_width=&#8220;100%&#8220; _builder_version=&#8220;4.24.2&#8243; _module_preset=&#8220;default&#8220; header_level=&#8220;h2&#8243; header_font=&#8220;Manrope|700|||||||&#8220; header_text_color=&#8220;#001A51&#8243; header_font_size=&#8220;22px&#8220; header_line_height=&#8220;1.9em&#8220; body_font=&#8220;Manrope||||||||&#8220; body_text_align=&#8220;justify&#8220; body_text_color=&#8220;#001A51&#8243; body_font_size=&#8220;17px&#8220; body_line_height=&#8220;1.9em&#8220; text_orientation=&#8220;justified&#8220; width=&#8220;100%&#8220; max_width=&#8220;100%&#8220; hover_enabled=&#8220;0&#8243; global_colors_info=&#8220;{}&#8220; sticky_enabled=&#8220;0&#8243;]<\/p>\n<p>Ce qui est vrai pour l&#8217;apprentissage de nouvelles connaissances ou de nouvelles comp\u00e9tences l&#8217;est tout autant pour le r\u00e9apprentissage de comp\u00e9tences perdues. La plasticit\u00e9 neuronale est \u00e9galement \u00e0 la base de ce processus. Apr\u00e8s une blessure au cerveau, le syst\u00e8me nerveux est m\u00eame particuli\u00e8rement mall\u00e9able pendant un certain temps. Dans cette phase critique, la formation est fondamentale.<\/p>\n<p>[\/et_pb_blurb][\/et_pb_column][\/et_pb_row][\/et_pb_section][et_pb_section fb_built=&#8220;1&#8243; _builder_version=&#8220;4.20.4&#8243; _module_preset=&#8220;default&#8220; background_color=&#8220;#dfefff&#8220; global_colors_info=&#8220;{}&#8220;][et_pb_row _builder_version=&#8220;4.20.4&#8243; _module_preset=&#8220;default&#8220; custom_margin=&#8220;||70px||false|false&#8220; global_colors_info=&#8220;{}&#8220;][et_pb_column type=&#8220;4_4&#8243; _builder_version=&#8220;4.20.4&#8243; _module_preset=&#8220;default&#8220; global_colors_info=&#8220;{}&#8220;][et_pb_blurb title=&#8220;La plasticit\u00e9 neuronale \u00e0 la base de nos produits&#8220; content_max_width=&#8220;100%&#8220; _builder_version=&#8220;4.24.2&#8243; _module_preset=&#8220;default&#8220; header_level=&#8220;h2&#8243; header_font=&#8220;Manrope|700|||||||&#8220; header_text_color=&#8220;#001A51&#8243; header_font_size=&#8220;22px&#8220; header_line_height=&#8220;1.9em&#8220; body_font=&#8220;Manrope||||||||&#8220; body_text_align=&#8220;justify&#8220; body_text_color=&#8220;#001A51&#8243; body_font_size=&#8220;17px&#8220; body_line_height=&#8220;1.9em&#8220; text_orientation=&#8220;justified&#8220; width=&#8220;100%&#8220; max_width=&#8220;100%&#8220; hover_enabled=&#8220;0&#8243; global_colors_info=&#8220;{}&#8220; sticky_enabled=&#8220;0&#8243;]<\/p>\n<p>C&#8217;est l\u00e0 que nous intervenons avec notre produit teora mind. Nous stimulons les zones c\u00e9r\u00e9brales d&#8217;une mani\u00e8re qui vise \u00e0 stimuler la plasticit\u00e9 du cerveau et \u00e0 restaurer les capacit\u00e9s perdues. Nous aidons ainsi le cerveau \u00e0 se gu\u00e9rir lui-m\u00eame.<\/p>\n<p>[\/et_pb_blurb][\/et_pb_column][\/et_pb_row][\/et_pb_section]<\/p>","protected":false},"excerpt":{"rendered":"<p>Notre cerveau est vivant et en constante \u00e9volution. Les cellules nerveuses \u00e9tablissent de nouvelles connexions et s&#8217;\u00e9tendent. Les stimuli internes et externes cr\u00e9ent de nouvelles connexions entre les cellules nerveuses dans le cerveau, les renforcent en les r\u00e9p\u00e9tant ou les affaiblissent si elles ne sont pas &#8222;utilis\u00e9es&#8220;. En cons\u00e9quence, des zones enti\u00e8res du cerveau peuvent se modifier et s&#8217;adapter ainsi aux exigences du moment. La plasticit\u00e9 neuronale d\u00e9crit cette capacit\u00e9 du syst\u00e8me nerveux \u00e0 se modifier tout au long de la vie. Le cerveau est donc un peu comme une plante qui peut cro\u00eetre, se r\u00e9g\u00e9n\u00e9rer et se transformer.La plasticit\u00e9 neuronale et l&#8217;apprentissage sont \u00e9troitement li\u00e9s. Tous les processus d&#8217;apprentissage des personnes en bonne sant\u00e9 et des personnes malades sont bas\u00e9s sur ce principe. En effet, l&#8217;apprentissage consiste essentiellement \u00e0 acqu\u00e9rir de nouvelles informations ou comp\u00e9tences qui seront ensuite stock\u00e9es dans la m\u00e9moire et pourront \u00eatre r\u00e9cup\u00e9r\u00e9es ult\u00e9rieurement. C&#8217;est pr\u00e9cis\u00e9ment cette capacit\u00e9 de notre cerveau \u00e0 \u00e9tablir et \u00e0 maintenir de nouvelles connexions qui entre en jeu.Ce qui est vrai pour l&#8217;apprentissage de nouvelles connaissances ou de nouvelles comp\u00e9tences l&#8217;est tout autant pour le r\u00e9apprentissage de comp\u00e9tences perdues. La plasticit\u00e9 neuronale est \u00e9galement \u00e0 la base de ce processus. Apr\u00e8s [&hellip;]<\/p>","protected":false},"author":1,"featured_media":0,"parent":0,"menu_order":0,"comment_status":"closed","ping_status":"closed","template":"","meta":{"_et_pb_use_builder":"on","_et_pb_old_content":"","_et_gb_content_width":"","om_disable_all_campaigns":false,"_monsterinsights_skip_tracking":false,"_monsterinsights_sitenote_active":false,"_monsterinsights_sitenote_note":"","_monsterinsights_sitenote_category":0,"footnotes":""},"class_list":["post-239903","page","type-page","status-publish","hentry"],"aioseo_notices":[],"_links":{"self":[{"href":"https:\/\/teora-xr.de\/en\/wp-json\/wp\/v2\/pages\/239903","targetHints":{"allow":["GET"]}}],"collection":[{"href":"https:\/\/teora-xr.de\/en\/wp-json\/wp\/v2\/pages"}],"about":[{"href":"https:\/\/teora-xr.de\/en\/wp-json\/wp\/v2\/types\/page"}],"author":[{"embeddable":true,"href":"https:\/\/teora-xr.de\/en\/wp-json\/wp\/v2\/users\/1"}],"replies":[{"embeddable":true,"href":"https:\/\/teora-xr.de\/en\/wp-json\/wp\/v2\/comments?post=239903"}],"version-history":[{"count":6,"href":"https:\/\/teora-xr.de\/en\/wp-json\/wp\/v2\/pages\/239903\/revisions"}],"predecessor-version":[{"id":241388,"href":"https:\/\/teora-xr.de\/en\/wp-json\/wp\/v2\/pages\/239903\/revisions\/241388"}],"wp:attachment":[{"href":"https:\/\/teora-xr.de\/en\/wp-json\/wp\/v2\/media?parent=239903"}],"curies":[{"name":"wp","href":"https:\/\/api.w.org\/{rel}","templated":true}]}}