{"id":239900,"date":"2023-05-10T09:07:29","date_gmt":"2023-05-10T09:07:29","guid":{"rendered":"https:\/\/teora-xr.de\/plasticita-neuronale\/"},"modified":"2024-07-24T16:48:39","modified_gmt":"2024-07-24T16:48:39","slug":"plasticita-neuronale","status":"publish","type":"page","link":"https:\/\/teora-xr.de\/en\/plasticita-neuronale\/?lang=it","title":{"rendered":"Plasticit\u00e0 neuronale"},"content":{"rendered":"<p>[et_pb_section fb_built=&#8220;1&#8243; fullwidth=&#8220;on&#8220; _builder_version=&#8220;4.20.4&#8243; _module_preset=&#8220;default&#8220; da_disable_devices=&#8220;off|off|off&#8220; global_colors_info=&#8220;{}&#8220; da_is_popup=&#8220;off&#8220; da_exit_intent=&#8220;off&#8220; da_has_close=&#8220;on&#8220; da_alt_close=&#8220;off&#8220; da_dark_close=&#8220;off&#8220; da_not_modal=&#8220;on&#8220; da_is_singular=&#8220;off&#8220; da_with_loader=&#8220;off&#8220; da_has_shadow=&#8220;on&#8220;][et_pb_fullwidth_image src=&#8220;https:\/\/teora-xr.de\/wp-content\/uploads\/sites\/3\/2024\/07\/plasticita_neuronale_IT.png&#8220; alt=&#8220;Rete autostradale ramificata&#8220; title_text=&#8220;plasticita_neuronale_IT&#8220; _builder_version=&#8220;4.27.0&#8243; _module_preset=&#8220;default&#8220; custom_margin=&#8220;70px||||false|false&#8220; custom_margin_tablet=&#8220;&#8220; custom_margin_phone=&#8220;80px||50px||false|false&#8220; custom_margin_last_edited=&#8220;on|phone&#8220; hover_enabled=&#8220;0&#8243; global_colors_info=&#8220;{}&#8220; sticky_enabled=&#8220;0&#8243;][\/et_pb_fullwidth_image][\/et_pb_section][et_pb_section fb_built=&#8220;1&#8243; _builder_version=&#8220;4.20.4&#8243; _module_preset=&#8220;default&#8220; da_disable_devices=&#8220;off|off|off&#8220; global_colors_info=&#8220;{}&#8220; da_is_popup=&#8220;off&#8220; da_exit_intent=&#8220;off&#8220; da_has_close=&#8220;on&#8220; da_alt_close=&#8220;off&#8220; da_dark_close=&#8220;off&#8220; da_not_modal=&#8220;on&#8220; da_is_singular=&#8220;off&#8220; da_with_loader=&#8220;off&#8220; da_has_shadow=&#8220;on&#8220;][et_pb_row _builder_version=&#8220;4.20.4&#8243; _module_preset=&#8220;default&#8220; global_colors_info=&#8220;{}&#8220;][et_pb_column type=&#8220;4_4&#8243; _builder_version=&#8220;4.20.4&#8243; _module_preset=&#8220;default&#8220; global_colors_info=&#8220;{}&#8220;][et_pb_blurb title=&#8220;Plasticit\u00e0 neuronale: il cervello in continuo cambiamento&#8220; content_max_width=&#8220;100%&#8220; _builder_version=&#8220;4.24.2&#8243; _module_preset=&#8220;default&#8220; header_level=&#8220;h1&#8243; header_font=&#8220;Manrope|700|||||||&#8220; header_text_color=&#8220;#001A51&#8243; header_font_size=&#8220;22px&#8220; header_line_height=&#8220;1.9em&#8220; body_font=&#8220;Manrope||||||||&#8220; body_text_align=&#8220;justify&#8220; body_text_color=&#8220;#001A51&#8243; body_font_size=&#8220;17px&#8220; body_line_height=&#8220;1.9em&#8220; text_orientation=&#8220;justified&#8220; width=&#8220;100%&#8220; max_width=&#8220;100%&#8220; global_colors_info=&#8220;{}&#8220;]<\/p>\n<p style=\"text-align: justify;\"><span style=\"font-style: normal; font-weight: 400; letter-spacing: normal; text-align: start; text-indent: 0px; text-transform: none; text-decoration: none; color: #000000;\" data-metadata=\"&lt;encoded_tag_open \/&gt;!--(figmeta)eyJmaWxlS2V5IjoiR3Z6QnJGdU1DaHdENThxb3doZFh2cyIsInBhc3RlSUQiOjExMjU0OTU0NzEsImRhdGFUeXBlIjoic2NlbmUifQo=(\/figmeta)--&lt;encoded_tag_closed \/&gt;\"><span style=\"color: #003366;\">Il nostro cervello \u00e8 vivo e in continua evoluzione. Le cellule nervose creano nuove connessioni e si espandono. Gli stimoli interni ed esterni creano nuove connessioni tra le cellule nervose del cervello, che vengono rafforzate dalla ripetizione o indebolite dal &#8222;non uso&#8220;. Di conseguenza, intere aree del cervello possono cambiare e adattarsi alle rispettive esigenze. La plasticit\u00e0 neuronale descrive questa mutevolezza del sistema nervoso che dura tutta la vita. Il cervello \u00e8 quindi un po&#8216; come una pianta che pu\u00f2 crescere, rigenerarsi e cambiare.<\/span><\/span><\/p>\n<p>[\/et_pb_blurb][\/et_pb_column][\/et_pb_row][\/et_pb_section][et_pb_section fb_built=&#8220;1&#8243; _builder_version=&#8220;4.20.4&#8243; _module_preset=&#8220;default&#8220; background_color=&#8220;#dfefff&#8220; da_disable_devices=&#8220;off|off|off&#8220; global_colors_info=&#8220;{}&#8220; da_is_popup=&#8220;off&#8220; da_exit_intent=&#8220;off&#8220; da_has_close=&#8220;on&#8220; da_alt_close=&#8220;off&#8220; da_dark_close=&#8220;off&#8220; da_not_modal=&#8220;on&#8220; da_is_singular=&#8220;off&#8220; da_with_loader=&#8220;off&#8220; da_has_shadow=&#8220;on&#8220;][et_pb_row column_structure=&#8220;1_2,1_2&#8243; _builder_version=&#8220;4.20.4&#8243; _module_preset=&#8220;default&#8220; global_colors_info=&#8220;{}&#8220;][et_pb_column type=&#8220;1_2&#8243; _builder_version=&#8220;4.20.4&#8243; _module_preset=&#8220;default&#8220; global_colors_info=&#8220;{}&#8220;][et_pb_blurb title=&#8220;La plasticit\u00e0 neuronale come base dell&#8217;apprendimento&#8220; _builder_version=&#8220;4.24.2&#8243; _module_preset=&#8220;default&#8220; header_level=&#8220;h2&#8243; header_font=&#8220;Manrope|700|||||||&#8220; header_text_align=&#8220;left&#8220; header_text_color=&#8220;#001A51&#8243; header_font_size=&#8220;22px&#8220; header_line_height=&#8220;1.9em&#8220; body_font=&#8220;Manrope||||||||&#8220; body_text_align=&#8220;justify&#8220; body_text_color=&#8220;#001A51&#8243; body_font_size=&#8220;17px&#8220; body_line_height=&#8220;1.9em&#8220; background_enable_color=&#8220;off&#8220; global_colors_info=&#8220;{}&#8220;]<\/p>\n<p>La plasticit\u00e0 neuronale e l&#8217;apprendimento sono strettamente legati. Tutti i processi di apprendimento delle persone sane e malate si basano su questo principio. Questo perch\u00e9 l&#8217;apprendimento consiste essenzialmente nell&#8217;acquisizione di nuove informazioni o abilit\u00e0 che possono essere immagazzinate nella memoria e richiamate in seguito. \u00c8 proprio questa capacit\u00e0 del nostro cervello di creare e mantenere nuove connessioni che entra in gioco.<\/p>\n<p>[\/et_pb_blurb][\/et_pb_column][et_pb_column type=&#8220;1_2&#8243; _builder_version=&#8220;4.20.4&#8243; _module_preset=&#8220;default&#8220; global_colors_info=&#8220;{}&#8220;][et_pb_image src=&#8220;https:\/\/teora-xr.de\/wp-content\/uploads\/sites\/3\/2023\/05\/neuronal-lernen.png&#8220; title_text=&#8220;apprendimento neurale&#8220; align=&#8220;center&#8220; _builder_version=&#8220;4.20.4&#8243; _module_preset=&#8220;default&#8220; global_colors_info=&#8220;{}&#8220;][\/et_pb_image][\/et_pb_column][\/et_pb_row][\/et_pb_section][et_pb_section fb_built=&#8220;1&#8243; _builder_version=&#8220;4.20.4&#8243; _module_preset=&#8220;default&#8220; da_disable_devices=&#8220;off|off|off&#8220; global_colors_info=&#8220;{}&#8220; da_is_popup=&#8220;off&#8220; da_exit_intent=&#8220;off&#8220; da_has_close=&#8220;on&#8220; da_alt_close=&#8220;off&#8220; da_dark_close=&#8220;off&#8220; da_not_modal=&#8220;on&#8220; da_is_singular=&#8220;off&#8220; da_with_loader=&#8220;off&#8220; da_has_shadow=&#8220;on&#8220;][et_pb_row _builder_version=&#8220;4.20.4&#8243; _module_preset=&#8220;default&#8220; global_colors_info=&#8220;{}&#8220;][et_pb_column type=&#8220;4_4&#8243; _builder_version=&#8220;4.20.4&#8243; _module_preset=&#8220;default&#8220; global_colors_info=&#8220;{}&#8220;][et_pb_blurb title=&#8220;Plasticit\u00e0 neuronale nella riabilitazione&#8220; content_max_width=&#8220;100%&#8220; _builder_version=&#8220;4.24.2&#8243; _module_preset=&#8220;default&#8220; header_level=&#8220;h2&#8243; header_font=&#8220;Manrope|700|||||||&#8220; header_text_color=&#8220;#001A51&#8243; header_font_size=&#8220;22px&#8220; header_line_height=&#8220;1.9em&#8220; body_font=&#8220;Manrope||||||||&#8220; body_text_align=&#8220;justify&#8220; body_text_color=&#8220;#001A51&#8243; body_font_size=&#8220;17px&#8220; body_line_height=&#8220;1.9em&#8220; text_orientation=&#8220;justified&#8220; width=&#8220;100%&#8220; max_width=&#8220;100%&#8220; global_colors_info=&#8220;{}&#8220;]<\/p>\n<p>Ci\u00f2 che vale per l&#8217;apprendimento di nuove conoscenze o nuove abilit\u00e0 vale anche per il riapprendimento di abilit\u00e0 perdute. Anche la plasticit\u00e0 neuronale \u00e8 alla base di questo fenomeno. Dopo una lesione al cervello, il sistema nervoso \u00e8 anche particolarmente malleabile per un po&#8216;. La formazione \u00e8 fondamentale in questa fase critica.<\/p>\n<p>[\/et_pb_blurb][\/et_pb_column][\/et_pb_row][\/et_pb_section][et_pb_section fb_built=&#8220;1&#8243; _builder_version=&#8220;4.20.4&#8243; _module_preset=&#8220;default&#8220; background_color=&#8220;#dfefff&#8220; da_disable_devices=&#8220;off|off|off&#8220; global_colors_info=&#8220;{}&#8220; da_is_popup=&#8220;off&#8220; da_exit_intent=&#8220;off&#8220; da_has_close=&#8220;on&#8220; da_alt_close=&#8220;off&#8220; da_dark_close=&#8220;off&#8220; da_not_modal=&#8220;on&#8220; da_is_singular=&#8220;off&#8220; da_with_loader=&#8220;off&#8220; da_has_shadow=&#8220;on&#8220;][et_pb_row _builder_version=&#8220;4.20.4&#8243; _module_preset=&#8220;default&#8220; custom_margin=&#8220;||70px||false|false&#8220; global_colors_info=&#8220;{}&#8220;][et_pb_column type=&#8220;4_4&#8243; _builder_version=&#8220;4.20.4&#8243; _module_preset=&#8220;default&#8220; global_colors_info=&#8220;{}&#8220;][et_pb_blurb title=&#8220;La plasticit\u00e0 neuronale come base dei nostri prodotti&#8220; content_max_width=&#8220;100%&#8220; _builder_version=&#8220;4.24.2&#8243; _module_preset=&#8220;default&#8220; header_level=&#8220;h2&#8243; header_font=&#8220;Manrope|700|||||||&#8220; header_text_color=&#8220;#001A51&#8243; header_font_size=&#8220;22px&#8220; header_line_height=&#8220;1.9em&#8220; body_font=&#8220;Manrope||||||||&#8220; body_text_align=&#8220;justify&#8220; body_text_color=&#8220;#001A51&#8243; body_font_size=&#8220;17px&#8220; body_line_height=&#8220;1.9em&#8220; text_orientation=&#8220;justified&#8220; width=&#8220;100%&#8220; max_width=&#8220;100%&#8220; global_colors_info=&#8220;{}&#8220;]<\/p>\n<p>\u00c8 qui che entriamo in gioco noi con il nostro prodotto Teora Mind. Stimoliamo le aree cerebrali in modo da stimolare la plasticit\u00e0 del cervello e ripristinare le abilit\u00e0 perdute. In questo modo aiutiamo il cervello a guarire da solo.<\/p>\n<p>[\/et_pb_blurb][\/et_pb_column][\/et_pb_row][\/et_pb_section]<\/p>","protected":false},"excerpt":{"rendered":"<p>Il nostro cervello \u00e8 vivo e in continua evoluzione. Le cellule nervose creano nuove connessioni e si espandono. Gli stimoli interni ed esterni creano nuove connessioni tra le cellule nervose del cervello, che vengono rafforzate dalla ripetizione o indebolite dal &#8222;non uso&#8220;. Di conseguenza, intere aree del cervello possono cambiare e adattarsi alle rispettive esigenze. La plasticit\u00e0 neuronale descrive questa mutevolezza del sistema nervoso che dura tutta la vita. Il cervello \u00e8 quindi un po&#8216; come una pianta che pu\u00f2 crescere, rigenerarsi e cambiare.La plasticit\u00e0 neuronale e l&#8217;apprendimento sono strettamente legati. Tutti i processi di apprendimento delle persone sane e malate si basano su questo principio. Questo perch\u00e9 l&#8217;apprendimento consiste essenzialmente nell&#8217;acquisizione di nuove informazioni o abilit\u00e0 che possono essere immagazzinate nella memoria e richiamate in seguito. \u00c8 proprio questa capacit\u00e0 del nostro cervello di creare e mantenere nuove connessioni che entra in gioco.Ci\u00f2 che vale per l&#8217;apprendimento di nuove conoscenze o nuove abilit\u00e0 vale anche per il riapprendimento di abilit\u00e0 perdute. Anche la plasticit\u00e0 neuronale \u00e8 alla base di questo fenomeno. Dopo una lesione al cervello, il sistema nervoso \u00e8 anche particolarmente malleabile per un po&#8216;. La formazione \u00e8 fondamentale in questa fase critica.\u00c8 qui che entriamo in gioco [&hellip;]<\/p>","protected":false},"author":1,"featured_media":0,"parent":0,"menu_order":0,"comment_status":"closed","ping_status":"closed","template":"","meta":{"_et_pb_use_builder":"on","_et_pb_old_content":"","_et_gb_content_width":"","om_disable_all_campaigns":false,"_monsterinsights_skip_tracking":false,"_monsterinsights_sitenote_active":false,"_monsterinsights_sitenote_note":"","_monsterinsights_sitenote_category":0,"footnotes":""},"class_list":["post-239900","page","type-page","status-publish","hentry"],"aioseo_notices":[],"_links":{"self":[{"href":"https:\/\/teora-xr.de\/en\/wp-json\/wp\/v2\/pages\/239900","targetHints":{"allow":["GET"]}}],"collection":[{"href":"https:\/\/teora-xr.de\/en\/wp-json\/wp\/v2\/pages"}],"about":[{"href":"https:\/\/teora-xr.de\/en\/wp-json\/wp\/v2\/types\/page"}],"author":[{"embeddable":true,"href":"https:\/\/teora-xr.de\/en\/wp-json\/wp\/v2\/users\/1"}],"replies":[{"embeddable":true,"href":"https:\/\/teora-xr.de\/en\/wp-json\/wp\/v2\/comments?post=239900"}],"version-history":[{"count":6,"href":"https:\/\/teora-xr.de\/en\/wp-json\/wp\/v2\/pages\/239900\/revisions"}],"predecessor-version":[{"id":240931,"href":"https:\/\/teora-xr.de\/en\/wp-json\/wp\/v2\/pages\/239900\/revisions\/240931"}],"wp:attachment":[{"href":"https:\/\/teora-xr.de\/en\/wp-json\/wp\/v2\/media?parent=239900"}],"curies":[{"name":"wp","href":"https:\/\/api.w.org\/{rel}","templated":true}]}}