{"id":239882,"date":"2023-06-06T13:52:31","date_gmt":"2023-06-06T13:52:31","guid":{"rendered":"https:\/\/teora-xr.de\/mente-teora\/"},"modified":"2025-03-27T15:25:06","modified_gmt":"2025-03-27T15:25:06","slug":"mente-teora","status":"publish","type":"page","link":"https:\/\/teora-xr.de\/en\/mente-teora\/?lang=it","title":{"rendered":"teora mind"},"content":{"rendered":"<p>[et_pb_section fb_built=&#8220;1&#8243; fullwidth=&#8220;on&#8220; _builder_version=&#8220;4.20.4&#8243; _module_preset=&#8220;default&#8220; da_disable_devices=&#8220;off|off|off&#8220; global_colors_info=&#8220;{}&#8220; da_is_popup=&#8220;off&#8220; da_exit_intent=&#8220;off&#8220; da_has_close=&#8220;on&#8220; da_alt_close=&#8220;off&#8220; da_dark_close=&#8220;off&#8220; da_not_modal=&#8220;on&#8220; da_is_singular=&#8220;off&#8220; da_with_loader=&#8220;off&#8220; da_has_shadow=&#8220;on&#8220;][et_pb_fullwidth_image src=&#8220;https:\/\/teora-xr.de\/wp-content\/uploads\/sites\/3\/2025\/03\/teora-mind-allenare-le-abilita-quotidiane-nella-realta-virtuale.png&#8220; alt=&#8220;Gli anziani si allenano insieme con tablet e occhiali VR&#8220; title_text=&#8220;teora_mind_it&#8220; src_tablet=&#8220;https:\/\/teora-xr.de\/wp-content\/uploads\/sites\/3\/2023\/06\/teora_mind_frontpage-scaled.jpg&#8220; src_phone=&#8220;https:\/\/teora-xr.de\/wp-content\/uploads\/sites\/3\/2023\/06\/teora_mind_frontpage-scaled.jpg&#8220; src_last_edited=&#8220;off|desktop&#8220; _builder_version=&#8220;4.27.0&#8243; _module_preset=&#8220;default&#8220; custom_margin_tablet=&#8220;&#8220; custom_margin_phone=&#8220;80px||0px||false|false&#8220; custom_margin_last_edited=&#8220;on|phone&#8220; global_colors_info=&#8220;{}&#8220;][\/et_pb_fullwidth_image][\/et_pb_section][et_pb_section fb_built=&#8220;1&#8243; _builder_version=&#8220;4.20.4&#8243; _module_preset=&#8220;default&#8220; da_disable_devices=&#8220;off|off|off&#8220; global_colors_info=&#8220;{}&#8220; min_height=&#8220;1239.5px&#8220; da_is_popup=&#8220;off&#8220; da_exit_intent=&#8220;off&#8220; da_has_close=&#8220;on&#8220; da_alt_close=&#8220;off&#8220; da_dark_close=&#8220;off&#8220; da_not_modal=&#8220;on&#8220; da_is_singular=&#8220;off&#8220; da_with_loader=&#8220;off&#8220; da_has_shadow=&#8220;on&#8220;][et_pb_row column_structure=&#8220;3_5,2_5&#8243; _builder_version=&#8220;4.20.4&#8243; _module_preset=&#8220;default&#8220; global_colors_info=&#8220;{}&#8220;][et_pb_column type=&#8220;3_5&#8243; _builder_version=&#8220;4.20.4&#8243; _module_preset=&#8220;default&#8220; global_colors_info=&#8220;{}&#8220;][et_pb_text admin_label=&#8220;Text&#8220; _builder_version=&#8220;4.24.2&#8243; _module_preset=&#8220;default&#8220; text_font=&#8220;Manrope||||||||&#8220; text_text_color=&#8220;#001A51&#8243; text_font_size=&#8220;18px&#8220; text_line_height=&#8220;1.9em&#8220; link_text_color=&#8220;#E14C6B&#8220; header_text_color=&#8220;#001A51&#8243; header_2_font=&#8220;Manrope||||||||&#8220; header_2_text_color=&#8220;#001A51&#8243; header_2_font_size=&#8220;22px&#8220; header_2_line_height=&#8220;1.9em&#8220; global_colors_info=&#8220;{}&#8220;]<\/p>\n<h1 style=\"text-align: left;\"><strong>Allenamento cognitivo in realt\u00e0 virtuale con teora mind<\/strong><\/h1>\n<p style=\"text-align: justify;\">teora mind \u00e8 un&#8217;applicazione software che permette alle persone con disabilit\u00e0 cognitive di esercitarsi in azioni quotidiane in modo sicuro e controllabile nella realt\u00e0 virtuale. Il software di terapia VR si basa sulle pi\u00f9 recenti scoperte delle strategie di apprendimento psicologico e della scienza terapeutica. Il passaggio alla vita quotidiana \u00e8 facilitato da compiti realistici. L&#8217;allenamento cognitivo con teora mind consiste in esercizi in cui gli utenti si confrontano con situazioni quotidiane. I singoli compiti sono progettati per essere il pi\u00f9 realistici possibile. In cucina, ad esempio, gli utenti possono preparare il caff\u00e8 e mettere in pratica le loro abilit\u00e0 di pianificazione delle azioni. L&#8217;intero processo \u00e8 mappato, dal riempimento della macchina con caff\u00e8 e acqua all&#8217;accensione. In questo modo i nostri utenti possono allenare le loro abilit\u00e0 cognitive in un contesto quotidiano e migliorare le loro competenze di tutti i giorni. Allo stesso tempo, possono svolgere attivit\u00e0 altrimenti difficili da ripetere in un ambiente sicuro. Le fonti di pericolo, come l&#8217;acqua calda, vengono eliminate. Grazie all&#8217;utilizzo di occhiali VR portatili, teora mind pu\u00f2 essere utilizzato da qualsiasi luogo. Le persone interessate possono allenarsi in modo indipendente e autodeterminato. Questo aumenta la loro autostima e la loro motivazione.<\/p>\n<p>[\/et_pb_text][\/et_pb_column][et_pb_column type=&#8220;2_5&#8243; _builder_version=&#8220;4.20.4&#8243; _module_preset=&#8220;default&#8220; global_colors_info=&#8220;{}&#8220;][et_pb_image src=&#8220;https:\/\/teora-xr.de\/wp-content\/uploads\/sites\/3\/2024\/07\/kognitives_Training.png&#8220; title_text=&#8220;formazione_cognitiva&#8220; src_tablet=&#8220;https:\/\/teora-xr.de\/wp-content\/uploads\/sites\/3\/2024\/07\/kognitives_Training-208&#215;300.png&#8220; src_phone=&#8220;https:\/\/teora-xr.de\/wp-content\/uploads\/sites\/3\/2023\/07\/Group-7-1.png&#8220; src_last_edited=&#8220;on|tablet&#8220; align_tablet=&#8220;&#8220; align_phone=&#8220;center&#8220; align_last_edited=&#8220;on|phone&#8220; disabled_on=&#8220;on|on|off&#8220; _builder_version=&#8220;4.27.0&#8243; _module_preset=&#8220;default&#8220; transform_scale_tablet=&#8220;&#8220; transform_scale_phone=&#8220;&#8220; transform_scale_last_edited=&#8220;on|phone&#8220; transform_translate_tablet=&#8220;&#8220; transform_translate_phone=&#8220;&#8220; transform_translate_last_edited=&#8220;on|phone&#8220; transform_rotate_tablet=&#8220;&#8220; transform_rotate_phone=&#8220;&#8220; transform_rotate_last_edited=&#8220;on|phone&#8220; transform_skew_tablet=&#8220;&#8220; transform_skew_phone=&#8220;&#8220; transform_skew_last_edited=&#8220;on|phone&#8220; transform_origin_tablet=&#8220;&#8220; transform_origin_phone=&#8220;&#8220; transform_origin_last_edited=&#8220;on|phone&#8220; transform_styles_last_edited=&#8220;on|phone&#8220; width_tablet=&#8220;&#8220; width_phone=&#8220;&#8220; width_last_edited=&#8220;on|phone&#8220; min_height_tablet=&#8220;&#8220; min_height_phone=&#8220;auto&#8220; min_height_last_edited=&#8220;on|phone&#8220; height_tablet=&#8220;&#8220; height_phone=&#8220;auto&#8220; height_last_edited=&#8220;on|phone&#8220; custom_margin=&#8220;60px||20px||false|false&#8220; custom_padding=&#8220;||||false|false&#8220; transform_styles_tablet=&#8220;&#8220; transform_styles_phone=&#8220;&#8220; module_alignment_tablet=&#8220;&#8220; module_alignment_phone=&#8220;center&#8220; module_alignment_last_edited=&#8220;on|phone&#8220; global_colors_info=&#8220;{}&#8220;][\/et_pb_image][et_pb_image alt=&#8220;Senior quando si usa teora min. Siede su una poltrona ad ala e tiene in mano due controller. In primo piano puoi vedere un pezzo di torta.&#8220; title_text=&#8220;formazione_cognitiva&#8220; src_tablet=&#8220;https:\/\/teora-xr.de\/wp-content\/uploads\/sites\/3\/2024\/04\/Senior-bei-der-Nutzung-von-teora-mind.png&#8220; src_phone=&#8220;https:\/\/teora-xr.de\/wp-content\/uploads\/sites\/3\/2024\/07\/kognitives_Training-208&#215;300.png&#8220; src_last_edited=&#8220;on|phone&#8220; align_tablet=&#8220;&#8220; align_phone=&#8220;center&#8220; align_last_edited=&#8220;on|phone&#8220; disabled_on=&#8220;off|off|on&#8220; _builder_version=&#8220;4.27.0&#8243; _module_preset=&#8220;default&#8220; transform_scale_tablet=&#8220;&#8220; transform_scale_phone=&#8220;&#8220; transform_scale_last_edited=&#8220;on|phone&#8220; transform_translate_tablet=&#8220;&#8220; transform_translate_phone=&#8220;&#8220; transform_translate_last_edited=&#8220;on|phone&#8220; transform_rotate_tablet=&#8220;&#8220; transform_rotate_phone=&#8220;&#8220; transform_rotate_last_edited=&#8220;on|phone&#8220; transform_skew_tablet=&#8220;&#8220; transform_skew_phone=&#8220;&#8220; transform_skew_last_edited=&#8220;on|phone&#8220; transform_origin_tablet=&#8220;&#8220; transform_origin_phone=&#8220;&#8220; transform_origin_last_edited=&#8220;on|phone&#8220; transform_styles_last_edited=&#8220;on|phone&#8220; width_tablet=&#8220;&#8220; width_phone=&#8220;&#8220; width_last_edited=&#8220;on|phone&#8220; min_height_tablet=&#8220;&#8220; min_height_phone=&#8220;auto&#8220; min_height_last_edited=&#8220;on|phone&#8220; height_tablet=&#8220;&#8220; height_phone=&#8220;auto&#8220; height_last_edited=&#8220;on|phone&#8220; custom_margin=&#8220;60px||20px||false|false&#8220; custom_padding=&#8220;||||false|false&#8220; transform_styles_tablet=&#8220;&#8220; transform_styles_phone=&#8220;&#8220; module_alignment_tablet=&#8220;&#8220; module_alignment_phone=&#8220;center&#8220; module_alignment_last_edited=&#8220;on|phone&#8220; global_colors_info=&#8220;{}&#8220;][\/et_pb_image][\/et_pb_column][\/et_pb_row][et_pb_row _builder_version=&#8220;4.20.4&#8243; _module_preset=&#8220;default&#8220; global_colors_info=&#8220;{}&#8220;][et_pb_column type=&#8220;4_4&#8243; _builder_version=&#8220;4.20.4&#8243; _module_preset=&#8220;default&#8220; global_colors_info=&#8220;{}&#8220;][et_pb_text admin_label=&#8220;Text&#8220; _builder_version=&#8220;4.20.4&#8243; _module_preset=&#8220;default&#8220; text_font=&#8220;Manrope||||||||&#8220; text_text_color=&#8220;#001A51&#8243; text_font_size=&#8220;18px&#8220; text_line_height=&#8220;1.9em&#8220; link_text_color=&#8220;#E14C6B&#8220; header_text_color=&#8220;#001A51&#8243; global_colors_info=&#8220;{}&#8220;]<\/p>\n<p style=\"text-align: justify;\">Anche tutti gli altri esercizi si basano sulle attivit\u00e0 della vita quotidiana (ADL) per facilitare il passaggio alla vita di tutti i giorni. In questo modo, si allenano le abilit\u00e0 necessarie per tornare ad essere pi\u00f9 indipendenti. Il nostro software terapeutico si basa sul principio della <a href=\"https:\/\/teora-xr.de\/en\/plasticita-neuronale\/?lang=it\">plasticit\u00e0 neuronale<\/a>. Perch\u00e9 il nostro cervello \u00e8 sempre in grado di imparare, per tutta la vita. Con teora mind aiutiamo il nostro cervello a guarire da solo.<\/p>\n<p>[\/et_pb_text][dsm_button _builder_version=&#8220;4.24.0&#8243; _module_preset=&#8220;default&#8220; global_colors_info=&#8220;{}&#8220;][\/dsm_button][\/et_pb_column][\/et_pb_row][et_pb_row _builder_version=&#8220;4.24.0&#8243; _module_preset=&#8220;default&#8220; global_colors_info=&#8220;{}&#8220;][et_pb_column type=&#8220;4_4&#8243; _builder_version=&#8220;4.24.0&#8243; _module_preset=&#8220;default&#8220; global_colors_info=&#8220;{}&#8220;][et_pb_text admin_label=&#8220;Text&#8220; _builder_version=&#8220;4.27.4&#8243; _module_preset=&#8220;default&#8220; text_font=&#8220;Manrope||||||||&#8220; text_text_color=&#8220;#001A51&#8243; text_font_size=&#8220;18px&#8220; text_line_height=&#8220;1.9em&#8220; link_text_color=&#8220;#E14C6B&#8220; header_text_color=&#8220;#001A51&#8243; custom_padding=&#8220;18px|18px|18px|18px|false|false&#8220; border_radii=&#8220;on|43px|43px|43px|43px&#8220; border_width_all=&#8220;3px&#8220; border_color_all=&#8220;#E14C6B&#8220; global_colors_info=&#8220;{}&#8220;]<\/p>\n<h2 style=\"text-align: center;\"><span style=\"color: #e14c6b;\"><b>!!!<\/b><\/span><\/h2>\n<p style=\"text-align: center;\">teora mind \u00e8 rimborsabile per le persone pienamente assicurate del Gruppo Assicurativo INTER dal 1\u00b0 febbraio 2024.<\/p>\n<p>[\/et_pb_text][\/et_pb_column][\/et_pb_row][\/et_pb_section][et_pb_section fb_built=&#8220;1&#8243; _builder_version=&#8220;4.20.4&#8243; _module_preset=&#8220;default&#8220; custom_margin=&#8220;||10px||false|false&#8220; da_disable_devices=&#8220;off|off|off&#8220; global_colors_info=&#8220;{}&#8220; custom_padding=&#8220;0px||164px|||&#8220; da_is_popup=&#8220;off&#8220; da_exit_intent=&#8220;off&#8220; da_has_close=&#8220;on&#8220; da_alt_close=&#8220;off&#8220; da_dark_close=&#8220;off&#8220; da_not_modal=&#8220;on&#8220; da_is_singular=&#8220;off&#8220; da_with_loader=&#8220;off&#8220; da_has_shadow=&#8220;on&#8220;][et_pb_row _builder_version=&#8220;4.27.4&#8243; _module_preset=&#8220;default&#8220; global_colors_info=&#8220;{}&#8220;][et_pb_column type=&#8220;4_4&#8243; _builder_version=&#8220;4.20.4&#8243; _module_preset=&#8220;default&#8220; global_colors_info=&#8220;{}&#8220;][et_pb_text _builder_version=&#8220;4.24.2&#8243; _module_preset=&#8220;default&#8220; text_text_color=&#8220;#001A51&#8243; header_text_color=&#8220;#001A51&#8243; header_2_font=&#8220;Manrope|700|||||||&#8220; header_2_text_align=&#8220;center&#8220; header_2_text_color=&#8220;#001A51&#8243; header_2_font_size=&#8220;22px&#8220; header_3_font=&#8220;Manrope|700|||||||&#8220; header_3_text_align=&#8220;center&#8220; header_3_line_height=&#8220;1.9em&#8220; global_colors_info=&#8220;{}&#8220;]<\/p>\n<h1 style=\"text-align: center;\"><strong>Scopri di pi\u00f9 su teora mind<\/strong><\/h1>\n<p>[\/et_pb_text][\/et_pb_column][\/et_pb_row][et_pb_row column_structure=&#8220;1_3,1_3,1_3&#8243; _builder_version=&#8220;4.27.4&#8243; _module_preset=&#8220;default&#8220; global_colors_info=&#8220;{}&#8220;][et_pb_column type=&#8220;1_3&#8243; _builder_version=&#8220;4.20.4&#8243; _module_preset=&#8220;default&#8220; global_colors_info=&#8220;{}&#8220;][et_pb_image src=&#8220;https:\/\/teora-xr.de\/wp-content\/uploads\/sites\/3\/2025\/03\/Fuer-Betroffene.jpg&#8220; title_text=&#8220;Per le persone colpite&#8220; url=&#8220;https:\/\/teora-xr.de\/per-le-persone-colpite\/?lang=it&#8220; _builder_version=&#8220;4.27.4&#8243; _module_preset=&#8220;default&#8220; global_colors_info=&#8220;{}&#8220;][\/et_pb_image][dsm_text_divider header=&#8220;Per le persone colpite&#8220; divider_style=&#8220;none&#8220; _builder_version=&#8220;4.20.4&#8243; _module_preset=&#8220;default&#8220; header_font=&#8220;Manrope|700|||||||&#8220; header_text_align=&#8220;center&#8220; background_color=&#8220;RGBA(255,255,255,0)&#8220; positioning=&#8220;absolute&#8220; position_origin_a=&#8220;center_center&#8220; background_layout=&#8220;dark&#8220; width=&#8220;100%&#8220; link_option_url=&#8220;https:\/\/teora-xr.de\/per-le-persone-colpite\/?lang=it&#8220; text_shadow_style=&#8220;preset3&#8243; text_shadow_color=&#8220;#000000&#8243; global_colors_info=&#8220;{}&#8220;][\/dsm_text_divider][\/et_pb_column][et_pb_column type=&#8220;1_3&#8243; _builder_version=&#8220;4.20.4&#8243; _module_preset=&#8220;default&#8220; global_colors_info=&#8220;{}&#8220;][et_pb_image src=&#8220;https:\/\/teora-xr.de\/wp-content\/uploads\/sites\/3\/2025\/03\/image-78.png&#8220; title_text=&#8220;immagine 78&#8243; url=&#8220;https:\/\/teora-xr.de\/per-i-terapisti-occupazionali\/?lang=it&#8220; _builder_version=&#8220;4.27.4&#8243; _module_preset=&#8220;default&#8220; global_colors_info=&#8220;{}&#8220;][\/et_pb_image][dsm_text_divider header=&#8220;Per i terapisti occupazionali&#8220; divider_style=&#8220;none&#8220; header_tablet=&#8220;Per i terapisti occupazionali&#8220; header_phone=&#8220;Per i terapisti occupazionali&#8220; header_last_edited=&#8220;on|phone&#8220; admin_label=&#8220;Supreme Text Divider&#8220; _builder_version=&#8220;4.27.4&#8243; _module_preset=&#8220;default&#8220; header_font=&#8220;Manrope|700|||||||&#8220; header_text_align=&#8220;center&#8220; background_color=&#8220;RGBA(255,255,255,0)&#8220; positioning=&#8220;absolute&#8220; position_origin_a=&#8220;center_center&#8220; background_layout=&#8220;dark&#8220; width=&#8220;100%&#8220; link_option_url=&#8220;https:\/\/teora-xr.de\/per-i-terapisti-occupazionali\/?lang=it&#8220; text_shadow_style=&#8220;preset3&#8243; global_colors_info=&#8220;{}&#8220;][\/dsm_text_divider][\/et_pb_column][et_pb_column type=&#8220;1_3&#8243; _builder_version=&#8220;4.20.4&#8243; _module_preset=&#8220;default&#8220; global_colors_info=&#8220;{}&#8220;][et_pb_image src=&#8220;https:\/\/teora-xr.de\/wp-content\/uploads\/sites\/3\/2025\/03\/Fuer-Kliniken.jpg&#8220; title_text=&#8220;Per le cliniche&#8220; url=&#8220;https:\/\/teora-xr.de\/per-le-cliniche\/?lang=it&#8220; _builder_version=&#8220;4.27.4&#8243; _module_preset=&#8220;default&#8220; global_colors_info=&#8220;{}&#8220;][\/et_pb_image][dsm_text_divider header=&#8220;Per le cliniche&#8220; color=&#8220;#FFFFFF&#8220; divider_style=&#8220;none&#8220; _builder_version=&#8220;4.27.4&#8243; _module_preset=&#8220;default&#8220; header_font=&#8220;Manrope|700|||||||&#8220; background_color=&#8220;RGBA(255,255,255,0)&#8220; positioning=&#8220;absolute&#8220; position_origin_a=&#8220;center_center&#8220; background_layout=&#8220;dark&#8220; width=&#8220;100%&#8220; link_option_url=&#8220;https:\/\/teora-xr.de\/per-le-cliniche\/?lang=it&#8220; text_shadow_style=&#8220;preset3&#8243; global_colors_info=&#8220;{}&#8220;][\/dsm_text_divider][\/et_pb_column][\/et_pb_row][\/et_pb_section]<\/p>","protected":false},"excerpt":{"rendered":"<p>Allenamento cognitivo in realt\u00e0 virtuale con teora mind teora mind \u00e8 un&#8217;applicazione software che permette alle persone con disabilit\u00e0 cognitive di esercitarsi in azioni quotidiane in modo sicuro e controllabile nella realt\u00e0 virtuale. Il software di terapia VR si basa sulle pi\u00f9 recenti scoperte delle strategie di apprendimento psicologico e della scienza terapeutica. Il passaggio alla vita quotidiana \u00e8 facilitato da compiti realistici. L&#8217;allenamento cognitivo con teora mind consiste in esercizi in cui gli utenti si confrontano con situazioni quotidiane. I singoli compiti sono progettati per essere il pi\u00f9 realistici possibile. In cucina, ad esempio, gli utenti possono preparare il caff\u00e8 e mettere in pratica le loro abilit\u00e0 di pianificazione delle azioni. L&#8217;intero processo \u00e8 mappato, dal riempimento della macchina con caff\u00e8 e acqua all&#8217;accensione. In questo modo i nostri utenti possono allenare le loro abilit\u00e0 cognitive in un contesto quotidiano e migliorare le loro competenze di tutti i giorni. Allo stesso tempo, possono svolgere attivit\u00e0 altrimenti difficili da ripetere in un ambiente sicuro. Le fonti di pericolo, come l&#8217;acqua calda, vengono eliminate. Grazie all&#8217;utilizzo di occhiali VR portatili, teora mind pu\u00f2 essere utilizzato da qualsiasi luogo. Le persone interessate possono allenarsi in modo indipendente e autodeterminato. Questo aumenta la [&hellip;]<\/p>","protected":false},"author":1,"featured_media":0,"parent":0,"menu_order":0,"comment_status":"closed","ping_status":"closed","template":"","meta":{"_et_pb_use_builder":"on","_et_pb_old_content":"","_et_gb_content_width":"","om_disable_all_campaigns":false,"_monsterinsights_skip_tracking":false,"_monsterinsights_sitenote_active":false,"_monsterinsights_sitenote_note":"","_monsterinsights_sitenote_category":0,"footnotes":""},"class_list":["post-239882","page","type-page","status-publish","hentry"],"aioseo_notices":[],"_links":{"self":[{"href":"https:\/\/teora-xr.de\/en\/wp-json\/wp\/v2\/pages\/239882","targetHints":{"allow":["GET"]}}],"collection":[{"href":"https:\/\/teora-xr.de\/en\/wp-json\/wp\/v2\/pages"}],"about":[{"href":"https:\/\/teora-xr.de\/en\/wp-json\/wp\/v2\/types\/page"}],"author":[{"embeddable":true,"href":"https:\/\/teora-xr.de\/en\/wp-json\/wp\/v2\/users\/1"}],"replies":[{"embeddable":true,"href":"https:\/\/teora-xr.de\/en\/wp-json\/wp\/v2\/comments?post=239882"}],"version-history":[{"count":10,"href":"https:\/\/teora-xr.de\/en\/wp-json\/wp\/v2\/pages\/239882\/revisions"}],"predecessor-version":[{"id":241885,"href":"https:\/\/teora-xr.de\/en\/wp-json\/wp\/v2\/pages\/239882\/revisions\/241885"}],"wp:attachment":[{"href":"https:\/\/teora-xr.de\/en\/wp-json\/wp\/v2\/media?parent=239882"}],"curies":[{"name":"wp","href":"https:\/\/api.w.org\/{rel}","templated":true}]}}