{"id":239871,"date":"2023-05-09T10:59:57","date_gmt":"2023-05-09T10:59:57","guid":{"rendered":"https:\/\/teora-xr.de\/vr\/"},"modified":"2024-07-24T16:50:01","modified_gmt":"2024-07-24T16:50:01","slug":"vr","status":"publish","type":"page","link":"https:\/\/teora-xr.de\/en\/vr\/?lang=it","title":{"rendered":"VR"},"content":{"rendered":"<p>[et_pb_section fb_built=&#8220;1&#8243; fullwidth=&#8220;on&#8220; _builder_version=&#8220;4.20.4&#8243; _module_preset=&#8220;default&#8220; da_disable_devices=&#8220;off|off|off&#8220; global_colors_info=&#8220;{}&#8220; da_is_popup=&#8220;off&#8220; da_exit_intent=&#8220;off&#8220; da_has_close=&#8220;on&#8220; da_alt_close=&#8220;off&#8220; da_dark_close=&#8220;off&#8220; da_not_modal=&#8220;on&#8220; da_is_singular=&#8220;off&#8220; da_with_loader=&#8220;off&#8220; da_has_shadow=&#8220;on&#8220;][et_pb_fullwidth_image src=&#8220;https:\/\/teora-xr.de\/wp-content\/uploads\/sites\/3\/2024\/07\/vr_IT.png&#8220; alt=&#8220;Occhiali VR con controller appoggiati su un tavolino da caff\u00e8&#8220; title_text=&#8220;vr_IT&#8220; _builder_version=&#8220;4.27.0&#8243; _module_preset=&#8220;default&#8220; custom_margin=&#8220;70px||||false|false&#8220; custom_margin_tablet=&#8220;&#8220; custom_margin_phone=&#8220;80px||50px||false|false&#8220; custom_margin_last_edited=&#8220;on|phone&#8220; hover_enabled=&#8220;0&#8243; global_colors_info=&#8220;{}&#8220; sticky_enabled=&#8220;0&#8243;][\/et_pb_fullwidth_image][\/et_pb_section][et_pb_section fb_built=&#8220;1&#8243; _builder_version=&#8220;4.20.4&#8243; _module_preset=&#8220;default&#8220; da_disable_devices=&#8220;off|off|off&#8220; global_colors_info=&#8220;{}&#8220; da_is_popup=&#8220;off&#8220; da_exit_intent=&#8220;off&#8220; da_has_close=&#8220;on&#8220; da_alt_close=&#8220;off&#8220; da_dark_close=&#8220;off&#8220; da_not_modal=&#8220;on&#8220; da_is_singular=&#8220;off&#8220; da_with_loader=&#8220;off&#8220; da_has_shadow=&#8220;on&#8220;][et_pb_row _builder_version=&#8220;4.20.4&#8243; _module_preset=&#8220;default&#8220; global_colors_info=&#8220;{}&#8220;][et_pb_column type=&#8220;4_4&#8243; _builder_version=&#8220;4.20.4&#8243; _module_preset=&#8220;default&#8220; global_colors_info=&#8220;{}&#8220;][et_pb_text _builder_version=&#8220;4.24.2&#8243; _module_preset=&#8220;default&#8220; text_font=&#8220;Manrope||||||||&#8220; text_text_color=&#8220;#001A51&#8243; text_font_size=&#8220;17px&#8220; text_line_height=&#8220;1.9em&#8220; header_font=&#8220;Manrope||||||||&#8220; header_text_align=&#8220;left&#8220; header_text_color=&#8220;#001A51&#8243; header_2_font=&#8220;Manrope|700|||||||&#8220; header_2_text_color=&#8220;#001A51&#8243; header_2_font_size=&#8220;22px&#8220; header_2_line_height=&#8220;1.9em&#8220; header_3_font=&#8220;Manrope|700|||||||&#8220; header_3_line_height=&#8220;1.9em&#8220; text_orientation=&#8220;justified&#8220; global_colors_info=&#8220;{}&#8220;]<\/p>\n<h2 style=\"text-align: left;\"><strong>Che cos&#8217;\u00e8 la realt\u00e0 virtuale (VR)?<\/strong><\/h2>\n<p style=\"text-align: justify;\">La realt\u00e0 virtuale \u00e8 una simulazione tridimensionale della realt\u00e0 generata dal computer che pu\u00f2 essere sperimentata da una persona utilizzando dispositivi speciali come occhiali e controller VR. Un&#8217;esperienza coinvolgente viene creata utilizzando immagini e spesso suoni aggiuntivi. Per la persona interessata, questo d\u00e0 l&#8217;impressione di essere fisicamente presente in questo mondo virtuale. Spesso \u00e8 possibile interagire con la realt\u00e0 virtuale.<\/p>\n<p style=\"text-align: justify;\">Vediamo questo aspetto con l&#8217;esempio della mente di Teora. Per utilizzare l&#8217;applicazione sono necessari gli occhiali VR (noti anche come head-mounted display) e almeno un controller. Se indossi gli occhiali VR e avvii l&#8217;applicazione teora mind, puoi entrare in una cucina, ad esempio. L&#8217;immagine virtuale della cucina generata dal computer si sovrappone alla vista dell&#8217;ambiente reale e non \u00e8 visibile nient&#8217;altro. Puoi camminare in questa cucina virtuale, spostare gli oggetti e azionare la macchina del caff\u00e8, ad esempio. L&#8217;interazione con gli oggetti \u00e8 possibile tramite il controller. Gli oggetti virtuali possono essere toccati o raccolti con la semplice pressione di un pulsante. Il movimento nello spazio viene creato camminando nello spazio reale.<\/p>\n<p>[\/et_pb_text][et_pb_video src=&#8220;https:\/\/youtu.be\/TaWFf_5juVw&#8220; thumbnail_overlay_color=&#8220;#fceef1&#8243; _builder_version=&#8220;4.20.4&#8243; _module_preset=&#8220;default&#8220; width=&#8220;100%&#8220; module_alignment=&#8220;center&#8220; custom_margin=&#8220;||70px||false|false&#8220; global_colors_info=&#8220;{}&#8220;][\/et_pb_video][et_pb_text _builder_version=&#8220;4.20.4&#8243; _module_preset=&#8220;default&#8220; text_font=&#8220;Manrope||||||||&#8220; text_text_color=&#8220;#001A51&#8243; text_font_size=&#8220;17px&#8220; text_line_height=&#8220;1.9em&#8220; header_text_color=&#8220;#001A51&#8243; global_colors_info=&#8220;{}&#8220;]<\/p>\n<p style=\"text-align: justify;\">La realt\u00e0 virtuale \u00e8 ormai utilizzata in molti settori. Viene spesso utilizzato per l&#8217;intrattenimento, l&#8217;istruzione e, negli ultimi anni, sempre pi\u00f9 spesso in medicina. Le possibili applicazioni mediche includono la terapia motoria, la terapia di riduzione dello stress, la terapia dell&#8217;ansia e la terapia cognitiva.<\/p>\n<p>[\/et_pb_text][\/et_pb_column][\/et_pb_row][\/et_pb_section][et_pb_section fb_built=&#8220;1&#8243; _builder_version=&#8220;4.20.4&#8243; _module_preset=&#8220;default&#8220; background_color=&#8220;#dfefff&#8220; da_disable_devices=&#8220;off|off|off&#8220; global_colors_info=&#8220;{}&#8220; da_is_popup=&#8220;off&#8220; da_exit_intent=&#8220;off&#8220; da_has_close=&#8220;on&#8220; da_alt_close=&#8220;off&#8220; da_dark_close=&#8220;off&#8220; da_not_modal=&#8220;on&#8220; da_is_singular=&#8220;off&#8220; da_with_loader=&#8220;off&#8220; da_has_shadow=&#8220;on&#8220;][et_pb_row _builder_version=&#8220;4.20.4&#8243; _module_preset=&#8220;default&#8220; global_colors_info=&#8220;{}&#8220;][et_pb_column type=&#8220;4_4&#8243; _builder_version=&#8220;4.20.4&#8243; _module_preset=&#8220;default&#8220; global_colors_info=&#8220;{}&#8220;][et_pb_text _builder_version=&#8220;4.20.4&#8243; _module_preset=&#8220;default&#8220; text_font=&#8220;Manrope||||||||&#8220; text_text_color=&#8220;#001A51&#8243; text_font_size=&#8220;17px&#8220; text_line_height=&#8220;1.9em&#8220; header_font=&#8220;Manrope||||||||&#8220; header_text_align=&#8220;left&#8220; header_text_color=&#8220;#001A51&#8243; header_2_font=&#8220;Manrope|700|||||||&#8220; header_2_text_color=&#8220;#001A51&#8243; header_2_font_size=&#8220;22px&#8220; header_2_line_height=&#8220;1.9em&#8220; header_3_font=&#8220;Manrope|700|||||||&#8220; header_3_line_height=&#8220;1.9em&#8220; text_orientation=&#8220;justified&#8220; global_colors_info=&#8220;{}&#8220;]<\/p>\n<h2 style=\"text-align: left;\"><strong>Differenze con la realt\u00e0 aumentata e la realt\u00e0 mista<\/strong><\/h2>\n<p style=\"text-align: justify;\">A differenza della VR, la realt\u00e0 aumentata (AR) si concentra sul mondo reale. Come suggerisce il nome, si tratta semplicemente di un&#8217;estensione con elementi aggiuntivi. Questi testi, immagini o elementi tridimensionali aggiuntivi possono essere visualizzati tramite dispositivi esterni come gli smartphone. Un esempio di realt\u00e0 aumentata sono gli head-up display trasparenti, utilizzati nei veicoli moderni per visualizzare informazioni come la velocit\u00e0, i segnali stradali o le istruzioni di navigazione.<\/p>\n<p style=\"text-align: justify;\">La realt\u00e0 mista (MR) \u00e8 spesso equiparata alla realt\u00e0 aumentata, in quanto entrambe combinano la realt\u00e0 con elementi virtuali aggiuntivi. Tuttavia, deve essere inteso piuttosto come un ulteriore sviluppo di questi. Mentre l&#8217;AR visualizza le informazioni aggiuntive su uno schermo esterno come l&#8217;head-up display, l&#8217;obiettivo della MR \u00e8 quello di integrare perfettamente questi elementi supplementari nel campo visivo dello spettatore, adattandosi a ci\u00f2 che accade in tempo reale. Questo avviene, ad esempio, tramite occhiali o lenti a contatto che visualizzano informazioni aggiuntive solo quando sono necessarie. Un esempio di applicazione medica della risonanza magnetica \u00e8 la proiezione di immagini a raggi X, risonanza magnetica o TAC tridimensionali e a colori come ologramma nella stanza. Gli occhiali basati sulla risonanza magnetica vengono utilizzati anche durante le operazioni.<\/p>\n<p>[\/et_pb_text][\/et_pb_column][\/et_pb_row][\/et_pb_section][et_pb_section fb_built=&#8220;1&#8243; _builder_version=&#8220;4.20.4&#8243; _module_preset=&#8220;default&#8220; da_disable_devices=&#8220;off|off|off&#8220; global_colors_info=&#8220;{}&#8220; da_is_popup=&#8220;off&#8220; da_exit_intent=&#8220;off&#8220; da_has_close=&#8220;on&#8220; da_alt_close=&#8220;off&#8220; da_dark_close=&#8220;off&#8220; da_not_modal=&#8220;on&#8220; da_is_singular=&#8220;off&#8220; da_with_loader=&#8220;off&#8220; da_has_shadow=&#8220;on&#8220;][et_pb_row _builder_version=&#8220;4.20.4&#8243; _module_preset=&#8220;default&#8220; custom_margin=&#8220;||70px||false|false&#8220; global_colors_info=&#8220;{}&#8220;][et_pb_column type=&#8220;4_4&#8243; _builder_version=&#8220;4.20.4&#8243; _module_preset=&#8220;default&#8220; global_colors_info=&#8220;{}&#8220;][et_pb_text _builder_version=&#8220;4.20.4&#8243; _module_preset=&#8220;default&#8220; text_font=&#8220;Manrope||||||||&#8220; text_text_color=&#8220;#001A51&#8243; text_font_size=&#8220;17px&#8220; text_line_height=&#8220;1.9em&#8220; header_font=&#8220;Manrope||||||||&#8220; header_text_align=&#8220;left&#8220; header_text_color=&#8220;#001A51&#8243; header_2_font=&#8220;Manrope|700|||||||&#8220; header_2_text_color=&#8220;#001A51&#8243; header_2_font_size=&#8220;22px&#8220; header_2_line_height=&#8220;1.9em&#8220; header_3_font=&#8220;Manrope|700|||||||&#8220; header_3_line_height=&#8220;1.9em&#8220; text_orientation=&#8220;justified&#8220; global_colors_info=&#8220;{}&#8220;]<\/p>\n<h2 style=\"text-align: left;\"><strong>Realt\u00e0 estesa (XR) come termine collettivo<\/strong><\/h2>\n<p style=\"text-align: justify;\">Tutte le tecnologie che si basano su una combinazione di ambienti virtuali e reali supportati dal computer sono riassunte sotto la voce &#8222;realt\u00e0 estesa&#8220; o &#8222;cross reality&#8220;. Questi sono accessibili tramite vari dispositivi esterni (i cosiddetti wearables). La realt\u00e0 estesa comprende quindi la realt\u00e0 virtuale, la realt\u00e0 aumentata e la realt\u00e0 mista.<\/p>\n<p>&nbsp;<\/p>\n<p>[\/et_pb_text][\/et_pb_column][\/et_pb_row][\/et_pb_section]<\/p>","protected":false},"excerpt":{"rendered":"<p>Che cos&#8217;\u00e8 la realt\u00e0 virtuale (VR)? La realt\u00e0 virtuale \u00e8 una simulazione tridimensionale della realt\u00e0 generata dal computer che pu\u00f2 essere sperimentata da una persona utilizzando dispositivi speciali come occhiali e controller VR. Un&#8217;esperienza coinvolgente viene creata utilizzando immagini e spesso suoni aggiuntivi. Per la persona interessata, questo d\u00e0 l&#8217;impressione di essere fisicamente presente in questo mondo virtuale. Spesso \u00e8 possibile interagire con la realt\u00e0 virtuale. Vediamo questo aspetto con l&#8217;esempio della mente di Teora. Per utilizzare l&#8217;applicazione sono necessari gli occhiali VR (noti anche come head-mounted display) e almeno un controller. Se indossi gli occhiali VR e avvii l&#8217;applicazione teora mind, puoi entrare in una cucina, ad esempio. L&#8217;immagine virtuale della cucina generata dal computer si sovrappone alla vista dell&#8217;ambiente reale e non \u00e8 visibile nient&#8217;altro. Puoi camminare in questa cucina virtuale, spostare gli oggetti e azionare la macchina del caff\u00e8, ad esempio. L&#8217;interazione con gli oggetti \u00e8 possibile tramite il controller. Gli oggetti virtuali possono essere toccati o raccolti con la semplice pressione di un pulsante. Il movimento nello spazio viene creato camminando nello spazio reale.La realt\u00e0 virtuale \u00e8 ormai utilizzata in molti settori. Viene spesso utilizzato per l&#8217;intrattenimento, l&#8217;istruzione e, negli ultimi anni, sempre pi\u00f9 spesso in [&hellip;]<\/p>","protected":false},"author":1,"featured_media":0,"parent":0,"menu_order":0,"comment_status":"closed","ping_status":"closed","template":"","meta":{"_et_pb_use_builder":"on","_et_pb_old_content":"","_et_gb_content_width":"","om_disable_all_campaigns":false,"_monsterinsights_skip_tracking":false,"_monsterinsights_sitenote_active":false,"_monsterinsights_sitenote_note":"","_monsterinsights_sitenote_category":0,"footnotes":""},"class_list":["post-239871","page","type-page","status-publish","hentry"],"aioseo_notices":[],"_links":{"self":[{"href":"https:\/\/teora-xr.de\/en\/wp-json\/wp\/v2\/pages\/239871","targetHints":{"allow":["GET"]}}],"collection":[{"href":"https:\/\/teora-xr.de\/en\/wp-json\/wp\/v2\/pages"}],"about":[{"href":"https:\/\/teora-xr.de\/en\/wp-json\/wp\/v2\/types\/page"}],"author":[{"embeddable":true,"href":"https:\/\/teora-xr.de\/en\/wp-json\/wp\/v2\/users\/1"}],"replies":[{"embeddable":true,"href":"https:\/\/teora-xr.de\/en\/wp-json\/wp\/v2\/comments?post=239871"}],"version-history":[{"count":4,"href":"https:\/\/teora-xr.de\/en\/wp-json\/wp\/v2\/pages\/239871\/revisions"}],"predecessor-version":[{"id":240933,"href":"https:\/\/teora-xr.de\/en\/wp-json\/wp\/v2\/pages\/239871\/revisions\/240933"}],"wp:attachment":[{"href":"https:\/\/teora-xr.de\/en\/wp-json\/wp\/v2\/media?parent=239871"}],"curies":[{"name":"wp","href":"https:\/\/api.w.org\/{rel}","templated":true}]}}