{"id":233762,"date":"2023-06-06T13:52:31","date_gmt":"2023-06-06T13:52:31","guid":{"rendered":"https:\/\/teora-xr.de\/?page_id=233762"},"modified":"2025-03-27T11:32:25","modified_gmt":"2025-03-27T11:32:25","slug":"teoramind","status":"publish","type":"page","link":"https:\/\/teora-xr.de\/en\/teoramind\/","title":{"rendered":"teora mind"},"content":{"rendered":"<p>[et_pb_section fb_built=&#8220;1&#8243; fullwidth=&#8220;on&#8220; _builder_version=&#8220;4.20.4&#8243; _module_preset=&#8220;default&#8220; da_disable_devices=&#8220;off|off|off&#8220; global_colors_info=&#8220;{}&#8220; da_is_popup=&#8220;off&#8220; da_exit_intent=&#8220;off&#8220; da_has_close=&#8220;on&#8220; da_alt_close=&#8220;off&#8220; da_dark_close=&#8220;off&#8220; da_not_modal=&#8220;on&#8220; da_is_singular=&#8220;off&#8220; da_with_loader=&#8220;off&#8220; da_has_shadow=&#8220;on&#8220;][et_pb_fullwidth_image src=&#8220;https:\/\/teora-xr.de\/wp-content\/uploads\/sites\/3\/2024\/07\/teora_mind_de.png&#8220; alt=&#8220;Senior*innen trainieren gemeinsam mit Tablet und VR-Brille&#8220; title_text=&#8220;teora_mind_de&#8220; src_tablet=&#8220;https:\/\/teora-xr.de\/wp-content\/uploads\/sites\/3\/2023\/06\/teora_mind_frontpage-scaled.jpg&#8220; src_phone=&#8220;https:\/\/teora-xr.de\/wp-content\/uploads\/sites\/3\/2023\/06\/teora_mind_frontpage-scaled.jpg&#8220; src_last_edited=&#8220;off|desktop&#8220; _builder_version=&#8220;4.27.0&#8243; _module_preset=&#8220;default&#8220; custom_margin_tablet=&#8220;&#8220; custom_margin_phone=&#8220;80px||0px||false|false&#8220; custom_margin_last_edited=&#8220;on|phone&#8220; global_colors_info=&#8220;{}&#8220;][\/et_pb_fullwidth_image][\/et_pb_section][et_pb_section fb_built=&#8220;1&#8243; _builder_version=&#8220;4.20.4&#8243; _module_preset=&#8220;default&#8220; da_disable_devices=&#8220;off|off|off&#8220; global_colors_info=&#8220;{}&#8220; min_height=&#8220;1239.5px&#8220; da_is_popup=&#8220;off&#8220; da_exit_intent=&#8220;off&#8220; da_has_close=&#8220;on&#8220; da_alt_close=&#8220;off&#8220; da_dark_close=&#8220;off&#8220; da_not_modal=&#8220;on&#8220; da_is_singular=&#8220;off&#8220; da_with_loader=&#8220;off&#8220; da_has_shadow=&#8220;on&#8220;][et_pb_row column_structure=&#8220;3_5,2_5&#8243; _builder_version=&#8220;4.20.4&#8243; _module_preset=&#8220;default&#8220; global_colors_info=&#8220;{}&#8220;][et_pb_column type=&#8220;3_5&#8243; _builder_version=&#8220;4.20.4&#8243; _module_preset=&#8220;default&#8220; global_colors_info=&#8220;{}&#8220;][et_pb_text admin_label=&#8220;Text&#8220; _builder_version=&#8220;4.24.2&#8243; _module_preset=&#8220;default&#8220; text_font=&#8220;Manrope||||||||&#8220; text_text_color=&#8220;#001A51&#8243; text_font_size=&#8220;18px&#8220; text_line_height=&#8220;1.9em&#8220; link_text_color=&#8220;#E14C6B&#8220; header_text_color=&#8220;#001A51&#8243; header_2_font=&#8220;Manrope||||||||&#8220; header_2_text_color=&#8220;#001A51&#8243; header_2_font_size=&#8220;22px&#8220; header_2_line_height=&#8220;1.9em&#8220; global_colors_info=&#8220;{}&#8220;]<\/p>\n<h1 style=\"text-align: left;\"><strong>Kognitives Training in Virtueller Realit\u00e4t mit teora mind<\/strong><\/h1>\n<p style=\"text-align: justify;\">teora mind ist eine Softwareanwendung, die es Menschen mit kognitiven Einschr\u00e4nkungen erlaubt, alltagsrelevante Handlungsschritte sicher und kontrollierbar in Virtueller Realit\u00e4t zu trainieren. Die VR-Therapiesoftware basiert auf neuesten Erkenntnissen psychologischer Lernstrategien und der Therapiewissenschaften. Der Alltagstransfer wird durch realit\u00e4tsnahe Aufgabenstellungen erleichtert. Denn kognitives Training mit teora mind besteht aus \u00dcbungen, in denen Anwender*innen mit allt\u00e4glichen Situationen konfrontiert werden. Dabei sind die einzelnen Aufgaben so realistisch wie m\u00f6glich konzipiert. In der K\u00fcche k\u00f6nnen Nutzer*innen beispielsweise Kaffee kochen und dabei ihre Handlungsplanungsf\u00e4higkeit trainieren. Es wird der gesamte Prozess vom Bef\u00fcllen der Maschine mit Kaffee und Wasser bis hin zum Einschalten abgebildet. So k\u00f6nnen unsere Nutzer*innen ihre kognitiven F\u00e4higkeiten alltagsnah trainieren und ihre Alltagskompetenz verbessern. Gleichzeitig k\u00f6nnen sie sonst schwer wiederholbare T\u00e4tigkeiten in einer sicheren Umgebung durchf\u00fchren. Gefahrenquellen, wie hei\u00dfes Wasser, werden eliminiert. Durch den Einsatz mobiler VR-Brillen ist teora mind ortsunabh\u00e4ngig nutzbar. Betroffene k\u00f6nnen selbstbestimmt und unabh\u00e4ngig trainieren. Das steigert ihr Selbstvertrauen und ihre Motivation.<\/p>\n<p>[\/et_pb_text][\/et_pb_column][et_pb_column type=&#8220;2_5&#8243; _builder_version=&#8220;4.20.4&#8243; _module_preset=&#8220;default&#8220; global_colors_info=&#8220;{}&#8220;][et_pb_image src=&#8220;https:\/\/teora-xr.de\/wp-content\/uploads\/sites\/3\/2024\/07\/kognitives_Training.png&#8220; title_text=&#8220;kognitives_Training&#8220; src_tablet=&#8220;https:\/\/teora-xr.de\/wp-content\/uploads\/sites\/3\/2024\/07\/kognitives_Training-208&#215;300.png&#8220; src_phone=&#8220;https:\/\/teora-xr.de\/wp-content\/uploads\/sites\/3\/2023\/07\/Group-7-1.png&#8220; src_last_edited=&#8220;on|tablet&#8220; align_tablet=&#8220;&#8220; align_phone=&#8220;center&#8220; align_last_edited=&#8220;on|phone&#8220; disabled_on=&#8220;on|on|off&#8220; _builder_version=&#8220;4.27.0&#8243; _module_preset=&#8220;default&#8220; transform_scale_tablet=&#8220;&#8220; transform_scale_phone=&#8220;&#8220; transform_scale_last_edited=&#8220;on|phone&#8220; transform_translate_tablet=&#8220;&#8220; transform_translate_phone=&#8220;&#8220; transform_translate_last_edited=&#8220;on|phone&#8220; transform_rotate_tablet=&#8220;&#8220; transform_rotate_phone=&#8220;&#8220; transform_rotate_last_edited=&#8220;on|phone&#8220; transform_skew_tablet=&#8220;&#8220; transform_skew_phone=&#8220;&#8220; transform_skew_last_edited=&#8220;on|phone&#8220; transform_origin_tablet=&#8220;&#8220; transform_origin_phone=&#8220;&#8220; transform_origin_last_edited=&#8220;on|phone&#8220; transform_styles_last_edited=&#8220;on|phone&#8220; width_tablet=&#8220;&#8220; width_phone=&#8220;&#8220; width_last_edited=&#8220;on|phone&#8220; min_height_tablet=&#8220;&#8220; min_height_phone=&#8220;auto&#8220; min_height_last_edited=&#8220;on|phone&#8220; height_tablet=&#8220;&#8220; height_phone=&#8220;auto&#8220; height_last_edited=&#8220;on|phone&#8220; custom_margin=&#8220;60px||20px||false|false&#8220; custom_padding=&#8220;||||false|false&#8220; transform_styles_tablet=&#8220;&#8220; transform_styles_phone=&#8220;&#8220; module_alignment_tablet=&#8220;&#8220; module_alignment_phone=&#8220;center&#8220; module_alignment_last_edited=&#8220;on|phone&#8220; global_colors_info=&#8220;{}&#8220;][\/et_pb_image][et_pb_image alt=&#8220;Senior bei der Nutzung von teora mind. Er sitzt in einem Ohrensessel und h\u00e4lt zwei Controller in den H\u00e4nden. Im Vordergrund sieht man ein St\u00fcck Torte.&#8220; title_text=&#8220;kognitives_Training&#8220; src_tablet=&#8220;https:\/\/teora-xr.de\/wp-content\/uploads\/sites\/3\/2024\/04\/Senior-bei-der-Nutzung-von-teora-mind.png&#8220; src_phone=&#8220;https:\/\/teora-xr.de\/wp-content\/uploads\/sites\/3\/2024\/07\/kognitives_Training-208&#215;300.png&#8220; src_last_edited=&#8220;on|phone&#8220; align_tablet=&#8220;&#8220; align_phone=&#8220;center&#8220; align_last_edited=&#8220;on|phone&#8220; disabled_on=&#8220;off|off|on&#8220; _builder_version=&#8220;4.27.0&#8243; _module_preset=&#8220;default&#8220; transform_scale_tablet=&#8220;&#8220; transform_scale_phone=&#8220;&#8220; transform_scale_last_edited=&#8220;on|phone&#8220; transform_translate_tablet=&#8220;&#8220; transform_translate_phone=&#8220;&#8220; transform_translate_last_edited=&#8220;on|phone&#8220; transform_rotate_tablet=&#8220;&#8220; transform_rotate_phone=&#8220;&#8220; transform_rotate_last_edited=&#8220;on|phone&#8220; transform_skew_tablet=&#8220;&#8220; transform_skew_phone=&#8220;&#8220; transform_skew_last_edited=&#8220;on|phone&#8220; transform_origin_tablet=&#8220;&#8220; transform_origin_phone=&#8220;&#8220; transform_origin_last_edited=&#8220;on|phone&#8220; transform_styles_last_edited=&#8220;on|phone&#8220; width_tablet=&#8220;&#8220; width_phone=&#8220;&#8220; width_last_edited=&#8220;on|phone&#8220; min_height_tablet=&#8220;&#8220; min_height_phone=&#8220;auto&#8220; min_height_last_edited=&#8220;on|phone&#8220; height_tablet=&#8220;&#8220; height_phone=&#8220;auto&#8220; height_last_edited=&#8220;on|phone&#8220; custom_margin=&#8220;60px||20px||false|false&#8220; custom_padding=&#8220;||||false|false&#8220; transform_styles_tablet=&#8220;&#8220; transform_styles_phone=&#8220;&#8220; module_alignment_tablet=&#8220;&#8220; module_alignment_phone=&#8220;center&#8220; module_alignment_last_edited=&#8220;on|phone&#8220; global_colors_info=&#8220;{}&#8220;][\/et_pb_image][\/et_pb_column][\/et_pb_row][et_pb_row _builder_version=&#8220;4.20.4&#8243; _module_preset=&#8220;default&#8220; global_colors_info=&#8220;{}&#8220;][et_pb_column type=&#8220;4_4&#8243; _builder_version=&#8220;4.20.4&#8243; _module_preset=&#8220;default&#8220; global_colors_info=&#8220;{}&#8220;][et_pb_text admin_label=&#8220;Text&#8220; _builder_version=&#8220;4.20.4&#8243; _module_preset=&#8220;default&#8220; text_font=&#8220;Manrope||||||||&#8220; text_text_color=&#8220;#001A51&#8243; text_font_size=&#8220;18px&#8220; text_line_height=&#8220;1.9em&#8220; link_text_color=&#8220;#E14C6B&#8220; header_text_color=&#8220;#001A51&#8243; global_colors_info=&#8220;{}&#8220;]<\/p>\n<p style=\"text-align: justify;\">Alle weiteren \u00dcbungen orientieren sich ebenfalls an den Aufgaben des t\u00e4glichen Lebens (ADL), um den Alltagstransfer zu erleichtern. Somit trainieren sie die F\u00e4higkeiten, auf die es ankommt, um wieder selbst\u00e4ndiger zu werden. Dabei st\u00fctzt sich unsere Therapiesoftware auf das Prinzip der <a href=\"https:\/\/teora-xr.de\/en\/neuronale-plastizitaet\/\">neuronalen Plastizit\u00e4t<\/a>. Denn unser Gehirn bleibt lernf\u00e4hig \u2013 das ganze Leben lang. Mit teora mind helfen wir unserem Gehirn dabei, sich selbst zu heilen.<\/p>\n<p>[\/et_pb_text][dsm_button _builder_version=&#8220;4.24.0&#8243; _module_preset=&#8220;default&#8220; global_colors_info=&#8220;{}&#8220;][\/dsm_button][\/et_pb_column][\/et_pb_row][et_pb_row _builder_version=&#8220;4.24.0&#8243; _module_preset=&#8220;default&#8220; global_colors_info=&#8220;{}&#8220;][et_pb_column type=&#8220;4_4&#8243; _builder_version=&#8220;4.24.0&#8243; _module_preset=&#8220;default&#8220; global_colors_info=&#8220;{}&#8220;][et_pb_text admin_label=&#8220;Text&#8220; _builder_version=&#8220;4.27.4&#8243; _module_preset=&#8220;default&#8220; text_font=&#8220;Manrope||||||||&#8220; text_text_color=&#8220;#001A51&#8243; text_font_size=&#8220;18px&#8220; text_line_height=&#8220;1.9em&#8220; link_text_color=&#8220;#E14C6B&#8220; header_text_color=&#8220;#001A51&#8243; custom_padding=&#8220;18px|18px|18px|18px|false|false&#8220; border_radii=&#8220;on|43px|43px|43px|43px&#8220; border_width_all=&#8220;3px&#8220; border_color_all=&#8220;#E14C6B&#8220; global_colors_info=&#8220;{}&#8220;]<\/p>\n<h2 style=\"text-align: center;\"><span style=\"color: #e14c6b;\"><b>!!!<\/b><\/span><\/h2>\n<p style=\"text-align: center;\">teora mind ist seit dem 01.02.2024 f\u00fcr Vollversicherte der INTER Versicherungsgruppe erstattungsf\u00e4hig.<\/p>\n<p>[\/et_pb_text][\/et_pb_column][\/et_pb_row][\/et_pb_section][et_pb_section fb_built=&#8220;1&#8243; _builder_version=&#8220;4.20.4&#8243; _module_preset=&#8220;default&#8220; custom_margin=&#8220;||10px||false|false&#8220; da_disable_devices=&#8220;off|off|off&#8220; global_colors_info=&#8220;{}&#8220; custom_padding=&#8220;0px||164px|||&#8220; da_is_popup=&#8220;off&#8220; da_exit_intent=&#8220;off&#8220; da_has_close=&#8220;on&#8220; da_alt_close=&#8220;off&#8220; da_dark_close=&#8220;off&#8220; da_not_modal=&#8220;on&#8220; da_is_singular=&#8220;off&#8220; da_with_loader=&#8220;off&#8220; da_has_shadow=&#8220;on&#8220;][et_pb_row _builder_version=&#8220;4.27.4&#8243; _module_preset=&#8220;default&#8220; global_colors_info=&#8220;{}&#8220;][et_pb_column type=&#8220;4_4&#8243; _builder_version=&#8220;4.20.4&#8243; _module_preset=&#8220;default&#8220; global_colors_info=&#8220;{}&#8220;][et_pb_text _builder_version=&#8220;4.24.2&#8243; _module_preset=&#8220;default&#8220; text_text_color=&#8220;#001A51&#8243; header_text_color=&#8220;#001A51&#8243; header_2_font=&#8220;Manrope|700|||||||&#8220; header_2_text_align=&#8220;center&#8220; header_2_text_color=&#8220;#001A51&#8243; header_2_font_size=&#8220;22px&#8220; header_3_font=&#8220;Manrope|700|||||||&#8220; header_3_text_align=&#8220;center&#8220; header_3_line_height=&#8220;1.9em&#8220; global_colors_info=&#8220;{}&#8220;]<\/p>\n<h1 style=\"text-align: center;\"><strong>Erfahren Sie mehr \u00fcber teora mind<\/strong><\/h1>\n<p>[\/et_pb_text][\/et_pb_column][\/et_pb_row][et_pb_row column_structure=&#8220;1_3,1_3,1_3&#8243; _builder_version=&#8220;4.27.4&#8243; _module_preset=&#8220;default&#8220; global_colors_info=&#8220;{}&#8220;][et_pb_column type=&#8220;1_3&#8243; _builder_version=&#8220;4.20.4&#8243; _module_preset=&#8220;default&#8220; global_colors_info=&#8220;{}&#8220;][et_pb_image src=&#8220;https:\/\/teora-xr.de\/wp-content\/uploads\/sites\/3\/2025\/03\/Fuer-Betroffene.jpg&#8220; title_text=&#8220;F\u00fcr Betroffene&#8220; url=&#8220;https:\/\/teora-xr.de\/fuer-betroffene\/&#8220; _builder_version=&#8220;4.27.4&#8243; _module_preset=&#8220;default&#8220; global_colors_info=&#8220;{}&#8220;][\/et_pb_image][dsm_text_divider header=&#8220;F\u00fcr Betroffene&#8220; divider_style=&#8220;none&#8220; _builder_version=&#8220;4.20.4&#8243; _module_preset=&#8220;default&#8220; header_font=&#8220;Manrope|700|||||||&#8220; header_text_align=&#8220;center&#8220; background_color=&#8220;RGBA(255,255,255,0)&#8220; positioning=&#8220;absolute&#8220; position_origin_a=&#8220;center_center&#8220; background_layout=&#8220;dark&#8220; width=&#8220;100%&#8220; link_option_url=&#8220;https:\/\/teora-xr.de\/fuer-betroffene\/&#8220; text_shadow_style=&#8220;preset3&#8243; text_shadow_color=&#8220;#000000&#8243; global_colors_info=&#8220;{}&#8220;][\/dsm_text_divider][\/et_pb_column][et_pb_column type=&#8220;1_3&#8243; _builder_version=&#8220;4.20.4&#8243; _module_preset=&#8220;default&#8220; global_colors_info=&#8220;{}&#8220;][et_pb_image src=&#8220;https:\/\/teora-xr.de\/wp-content\/uploads\/sites\/3\/2025\/03\/image-78.png&#8220; title_text=&#8220;image 78&#8243; url=&#8220;https:\/\/teora-xr.de\/fuer-ergotherapeut_innen\/&#8220; _builder_version=&#8220;4.27.4&#8243; _module_preset=&#8220;default&#8220; global_colors_info=&#8220;{}&#8220;][\/et_pb_image][dsm_text_divider header=&#8220;F\u00fcr Ergotherapeut*innen&#8220; divider_style=&#8220;none&#8220; header_tablet=&#8220;F\u00fcr Ergothera-peut*innen&#8220; header_phone=&#8220;F\u00fcr Ergotherapeut*Innen&#8220; header_last_edited=&#8220;on|phone&#8220; admin_label=&#8220;Supreme Text Divider&#8220; _builder_version=&#8220;4.27.4&#8243; _module_preset=&#8220;default&#8220; header_font=&#8220;Manrope|700|||||||&#8220; header_text_align=&#8220;center&#8220; background_color=&#8220;RGBA(255,255,255,0)&#8220; positioning=&#8220;absolute&#8220; position_origin_a=&#8220;center_center&#8220; background_layout=&#8220;dark&#8220; width=&#8220;100%&#8220; link_option_url=&#8220;https:\/\/teora-xr.de\/fuer-ergotherapeut_innen\/&#8220; text_shadow_style=&#8220;preset3&#8243; global_colors_info=&#8220;{}&#8220;][\/dsm_text_divider][\/et_pb_column][et_pb_column type=&#8220;1_3&#8243; _builder_version=&#8220;4.20.4&#8243; _module_preset=&#8220;default&#8220; global_colors_info=&#8220;{}&#8220;][et_pb_image src=&#8220;https:\/\/teora-xr.de\/wp-content\/uploads\/sites\/3\/2025\/03\/Fuer-Kliniken.jpg&#8220; title_text=&#8220;F\u00fcr Kliniken&#8220; url=&#8220;https:\/\/teora-xr.de\/fuer-kliniken\/&#8220; _builder_version=&#8220;4.27.4&#8243; _module_preset=&#8220;default&#8220; global_colors_info=&#8220;{}&#8220;][\/et_pb_image][dsm_text_divider header=&#8220;F\u00fcr Kliniken&#8220; color=&#8220;#FFFFFF&#8220; divider_style=&#8220;none&#8220; _builder_version=&#8220;4.27.4&#8243; _module_preset=&#8220;default&#8220; header_font=&#8220;Manrope|700|||||||&#8220; background_color=&#8220;RGBA(255,255,255,0)&#8220; positioning=&#8220;absolute&#8220; position_origin_a=&#8220;center_center&#8220; background_layout=&#8220;dark&#8220; width=&#8220;100%&#8220; link_option_url=&#8220;https:\/\/teora-xr.de\/fuer-kliniken\/&#8220; text_shadow_style=&#8220;preset3&#8243; global_colors_info=&#8220;{}&#8220;][\/dsm_text_divider][\/et_pb_column][\/et_pb_row][\/et_pb_section]<\/p>","protected":false},"excerpt":{"rendered":"<p>Kognitives Training in Virtueller Realit\u00e4t mit teora mind teora mind ist eine Softwareanwendung, die es Menschen mit kognitiven Einschr\u00e4nkungen erlaubt, alltagsrelevante Handlungsschritte sicher und kontrollierbar in Virtueller Realit\u00e4t zu trainieren. Die VR-Therapiesoftware basiert auf neuesten Erkenntnissen psychologischer Lernstrategien und der Therapiewissenschaften. Der Alltagstransfer wird durch realit\u00e4tsnahe Aufgabenstellungen erleichtert. Denn kognitives Training mit teora mind besteht aus \u00dcbungen, in denen Anwender*innen mit allt\u00e4glichen Situationen konfrontiert werden. Dabei sind die einzelnen Aufgaben so realistisch wie m\u00f6glich konzipiert. In der K\u00fcche k\u00f6nnen Nutzer*innen beispielsweise Kaffee kochen und dabei ihre Handlungsplanungsf\u00e4higkeit trainieren. Es wird der gesamte Prozess vom Bef\u00fcllen der Maschine mit Kaffee und Wasser bis hin zum Einschalten abgebildet. So k\u00f6nnen unsere Nutzer*innen ihre kognitiven F\u00e4higkeiten alltagsnah trainieren und ihre Alltagskompetenz verbessern. Gleichzeitig k\u00f6nnen sie sonst schwer wiederholbare T\u00e4tigkeiten in einer sicheren Umgebung durchf\u00fchren. Gefahrenquellen, wie hei\u00dfes Wasser, werden eliminiert. Durch den Einsatz mobiler VR-Brillen ist teora mind ortsunabh\u00e4ngig nutzbar. Betroffene k\u00f6nnen selbstbestimmt und unabh\u00e4ngig trainieren. Das steigert ihr Selbstvertrauen und ihre Motivation.Alle weiteren \u00dcbungen orientieren sich ebenfalls an den Aufgaben des t\u00e4glichen Lebens (ADL), um den Alltagstransfer zu erleichtern. Somit trainieren sie die F\u00e4higkeiten, auf die es ankommt, um wieder selbst\u00e4ndiger zu werden. Dabei st\u00fctzt sich unsere Therapiesoftware auf das Prinzip der [&hellip;]<\/p>","protected":false},"author":1,"featured_media":0,"parent":0,"menu_order":0,"comment_status":"closed","ping_status":"closed","template":"","meta":{"_et_pb_use_builder":"on","_et_pb_old_content":"","_et_gb_content_width":"","om_disable_all_campaigns":false,"_monsterinsights_skip_tracking":false,"_monsterinsights_sitenote_active":false,"_monsterinsights_sitenote_note":"","_monsterinsights_sitenote_category":0,"footnotes":""},"class_list":["post-233762","page","type-page","status-publish","hentry"],"aioseo_notices":[],"_links":{"self":[{"href":"https:\/\/teora-xr.de\/en\/wp-json\/wp\/v2\/pages\/233762","targetHints":{"allow":["GET"]}}],"collection":[{"href":"https:\/\/teora-xr.de\/en\/wp-json\/wp\/v2\/pages"}],"about":[{"href":"https:\/\/teora-xr.de\/en\/wp-json\/wp\/v2\/types\/page"}],"author":[{"embeddable":true,"href":"https:\/\/teora-xr.de\/en\/wp-json\/wp\/v2\/users\/1"}],"replies":[{"embeddable":true,"href":"https:\/\/teora-xr.de\/en\/wp-json\/wp\/v2\/comments?post=233762"}],"version-history":[{"count":9,"href":"https:\/\/teora-xr.de\/en\/wp-json\/wp\/v2\/pages\/233762\/revisions"}],"predecessor-version":[{"id":241709,"href":"https:\/\/teora-xr.de\/en\/wp-json\/wp\/v2\/pages\/233762\/revisions\/241709"}],"wp:attachment":[{"href":"https:\/\/teora-xr.de\/en\/wp-json\/wp\/v2\/media?parent=233762"}],"curies":[{"name":"wp","href":"https:\/\/api.w.org\/{rel}","templated":true}]}}