{"id":233296,"date":"2023-05-10T09:08:30","date_gmt":"2023-05-10T09:08:30","guid":{"rendered":"https:\/\/teora-xr.de\/?page_id=233296"},"modified":"2023-10-18T11:17:10","modified_gmt":"2023-10-18T11:17:10","slug":"downloadbereich","status":"publish","type":"page","link":"https:\/\/teora-xr.de\/en\/downloadbereich\/","title":{"rendered":"Download area"},"content":{"rendered":"<p>[et_pb_section fb_built=&#8220;1&#8243; fullwidth=&#8220;on&#8220; _builder_version=&#8220;4.20.4&#8243; _module_preset=&#8220;default&#8220; global_colors_info=&#8220;{}&#8220;][et_pb_fullwidth_image src=&#8220;https:\/\/teora-xr.de\/wp-content\/uploads\/sites\/3\/2023\/06\/Downloadbereich_bild-scaled.jpg&#8220; alt=&#8220;Junge Woman of Color blickt auf ihren Laptopbildschirm&#8220; title_text=&#8220;Downloadbereich_bild&#8220; _builder_version=&#8220;4.20.4&#8243; _module_preset=&#8220;default&#8220; custom_margin_tablet=&#8220;&#8220; custom_margin_phone=&#8220;80px||50px||false|false&#8220; custom_margin_last_edited=&#8220;on|phone&#8220; global_colors_info=&#8220;{}&#8220;][\/et_pb_fullwidth_image][\/et_pb_section][et_pb_section fb_built=&#8220;1&#8243; _builder_version=&#8220;4.20.4&#8243; _module_preset=&#8220;default&#8220; custom_margin=&#8220;||40px||false|false&#8220; global_colors_info=&#8220;{}&#8220;][et_pb_row _builder_version=&#8220;4.20.4&#8243; _module_preset=&#8220;default&#8220; custom_margin=&#8220;||15px||false|false&#8220; custom_margin_tablet=&#8220;||15px||false|false&#8220; custom_margin_phone=&#8220;-50px||||false|false&#8220; custom_margin_last_edited=&#8220;on|phone&#8220; global_colors_info=&#8220;{}&#8220;][et_pb_column type=&#8220;4_4&#8243; _builder_version=&#8220;4.20.4&#8243; _module_preset=&#8220;default&#8220; global_colors_info=&#8220;{}&#8220;][et_pb_accordion open_toggle_text_color=&#8220;#001A51&#8243; closed_toggle_text_color=&#8220;#001A51&#8243; _builder_version=&#8220;4.20.4&#8243; _module_preset=&#8220;default&#8220; toggle_text_color=&#8220;#001A51&#8243; toggle_level=&#8220;h3&#8243; toggle_font=&#8220;Manrope||||||||&#8220; toggle_font_size=&#8220;22px&#8220; toggle_line_height=&#8220;1.9em&#8220; body_text_color=&#8220;#001A51&#8243; border_width_all=&#8220;0px&#8220; border_style_all=&#8220;none&#8220; global_colors_info=&#8220;{}&#8220;][et_pb_accordion_item title=&#8220;Hier stehen Ihnen s\u00e4mtliche Dokumente zum Download bereit&#8220; open=&#8220;on&#8220; open_toggle_text_color=&#8220;#141453&#8243; _builder_version=&#8220;4.20.4&#8243; _module_preset=&#8220;default&#8220; body_font=&#8220;Manrope||||||||&#8220; body_text_align=&#8220;justify&#8220; text_orientation=&#8220;justified&#8220; global_colors_info=&#8220;{}&#8220; toggle_text_color=&#8220;#141453&#8243; toggle_level=&#8220;h3&#8243; toggle_font=&#8220;Manrope|700|||||||&#8220; toggle_text_align=&#8220;left&#8220; toggle_font_size=&#8220;22px&#8220; toggle_line_height=&#8220;1.9em&#8220;][\/et_pb_accordion_item][\/et_pb_accordion][dsm_faq dsm_open_font_icon=&#8220;&#x4b;||divi||400&#8243; dsm_close_font_icon=&#8220;&#x4c;||divi||400&#8243; dsm_open_icon_color=&#8220;#141453&#8243; dsm_close_icon_color=&#8220;#141453&#8243; dsm_icon_placement=&#8220;right&#8220; dsm_content_margin=&#8220;||0px||false|false&#8220; dsm_content_padding=&#8220;15px||15px||false|false&#8220; _builder_version=&#8220;4.20.4&#8243; _module_preset=&#8220;default&#8220; header_level=&#8220;h3&#8243; header_font=&#8220;Manrope|700|||||||&#8220; header_text_color=&#8220;#001A51&#8243; header_font_size=&#8220;17px&#8220; closed_header_text_color=&#8220;#001A51&#8243; content_font=&#8220;Manrope||||||||&#8220; content_text_color=&#8220;#001A51&#8243; content_line_height=&#8220;1.9em&#8220; hover_enabled=&#8220;0&#8243; border_style_all=&#8220;none&#8220; border_style_all_dsm_toggle_open_border=&#8220;none&#8220; border_style_all_dsm_toggle_closed_border=&#8220;none&#8220; border_style_all_dsm_icon_open_border=&#8220;none&#8220; border_style_all_dsm_icon_close_border=&#8220;none&#8220; border_style_all_dsm_image_open_border=&#8220;none&#8220; border_style_all_dsm_image_close_border=&#8220;none&#8220; global_colors_info=&#8220;{}&#8220; dsm_close_bg_color=&#8220;#FFFFFF&#8220; sticky_enabled=&#8220;0&#8243;][dsm_faq_child dsm_title=&#8220;MDR Zertifikat&#8220; dsm_content=&#8220;<span style=\"%22color:\" #ff0000;%22><a href=\"%22https:\/\/teora-xr.de\/wp-content\/uploads\/sites\/3\/2023\/06\/MDR-Certificate_living-brain.pdf%22\" rel=\"%22attachment\" wp-att-234033%22 style=\"%22color:\" #e14c6b;%22>MDR Certificate_living brain<\/a><\/span>&#8220; dsm_open_bg_color=&#8220;#FFFFFF&#8220; dsm_close_bg_color=&#8220;#FFFFFF&#8220; _builder_version=&#8220;4.20.4&#8243; _module_preset=&#8220;default&#8220; header_item_font=&#8220;Manrope||||||||&#8220; header_item_text_color=&#8220;#141453&#8243; closed_header_item_font=&#8220;Manrope||||||||&#8220; closed_header_item_text_color=&#8220;#141453&#8243; border_style_all_dsm_toggle_open_border=&#8220;none&#8220; border_style_all_dsm_toggle_closed_border=&#8220;none&#8220; border_color_bottom_dsm_toggle_closed_border=&#8220;#FFFFFF&#8220; border_style_bottom_dsm_toggle_closed_border=&#8220;none&#8220; box_shadow_style_toggle_open_state_shadow=&#8220;preset3&#8243; box_shadow_style_toggle_closed_state_shadow=&#8220;preset3&#8243; global_colors_info=&#8220;{}&#8220; parentOrderClass=&#8220;dsm_faq_0&#8243;][\/dsm_faq_child][dsm_faq_child dsm_title=&#8220;Sicherheits- und Gesundheitshinweise der Pico 4&#8243; dsm_content=&#8220;<span style=\"%22color:\" #e14c6b;%22><a href=\"%22https:\/\/teora-xr.de\/wp-content\/uploads\/sites\/3\/2023\/07\/Pico-4-Sicherheitshinweise.pdf%22\" rel=\"%22attachment\" wp-att-235811%22 style=\"%22color:\" #e14c6b;%22>Pico 4 Sicherheitshinweise<\/a><\/span>&#8220; dsm_open_bg_color=&#8220;#FFFFFF&#8220; dsm_close_bg_color=&#8220;#FFFFFF&#8220; _builder_version=&#8220;4.20.4&#8243; _module_preset=&#8220;default&#8220; header_item_font=&#8220;Manrope||||||||&#8220; header_item_text_color=&#8220;#141453&#8243; closed_header_item_font=&#8220;Manrope||||||||&#8220; closed_header_item_text_color=&#8220;#141453&#8243; border_style_all_dsm_toggle_open_border=&#8220;none&#8220; border_style_all_dsm_toggle_closed_border=&#8220;none&#8220; border_color_bottom_dsm_toggle_closed_border=&#8220;#FFFFFF&#8220; border_style_bottom_dsm_toggle_closed_border=&#8220;none&#8220; box_shadow_style_toggle_open_state_shadow=&#8220;preset3&#8243; box_shadow_style_toggle_closed_state_shadow=&#8220;preset3&#8243; global_colors_info=&#8220;{}&#8220; parentOrderClass=&#8220;dsm_faq_0&#8243;][\/dsm_faq_child][dsm_faq_child dsm_title=&#8220;Sicherheits- und Gesundheitshinweise der Oculus Quest&#8220; dsm_content=&#8220;<\/p>\n<p><span style=\"%22color:\" #e14c6b;%22><a href=\"%22https:\/\/teora-xr.de\/wp-content\/uploads\/sites\/3\/2023\/10\/Oculus-Quest-Warnings-German-052119.pdf%22\" style=\"%22color:\" #e14c6b;%22>Oculus Quest Sicherheitshinweise<\/a><\/span><\/p>\n<p>&#8220; _builder_version=&#8220;4.20.4&#8243; _module_preset=&#8220;default&#8220; hover_enabled=&#8220;0&#8243; global_colors_info=&#8220;{}&#8220; parentOrderClass=&#8220;dsm_faq_0&#8243; box_shadow_style=&#8220;preset3&#8243; sticky_enabled=&#8220;0&#8243;][\/dsm_faq_child][\/dsm_faq][\/et_pb_column][\/et_pb_row][et_pb_row _builder_version=&#8220;4.20.4&#8243; _module_preset=&#8220;default&#8220; global_colors_info=&#8220;{}&#8220;][et_pb_column type=&#8220;4_4&#8243; _builder_version=&#8220;4.20.4&#8243; _module_preset=&#8220;default&#8220; global_colors_info=&#8220;{}&#8220;][et_pb_text _builder_version=&#8220;4.20.4&#8243; _module_preset=&#8220;default&#8220; text_font=&#8220;Manrope||||||||&#8220; text_text_color=&#8220;#001A51&#8243; text_font_size=&#8220;17px&#8220; text_line_height=&#8220;1.9em&#8220; header_text_color=&#8220;#001A51&#8243; global_colors_info=&#8220;{}&#8220;]<\/p>\n<p>N\u00e4here Informationen zu den Begleitpapieren finden Sie im <span style=\"color: #e14c6b;\"><a style=\"color: #e14c6b;\" href=\"https:\/\/teora-xr.de\/en\/eifu\/\">eiFU Bereich<\/a><\/span>.<\/p>\n<p>Falls Sie zus\u00e4tzliche oben nicht aufgef\u00fchrte Informationen ben\u00f6tigen, kontaktieren Sie uns gerne.<\/p>\n<p>[\/et_pb_text][dsm_button button_one_text=&#8220;Jetzt Kontakt aufnehmen&#8220; button_one_url=&#8220;https:\/\/teora-xr.de\/kontaktformular\/&#8220; button_one_lightbox_close_color=&#8220;#141453&#8243; button_alignment=&#8220;left&#8220; button_one_hover_animation=&#8220;dsm-grow&#8220; _builder_version=&#8220;4.20.4&#8243; _module_preset=&#8220;default&#8220; separator_text_font=&#8220;Manrope|700|||||||&#8220; separator_text_text_color=&#8220;#001A51&#8243; tooltip_one_font=&#8220;Manrope||||||||&#8220; custom_button_one=&#8220;on&#8220; button_one_text_size=&#8220;17px&#8220; button_one_text_color=&#8220;#001A51&#8243; button_one_border_width=&#8220;2px&#8220; button_one_border_color=&#8220;#001A51&#8243; button_one_border_radius=&#8220;43px&#8220; button_one_font=&#8220;Manrope|700|||||||&#8220; button_one_use_icon=&#8220;off&#8220; transform_scale_linked=&#8220;off&#8220; transform_translate_linked=&#8220;off&#8220; custom_margin=&#8220;6px||-9px||false|false&#8220; custom_padding=&#8220;21px||0px|0px|false|false&#8220; global_colors_info=&#8220;{}&#8220;][\/dsm_button][\/et_pb_column][\/et_pb_row][\/et_pb_section]<\/p>","protected":false},"excerpt":{"rendered":"<p><div class=\"et_pb_with_border et_pb_module dsm_faq dsm_faq_0\">\n\t\t\t\t\n\t\t\t\t\n\t\t\t\t\n\t\t\t\t\n\t\t\t\t\n\t\t\t\t\n\t\t\t\t<div class=\"et_pb_module_inner\">\n\t\t\t\t\t<div class=\"dsm-faq-container dsm-front\" data-accordion=\"off\" data-open_first_item=\"off\">\n\t\t\t\t<div class=\"dsm_faq_child_0 dsm-faq-item-wrapper\">\n\t\t\t\t<div class=\"dsm-title-wrapper\">\n\t\t\t\t <div class=\"dsm-title-inner-wrapper\">\n\t\t\t\t   \n\t\t\t\t   \n\t\t\t\t   \n\t\t\t\t   \n\t\t\t\t   <h3 class=\"dsm-faq-title\">MDR Zertifikat<\/h3>\n\t\t\t\t <\/div> \n\t\t\t\t <div class=\"dsm-faq-item-inner-wrapper\">\n\t\t\t\t   <div class=\"dsm_open_icon\"><span>K<\/span><\/div>\n\t\t\t\t   <div class=\"dsm_close_icon\"><span>L<\/span><\/div>\n\t\t\t\t   \n\t\t\t\t   \n\t\t\t\t <\/div>\n\t\t\t\t<\/div>\n\t\t\t\t<div class=\"dsm-faq-content\">MDR Certificate_living brain<\/div>\n\t\t\t <\/div>\n\t\t\t<div class=\"dsm_faq_child_1 dsm-faq-item-wrapper\">\n\t\t\t\t<div class=\"dsm-title-wrapper\">\n\t\t\t\t <div class=\"dsm-title-inner-wrapper\">\n\t\t\t\t   \n\t\t\t\t   \n\t\t\t\t   \n\t\t\t\t   \n\t\t\t\t   <h3 class=\"dsm-faq-title\">Sicherheits- und Gesundheitshinweise der Pico 4<\/h3>\n\t\t\t\t <\/div> \n\t\t\t\t <div class=\"dsm-faq-item-inner-wrapper\">\n\t\t\t\t   <div class=\"dsm_open_icon\"><span>K<\/span><\/div>\n\t\t\t\t   <div class=\"dsm_close_icon\"><span>L<\/span><\/div>\n\t\t\t\t   \n\t\t\t\t   \n\t\t\t\t <\/div>\n\t\t\t\t<\/div>\n\t\t\t\t<div class=\"dsm-faq-content\">Pico 4 Sicherheitshinweise<\/div>\n\t\t\t <\/div>\n\t\t\t<div class=\"dsm_faq_child_2 dsm-faq-item-wrapper\">\n\t\t\t\t<div class=\"dsm-title-wrapper\">\n\t\t\t\t <div class=\"dsm-title-inner-wrapper\">\n\t\t\t\t   \n\t\t\t\t   \n\t\t\t\t   \n\t\t\t\t   \n\t\t\t\t   <h3 class=\"dsm-faq-title\">Sicherheits- und Gesundheitshinweise der Oculus Quest<\/h3>\n\t\t\t\t <\/div> \n\t\t\t\t <div class=\"dsm-faq-item-inner-wrapper\">\n\t\t\t\t   <div class=\"dsm_open_icon\"><span>K<\/span><\/div>\n\t\t\t\t   <div class=\"dsm_close_icon\"><span>L<\/span><\/div>\n\t\t\t\t   \n\t\t\t\t   \n\t\t\t\t <\/div>\n\t\t\t\t<\/div>\n\t\t\t\t<div class=\"dsm-faq-content\">Oculus Quest Sicherheitshinweise<\/div>\n\t\t\t <\/div>\n\t\t\t\n\t\t\t <\/div>\n\t\t\t \n\t\t\t\n\t\t\t\t<\/div>\n\t\t\t<\/div>N\u00e4here Informationen zu den Begleitpapieren finden Sie im eiFU Bereich. Falls Sie zus\u00e4tzliche oben nicht aufgef\u00fchrte Informationen ben\u00f6tigen, kontaktieren Sie uns gerne.<div class=\"et_pb_module dsm_button dsm_button_0 et_pb_bg_layout_light\">\n\t\t\t\t\n\t\t\t\t\n\t\t\t\t\n\t\t\t\t\n\t\t\t\t\n\t\t\t\t\n\t\t\t\t<div class=\"et_pb_module_inner\">\n\t\t\t\t\t<div class=\"et_pb_button_module_wrappers dsm_button_0_wrapper et_pb_button_alignment_left et_pb_module\">\n\t\t\t\t<a class=\"et_pb_button et_pb_button_one et_pb_bg_layout_light dsm-grow\"  href=\"https:\/\/teora-xr.de\/en\/kontaktformular\/\" data-dsm-lightbox-id=\"dsm_button_one_lightbox dsm_button_0\"><span>Jetzt Kontakt aufnehmen<\/span><\/a>\n\t\t\t<\/div>\n\t\t\t\t<\/div>\n\t\t\t<\/div><\/p>","protected":false},"author":1,"featured_media":0,"parent":0,"menu_order":0,"comment_status":"closed","ping_status":"closed","template":"","meta":{"_et_pb_use_builder":"on","_et_pb_old_content":"","_et_gb_content_width":"","om_disable_all_campaigns":false,"_monsterinsights_skip_tracking":false,"_monsterinsights_sitenote_active":false,"_monsterinsights_sitenote_note":"","_monsterinsights_sitenote_category":0,"footnotes":""},"class_list":["post-233296","page","type-page","status-publish","hentry"],"aioseo_notices":[],"_links":{"self":[{"href":"https:\/\/teora-xr.de\/en\/wp-json\/wp\/v2\/pages\/233296","targetHints":{"allow":["GET"]}}],"collection":[{"href":"https:\/\/teora-xr.de\/en\/wp-json\/wp\/v2\/pages"}],"about":[{"href":"https:\/\/teora-xr.de\/en\/wp-json\/wp\/v2\/types\/page"}],"author":[{"embeddable":true,"href":"https:\/\/teora-xr.de\/en\/wp-json\/wp\/v2\/users\/1"}],"replies":[{"embeddable":true,"href":"https:\/\/teora-xr.de\/en\/wp-json\/wp\/v2\/comments?post=233296"}],"version-history":[{"count":9,"href":"https:\/\/teora-xr.de\/en\/wp-json\/wp\/v2\/pages\/233296\/revisions"}],"predecessor-version":[{"id":237244,"href":"https:\/\/teora-xr.de\/en\/wp-json\/wp\/v2\/pages\/233296\/revisions\/237244"}],"wp:attachment":[{"href":"https:\/\/teora-xr.de\/en\/wp-json\/wp\/v2\/media?parent=233296"}],"curies":[{"name":"wp","href":"https:\/\/api.w.org\/{rel}","templated":true}]}}