{"id":233294,"date":"2023-05-10T09:08:01","date_gmt":"2023-05-10T09:08:01","guid":{"rendered":"https:\/\/teora-xr.de\/?page_id=233294"},"modified":"2025-04-08T13:10:41","modified_gmt":"2025-04-08T13:10:41","slug":"medizinprodukt","status":"publish","type":"page","link":"https:\/\/teora-xr.de\/en\/medizinprodukt\/","title":{"rendered":"Medical device"},"content":{"rendered":"<p>[et_pb_section fb_built=&#8220;1&#8243; fullwidth=&#8220;on&#8220; _builder_version=&#8220;4.20.4&#8243; _module_preset=&#8220;default&#8220; da_disable_devices=&#8220;off|off|off&#8220; global_colors_info=&#8220;{}&#8220; da_is_popup=&#8220;off&#8220; da_exit_intent=&#8220;off&#8220; da_has_close=&#8220;on&#8220; da_alt_close=&#8220;off&#8220; da_dark_close=&#8220;off&#8220; da_not_modal=&#8220;on&#8220; da_is_singular=&#8220;off&#8220; da_with_loader=&#8220;off&#8220; da_has_shadow=&#8220;on&#8220;][et_pb_fullwidth_image src=&#8220;https:\/\/teora-xr.de\/wp-content\/uploads\/sites\/3\/2023\/06\/Group-15-scaled.jpg&#8220; alt=&#8220;Medizinprodukt Zertifikat&#8220; title_text=&#8220;Medizinprodukt Zertifikat&#8220; _builder_version=&#8220;4.20.4&#8243; _module_preset=&#8220;default&#8220; custom_margin_tablet=&#8220;&#8220; custom_margin_phone=&#8220;80px||50px||false|false&#8220; custom_margin_last_edited=&#8220;on|phone&#8220; global_colors_info=&#8220;{}&#8220;][\/et_pb_fullwidth_image][\/et_pb_section][et_pb_section fb_built=&#8220;1&#8243; _builder_version=&#8220;4.20.4&#8243; _module_preset=&#8220;default&#8220; da_disable_devices=&#8220;off|off|off&#8220; global_colors_info=&#8220;{}&#8220; da_is_popup=&#8220;off&#8220; da_exit_intent=&#8220;off&#8220; da_has_close=&#8220;on&#8220; da_alt_close=&#8220;off&#8220; da_dark_close=&#8220;off&#8220; da_not_modal=&#8220;on&#8220; da_is_singular=&#8220;off&#8220; da_with_loader=&#8220;off&#8220; da_has_shadow=&#8220;on&#8220;][et_pb_row _builder_version=&#8220;4.20.4&#8243; _module_preset=&#8220;default&#8220; global_colors_info=&#8220;{}&#8220;][et_pb_column type=&#8220;4_4&#8243; _builder_version=&#8220;4.20.4&#8243; _module_preset=&#8220;default&#8220; global_colors_info=&#8220;{}&#8220;][et_pb_text _builder_version=&#8220;4.27.4&#8243; _module_preset=&#8220;default&#8220; text_font=&#8220;Manrope||||||||&#8220; text_text_color=&#8220;#001A51&#8243; text_font_size=&#8220;17px&#8220; text_line_height=&#8220;1.9em&#8220; header_font=&#8220;Manrope||||||||&#8220; header_text_align=&#8220;left&#8220; header_text_color=&#8220;#001A51&#8243; header_2_font=&#8220;Manrope|700|||||||&#8220; header_2_font_size=&#8220;22px&#8220; header_2_line_height=&#8220;1.9em&#8220; header_3_font=&#8220;Manrope|700|||||||&#8220; header_3_line_height=&#8220;1.9em&#8220; text_orientation=&#8220;justified&#8220; hover_enabled=&#8220;0&#8243; global_colors_info=&#8220;{}&#8220; sticky_enabled=&#8220;0&#8243;]<\/p>\n<h1 style=\"text-align: left;\">Zertifizierte Medizinprodukte der Klasse IIa nach MDR<\/h1>\n<p style=\"text-align: justify;\">Bei teora mind handelt es sich um ein zertifiziertes Medizinprodukt der Klasse IIa nach der 2021 in Kraft getretenen und europaweit g\u00fcltigen Medical Device Regulation (Richtlinie 2017\/745). Die MDR l\u00f6st zuk\u00fcnftig die bisher geltende Medical Devices Directive (MDD) ab und soll die Sicherheit der Patient*innen weiter verbessern. Klasse IIa umfasst dabei solche Medizinprodukte, bei denen das Risiko f\u00fcr die Patient*innen als gering bis mittel eingestuft wird. Weitere Beispiele f\u00fcr diese Risikoklasse sind digitale Blutdruckmessger\u00e4te oder H\u00f6rger\u00e4te. Auf Basis dieser Zertifizierung tr\u00e4gt teora mind das CE-Zeichen (CE 0123).<\/p>\n<p style=\"text-align: justify;\">Unsere MDR Zertifizierung k\u00f6nnen Sie bei Bedarf in unserem Downloadbereich herunterladen.<\/p>\n<p>[\/et_pb_text][dsm_button button_one_text=&#8220;Jetzt herunterladen&#8220; button_one_url=&#8220;https:\/\/teora-xr.de\/downloadbereich\/&#8220; button_one_lightbox_close_color=&#8220;#141453&#8243; button_alignment=&#8220;left&#8220; button_one_hover_animation=&#8220;dsm-grow&#8220; _builder_version=&#8220;4.20.4&#8243; _module_preset=&#8220;default&#8220; separator_text_font=&#8220;Manrope|700|||||||&#8220; separator_text_text_color=&#8220;#001A51&#8243; tooltip_one_font=&#8220;Manrope||||||||&#8220; custom_button_one=&#8220;on&#8220; button_one_text_size=&#8220;17px&#8220; button_one_text_color=&#8220;#001A51&#8243; button_one_border_width=&#8220;2px&#8220; button_one_border_color=&#8220;#001A51&#8243; button_one_border_radius=&#8220;43px&#8220; button_one_font=&#8220;Manrope|700|||||||&#8220; button_one_use_icon=&#8220;off&#8220; transform_scale_linked=&#8220;off&#8220; transform_translate_linked=&#8220;off&#8220; custom_margin=&#8220;6px||-9px||false|false&#8220; custom_padding=&#8220;21px||0px|0px|false|false&#8220; global_colors_info=&#8220;{}&#8220;][\/dsm_button][\/et_pb_column][\/et_pb_row][\/et_pb_section][et_pb_section fb_built=&#8220;1&#8243; _builder_version=&#8220;4.20.4&#8243; _module_preset=&#8220;default&#8220; background_color=&#8220;#dfefff&#8220; da_disable_devices=&#8220;off|off|off&#8220; global_colors_info=&#8220;{}&#8220; da_is_popup=&#8220;off&#8220; da_exit_intent=&#8220;off&#8220; da_has_close=&#8220;on&#8220; da_alt_close=&#8220;off&#8220; da_dark_close=&#8220;off&#8220; da_not_modal=&#8220;on&#8220; da_is_singular=&#8220;off&#8220; da_with_loader=&#8220;off&#8220; da_has_shadow=&#8220;on&#8220;][et_pb_row column_structure=&#8220;1_2,1_2&#8243; _builder_version=&#8220;4.20.4&#8243; _module_preset=&#8220;default&#8220; global_colors_info=&#8220;{}&#8220;][et_pb_column type=&#8220;1_2&#8243; _builder_version=&#8220;4.20.4&#8243; _module_preset=&#8220;default&#8220; global_colors_info=&#8220;{}&#8220;][et_pb_text _builder_version=&#8220;4.27.4&#8243; _module_preset=&#8220;default&#8220; text_font=&#8220;Manrope||||||||&#8220; text_text_color=&#8220;#001A51&#8243; text_font_size=&#8220;17px&#8220; text_line_height=&#8220;1.9em&#8220; header_font=&#8220;Manrope||||||||&#8220; header_text_align=&#8220;left&#8220; header_text_color=&#8220;#001A51&#8243; header_2_font=&#8220;Manrope|700|||||||&#8220; header_2_text_color=&#8220;#001A51&#8243; header_2_font_size=&#8220;22px&#8220; header_2_line_height=&#8220;1.9em&#8220; header_3_font=&#8220;Manrope|700|||||||&#8220; header_3_line_height=&#8220;1.9em&#8220; text_orientation=&#8220;justified&#8220; global_colors_info=&#8220;{}&#8220;]<\/p>\n<h1 style=\"text-align: left;\"><strong>Qualit\u00e4tssicherung und Akkreditierung<\/strong><\/h1>\n<p style=\"text-align: justify;\">Um zertifizierter Medizinproduktehersteller nach MDR zu werden, muss jeder Hersteller eine umfassende Bewertung der Produkte einschlie\u00dflich klinischer Studien und einer Risikobewertung durchf\u00fchren lassen. Gleichzeitig m\u00fcssen die Produkte den geltenden Vorschriften entsprechen und h\u00f6chste Anforderungen an die Qualit\u00e4tssicherung erf\u00fcllen. Um das zu gew\u00e4hrleisten, wenden wir ein Qualit\u00e4tsmanagementsystem an, das der DIN EN ISO 13485 Norm entspricht. Ein Standard, der speziell f\u00fcr Unternehmen der Medizinproduktebranche entwickelt wurde. Unser System umfasst alle Bereiche des Unternehmens, die mit der Entwicklung, Herstellung, dem Vertrieb und dem Service unserer Medizinprodukte zusammenh\u00e4ngen. Dadurch k\u00f6nnen wir nicht nur sicherstellen, dass unsere Produkte den gesetzlichen Anforderungen entsprechen, sondern arbeiten kontinuierlich an der Verbesserung unserer Leistungen.<\/p>\n<p>&nbsp;<\/p>\n<p style=\"text-align: justify;\">Zur Aufrechterhaltung unserer Zertifizierung sind regelm\u00e4\u00dfige Pr\u00fcfungen durch eine akkreditierte Stelle erforderlich. Unsere Pr\u00fcfung und Zertifizierung erfolgt durch den T\u00dcV S\u00fcd.<\/p>\n<p style=\"text-align: justify;\">Bei Fragen zu unserer Zertifizierung <a href=\"https:\/\/teora-xr.de\/en\/kontaktformular\/\">kontaktieren<\/a> Sie uns gerne.<\/p>\n<p>[\/et_pb_text][\/et_pb_column][et_pb_column type=&#8220;1_2&#8243; _builder_version=&#8220;4.20.4&#8243; _module_preset=&#8220;default&#8220; global_colors_info=&#8220;{}&#8220;][et_pb_image src=&#8220;https:\/\/teora-xr.de\/wp-content\/uploads\/sites\/3\/2023\/06\/Frau-geht-Checkliste-durch.png&#8220; alt=&#8220;Eine Frau geht eine Checkliste auf einem Clipboard durch&#8220; title_text=&#8220;Frau geht Checkliste durch&#8220; show_bottom_space=&#8220;off&#8220; align_tablet=&#8220;&#8220; align_phone=&#8220;&#8220; align_last_edited=&#8220;on|desktop&#8220; _builder_version=&#8220;4.20.4&#8243; _module_preset=&#8220;default&#8220; max_width=&#8220;60%&#8220; module_alignment=&#8220;center&#8220; custom_padding=&#8220;60px||||false|false&#8220; global_colors_info=&#8220;{}&#8220;][\/et_pb_image][\/et_pb_column][\/et_pb_row][et_pb_row _builder_version=&#8220;4.20.4&#8243; _module_preset=&#8220;default&#8220; custom_margin=&#8220;||70px||false|false&#8220; global_colors_info=&#8220;{}&#8220;][et_pb_column type=&#8220;4_4&#8243; _builder_version=&#8220;4.20.4&#8243; _module_preset=&#8220;default&#8220; global_colors_info=&#8220;{}&#8220;][dsm_button button_one_text=&#8220;Jetzt kontaktieren&#8220; button_one_url=&#8220;https:\/\/teora-xr.de\/kontaktformular\/&#8220; button_one_lightbox_close_color=&#8220;#141453&#8243; button_alignment=&#8220;left&#8220; button_one_hover_animation=&#8220;dsm-grow&#8220; _builder_version=&#8220;4.20.4&#8243; _module_preset=&#8220;default&#8220; separator_text_font=&#8220;Manrope|700|||||||&#8220; separator_text_text_color=&#8220;#001A51&#8243; tooltip_one_font=&#8220;Manrope||||||||&#8220; custom_button_one=&#8220;on&#8220; button_one_text_size=&#8220;17px&#8220; button_one_text_color=&#8220;#001A51&#8243; button_one_border_width=&#8220;2px&#8220; button_one_border_color=&#8220;#001A51&#8243; button_one_border_radius=&#8220;43px&#8220; button_one_font=&#8220;Manrope|700|||||||&#8220; button_one_use_icon=&#8220;off&#8220; transform_scale_linked=&#8220;off&#8220; transform_translate_linked=&#8220;off&#8220; custom_margin=&#8220;6px||-9px||false|false&#8220; custom_padding=&#8220;21px||0px|0px|false|false&#8220; global_colors_info=&#8220;{}&#8220;][\/dsm_button][\/et_pb_column][\/et_pb_row][\/et_pb_section]<\/p>","protected":false},"excerpt":{"rendered":"<p>Zertifizierte Medizinprodukte der Klasse IIa nach MDR Bei teora mind handelt es sich um ein zertifiziertes Medizinprodukt der Klasse IIa nach der 2021 in Kraft getretenen und europaweit g\u00fcltigen Medical Device Regulation (Richtlinie 2017\/745). Die MDR l\u00f6st zuk\u00fcnftig die bisher geltende Medical Devices Directive (MDD) ab und soll die Sicherheit der Patient*innen weiter verbessern. Klasse IIa umfasst dabei solche Medizinprodukte, bei denen das Risiko f\u00fcr die Patient*innen als gering bis mittel eingestuft wird. Weitere Beispiele f\u00fcr diese Risikoklasse sind digitale Blutdruckmessger\u00e4te oder H\u00f6rger\u00e4te. Auf Basis dieser Zertifizierung tr\u00e4gt teora mind das CE-Zeichen (CE 0123). Unsere MDR Zertifizierung k\u00f6nnen Sie bei Bedarf in unserem Downloadbereich herunterladen.<div class=\"et_pb_module dsm_button dsm_button_0 et_pb_bg_layout_light\">\n\t\t\t\t\n\t\t\t\t\n\t\t\t\t\n\t\t\t\t\n\t\t\t\t\n\t\t\t\t\n\t\t\t\t<div class=\"et_pb_module_inner\">\n\t\t\t\t\t<div class=\"et_pb_button_module_wrappers dsm_button_0_wrapper et_pb_button_alignment_left et_pb_module\">\n\t\t\t\t<a class=\"et_pb_button et_pb_button_one et_pb_bg_layout_light dsm-grow\"  href=\"https:\/\/teora-xr.de\/en\/downloadbereich\/\" data-dsm-lightbox-id=\"dsm_button_one_lightbox dsm_button_0\"><span>Jetzt herunterladen<\/span><\/a>\n\t\t\t<\/div>\n\t\t\t\t<\/div>\n\t\t\t<\/div>Qualit\u00e4tssicherung und Akkreditierung Um zertifizierter Medizinproduktehersteller nach MDR zu werden, muss jeder Hersteller eine umfassende Bewertung der Produkte einschlie\u00dflich klinischer Studien und einer Risikobewertung durchf\u00fchren lassen. Gleichzeitig m\u00fcssen die Produkte den geltenden Vorschriften entsprechen und h\u00f6chste Anforderungen an die Qualit\u00e4tssicherung erf\u00fcllen. Um das zu gew\u00e4hrleisten, wenden wir ein Qualit\u00e4tsmanagementsystem an, das der DIN EN ISO 13485 Norm entspricht. Ein Standard, der speziell f\u00fcr Unternehmen der Medizinproduktebranche entwickelt wurde. Unser System umfasst alle [&hellip;]<\/p>","protected":false},"author":1,"featured_media":0,"parent":0,"menu_order":0,"comment_status":"closed","ping_status":"closed","template":"","meta":{"_et_pb_use_builder":"on","_et_pb_old_content":"","_et_gb_content_width":"","om_disable_all_campaigns":false,"_monsterinsights_skip_tracking":false,"_monsterinsights_sitenote_active":false,"_monsterinsights_sitenote_note":"","_monsterinsights_sitenote_category":0,"footnotes":""},"class_list":["post-233294","page","type-page","status-publish","hentry"],"aioseo_notices":[],"_links":{"self":[{"href":"https:\/\/teora-xr.de\/en\/wp-json\/wp\/v2\/pages\/233294","targetHints":{"allow":["GET"]}}],"collection":[{"href":"https:\/\/teora-xr.de\/en\/wp-json\/wp\/v2\/pages"}],"about":[{"href":"https:\/\/teora-xr.de\/en\/wp-json\/wp\/v2\/types\/page"}],"author":[{"embeddable":true,"href":"https:\/\/teora-xr.de\/en\/wp-json\/wp\/v2\/users\/1"}],"replies":[{"embeddable":true,"href":"https:\/\/teora-xr.de\/en\/wp-json\/wp\/v2\/comments?post=233294"}],"version-history":[{"count":10,"href":"https:\/\/teora-xr.de\/en\/wp-json\/wp\/v2\/pages\/233294\/revisions"}],"predecessor-version":[{"id":242077,"href":"https:\/\/teora-xr.de\/en\/wp-json\/wp\/v2\/pages\/233294\/revisions\/242077"}],"wp:attachment":[{"href":"https:\/\/teora-xr.de\/en\/wp-json\/wp\/v2\/media?parent=233294"}],"curies":[{"name":"wp","href":"https:\/\/api.w.org\/{rel}","templated":true}]}}