{"id":233292,"date":"2023-05-10T09:07:29","date_gmt":"2023-05-10T09:07:29","guid":{"rendered":"https:\/\/teora-xr.de\/?page_id=233292"},"modified":"2024-04-02T10:58:37","modified_gmt":"2024-04-02T10:58:37","slug":"neuronale-plastizitaet","status":"publish","type":"page","link":"https:\/\/teora-xr.de\/en\/neuronale-plastizitaet\/","title":{"rendered":"Neuronal plasticity"},"content":{"rendered":"<p>[et_pb_section fb_built=&#8220;1&#8243; fullwidth=&#8220;on&#8220; _builder_version=&#8220;4.20.4&#8243; _module_preset=&#8220;default&#8220; global_colors_info=&#8220;{}&#8220;][et_pb_fullwidth_image src=&#8220;https:\/\/teora-xr.de\/wp-content\/uploads\/sites\/3\/2023\/06\/neuronale_Plastizitaet_Autobahnnetz-scaled.jpg&#8220; alt=&#8220;Verzweigtes Autobahnnetz&#8220; title_text=&#8220;neuronale_Plastizitaet_Autobahnnetz&#8220; _builder_version=&#8220;4.20.4&#8243; _module_preset=&#8220;default&#8220; custom_margin_tablet=&#8220;&#8220; custom_margin_phone=&#8220;80px||50px||false|false&#8220; custom_margin_last_edited=&#8220;on|phone&#8220; hover_enabled=&#8220;0&#8243; global_colors_info=&#8220;{}&#8220; sticky_enabled=&#8220;0&#8243;][\/et_pb_fullwidth_image][\/et_pb_section][et_pb_section fb_built=&#8220;1&#8243; _builder_version=&#8220;4.20.4&#8243; _module_preset=&#8220;default&#8220; global_colors_info=&#8220;{}&#8220;][et_pb_row _builder_version=&#8220;4.20.4&#8243; _module_preset=&#8220;default&#8220; global_colors_info=&#8220;{}&#8220;][et_pb_column type=&#8220;4_4&#8243; _builder_version=&#8220;4.20.4&#8243; _module_preset=&#8220;default&#8220; global_colors_info=&#8220;{}&#8220;][et_pb_blurb title=&#8220;Neuronale Plastizit\u00e4t &#8212; Das Gehirn im kontinuierlichen Wandel&#8220; content_max_width=&#8220;100%&#8220; _builder_version=&#8220;4.24.2&#8243; _module_preset=&#8220;default&#8220; header_level=&#8220;h1&#8243; header_font=&#8220;Manrope|700|||||||&#8220; header_text_color=&#8220;#001A51&#8243; header_font_size=&#8220;22px&#8220; header_line_height=&#8220;1.9em&#8220; body_font=&#8220;Manrope||||||||&#8220; body_text_align=&#8220;justify&#8220; body_text_color=&#8220;#001A51&#8243; body_font_size=&#8220;17px&#8220; body_line_height=&#8220;1.9em&#8220; text_orientation=&#8220;justified&#8220; width=&#8220;100%&#8220; max_width=&#8220;100%&#8220; hover_enabled=&#8220;0&#8243; global_colors_info=&#8220;{}&#8220; sticky_enabled=&#8220;0&#8243;]<\/p>\n<p style=\"text-align: justify;\"><span style=\"font-style: normal; font-weight: 400; letter-spacing: normal; text-align: start; text-indent: 0px; text-transform: none; text-decoration: none; color: #000000;\" data-metadata=\"&lt;!--(figmeta)eyJmaWxlS2V5IjoiR3Z6QnJGdU1DaHdENThxb3doZFh2cyIsInBhc3RlSUQiOjExMjU0OTU0NzEsImRhdGFUeXBlIjoic2NlbmUifQo=(\/figmeta)--&gt;\"><span style=\"color: #003366;\">Unser Gehirn lebt und ver\u00e4ndert sich st\u00e4ndig. Nervenzellen kn\u00fcpfen neue Verbindungen und weiten sich aus. Durch innere und \u00e4u\u00dfere Reize werden im Gehirn neue Verbindungen zwischen Nervenzellen geschaffen, diese durch Wiederholung gest\u00e4rkt oder bei \u201eNicht-Verwendung\u201c geschw\u00e4cht. Als Resultat k\u00f6nnen sich ganze Hirnareale ver\u00e4ndern und so an die jeweiligen Anforderungen anpassen. Neuronale Plastizit\u00e4t beschreibt diese lebenslange Ver\u00e4nderbarkeit des Nervensystems. Das Gehirn ist also ein wenig wie eine Pflanze, die wachsen, sich regenerieren und ver\u00e4ndern kann.<\/span><\/span><\/p>\n<p>[\/et_pb_blurb][\/et_pb_column][\/et_pb_row][\/et_pb_section][et_pb_section fb_built=&#8220;1&#8243; _builder_version=&#8220;4.20.4&#8243; _module_preset=&#8220;default&#8220; background_color=&#8220;#dfefff&#8220; global_colors_info=&#8220;{}&#8220;][et_pb_row column_structure=&#8220;1_2,1_2&#8243; _builder_version=&#8220;4.20.4&#8243; _module_preset=&#8220;default&#8220; global_colors_info=&#8220;{}&#8220;][et_pb_column type=&#8220;1_2&#8243; _builder_version=&#8220;4.20.4&#8243; _module_preset=&#8220;default&#8220; global_colors_info=&#8220;{}&#8220;][et_pb_blurb title=&#8220;Neuronale Plastizit\u00e4t als Basis des Lernens&#8220; _builder_version=&#8220;4.24.2&#8243; _module_preset=&#8220;default&#8220; header_level=&#8220;h2&#8243; header_font=&#8220;Manrope|700|||||||&#8220; header_text_align=&#8220;left&#8220; header_text_color=&#8220;#001A51&#8243; header_font_size=&#8220;22px&#8220; header_line_height=&#8220;1.9em&#8220; body_font=&#8220;Manrope||||||||&#8220; body_text_align=&#8220;justify&#8220; body_text_color=&#8220;#001A51&#8243; body_font_size=&#8220;17px&#8220; body_line_height=&#8220;1.9em&#8220; background_enable_color=&#8220;off&#8220; hover_enabled=&#8220;0&#8243; global_colors_info=&#8220;{}&#8220; sticky_enabled=&#8220;0&#8243;]<\/p>\n<p>Neuronale Plastizit\u00e4t und das Lernen sind eng miteinander verbunden. S\u00e4mtliche Lernprozesse gesunder und erkrankter Menschen basieren auf diesem Prinzip. Denn beim Lernen geht es im Wesentlichen darum, neue Informationen oder F\u00e4higkeiten zu erwerben, die dann im Ged\u00e4chtnis gespeichert und sp\u00e4ter wieder abgerufen werden k\u00f6nnen. Dabei kommt genau diese F\u00e4higkeit unseres Gehirns, neue Verbindungen zu kn\u00fcpfen und zu erhalten zum Tragen.<\/p>\n<p>[\/et_pb_blurb][\/et_pb_column][et_pb_column type=&#8220;1_2&#8243; _builder_version=&#8220;4.20.4&#8243; _module_preset=&#8220;default&#8220; global_colors_info=&#8220;{}&#8220;][et_pb_image src=&#8220;https:\/\/teora-xr.de\/wp-content\/uploads\/sites\/3\/2023\/05\/neuronal-lernen.png&#8220; title_text=&#8220;neuronal lernen&#8220; align=&#8220;center&#8220; _builder_version=&#8220;4.20.4&#8243; _module_preset=&#8220;default&#8220; global_colors_info=&#8220;{}&#8220;][\/et_pb_image][\/et_pb_column][\/et_pb_row][\/et_pb_section][et_pb_section fb_built=&#8220;1&#8243; _builder_version=&#8220;4.20.4&#8243; _module_preset=&#8220;default&#8220; global_colors_info=&#8220;{}&#8220;][et_pb_row _builder_version=&#8220;4.20.4&#8243; _module_preset=&#8220;default&#8220; global_colors_info=&#8220;{}&#8220;][et_pb_column type=&#8220;4_4&#8243; _builder_version=&#8220;4.20.4&#8243; _module_preset=&#8220;default&#8220; global_colors_info=&#8220;{}&#8220;][et_pb_blurb title=&#8220;Neuronale Plastizit\u00e4t in der Rehabilitation&#8220; content_max_width=&#8220;100%&#8220; _builder_version=&#8220;4.24.2&#8243; _module_preset=&#8220;default&#8220; header_level=&#8220;h2&#8243; header_font=&#8220;Manrope|700|||||||&#8220; header_text_color=&#8220;#001A51&#8243; header_font_size=&#8220;22px&#8220; header_line_height=&#8220;1.9em&#8220; body_font=&#8220;Manrope||||||||&#8220; body_text_align=&#8220;justify&#8220; body_text_color=&#8220;#001A51&#8243; body_font_size=&#8220;17px&#8220; body_line_height=&#8220;1.9em&#8220; text_orientation=&#8220;justified&#8220; width=&#8220;100%&#8220; max_width=&#8220;100%&#8220; hover_enabled=&#8220;0&#8243; global_colors_info=&#8220;{}&#8220; sticky_enabled=&#8220;0&#8243;]<\/p>\n<p>Was f\u00fcr das Erlernen von neuem Wissen oder neuen F\u00e4higkeiten gilt, trifft gleicherma\u00dfen auf das Wiedererlernen verloren gegangener F\u00e4higkeiten zu. Auch daf\u00fcr bildet neuronale Plastizit\u00e4t die Basis. Nach einer Verletzung am Gehirn ist das Nervensystem sogar f\u00fcr eine Weile besonders formbar. In dieser kritischen Phase ist Training elementar.<\/p>\n<p>[\/et_pb_blurb][\/et_pb_column][\/et_pb_row][\/et_pb_section][et_pb_section fb_built=&#8220;1&#8243; _builder_version=&#8220;4.20.4&#8243; _module_preset=&#8220;default&#8220; background_color=&#8220;#dfefff&#8220; global_colors_info=&#8220;{}&#8220;][et_pb_row _builder_version=&#8220;4.20.4&#8243; _module_preset=&#8220;default&#8220; custom_margin=&#8220;||70px||false|false&#8220; global_colors_info=&#8220;{}&#8220;][et_pb_column type=&#8220;4_4&#8243; _builder_version=&#8220;4.20.4&#8243; _module_preset=&#8220;default&#8220; global_colors_info=&#8220;{}&#8220;][et_pb_blurb title=&#8220;Neuronale Plastizit\u00e4t als Grundlage unserer Produkte&#8220; content_max_width=&#8220;100%&#8220; _builder_version=&#8220;4.24.2&#8243; _module_preset=&#8220;default&#8220; header_level=&#8220;h2&#8243; header_font=&#8220;Manrope|700|||||||&#8220; header_text_color=&#8220;#001A51&#8243; header_font_size=&#8220;22px&#8220; header_line_height=&#8220;1.9em&#8220; body_font=&#8220;Manrope||||||||&#8220; body_text_align=&#8220;justify&#8220; body_text_color=&#8220;#001A51&#8243; body_font_size=&#8220;17px&#8220; body_line_height=&#8220;1.9em&#8220; text_orientation=&#8220;justified&#8220; width=&#8220;100%&#8220; max_width=&#8220;100%&#8220; hover_enabled=&#8220;0&#8243; global_colors_info=&#8220;{}&#8220; sticky_enabled=&#8220;0&#8243;]<\/p>\n<p>Dort setzen wir mit unserem Produkt teora mind an. Wir stimulieren die Hirnareale auf eine Art und Weise, die die Plastizit\u00e4t des Gehirns anregen und verloren gegangene F\u00e4higkeiten zur\u00fcckbringen soll. So helfen wir dem Gehirn dabei, sich selbst zu heilen.<\/p>\n<p>[\/et_pb_blurb][\/et_pb_column][\/et_pb_row][\/et_pb_section]<\/p>","protected":false},"excerpt":{"rendered":"<p>Unser Gehirn lebt und ver\u00e4ndert sich st\u00e4ndig. Nervenzellen kn\u00fcpfen neue Verbindungen und weiten sich aus. Durch innere und \u00e4u\u00dfere Reize werden im Gehirn neue Verbindungen zwischen Nervenzellen geschaffen, diese durch Wiederholung gest\u00e4rkt oder bei \u201eNicht-Verwendung\u201c geschw\u00e4cht. Als Resultat k\u00f6nnen sich ganze Hirnareale ver\u00e4ndern und so an die jeweiligen Anforderungen anpassen. Neuronale Plastizit\u00e4t beschreibt diese lebenslange Ver\u00e4nderbarkeit des Nervensystems. Das Gehirn ist also ein wenig wie eine Pflanze, die wachsen, sich regenerieren und ver\u00e4ndern kann.Neuronale Plastizit\u00e4t und das Lernen sind eng miteinander verbunden. S\u00e4mtliche Lernprozesse gesunder und erkrankter Menschen basieren auf diesem Prinzip. Denn beim Lernen geht es im Wesentlichen darum, neue Informationen oder F\u00e4higkeiten zu erwerben, die dann im Ged\u00e4chtnis gespeichert und sp\u00e4ter wieder abgerufen werden k\u00f6nnen. Dabei kommt genau diese F\u00e4higkeit unseres Gehirns, neue Verbindungen zu kn\u00fcpfen und zu erhalten zum Tragen.Was f\u00fcr das Erlernen von neuem Wissen oder neuen F\u00e4higkeiten gilt, trifft gleicherma\u00dfen auf das Wiedererlernen verloren gegangener F\u00e4higkeiten zu. Auch daf\u00fcr bildet neuronale Plastizit\u00e4t die Basis. Nach einer Verletzung am Gehirn ist das Nervensystem sogar f\u00fcr eine Weile besonders formbar. In dieser kritischen Phase ist Training elementar.Dort setzen wir mit unserem Produkt teora mind an. Wir stimulieren die Hirnareale auf eine Art und Weise, die die Plastizit\u00e4t [&hellip;]<\/p>","protected":false},"author":1,"featured_media":0,"parent":0,"menu_order":0,"comment_status":"closed","ping_status":"closed","template":"","meta":{"_et_pb_use_builder":"on","_et_pb_old_content":"","_et_gb_content_width":"","om_disable_all_campaigns":false,"_monsterinsights_skip_tracking":false,"_monsterinsights_sitenote_active":false,"_monsterinsights_sitenote_note":"","_monsterinsights_sitenote_category":0,"footnotes":""},"class_list":["post-233292","page","type-page","status-publish","hentry"],"aioseo_notices":[],"_links":{"self":[{"href":"https:\/\/teora-xr.de\/en\/wp-json\/wp\/v2\/pages\/233292","targetHints":{"allow":["GET"]}}],"collection":[{"href":"https:\/\/teora-xr.de\/en\/wp-json\/wp\/v2\/pages"}],"about":[{"href":"https:\/\/teora-xr.de\/en\/wp-json\/wp\/v2\/types\/page"}],"author":[{"embeddable":true,"href":"https:\/\/teora-xr.de\/en\/wp-json\/wp\/v2\/users\/1"}],"replies":[{"embeddable":true,"href":"https:\/\/teora-xr.de\/en\/wp-json\/wp\/v2\/comments?post=233292"}],"version-history":[{"count":9,"href":"https:\/\/teora-xr.de\/en\/wp-json\/wp\/v2\/pages\/233292\/revisions"}],"predecessor-version":[{"id":239052,"href":"https:\/\/teora-xr.de\/en\/wp-json\/wp\/v2\/pages\/233292\/revisions\/239052"}],"wp:attachment":[{"href":"https:\/\/teora-xr.de\/en\/wp-json\/wp\/v2\/media?parent=233292"}],"curies":[{"name":"wp","href":"https:\/\/api.w.org\/{rel}","templated":true}]}}