{"id":233270,"date":"2023-05-09T12:30:47","date_gmt":"2023-05-09T12:30:47","guid":{"rendered":"https:\/\/teora-xr.de\/?page_id=233270"},"modified":"2025-06-18T15:53:55","modified_gmt":"2025-06-18T15:53:55","slug":"teora-platform","status":"publish","type":"page","link":"https:\/\/teora-xr.de\/en\/produkt\/teora-platform\/","title":{"rendered":"teora platform"},"content":{"rendered":"<p>[et_pb_section fb_built=&#8220;1&#8243; fullwidth=&#8220;on&#8220; _builder_version=&#8220;4.20.4&#8243; _module_preset=&#8220;default&#8220; da_disable_devices=&#8220;off|off|off&#8220; global_colors_info=&#8220;{}&#8220; da_is_popup=&#8220;off&#8220; da_exit_intent=&#8220;off&#8220; da_has_close=&#8220;on&#8220; da_alt_close=&#8220;off&#8220; da_dark_close=&#8220;off&#8220; da_not_modal=&#8220;on&#8220; da_is_singular=&#8220;off&#8220; da_with_loader=&#8220;off&#8220; da_has_shadow=&#8220;on&#8220;][et_pb_fullwidth_image src=&#8220;https:\/\/teora-xr.de\/wp-content\/uploads\/sites\/3\/2024\/02\/Group-14-scaled.jpg&#8220; alt=&#8220;Laptop mit Bildschirmansicht der teora platform auf Schreibtisch&#8220; title_text=&#8220;teora platform&#8220; _builder_version=&#8220;4.24.2&#8243; _module_preset=&#8220;default&#8220; custom_margin=&#8220;65px||||false|false&#8220; global_colors_info=&#8220;{}&#8220;][\/et_pb_fullwidth_image][\/et_pb_section][et_pb_section fb_built=&#8220;1&#8243; _builder_version=&#8220;4.23.4&#8243; _module_preset=&#8220;default&#8220; custom_margin=&#8220;0px||-15px||false|false&#8220; da_disable_devices=&#8220;off|off|off&#8220; global_colors_info=&#8220;{}&#8220; da_is_popup=&#8220;off&#8220; da_exit_intent=&#8220;off&#8220; da_has_close=&#8220;on&#8220; da_alt_close=&#8220;off&#8220; da_dark_close=&#8220;off&#8220; da_not_modal=&#8220;on&#8220; da_is_singular=&#8220;off&#8220; da_with_loader=&#8220;off&#8220; da_has_shadow=&#8220;on&#8220;][et_pb_row _builder_version=&#8220;4.20.4&#8243; _module_preset=&#8220;default&#8220; global_colors_info=&#8220;{}&#8220;][et_pb_column type=&#8220;4_4&#8243; _builder_version=&#8220;4.20.4&#8243; _module_preset=&#8220;default&#8220; global_colors_info=&#8220;{}&#8220;][et_pb_text _builder_version=&#8220;4.27.4&#8243; _module_preset=&#8220;default&#8220; header_font=&#8220;Manrope|700|||||||&#8220; header_font_size=&#8220;22px&#8220; hover_enabled=&#8220;0&#8243; global_colors_info=&#8220;{}&#8220; sticky_enabled=&#8220;0&#8243;]<\/p>\n<h1>Digitale Patientenverwaltung mit teora platform<\/h1>\n<p>[\/et_pb_text][\/et_pb_column][\/et_pb_row][et_pb_row _builder_version=&#8220;4.20.4&#8243; _module_preset=&#8220;default&#8220; global_colors_info=&#8220;{}&#8220;][et_pb_column type=&#8220;4_4&#8243; _builder_version=&#8220;4.20.4&#8243; _module_preset=&#8220;default&#8220; global_colors_info=&#8220;{}&#8220;][et_pb_text content_tablet=&#8220;<\/p>\n<p data-renderer-start-pos=\"%22139%22\">teora<strong data-renderer-mark=\"%22true%22\">\u00ae<\/strong> platform ist eine Web Anwendung f\u00fcr Behandelnde, die es erm\u00f6glicht, VR-Therapie mit <a href=\"https:\/\/teora-xr.de\/en\/teoramind\/\">teora<strong data-renderer-mark=\"%22true%22\">\u00ae<\/strong> mind<\/a> ortsunabh\u00e4ngig und digital zu begleiten. Wie funktioniert das? Sie erhalten Login-Daten und melden sich \u00fcber Ihren regul\u00e4ren Internetbrowser in teora<strong data-renderer-mark=\"%22true%22\">\u00ae<\/strong> platform an. Dort legen Sie Patientenprofile an und erstellen personalisierte Therapiepl\u00e4ne. Dabei k\u00f6nnen Sie z.B. die Therapiefrequenz festlegen und die f\u00fcr Ihre Patient*innen relevanten \u00dcbungen individuell zusammenstellen. Diese Daten werden \u00fcber eine Schnittstelle an teora<strong data-renderer-mark=\"%22true%22\">\u00ae <\/strong>mind \u00fcbermittelt. Nur diese Auswahl wird Ihren Patient*innen anschlie\u00dfend in der VR-Anwendung angezeigt und kann f\u00fcr das Training genutzt werden.<\/p>\n<h3 style=\"%22background-color:\" #ffffff;%22><\/h3>\n<p>&#8220; content_phone=&#8220;<\/p>\n<p data-renderer-start-pos=\"%22139%22\" style=\"%22text-align:\" justify;%22>teora<strong data-renderer-mark=\"%22true%22\">\u00ae<\/strong> platform ist eine Web Anwendung f\u00fcr Behandelnde, die es erm\u00f6glicht, VR-Therapie mit <a href=\"https:\/\/teora-xr.de\/en\/teoramind\/\">teora<strong data-renderer-mark=\"%22true%22\">\u00ae<\/strong> mind<\/a> ortsunabh\u00e4ngig und digital zu begleiten. Wie funktioniert das? Sie erhalten Login-Daten und melden sich \u00fcber Ihren regul\u00e4ren Internetbrowser in teora<strong data-renderer-mark=\"%22true%22\">\u00ae<\/strong> platform an. Dort legen Sie Patientenprofile an und erstellen personalisierte Therapiepl\u00e4ne. Dabei k\u00f6nnen Sie z.B. die Therapiefrequenz festlegen und die f\u00fcr Ihre Patient*innen relevanten \u00dcbungen individuell zusammenstellen. Diese Daten werden \u00fcber eine Schnittstelle an teora<strong data-renderer-mark=\"%22true%22\">\u00ae <\/strong>mind \u00fcbermittelt. Nur diese Auswahl wird Ihren Patient*innen anschlie\u00dfend in der VR-Anwendung angezeigt und kann f\u00fcr das Training genutzt werden.<\/p>\n<h3 style=\"%22background-color:\" #ffffff; text-align: justify;%22><\/h3>\n<p>&#8220; content_last_edited=&#8220;on|phone&#8220; _builder_version=&#8220;4.24.2&#8243; _module_preset=&#8220;default&#8220; text_font=&#8220;Manrope||||||||&#8220; text_text_color=&#8220;#141453&#8243; text_font_size=&#8220;17px&#8220; text_line_height=&#8220;1.9em&#8220; custom_margin=&#8220;-15px||||false|false&#8220; global_colors_info=&#8220;{}&#8220;]<\/p>\n<p data-renderer-start-pos=\"139\">teora platform ist eine Web Anwendung f\u00fcr Behandelnde, die es erm\u00f6glicht, VR-Therapie mit <a href=\"https:\/\/teora-xr.de\/en\/teoramind\/\">teora mind<\/a> ortsunabh\u00e4ngig und digital zu begleiten. Wie funktioniert das? Sie erhalten Login-Daten und melden sich \u00fcber Ihren regul\u00e4ren Internetbrowser in teora platform an. Dort legen Sie Patientenprofile an und erstellen individuelle Trainingspl\u00e4ne. Dabei k\u00f6nnen Sie z.B. die Trainingsfrequenz festlegen und die f\u00fcr Ihre Patient*innen relevanten \u00dcbungen individuell zusammenstellen. Diese Daten werden \u00fcber eine Schnittstelle an teora<strong data-renderer-mark=\"true\">\u00a0<\/strong>mind \u00fcbermittelt. Nur diese Auswahl wird Ihren Patient*innen anschlie\u00dfend in der VR-Anwendung angezeigt und kann f\u00fcr das Training genutzt werden.<\/p>\n<h3 style=\"background-color: #ffffff;\"><\/h3>\n<p>[\/et_pb_text][et_pb_text _builder_version=&#8220;4.24.2&#8243; _module_preset=&#8220;default&#8220; header_font=&#8220;Manrope|700|||||||&#8220; header_font_size=&#8220;22px&#8220; global_colors_info=&#8220;{}&#8220;]<\/p>\n<h1 id=\"Erleichterte-Dokumentation-und-Visualisierung\" data-renderer-start-pos=\"814\">Erleichterte Dokumentation und Visualisierung<\/h1>\n<p>[\/et_pb_text][et_pb_text content_tablet=&#8220;<\/p>\n<p data-renderer-start-pos=\"%22862%22\">teora<strong data-renderer-mark=\"%22true%22\">\u00ae<\/strong> mind \u00fcbermittelt nach Abschluss des Trainings relevante Daten, wie die Anzahl der abgeschlossenen Therapieeinheiten oder die Nutzungsdauer, an die Web-Anwendung zur\u00fcck. Dort werden Therapiefortschritte dokumentiert und visuell aufbereitet. Dies verringert den h\u00e4ndischen Dokumentationsaufwand und macht f\u00fcr Sie schon auf den ersten Blick sichtbar, welche Fortschritte Ihr*e Patient*in macht.<\/p>\n<h3 style=\"%22background-color:\" #ffffff;%22><\/h3>\n<p>&#8220; content_phone=&#8220;<\/p>\n<p data-renderer-start-pos=\"%22862%22\" style=\"%22text-align:\" justify;%22>teora<strong data-renderer-mark=\"%22true%22\">\u00ae<\/strong> mind \u00fcbermittelt nach Abschluss des Trainings relevante Daten, wie die Anzahl der abgeschlossenen Therapieeinheiten oder die Nutzungsdauer, an die Web-Anwendung zur\u00fcck. Dort werden Therapiefortschritte dokumentiert und visuell aufbereitet. Dies verringert den h\u00e4ndischen Dokumentationsaufwand und macht f\u00fcr Sie schon auf den ersten Blick sichtbar, welche Fortschritte Ihr*e Patient*in macht.<\/p>\n<h3 style=\"%22background-color:\" #ffffff; text-align: justify;%22><\/h3>\n<p>&#8220; content_last_edited=&#8220;on|phone&#8220; _builder_version=&#8220;4.24.2&#8243; _module_preset=&#8220;default&#8220; text_font=&#8220;Manrope||||||||&#8220; text_text_color=&#8220;#141453&#8243; text_font_size=&#8220;17px&#8220; text_line_height=&#8220;1.9em&#8220; background_color=&#8220;RGBA(255,255,255,0)&#8220; custom_margin=&#8220;-15px||||false|false&#8220; global_colors_info=&#8220;{}&#8220;]<\/p>\n<p data-renderer-start-pos=\"862\">teora mind \u00fcbermittelt nach Abschluss des Trainings relevante Daten, wie die Anzahl der abgeschlossenen Therapieeinheiten oder die Nutzungsdauer, an die Web-Anwendung zur\u00fcck. Dies verringert den h\u00e4ndischen Dokumentationsaufwand und macht f\u00fcr Sie schon auf den ersten Blick sichtbar, ob Ihr*e Patient*in nach Plan trainiert.<\/p>\n<h3 style=\"background-color: #ffffff;\"><\/h3>\n<p>[\/et_pb_text][et_pb_text _builder_version=&#8220;4.23.4&#8243; _module_preset=&#8220;default&#8220; header_font=&#8220;Manrope|700|||||||&#8220; header_font_size=&#8220;22px&#8220; global_colors_info=&#8220;{}&#8220;]<\/p>\n<h1 id=\"Erleichterte-Dokumentation-und-Visualisierung\" data-renderer-start-pos=\"814\">Erstattungsf\u00e4hige Remote-Therapie<\/h1>\n<p>[\/et_pb_text][et_pb_text content_tablet=&#8220;<\/p>\n<p>Die Kombination aus teora\u00ae mind, teora\u00ae platform und mobilen VR-Brillen erm\u00f6glicht somit eine ortsunabh\u00e4ngige digitale Therapiebegleitung. Dieses Modell wird ab dem 01.02.2024 von der Inter Versicherungsgruppe erstattet. Dazu z\u00e4hlen sowohl die Anwendungen bei Ihnen vor Ort als auch die digitale Betreuung der Heimtherapie Ihrer Patient*innen.<\/p>\n<p>&#8220; content_phone=&#8220;<\/p>\n<p style=\"%22text-align:\" justify;%22>Die Kombination aus teora\u00ae mind, teora\u00ae platform und mobilen VR-Brillen erm\u00f6glicht somit eine ortsunabh\u00e4ngige digitale Therapiebegleitung. Dieses Modell wird ab dem 01.02.2024 von der Inter Versicherungsgruppe erstattet. Dazu z\u00e4hlen sowohl die Anwendungen bei Ihnen vor Ort als auch die digitale Betreuung der Heimtherapie Ihrer Patient*innen.<\/p>\n<p>&#8220; content_last_edited=&#8220;on|phone&#8220; _builder_version=&#8220;4.24.2&#8243; _module_preset=&#8220;default&#8220; text_font=&#8220;Manrope||||||||&#8220; text_text_color=&#8220;#141453&#8243; text_font_size=&#8220;17px&#8220; text_line_height=&#8220;1.9em&#8220; background_color=&#8220;RGBA(255,255,255,0)&#8220; custom_margin=&#8220;-15px||||false|false&#8220; global_colors_info=&#8220;{}&#8220;]<\/p>\n<p>Die Kombination aus teora mind, teora platform und mobilen VR-Brillen erm\u00f6glicht somit eine ortsunabh\u00e4ngige digitale Therapiebegleitung. Dieses Modell wird seit dem 01.02.2024 von der Inter Versicherungsgruppe erstattet. Dazu z\u00e4hlen sowohl die Anwendungen bei Ihnen vor Ort als auch die digitale Betreuung der Heimtherapie Ihrer Patient*innen.<\/p>\n<p>[\/et_pb_text][et_pb_text _builder_version=&#8220;4.24.2&#8243; _module_preset=&#8220;default&#8220; header_font=&#8220;Manrope|700|||||||&#8220; header_font_size=&#8220;22px&#8220; global_colors_info=&#8220;{}&#8220;]<\/p>\n<h1 data-renderer-start-pos=\"1640\">Wie funktioniert die Heimtherapie mit dem teora<strong data-renderer-mark=\"true\">\u00a0<\/strong>System?<\/h1>\n<p>[\/et_pb_text][et_pb_text content_tablet=&#8220;<\/p>\n<p data-renderer-start-pos=\"%221697%22\">Sie starten die Therapie mit 1-2 Sitzungen, in denen Ihre Patient*innen vor Ort eine Einf\u00fchrung erhalten und sich mit der Handhabung der VR-Brille und der darauf befindlichen Software vertraut machen. F\u00fcr die restlichen Therapieeinheiten k\u00f6nnen Ihre Patient*innen die VR-Brille mit nachhause nehmen und sie in heimischem Umfeld innerhalb ihres gewohnten Tagesablaufs durchf\u00fchren. Sie begleiten diese Therapieeinheiten remote. <strong data-renderer-mark=\"%22true%22\">Sowohl die Anwendungen bei Ihnen vor Ort als auch die asynchrone Betreuung der Heimtherapie Ihrer Patient*innen werden erstattet.<\/strong><\/p>\n<h3 style=\"%22background-color:\" #ffffff;%22><\/h3>\n<p>&#8220; content_phone=&#8220;<\/p>\n<p data-renderer-start-pos=\"%221697%22\" style=\"%22text-align:\" justify;%22>Sie starten die Therapie mit 1-2 Sitzungen, in denen Ihre Patient*innen vor Ort eine Einf\u00fchrung erhalten und sich mit der Handhabung der VR-Brille und der darauf befindlichen Software vertraut machen. F\u00fcr die restlichen Therapieeinheiten k\u00f6nnen Ihre Patient*innen die VR-Brille mit nachhause nehmen und sie in heimischem Umfeld innerhalb ihres gewohnten Tagesablaufs durchf\u00fchren. Sie begleiten diese Therapieeinheiten remote. <strong data-renderer-mark=\"%22true%22\">Sowohl die Anwendungen bei Ihnen vor Ort als auch die asynchrone Betreuung der Heimtherapie Ihrer Patient*innen werden erstattet.<\/strong><\/p>\n<h3 style=\"%22background-color:\" #ffffff; text-align: justify;%22><\/h3>\n<p>&#8220; content_last_edited=&#8220;on|phone&#8220; _builder_version=&#8220;4.24.2&#8243; _module_preset=&#8220;default&#8220; text_font=&#8220;Manrope||||||||&#8220; text_text_color=&#8220;#141453&#8243; text_font_size=&#8220;17px&#8220; text_line_height=&#8220;1.9em&#8220; background_color=&#8220;RGBA(255,255,255,0)&#8220; custom_margin=&#8220;-15px||||false|false&#8220; global_colors_info=&#8220;{}&#8220;]<\/p>\n<p data-renderer-start-pos=\"1697\">Sie starten die Therapie mit 1-2 Sitzungen, in denen Ihre Patient*innen vor Ort eine Einf\u00fchrung erhalten und sich mit der Handhabung der VR-Brille und der darauf befindlichen Software vertraut machen. F\u00fcr die restlichen Therapieeinheiten k\u00f6nnen Ihre Patient*innen die VR-Brille mit nachhause nehmen und sie in heimischem Umfeld innerhalb ihres gewohnten Tagesablaufs durchf\u00fchren. <strong data-renderer-mark=\"true\">Sowohl die Anwendungen bei Ihnen vor Ort als auch die asynchrone Betreuung der Heimtherapie Ihrer Patient*innen werden erstattet.<\/strong><\/p>\n<h3 style=\"background-color: #ffffff;\"><\/h3>\n<p>[\/et_pb_text][et_pb_text _builder_version=&#8220;4.24.2&#8243; _module_preset=&#8220;default&#8220; header_font=&#8220;Manrope|700|||||||&#8220; header_font_size=&#8220;22px&#8220; global_colors_info=&#8220;{}&#8220;]<\/p>\n<h1 data-renderer-start-pos=\"2254\">Wie erhalte ich Zugang zu teora<strong data-renderer-mark=\"true\">\u00a0<\/strong>platform?<\/h1>\n<p>[\/et_pb_text][et_pb_text content_tablet=&#8220;<\/p>\n<p data-renderer-start-pos=\"%222297%22\">Als Behandelnder erhalten Sie bei jedem Kauf eines VR-Produktes gleichzeitig einen kostenfreien teora<strong data-renderer-mark=\"%22true%22\">\u00ae<\/strong> platform Zugang f\u00fcr Ihre Praxis bzw. Ihre Klinik.<\/p>\n<p>&#8220; content_phone=&#8220;<\/p>\n<p data-renderer-start-pos=\"%222297%22\" style=\"%22text-align:\" justify;%22>Als Behandelnder erhalten Sie bei jedem Kauf eines VR-Produktes gleichzeitig einen kostenfreien teora<strong data-renderer-mark=\"%22true%22\">\u00ae<\/strong> platform Zugang f\u00fcr Ihre Praxis bzw. Ihre Klinik.<\/p>\n<p>&#8220; content_last_edited=&#8220;on|phone&#8220; _builder_version=&#8220;4.24.2&#8243; _module_preset=&#8220;default&#8220; text_font=&#8220;Manrope||||||||&#8220; text_text_color=&#8220;#141453&#8243; text_font_size=&#8220;17px&#8220; text_line_height=&#8220;1.9em&#8220; background_color=&#8220;RGBA(255,255,255,0)&#8220; custom_margin=&#8220;-15px||||false|false&#8220; global_colors_info=&#8220;{}&#8220;]<\/p>\n<p data-renderer-start-pos=\"2297\">Als Behandelnder erhalten Sie bei jedem Kauf eines VR-Produktes gleichzeitig einen kostenfreien teora platform Zugang f\u00fcr Ihre Einrichtung.<\/p>\n<p>[\/et_pb_text][\/et_pb_column][\/et_pb_row][\/et_pb_section][et_pb_section fb_built=&#8220;1&#8243; _builder_version=&#8220;4.23.4&#8243; _module_preset=&#8220;default&#8220; background_color=&#8220;#DFEFFF&#8220; da_disable_devices=&#8220;off|off|off&#8220; global_colors_info=&#8220;{}&#8220; da_is_popup=&#8220;off&#8220; da_exit_intent=&#8220;off&#8220; da_has_close=&#8220;on&#8220; da_alt_close=&#8220;off&#8220; da_dark_close=&#8220;off&#8220; da_not_modal=&#8220;on&#8220; da_is_singular=&#8220;off&#8220; da_with_loader=&#8220;off&#8220; da_has_shadow=&#8220;on&#8220;][et_pb_row _builder_version=&#8220;4.23.4&#8243; _module_preset=&#8220;default&#8220; global_colors_info=&#8220;{}&#8220;][et_pb_column type=&#8220;4_4&#8243; _builder_version=&#8220;4.20.4&#8243; _module_preset=&#8220;default&#8220; global_colors_info=&#8220;{}&#8220;][et_pb_blurb use_icon=&#8220;on&#8220; font_icon=&#8220;&#xe000;||divi||400&#8243; icon_placement=&#8220;left&#8220; image_icon_width=&#8220;96px&#8220; content_max_width=&#8220;1100px&#8220; icon_placement_tablet=&#8220;left&#8220; icon_placement_phone=&#8220;top&#8220; icon_placement_last_edited=&#8220;on|phone&#8220; content_tablet=&#8220;<\/p>\n<p style=\"%22text-align:\" justify;%22>teora<strong data-renderer-mark=\"%22true%22\">\u00ae<\/strong> platform arbeitet mit h\u00f6chsten Datenschutzstandards. Die Anwendung wurde DSGVO konform entwickelt und entspricht den aktuellen Datenschutzbestimmungen. F\u00fcr die Sicherheit Ihrer Patientendaten ist gesorgt.<\/p>\n<p>&#8220; content_phone=&#8220;<\/p>\n<p style=\"%22text-align:\" justify;%22>teora<strong data-renderer-mark=\"%22true%22\">\u00ae<\/strong> platform arbeitet mit h\u00f6chsten Datenschutzstandards. Die Anwendung wurde DSGVO konform entwickelt und entspricht den aktuellen Datenschutzbestimmungen. F\u00fcr die Sicherheit Ihrer Patientendaten ist gesorgt.<\/p>\n<p>&#8220; content_last_edited=&#8220;on|desktop&#8220; _builder_version=&#8220;4.24.2&#8243; _module_preset=&#8220;default&#8220; body_font=&#8220;Manrope||||||||&#8220; body_text_align=&#8220;justify&#8220; body_text_color=&#8220;#141453&#8243; body_font_size=&#8220;16px&#8220; body_line_height=&#8220;1.9em&#8220; image_icon_custom_margin=&#8220;5px||5px||false|false&#8220; image_icon_custom_padding=&#8220;0px||0px||false|false&#8220; module_alignment=&#8220;center&#8220; custom_margin=&#8220;||||false|false&#8220; custom_margin_tablet=&#8220;||||false|false&#8220; custom_margin_phone=&#8220;|10px||10px|false|false&#8220; custom_margin_last_edited=&#8220;on|phone&#8220; custom_padding=&#8220;30px|30px|30px|30px|false|false&#8220; custom_padding_tablet=&#8220;30px|30px|30px|30px|false|false&#8220; custom_padding_phone=&#8220;|10px||10px|false|false&#8220; custom_padding_last_edited=&#8220;on|phone&#8220; border_width_all=&#8220;3.1px&#8220; border_color_all=&#8220;#141453&#8243; global_colors_info=&#8220;{}&#8220;]<\/p>\n<p style=\"text-align: justify;\">teora platform arbeitet mit h\u00f6chsten Datenschutzstandards. Die Anwendung wurde DSGVO konform entwickelt und entspricht den aktuellen Datenschutzbestimmungen. F\u00fcr die Sicherheit Ihrer Patientendaten ist gesorgt.<\/p>\n<p>[\/et_pb_blurb][\/et_pb_column][\/et_pb_row][\/et_pb_section][et_pb_section fb_built=&#8220;1&#8243; _builder_version=&#8220;4.23.4&#8243; _module_preset=&#8220;default&#8220; custom_margin=&#8220;||15px||false|false&#8220; da_disable_devices=&#8220;off|off|off&#8220; global_colors_info=&#8220;{}&#8220; da_is_popup=&#8220;off&#8220; da_exit_intent=&#8220;off&#8220; da_has_close=&#8220;on&#8220; da_alt_close=&#8220;off&#8220; da_dark_close=&#8220;off&#8220; da_not_modal=&#8220;on&#8220; da_is_singular=&#8220;off&#8220; da_with_loader=&#8220;off&#8220; da_has_shadow=&#8220;on&#8220;][et_pb_row _builder_version=&#8220;4.20.4&#8243; _module_preset=&#8220;default&#8220; global_colors_info=&#8220;{}&#8220;][et_pb_column type=&#8220;4_4&#8243; _builder_version=&#8220;4.20.4&#8243; _module_preset=&#8220;default&#8220; global_colors_info=&#8220;{}&#8220;][et_pb_text _builder_version=&#8220;4.23.4&#8243; _module_preset=&#8220;default&#8220; header_font=&#8220;Manrope|700|||||||&#8220; header_font_size=&#8220;22px&#8220; global_colors_info=&#8220;{}&#8220;]<\/p>\n<h1 data-renderer-start-pos=\"2254\">Ihre Vorteile auf einen Blick<\/h1>\n<p>[\/et_pb_text][et_pb_text content_tablet=&#8220;<\/p>\n<p><span style=\"%22font-size:\" 26px;%22>\u2714<\/span>      Angebot einer erstattungsf\u00e4higen digitalen Therapiebegleitung<\/p>\n<p><span style=\"%22font-size:\" 26px;%22>\u2714<\/span>      Effizienteres Arbeiten durch erleichterten Dokumentationsaufwand<\/p>\n<p><span style=\"%22font-size:\" 26px;%22>\u2714<\/span>      Option zur parallelen Therapiebegleitung mehrerer Patient*innen<\/p>\n<p><span style=\"%22font-size:\" 26px;%22>\u2714<\/span>      M\u00f6glichkeit zur ortsunabh\u00e4ngigen Nachsorge- bzw. Therapiebegleitung<\/p>\n<p>&#8220; content_phone=&#8220;<\/p>\n<p style=\"%22text-align:\" justify;%22><span style=\"%22font-size:\" 26px;%22>\u2714<\/span>      Angebot einer erstattungsf\u00e4higen digitalen Therapiebegleitung<\/p>\n<p style=\"%22text-align:\" justify;%22><span style=\"%22font-size:\" 26px;%22>\u2714<\/span>      Effizienteres Arbeiten durch erleichterten Dokumentationsaufwand<\/p>\n<p style=\"%22text-align:\" justify;%22><span style=\"%22font-size:\" 26px;%22>\u2714<\/span>      Option zur parallelen Therapiebegleitung mehrerer Patient*innen<\/p>\n<p style=\"%22text-align:\" justify;%22><span style=\"%22font-size:\" 26px;%22>\u2714<\/span>      M\u00f6glichkeit zur ortsunabh\u00e4ngigen Nachsorge- bzw. Therapiebegleitung<\/p>\n<p>&#8220; content_last_edited=&#8220;on|phone&#8220; _builder_version=&#8220;4.24.2&#8243; _module_preset=&#8220;default&#8220; text_font=&#8220;Manrope||||||||&#8220; text_text_color=&#8220;#141453&#8243; text_font_size=&#8220;16px&#8220; text_line_height=&#8220;1.9em&#8220; header_font=&#8220;Manrope||||||||&#8220; header_text_color=&#8220;#141453&#8243; header_line_height=&#8220;1.2em&#8220; header_3_font=&#8220;Manrope|700|||||||&#8220; header_3_font_size=&#8220;20px&#8220; header_3_line_height=&#8220;2.9em&#8220; custom_margin=&#8220;||0px||false|false&#8220; custom_padding=&#8220;||0px||false|false&#8220; global_colors_info=&#8220;{}&#8220;]<\/p>\n<p><span style=\"font-size: 26px;\">\u2714<\/span>\u00a0 \u00a0 \u00a0 Angebot einer erstattungsf\u00e4higen digitalen Therapiebegleitung<\/p>\n<p><span style=\"font-size: 26px;\">\u2714<\/span>\u00a0 \u00a0 \u00a0 Effizienteres Arbeiten durch erleichterten Dokumentationsaufwand<\/p>\n<p><span style=\"font-size: 26px;\">\u2714<\/span>\u00a0 \u00a0 \u00a0 Option zur parallelen Therapiebegleitung mehrerer Patient*innen<\/p>\n<p><span style=\"font-size: 26px;\">\u2714<\/span>\u00a0 \u00a0 \u00a0 M\u00f6glichkeit zur ortsunabh\u00e4ngigen Nachsorge- bzw. Therapiebegleitung<\/p>\n<p>[\/et_pb_text][\/et_pb_column][\/et_pb_row][et_pb_row _builder_version=&#8220;4.23.4&#8243; _module_preset=&#8220;default&#8220; custom_margin=&#8220;||15px||false|false&#8220; global_colors_info=&#8220;{}&#8220;][et_pb_column type=&#8220;4_4&#8243; _builder_version=&#8220;4.23.4&#8243; _module_preset=&#8220;default&#8220; global_colors_info=&#8220;{}&#8220;][et_pb_text _builder_version=&#8220;4.23.4&#8243; _module_preset=&#8220;default&#8220; text_font=&#8220;Manrope||||||||&#8220; text_font_size=&#8220;17px&#8220; global_colors_info=&#8220;{}&#8220;]F\u00fcr weitere Informationen <a href=\"\/en\/teora-xr.de\/kontaktformular\/\">kontaktieren<\/a> Sie uns gerne!<br \/>\n[\/et_pb_text][\/et_pb_column][\/et_pb_row][\/et_pb_section][et_pb_section fb_built=&#8220;1&#8243; fullwidth=&#8220;on&#8220; _builder_version=&#8220;4.20.4&#8243; _module_preset=&#8220;default&#8220; da_disable_devices=&#8220;off|off|off&#8220; global_colors_info=&#8220;{}&#8220; da_is_popup=&#8220;off&#8220; da_exit_intent=&#8220;off&#8220; da_has_close=&#8220;on&#8220; da_alt_close=&#8220;off&#8220; da_dark_close=&#8220;off&#8220; da_not_modal=&#8220;on&#8220; da_is_singular=&#8220;off&#8220; da_with_loader=&#8220;off&#8220; da_has_shadow=&#8220;on&#8220;][\/et_pb_section]<\/p>","protected":false},"excerpt":{"rendered":"<p>Digitale Patientenverwaltung mit teora platformteora platform ist eine Web Anwendung f\u00fcr Behandelnde, die es erm\u00f6glicht, VR-Therapie mit teora mind ortsunabh\u00e4ngig und digital zu begleiten. Wie funktioniert das? Sie erhalten Login-Daten und melden sich \u00fcber Ihren regul\u00e4ren Internetbrowser in teora platform an. Dort legen Sie Patientenprofile an und erstellen individuelle Trainingspl\u00e4ne. Dabei k\u00f6nnen Sie z.B. die Trainingsfrequenz festlegen und die f\u00fcr Ihre Patient*innen relevanten \u00dcbungen individuell zusammenstellen. Diese Daten werden \u00fcber eine Schnittstelle an teora\u00a0mind \u00fcbermittelt. Nur diese Auswahl wird Ihren Patient*innen anschlie\u00dfend in der VR-Anwendung angezeigt und kann f\u00fcr das Training genutzt werden. Erleichterte Dokumentation und Visualisierungteora mind \u00fcbermittelt nach Abschluss des Trainings relevante Daten, wie die Anzahl der abgeschlossenen Therapieeinheiten oder die Nutzungsdauer, an die Web-Anwendung zur\u00fcck. Dies verringert den h\u00e4ndischen Dokumentationsaufwand und macht f\u00fcr Sie schon auf den ersten Blick sichtbar, ob Ihr*e Patient*in nach Plan trainiert. Erstattungsf\u00e4hige Remote-Therapie Die Kombination aus teora mind, teora platform und mobilen VR-Brillen erm\u00f6glicht somit eine ortsunabh\u00e4ngige digitale Therapiebegleitung. Dieses Modell wird seit dem 01.02.2024 von der Inter Versicherungsgruppe erstattet. Dazu z\u00e4hlen sowohl die Anwendungen bei Ihnen vor Ort als auch die digitale Betreuung der Heimtherapie Ihrer Patient*innen.Wie funktioniert die Heimtherapie mit dem teora\u00a0System?Sie starten die Therapie mit 1-2 Sitzungen, in denen [&hellip;]<\/p>","protected":false},"author":1,"featured_media":0,"parent":237516,"menu_order":2,"comment_status":"closed","ping_status":"closed","template":"","meta":{"_et_pb_use_builder":"on","_et_pb_old_content":"","_et_gb_content_width":"","om_disable_all_campaigns":false,"_monsterinsights_skip_tracking":false,"_monsterinsights_sitenote_active":false,"_monsterinsights_sitenote_note":"","_monsterinsights_sitenote_category":0,"footnotes":""},"class_list":["post-233270","page","type-page","status-publish","hentry"],"aioseo_notices":[],"_links":{"self":[{"href":"https:\/\/teora-xr.de\/en\/wp-json\/wp\/v2\/pages\/233270","targetHints":{"allow":["GET"]}}],"collection":[{"href":"https:\/\/teora-xr.de\/en\/wp-json\/wp\/v2\/pages"}],"about":[{"href":"https:\/\/teora-xr.de\/en\/wp-json\/wp\/v2\/types\/page"}],"author":[{"embeddable":true,"href":"https:\/\/teora-xr.de\/en\/wp-json\/wp\/v2\/users\/1"}],"replies":[{"embeddable":true,"href":"https:\/\/teora-xr.de\/en\/wp-json\/wp\/v2\/comments?post=233270"}],"version-history":[{"count":10,"href":"https:\/\/teora-xr.de\/en\/wp-json\/wp\/v2\/pages\/233270\/revisions"}],"predecessor-version":[{"id":242438,"href":"https:\/\/teora-xr.de\/en\/wp-json\/wp\/v2\/pages\/233270\/revisions\/242438"}],"up":[{"embeddable":true,"href":"https:\/\/teora-xr.de\/en\/wp-json\/wp\/v2\/pages\/237516"}],"wp:attachment":[{"href":"https:\/\/teora-xr.de\/en\/wp-json\/wp\/v2\/media?parent=233270"}],"curies":[{"name":"wp","href":"https:\/\/api.w.org\/{rel}","templated":true}]}}