{"id":233259,"date":"2023-05-09T10:59:57","date_gmt":"2023-05-09T10:59:57","guid":{"rendered":"https:\/\/teora-xr.de\/?page_id=233259"},"modified":"2024-03-25T12:46:44","modified_gmt":"2024-03-25T12:46:44","slug":"vr","status":"publish","type":"page","link":"https:\/\/teora-xr.de\/en\/vr\/","title":{"rendered":"VR"},"content":{"rendered":"<p>[et_pb_section fb_built=&#8220;1&#8243; fullwidth=&#8220;on&#8220; _builder_version=&#8220;4.20.4&#8243; _module_preset=&#8220;default&#8220; global_colors_info=&#8220;{}&#8220;][et_pb_fullwidth_image src=&#8220;https:\/\/teora-xr.de\/wp-content\/uploads\/sites\/3\/2023\/08\/Group-107-scaled.jpg&#8220; alt=&#8220;VR-Brille mit Controllern liegt auf einem Couchtisch&#8220; title_text=&#8220;VR-Brille mit Controllern liegt auf einem Couchtisch&#8220; _builder_version=&#8220;4.20.4&#8243; _module_preset=&#8220;default&#8220; custom_margin_tablet=&#8220;&#8220; custom_margin_phone=&#8220;80px||50px||false|false&#8220; custom_margin_last_edited=&#8220;on|phone&#8220; global_colors_info=&#8220;{}&#8220;][\/et_pb_fullwidth_image][\/et_pb_section][et_pb_section fb_built=&#8220;1&#8243; _builder_version=&#8220;4.20.4&#8243; _module_preset=&#8220;default&#8220; global_colors_info=&#8220;{}&#8220;][et_pb_row _builder_version=&#8220;4.20.4&#8243; _module_preset=&#8220;default&#8220; global_colors_info=&#8220;{}&#8220;][et_pb_column type=&#8220;4_4&#8243; _builder_version=&#8220;4.20.4&#8243; _module_preset=&#8220;default&#8220; global_colors_info=&#8220;{}&#8220;][et_pb_text _builder_version=&#8220;4.24.2&#8243; _module_preset=&#8220;default&#8220; text_font=&#8220;Manrope||||||||&#8220; text_text_color=&#8220;#001A51&#8243; text_font_size=&#8220;17px&#8220; text_line_height=&#8220;1.9em&#8220; header_font=&#8220;Manrope||||||||&#8220; header_text_align=&#8220;left&#8220; header_text_color=&#8220;#001A51&#8243; header_2_font=&#8220;Manrope|700|||||||&#8220; header_2_text_color=&#8220;#001A51&#8243; header_2_font_size=&#8220;22px&#8220; header_2_line_height=&#8220;1.9em&#8220; header_3_font=&#8220;Manrope|700|||||||&#8220; header_3_line_height=&#8220;1.9em&#8220; text_orientation=&#8220;justified&#8220; hover_enabled=&#8220;0&#8243; global_colors_info=&#8220;{}&#8220; sticky_enabled=&#8220;0&#8243;]<\/p>\n<h2 style=\"text-align: left;\"><strong>Was ist Virtual Reality bzw. Virtuelle Realit\u00e4t (VR)?<\/strong><\/h2>\n<p style=\"text-align: justify;\">Virtual Reality, ins Deutsche \u00fcbersetzt auch Virtuelle Realit\u00e4t genannt, bezeichnet eine computergenerierte dreidimensionale Simulation der Wirklichkeit, die f\u00fcr eine Person durch spezielle Ger\u00e4te wie eine VR-Brille und Controller erlebbar gemacht wird. \u00dcber Bild und oftmals zus\u00e4tzlichen Ton wird ein immersives Erlebnis erzeugt. F\u00fcr die betroffene Person entsteht der Eindruck, als sei sie physisch in dieser virtuellen Welt pr\u00e4sent. H\u00e4ufig kann mit der Virtuellen Realit\u00e4t interagiert werden.<\/p>\n<p style=\"text-align: justify;\">Betrachten wir das am Beispiel von teora mind. Um die Anwendung nutzen zu k\u00f6nnen, werden eine VR-Brille (auch Head-Mounted-Display genannt) und mindestens ein Controller ben\u00f6tigt. Setzt man die VR-Brille auf und startet die Anwendung teora mind, kann beispielsweise eine K\u00fcche betreten werden. Das computergenerierte virtuelle Abbild der K\u00fcche \u00fcberlagert den Blick auf die reale Umgebung und nichts anderes ist mehr sichtbar. Durch diese virtuelle K\u00fcche kann gelaufen werden, es k\u00f6nnen Gegenst\u00e4nde bewegt und z. B. die Kaffeemaschine bedient werden. Die Interaktion mit Gegenst\u00e4nden wird \u00fcber den Controller erm\u00f6glicht. Per Tastendruck k\u00f6nnen die virtuellen Gegenst\u00e4nde angetippt oder aufgehoben werden. Die Bewegung durch den Raum entsteht durch tats\u00e4chliches Laufen im realen Raum.<\/p>\n<p>[\/et_pb_text][et_pb_video src=&#8220;https:\/\/youtu.be\/TaWFf_5juVw&#8220; thumbnail_overlay_color=&#8220;#fceef1&#8243; _builder_version=&#8220;4.20.4&#8243; _module_preset=&#8220;default&#8220; width=&#8220;100%&#8220; module_alignment=&#8220;center&#8220; custom_margin=&#8220;||70px||false|false&#8220; global_colors_info=&#8220;{}&#8220;][\/et_pb_video][et_pb_text _builder_version=&#8220;4.20.4&#8243; _module_preset=&#8220;default&#8220; text_font=&#8220;Manrope||||||||&#8220; text_text_color=&#8220;#001A51&#8243; text_font_size=&#8220;17px&#8220; text_line_height=&#8220;1.9em&#8220; header_text_color=&#8220;#001A51&#8243; global_colors_info=&#8220;{}&#8220;]<\/p>\n<p style=\"text-align: justify;\">Virtual Reality findet mittlerweile in vielen Gebieten Anwendung. Sie wird h\u00e4ufig zur Unterhaltung, zur Bildung und in den letzten Jahren vermehrt in der Medizin eingesetzt. Medizinische Anwendungsm\u00f6glichkeiten sind z. B. motorische Therapie, Therapie zum Stressabbau, Therapie von Angstzust\u00e4nden und kognitive Therapie.<\/p>\n<p>[\/et_pb_text][\/et_pb_column][\/et_pb_row][\/et_pb_section][et_pb_section fb_built=&#8220;1&#8243; _builder_version=&#8220;4.20.4&#8243; _module_preset=&#8220;default&#8220; background_color=&#8220;#dfefff&#8220; global_colors_info=&#8220;{}&#8220;][et_pb_row _builder_version=&#8220;4.20.4&#8243; _module_preset=&#8220;default&#8220; global_colors_info=&#8220;{}&#8220;][et_pb_column type=&#8220;4_4&#8243; _builder_version=&#8220;4.20.4&#8243; _module_preset=&#8220;default&#8220; global_colors_info=&#8220;{}&#8220;][et_pb_text _builder_version=&#8220;4.20.4&#8243; _module_preset=&#8220;default&#8220; text_font=&#8220;Manrope||||||||&#8220; text_text_color=&#8220;#001A51&#8243; text_font_size=&#8220;17px&#8220; text_line_height=&#8220;1.9em&#8220; header_font=&#8220;Manrope||||||||&#8220; header_text_align=&#8220;left&#8220; header_text_color=&#8220;#001A51&#8243; header_2_font=&#8220;Manrope|700|||||||&#8220; header_2_text_color=&#8220;#001A51&#8243; header_2_font_size=&#8220;22px&#8220; header_2_line_height=&#8220;1.9em&#8220; header_3_font=&#8220;Manrope|700|||||||&#8220; header_3_line_height=&#8220;1.9em&#8220; text_orientation=&#8220;justified&#8220; global_colors_info=&#8220;{}&#8220;]<\/p>\n<h2 style=\"text-align: left;\"><strong>Unterschiede zu Augmented Reality und Mixed Reality<\/strong><\/h2>\n<p style=\"text-align: justify;\">Bei Augmented Reality (AR), was \u00fcbersetzt erweiterte Realit\u00e4t bedeutet, steht im Gegensatz zu VR die reale Welt im Vordergrund. Wie der Name schon sagt, wird sie lediglich durch weitere Elemente erweitert. Diese zus\u00e4tzlichen Texte, Bilder oder dreidimensionalen Elemente k\u00f6nnen \u00fcber externe Ger\u00e4te wie Smartphones angezeigt werden. Ein Beispiel f\u00fcr Augmented Reality sind durchsichtige Head-Up Displays, die in modernen Fahrzeugen eingesetzt werden und Informationen wie Geschwindigkeit, Verkehrsschilder oder Navigationsanweisungen anzeigen.<\/p>\n<p style=\"text-align: justify;\">Mixed Reality (MR) wird oft mit Augmented Reality gleichgesetzt, da beide die Realit\u00e4t mit zus\u00e4tzlichen virtuellen Elementen verbinden. Sie ist allerdings vielmehr als Weiterentwicklung dieser zu verstehen. W\u00e4hrend bei AR die zus\u00e4tzliche Information in einem externen Bildschirm wie dem Head Up Display angezeigt wird, ist es das Ziel von MR, diese erg\u00e4nzenden Elemente nahtlos in das Blickfeld der Betrachter*innen einzuf\u00fcgen, die sich in Echtzeit an das Geschehen anpassen. Das geschieht z. B. \u00fcber Brillen oder Kontaktlinsen, die zus\u00e4tzliche Informationen nur einblenden, wenn sie ben\u00f6tigt werden. Ein medizinisches Anwendungsbeispiel von MR besteht darin, R\u00f6ntgen-, MRT- oder CT-Bilder dreidimensional und in Farbe als Hologramm in den Raum zu projizieren. Brillen, die auf MR fu\u00dfen, werden au\u00dferdem bereits w\u00e4hrend Operationen verwendet.<\/p>\n<p>[\/et_pb_text][\/et_pb_column][\/et_pb_row][\/et_pb_section][et_pb_section fb_built=&#8220;1&#8243; _builder_version=&#8220;4.20.4&#8243; _module_preset=&#8220;default&#8220; global_colors_info=&#8220;{}&#8220;][et_pb_row _builder_version=&#8220;4.20.4&#8243; _module_preset=&#8220;default&#8220; custom_margin=&#8220;||70px||false|false&#8220; global_colors_info=&#8220;{}&#8220;][et_pb_column type=&#8220;4_4&#8243; _builder_version=&#8220;4.20.4&#8243; _module_preset=&#8220;default&#8220; global_colors_info=&#8220;{}&#8220;][et_pb_text _builder_version=&#8220;4.20.4&#8243; _module_preset=&#8220;default&#8220; text_font=&#8220;Manrope||||||||&#8220; text_text_color=&#8220;#001A51&#8243; text_font_size=&#8220;17px&#8220; text_line_height=&#8220;1.9em&#8220; header_font=&#8220;Manrope||||||||&#8220; header_text_align=&#8220;left&#8220; header_text_color=&#8220;#001A51&#8243; header_2_font=&#8220;Manrope|700|||||||&#8220; header_2_text_color=&#8220;#001A51&#8243; header_2_font_size=&#8220;22px&#8220; header_2_line_height=&#8220;1.9em&#8220; header_3_font=&#8220;Manrope|700|||||||&#8220; header_3_line_height=&#8220;1.9em&#8220; text_orientation=&#8220;justified&#8220; global_colors_info=&#8220;{}&#8220;]<\/p>\n<h2 style=\"text-align: left;\"><strong>Extended Reality (XR) als Sammelbegriff<\/strong><\/h2>\n<p style=\"text-align: justify;\">Unter Extendended Reality oder Cross Reality werden alle Technologien zusammengefasst, die auf einer Kombination von computergest\u00fctzten virtuellen und realen Umgebungen basieren. Diese werden \u00fcber verschiedenste externe Ger\u00e4te (sogenannte Wearables) zug\u00e4nglich gemacht. Damit umfasst Extended Reality neben Augmented Reality und Mixed Reality ebenfalls Virtual Reality.<\/p>\n<p>&nbsp;<\/p>\n<p>[\/et_pb_text][\/et_pb_column][\/et_pb_row][\/et_pb_section]<\/p>","protected":false},"excerpt":{"rendered":"<p>Was ist Virtual Reality bzw. Virtuelle Realit\u00e4t (VR)? Virtual Reality, ins Deutsche \u00fcbersetzt auch Virtuelle Realit\u00e4t genannt, bezeichnet eine computergenerierte dreidimensionale Simulation der Wirklichkeit, die f\u00fcr eine Person durch spezielle Ger\u00e4te wie eine VR-Brille und Controller erlebbar gemacht wird. \u00dcber Bild und oftmals zus\u00e4tzlichen Ton wird ein immersives Erlebnis erzeugt. F\u00fcr die betroffene Person entsteht der Eindruck, als sei sie physisch in dieser virtuellen Welt pr\u00e4sent. H\u00e4ufig kann mit der Virtuellen Realit\u00e4t interagiert werden. Betrachten wir das am Beispiel von teora mind. Um die Anwendung nutzen zu k\u00f6nnen, werden eine VR-Brille (auch Head-Mounted-Display genannt) und mindestens ein Controller ben\u00f6tigt. Setzt man die VR-Brille auf und startet die Anwendung teora mind, kann beispielsweise eine K\u00fcche betreten werden. Das computergenerierte virtuelle Abbild der K\u00fcche \u00fcberlagert den Blick auf die reale Umgebung und nichts anderes ist mehr sichtbar. Durch diese virtuelle K\u00fcche kann gelaufen werden, es k\u00f6nnen Gegenst\u00e4nde bewegt und z. B. die Kaffeemaschine bedient werden. Die Interaktion mit Gegenst\u00e4nden wird \u00fcber den Controller erm\u00f6glicht. Per Tastendruck k\u00f6nnen die virtuellen Gegenst\u00e4nde angetippt oder aufgehoben werden. Die Bewegung durch den Raum entsteht durch tats\u00e4chliches Laufen im realen Raum.Virtual Reality findet mittlerweile in vielen Gebieten Anwendung. Sie wird h\u00e4ufig zur Unterhaltung, zur Bildung und in [&hellip;]<\/p>","protected":false},"author":1,"featured_media":0,"parent":0,"menu_order":0,"comment_status":"closed","ping_status":"closed","template":"","meta":{"_et_pb_use_builder":"on","_et_pb_old_content":"","_et_gb_content_width":"","om_disable_all_campaigns":false,"_monsterinsights_skip_tracking":false,"_monsterinsights_sitenote_active":false,"_monsterinsights_sitenote_note":"","_monsterinsights_sitenote_category":0,"footnotes":""},"class_list":["post-233259","page","type-page","status-publish","hentry"],"aioseo_notices":[],"_links":{"self":[{"href":"https:\/\/teora-xr.de\/en\/wp-json\/wp\/v2\/pages\/233259","targetHints":{"allow":["GET"]}}],"collection":[{"href":"https:\/\/teora-xr.de\/en\/wp-json\/wp\/v2\/pages"}],"about":[{"href":"https:\/\/teora-xr.de\/en\/wp-json\/wp\/v2\/types\/page"}],"author":[{"embeddable":true,"href":"https:\/\/teora-xr.de\/en\/wp-json\/wp\/v2\/users\/1"}],"replies":[{"embeddable":true,"href":"https:\/\/teora-xr.de\/en\/wp-json\/wp\/v2\/comments?post=233259"}],"version-history":[{"count":10,"href":"https:\/\/teora-xr.de\/en\/wp-json\/wp\/v2\/pages\/233259\/revisions"}],"predecessor-version":[{"id":238960,"href":"https:\/\/teora-xr.de\/en\/wp-json\/wp\/v2\/pages\/233259\/revisions\/238960"}],"wp:attachment":[{"href":"https:\/\/teora-xr.de\/en\/wp-json\/wp\/v2\/media?parent=233259"}],"curies":[{"name":"wp","href":"https:\/\/api.w.org\/{rel}","templated":true}]}}